{"id":2182,"date":"2024-11-20T02:57:43","date_gmt":"2024-11-20T02:57:43","guid":{"rendered":"https:\/\/keweicorten.com\/?post_type=product&#038;p=2182"},"modified":"2024-11-20T02:57:44","modified_gmt":"2024-11-20T02:57:44","slug":"corten-a588-grk-stahl","status":"publish","type":"product","link":"https:\/\/keweicorten.com\/de\/corten-a588-grk-stahl\/","title":{"rendered":"Corten A588 GrK Stahl"},"content":{"rendered":"<p>Corten A588 GrK Stahl Merkmale und Vorteile:<br \/>\nWitterungsbest\u00e4ndigkeit: Corten A588 GrK Stahl hat eine hohe Witterungsbest\u00e4ndigkeit und kann atmosph\u00e4rischer Korrosion widerstehen, die f\u00fcr strukturelle Komponenten im Freien ausgesetzt Umgebungen geeignet ist.<br \/>\nMechanische Eigenschaften: Der Stahl hat eine hohe Zugfestigkeit und Streckgrenze bei Raumtemperatur und weist gute Dehnungseigenschaften auf.<br \/>\nWeit verbreitet: H\u00e4ufig in Br\u00fccken, gro\u00dfen Containern, Schornsteinen und anderen Konstruktionen verwendet, insbesondere in Umgebungen, die eine hohe Witterungsbest\u00e4ndigkeit erfordern.<\/p>\n<p>Bestellung und Verpackung:<br \/>\nMindestbestellmenge: In der Regel 1 Tonne oder mehr, abh\u00e4ngig von den Anforderungen des Lieferanten.<br \/>\nVerpackung: Im Allgemeinen werden wasserdichte Kunststoffverpackungen, B\u00fcndelverpackungen oder Sch\u00fcttgutverpackungen verwendet, um die Sicherheit beim Transport zu gew\u00e4hrleisten.<\/p>\n<table style=\"height: 411px;\" width=\"555\">\n<thead>\n<tr>\n<th>Eigentum<\/th>\n<th>Wert<\/th>\n<\/tr>\n<\/thead>\n<tbody>\n<tr>\n<td><strong>Chemische Zusammensetzung<\/strong><\/td>\n<td><\/td>\n<\/tr>\n<tr>\n<td>- Kohlenstoff (C)<\/td>\n<td>\u2264 0,27%<\/td>\n<\/tr>\n<tr>\n<td>- Mangan (Mn)<\/td>\n<td>0.65-1.30%<\/td>\n<\/tr>\n<tr>\n<td>- Phosphor (P)<\/td>\n<td>\u2264 0,04%<\/td>\n<\/tr>\n<tr>\n<td>- Schwefel (S)<\/td>\n<td>\u2264 0,05%<\/td>\n<\/tr>\n<tr>\n<td>- Silizium (Si)<\/td>\n<td>0.20-0.60%<\/td>\n<\/tr>\n<tr>\n<td>- Kupfer (Cu)<\/td>\n<td>0.20-0.40%<\/td>\n<\/tr>\n<tr>\n<td>- Nickel (Ni)<\/td>\n<td>0.20-0.50%<\/td>\n<\/tr>\n<tr>\n<td>- Chrom (Cr)<\/td>\n<td>0.40-0.70%<\/td>\n<\/tr>\n<tr>\n<td><strong>Mechanische Eigenschaften<\/strong><\/td>\n<td><\/td>\n<\/tr>\n<tr>\n<td>- Zugfestigkeit<\/td>\n<td>450-630 MPa<\/td>\n<\/tr>\n<tr>\n<td>- Streckgrenze<\/td>\n<td>\u2265 345 MPa<\/td>\n<\/tr>\n<tr>\n<td>- Dehnung<\/td>\n<td>\u2265 20%<\/td>\n<\/tr>\n<\/tbody>\n<\/table>\n<p><a href=\"https:\/\/keweicorten.com\/de\"><img fetchpriority=\"high\" decoding=\"async\" class=\"alignnone wp-image-2183\" title=\"Corten A588 GrK Stahl\" src=\"https:\/\/keweicorten.com\/wp-content\/uploads\/2024\/11\/\u8010\u5019\u94a2\u677f\u666f\u89c2\u5899\u5546\u6d1b@\u89c4\u683c\u9f50\u5168-\u5efa\u6750\u7f51_782f696a.jpg\" alt=\"Corten A588 GrK Stahl angepasst, Gro\u00dfhandel, billig, zum Verkauf, auf Lager-Keweicorten\" width=\"558\" height=\"558\" srcset=\"https:\/\/keweicorten.com\/wp-content\/uploads\/2024\/11\/\u8010\u5019\u94a2\u677f\u666f\u89c2\u5899\u5546\u6d1b@\u89c4\u683c\u9f50\u5168-\u5efa\u6750\u7f51_782f696a.jpg 700w, https:\/\/keweicorten.com\/wp-content\/uploads\/2024\/11\/\u8010\u5019\u94a2\u677f\u666f\u89c2\u5899\u5546\u6d1b@\u89c4\u683c\u9f50\u5168-\u5efa\u6750\u7f51_782f696a-300x300.jpg 300w, https:\/\/keweicorten.com\/wp-content\/uploads\/2024\/11\/\u8010\u5019\u94a2\u677f\u666f\u89c2\u5899\u5546\u6d1b@\u89c4\u683c\u9f50\u5168-\u5efa\u6750\u7f51_782f696a-150x150.jpg 150w, https:\/\/keweicorten.com\/wp-content\/uploads\/2024\/11\/\u8010\u5019\u94a2\u677f\u666f\u89c2\u5899\u5546\u6d1b@\u89c4\u683c\u9f50\u5168-\u5efa\u6750\u7f51_782f696a-12x12.jpg 12w, https:\/\/keweicorten.com\/wp-content\/uploads\/2024\/11\/\u8010\u5019\u94a2\u677f\u666f\u89c2\u5899\u5546\u6d1b@\u89c4\u683c\u9f50\u5168-\u5efa\u6750\u7f51_782f696a-600x600.jpg 600w, https:\/\/keweicorten.com\/wp-content\/uploads\/2024\/11\/\u8010\u5019\u94a2\u677f\u666f\u89c2\u5899\u5546\u6d1b@\u89c4\u683c\u9f50\u5168-\u5efa\u6750\u7f51_782f696a-100x100.jpg 100w\" sizes=\"(max-width: 558px) 100vw, 558px\" \/><\/a><\/p>\n<table style=\"height: 72px;\" width=\"699\">\n<tbody>\n<tr>\n<td><strong>Anwendungen<\/strong><\/td>\n<td>Br\u00fccken, gro\u00dfe Container, Schornsteine, Bauwerke im Freien<\/td>\n<\/tr>\n<tr>\n<td><strong>Korrosionsbest\u00e4ndigkeit<\/strong><\/td>\n<td>Ausgezeichnete Best\u00e4ndigkeit gegen atmosph\u00e4rische Korrosion<\/td>\n<\/tr>\n<\/tbody>\n<\/table>\n<p>&nbsp;<\/p>","protected":false},"excerpt":{"rendered":"<p>Corten A588 GrK ist ein wetterfester Stahl, der eine hervorragende Korrosionsbest\u00e4ndigkeit und mechanische Eigenschaften aufweist, wenn er atmosph\u00e4rischen Bedingungen ausgesetzt ist. Dieser Stahl ist ein hochfester, niedrig legierter Stahl, der haupts\u00e4chlich aus Eisen, Kohlenstoff, Silizium, Mangan und Kupfer besteht und geringe Mengen an Phosphor, Schwefel, Nickel und Chrom enth\u00e4lt.<\/p>","protected":false},"featured_media":2183,"comment_status":"open","ping_status":"closed","template":"","meta":{"_eb_attr":"","_monsterinsights_skip_tracking":false,"_monsterinsights_sitenote_active":false,"_monsterinsights_sitenote_note":"","_monsterinsights_sitenote_category":0,"_uf_show_specific_survey":0,"_uf_disable_surveys":false},"product_brand":[],"product_cat":[21],"product_tag":[],"class_list":{"0":"post-2182","1":"product","2":"type-product","3":"status-publish","4":"has-post-thumbnail","6":"product_cat-weather-resistant-steel-plate","8":"first","9":"instock","10":"shipping-taxable","11":"product-type-simple"},"_links":{"self":[{"href":"https:\/\/keweicorten.com\/de\/wp-json\/wp\/v2\/product\/2182"}],"collection":[{"href":"https:\/\/keweicorten.com\/de\/wp-json\/wp\/v2\/product"}],"about":[{"href":"https:\/\/keweicorten.com\/de\/wp-json\/wp\/v2\/types\/product"}],"replies":[{"embeddable":true,"href":"https:\/\/keweicorten.com\/de\/wp-json\/wp\/v2\/comments?post=2182"}],"version-history":[{"count":1,"href":"https:\/\/keweicorten.com\/de\/wp-json\/wp\/v2\/product\/2182\/revisions"}],"predecessor-version":[{"id":2186,"href":"https:\/\/keweicorten.com\/de\/wp-json\/wp\/v2\/product\/2182\/revisions\/2186"}],"wp:featuredmedia":[{"embeddable":true,"href":"https:\/\/keweicorten.com\/de\/wp-json\/wp\/v2\/media\/2183"}],"wp:attachment":[{"href":"https:\/\/keweicorten.com\/de\/wp-json\/wp\/v2\/media?parent=2182"}],"wp:term":[{"taxonomy":"product_brand","embeddable":true,"href":"https:\/\/keweicorten.com\/de\/wp-json\/wp\/v2\/product_brand?post=2182"},{"taxonomy":"product_cat","embeddable":true,"href":"https:\/\/keweicorten.com\/de\/wp-json\/wp\/v2\/product_cat?post=2182"},{"taxonomy":"product_tag","embeddable":true,"href":"https:\/\/keweicorten.com\/de\/wp-json\/wp\/v2\/product_tag?post=2182"}],"curies":[{"name":"wp","href":"https:\/\/api.w.org\/{rel}","templated":true}]}}