{"id":2644,"date":"2024-12-02T02:50:12","date_gmt":"2024-12-02T02:50:12","guid":{"rendered":"https:\/\/keweicorten.com\/?post_type=product&#038;p=2644"},"modified":"2025-01-15T06:14:19","modified_gmt":"2025-01-15T06:14:19","slug":"pellet-turch","status":"publish","type":"product","link":"https:\/\/keweicorten.com\/de\/pellet-turch\/","title":{"rendered":"Pellet-Turch"},"content":{"rendered":"<p>Rocket-Pellet-\u00d6fen sind effiziente, umweltfreundliche Verbrennungsanlagen, die h\u00e4ufig zum Heizen von H\u00e4usern und f\u00fcr den Au\u00dfenbereich verwendet werden. Sie kombinieren die Verbrennungseffizienz eines Raketenofens mit der Wirtschaftlichkeit und Nachhaltigkeit von Pelletbrennstoff.<\/p>\n<h2>Was sind die Merkmale eines Raketenpellet-Ofens\uff1f?<\/h2>\n<ul>\n<li>Effiziente Verbrennung:<br \/>\nDurch die Konstruktion des Raketenofens kann die Brennkammer extrem hohe Temperaturen erzeugen, so dass der Brennstoff vollst\u00e4ndig verbrannt wird und die Rauchgasemissionen reduziert werden.<\/li>\n<li>Verwendung von Pelletbrennstoff:<br \/>\nErneuerbare Biomasse-Brennstoffe wie Holz- und Getreidepellets k\u00f6nnen verbrannt werden, was wirtschaftlich und umweltfreundlich ist.<\/li>\n<li>Niedrige Emissionen:<br \/>\nVerringerung der Kohlendioxid- und Schadstoffemissionen, die sich sehr gut f\u00fcr Gebiete mit hohen Umweltschutzanforderungen eignen.<\/li>\n<li>Tragbarkeit:<br \/>\nEinige Modelle sind klein, leicht zu transportieren und zu installieren und eignen sich f\u00fcr den Einsatz beim Camping und in Notf\u00e4llen.<\/li>\n<li>Vielseitig einsetzbar:<br \/>\nEs kann zum Heizen, Kochen, zum Aufkochen von Wasser usw. verwendet werden.<\/li>\n<\/ul>\n<p><a href=\"https:\/\/keweicorten.com\/de\/kontaktieren-sie-uns\/\"><img fetchpriority=\"high\" decoding=\"async\" class=\"alignnone wp-image-2645\" title=\"Pellet-Turch\" src=\"https:\/\/keweicorten.com\/wp-content\/uploads\/2024\/12\/Pellet-torch-.jpg\" alt=\"pellet tourch Factory,china,preis,hersteller, lieferanten, angepasst, gro\u00dfhandel, billig, zum verkauf, auf lager.-keweicorten \" width=\"678\" height=\"678\" srcset=\"https:\/\/keweicorten.com\/wp-content\/uploads\/2024\/12\/Pellet-torch-.jpg 899w, https:\/\/keweicorten.com\/wp-content\/uploads\/2024\/12\/Pellet-torch--300x300.jpg 300w, https:\/\/keweicorten.com\/wp-content\/uploads\/2024\/12\/Pellet-torch--150x150.jpg 150w, https:\/\/keweicorten.com\/wp-content\/uploads\/2024\/12\/Pellet-torch--768x768.jpg 768w, https:\/\/keweicorten.com\/wp-content\/uploads\/2024\/12\/Pellet-torch--12x12.jpg 12w, https:\/\/keweicorten.com\/wp-content\/uploads\/2024\/12\/Pellet-torch--600x600.jpg 600w, https:\/\/keweicorten.com\/wp-content\/uploads\/2024\/12\/Pellet-torch--100x100.jpg 100w\" sizes=\"(max-width: 678px) 100vw, 678px\" \/><\/a><\/p>\n<p>Anwendungsszenario<br \/>\nHeizung f\u00fcr Zuhause: Geeignet f\u00fcr kleine H\u00e4user, Holzh\u00e4user oder Garagen in der kalten Jahreszeit.<br \/>\nAktivit\u00e4ten im Freien: Camping, Grillen, etc.<\/p>\n<p>Vorschlag f\u00fcr den Kauf<br \/>\nBrennstoffkompatibilit\u00e4t: W\u00e4hlen Sie das f\u00fcr die \u00f6rtlichen Biomassebrennstoffe geeignete Modell.<br \/>\nMaterial des Ofens: Hochwertiger, hochtemperaturbest\u00e4ndiger Stahl oder rostfreier Stahl sind langlebiger.<br \/>\nSicher in der Anwendung: \u00dcberpr\u00fcfen Sie die Rauchfilterung und die Flammenkontrolle.<br \/>\nMarkenbildung und Kundendienst: W\u00e4hlen Sie einen seri\u00f6sen Hersteller oder Lieferanten.<\/p>\n<p><a href=\"https:\/\/keweicorten.com\/de\/kontaktieren-sie-uns\/\"><img decoding=\"async\" class=\"alignnone wp-image-2646 size-full\" title=\"Holzpellet-Heizung\" src=\"https:\/\/keweicorten.com\/wp-content\/uploads\/2024\/12\/s-l500.jpg\" alt=\"Holzpellet-Heizung Preis,Hersteller, Lieferanten, ma\u00dfgeschneiderte, Gro\u00dfhandel, billig, zum Verkauf, auf Lager.-keweicorten\" width=\"375\" height=\"500\" srcset=\"https:\/\/keweicorten.com\/wp-content\/uploads\/2024\/12\/s-l500.jpg 375w, https:\/\/keweicorten.com\/wp-content\/uploads\/2024\/12\/s-l500-225x300.jpg 225w, https:\/\/keweicorten.com\/wp-content\/uploads\/2024\/12\/s-l500-9x12.jpg 9w\" sizes=\"(max-width: 375px) 100vw, 375px\" \/><\/a><\/p>","protected":false},"excerpt":{"rendered":"<p>Pellet\u00f6fen sind moderne Verbrennungsanlagen, die mit Biomassepellets (z. B. Holzpellets) befeuert werden und in Privathaushalten und Gewerbebetrieben weit verbreitet sind.<\/p>","protected":false},"featured_media":2647,"comment_status":"open","ping_status":"closed","template":"","meta":{"_eb_attr":"","_monsterinsights_skip_tracking":false,"_monsterinsights_sitenote_active":false,"_monsterinsights_sitenote_note":"","_monsterinsights_sitenote_category":0,"_uf_show_specific_survey":0,"_uf_disable_surveys":false},"product_brand":[],"product_cat":[52],"product_tag":[],"class_list":{"0":"post-2644","1":"product","2":"type-product","3":"status-publish","4":"has-post-thumbnail","6":"product_cat-wood-pellet-tourch","8":"first","9":"instock","10":"shipping-taxable","11":"product-type-simple"},"_links":{"self":[{"href":"https:\/\/keweicorten.com\/de\/wp-json\/wp\/v2\/product\/2644"}],"collection":[{"href":"https:\/\/keweicorten.com\/de\/wp-json\/wp\/v2\/product"}],"about":[{"href":"https:\/\/keweicorten.com\/de\/wp-json\/wp\/v2\/types\/product"}],"replies":[{"embeddable":true,"href":"https:\/\/keweicorten.com\/de\/wp-json\/wp\/v2\/comments?post=2644"}],"version-history":[{"count":1,"href":"https:\/\/keweicorten.com\/de\/wp-json\/wp\/v2\/product\/2644\/revisions"}],"predecessor-version":[{"id":2650,"href":"https:\/\/keweicorten.com\/de\/wp-json\/wp\/v2\/product\/2644\/revisions\/2650"}],"wp:featuredmedia":[{"embeddable":true,"href":"https:\/\/keweicorten.com\/de\/wp-json\/wp\/v2\/media\/2647"}],"wp:attachment":[{"href":"https:\/\/keweicorten.com\/de\/wp-json\/wp\/v2\/media?parent=2644"}],"wp:term":[{"taxonomy":"product_brand","embeddable":true,"href":"https:\/\/keweicorten.com\/de\/wp-json\/wp\/v2\/product_brand?post=2644"},{"taxonomy":"product_cat","embeddable":true,"href":"https:\/\/keweicorten.com\/de\/wp-json\/wp\/v2\/product_cat?post=2644"},{"taxonomy":"product_tag","embeddable":true,"href":"https:\/\/keweicorten.com\/de\/wp-json\/wp\/v2\/product_tag?post=2644"}],"curies":[{"name":"wp","href":"https:\/\/api.w.org\/{rel}","templated":true}]}}