{"id":2968,"date":"2024-12-18T08:48:46","date_gmt":"2024-12-18T08:48:46","guid":{"rendered":"https:\/\/keweicorten.com\/?post_type=product&#038;p=2968"},"modified":"2025-01-15T06:13:09","modified_gmt":"2025-01-15T06:13:09","slug":"bausatz-fur-eine-lp-kaminanlage","status":"publish","type":"product","link":"https:\/\/keweicorten.com\/de\/bausatz-fur-eine-lp-kaminanlage\/","title":{"rendered":"Bausatz f\u00fcr eine lp-Kaminanlage"},"content":{"rendered":"<h3 data-pm-slice=\"1 1 []\"><strong>Wie man den richtigen Bausatz f\u00fcr eine Feuerstelle aus Holz w\u00e4hlt<\/strong><\/h3>\n<p>Beachten Sie bei der Auswahl eines Propangas-Kaminbausatzes die folgenden Faktoren:<\/p>\n<ul data-spread=\"false\">\n<li><strong>Gr\u00f6\u00dfe<\/strong>: Bestimmen Sie die Gr\u00f6\u00dfe Ihrer Feuerstelle und w\u00e4hlen Sie einen Brenner, der dazu passt.<\/li>\n<li><strong>Material<\/strong>: Entscheiden Sie sich f\u00fcr langlebige Materialien wie Edelstahl, die den Bedingungen im Freien standhalten.<\/li>\n<li><strong>W\u00e4rmeleistung<\/strong>: Achten Sie auf die BTU-Werte, um sicherzustellen, dass die Feuerstelle ausreichend W\u00e4rme liefert.<\/li>\n<li><strong>Art der Z\u00fcndung<\/strong>: Entscheiden Sie sich je nach Wunsch f\u00fcr eine manuelle oder elektronische Z\u00fcndung.<\/li>\n<li><strong>Design-Kompatibilit\u00e4t<\/strong>: Vergewissern Sie sich, dass der Bausatz zu dem von Ihnen gew\u00fcnschten Stil der Feuerstelle passt, z. B. rund, quadratisch oder linear.<\/li>\n<\/ul>\n<p><a href=\"https:\/\/keweicorten.com\/de\/kontaktieren-sie-uns\/\"><img fetchpriority=\"high\" decoding=\"async\" class=\"alignnone wp-image-2966\" title=\"Bausatz f\u00fcr eine lp-Kaminanlage\" src=\"https:\/\/keweicorten.com\/wp-content\/uploads\/2024\/12\/Gas-fire-pit-pan-4.jpg\" alt=\"Bausatz f\u00fcr eine lp-Kaminanlage\" width=\"716\" height=\"537\" srcset=\"https:\/\/keweicorten.com\/wp-content\/uploads\/2024\/12\/Gas-fire-pit-pan-4.jpg 960w, https:\/\/keweicorten.com\/wp-content\/uploads\/2024\/12\/Gas-fire-pit-pan-4-300x225.jpg 300w, https:\/\/keweicorten.com\/wp-content\/uploads\/2024\/12\/Gas-fire-pit-pan-4-768x576.jpg 768w, https:\/\/keweicorten.com\/wp-content\/uploads\/2024\/12\/Gas-fire-pit-pan-4-16x12.jpg 16w, https:\/\/keweicorten.com\/wp-content\/uploads\/2024\/12\/Gas-fire-pit-pan-4-600x450.jpg 600w\" sizes=\"(max-width: 716px) 100vw, 716px\" \/><\/a><\/p>\n<p>&nbsp;<\/p>\n<h3><strong>Tipps f\u00fcr die Installation des Bausatzes f\u00fcr eine Feuerstelle aus Holz<\/strong><\/h3>\n<p>Die Installation eines Propangas-Kaminbausatzes ist einfach, wenn Sie die folgenden Schritte befolgen:<\/p>\n<ol start=\"1\" data-spread=\"false\">\n<li><strong>W\u00e4hlen Sie einen sicheren Ort<\/strong>: W\u00e4hlen Sie eine ebene, nicht brennbare Fl\u00e4che, die nicht von \u00fcberh\u00e4ngenden Strukturen oder Vegetation umgeben ist.<\/li>\n<li><strong>Bereiten Sie die Basis vor<\/strong>: Bauen Sie einen stabilen Untergrund aus Materialien wie Beton, Ziegeln oder hitzebest\u00e4ndigen Steinen.<\/li>\n<li><strong>Zusammenbau des Kits<\/strong>: Befolgen Sie die Anweisungen des Herstellers, um den Brenner, das Bedienfeld und die Gaskomponenten anzuschlie\u00dfen.<\/li>\n<li><strong>Test auf Lecks<\/strong>: Pr\u00fcfen Sie vor dem Anz\u00fcnden mit einer Seifenlauge, ob Gas austritt.<\/li>\n<li><strong>Letzte Feinheiten hinzuf\u00fcgen<\/strong>: Dekorieren Sie die Feuerstelle mit Lavasteinen oder Feuerglas, um ihr Aussehen zu verbessern.<\/li>\n<\/ol>\n<p><a href=\"https:\/\/keweicorten.com\/de\/kontaktieren-sie-uns\/\"><img decoding=\"async\" class=\"alignnone wp-image-2961\" title=\"Bausatz f\u00fcr eine lp-Kaminanlage\" src=\"https:\/\/keweicorten.com\/wp-content\/uploads\/2024\/12\/Gas-fire-pit-pan-5-scaled.jpg\" alt=\"Bausatz f\u00fcr eine lp-Kaminanlage\" width=\"719\" height=\"539\" srcset=\"https:\/\/keweicorten.com\/wp-content\/uploads\/2024\/12\/Gas-fire-pit-pan-5-scaled.jpg 2560w, https:\/\/keweicorten.com\/wp-content\/uploads\/2024\/12\/Gas-fire-pit-pan-5-300x225.jpg 300w, https:\/\/keweicorten.com\/wp-content\/uploads\/2024\/12\/Gas-fire-pit-pan-5-1024x768.jpg 1024w, https:\/\/keweicorten.com\/wp-content\/uploads\/2024\/12\/Gas-fire-pit-pan-5-768x576.jpg 768w, https:\/\/keweicorten.com\/wp-content\/uploads\/2024\/12\/Gas-fire-pit-pan-5-1536x1152.jpg 1536w, https:\/\/keweicorten.com\/wp-content\/uploads\/2024\/12\/Gas-fire-pit-pan-5-2048x1536.jpg 2048w, https:\/\/keweicorten.com\/wp-content\/uploads\/2024\/12\/Gas-fire-pit-pan-5-16x12.jpg 16w, https:\/\/keweicorten.com\/wp-content\/uploads\/2024\/12\/Gas-fire-pit-pan-5-600x450.jpg 600w\" sizes=\"(max-width: 719px) 100vw, 719px\" \/><\/a><\/p>\n<h3><strong>Top Propan-Feuerstelle Kit Zubeh\u00f6r<\/strong><\/h3>\n<p>Erweitern Sie Ihre Propangas-Feuerstelle mit diesem beliebten Zubeh\u00f6r:<\/p>\n<ul data-spread=\"false\">\n<li><strong>Feuerglas<\/strong>: Verleiht einen modernen und farbenfrohen Touch und verbessert gleichzeitig die W\u00e4rmeverteilung.<\/li>\n<li><strong>Lava-Felsen<\/strong>: Verleiht ein rustikales und nat\u00fcrliches Aussehen.<\/li>\n<li><strong>Wetterschutzhauben<\/strong>: Sch\u00fctzt die Feuerstelle vor den Elementen, wenn sie nicht benutzt wird.<\/li>\n<li><strong>Windschutzvorrichtungen<\/strong>: Sch\u00fctzt die Flamme vor starkem Wind.<\/li>\n<\/ul>\n<h3><strong>Warum sollten Sie sich f\u00fcr einen Propangas-Feuerstellen-Bausatz f\u00fcr Ihren Au\u00dfenbereich entscheiden?<\/strong><\/h3>\n<p>Ein Bausatz f\u00fcr eine Propangas-Feuerstelle ist eine hervorragende Investition f\u00fcr alle, die Wert auf Komfort, Sicherheit und individuelle Gestaltung legen. Ganz gleich, ob Sie ein Treffen im Garten veranstalten, einen ruhigen Abend unter den Sternen genie\u00dfen oder Ihren Au\u00dfenbereich um einen stilvollen Mittelpunkt erweitern m\u00f6chten, eine Propangas-Feuerstelle kann Ihren Raum aufwerten.<\/p>\n<p><a href=\"https:\/\/keweicorten.com\/de\/kontaktieren-sie-uns\/\"><img decoding=\"async\" class=\"alignnone wp-image-2960\" title=\"Bausatz f\u00fcr eine lp-Kaminanlage\" src=\"https:\/\/keweicorten.com\/wp-content\/uploads\/2024\/12\/gas-firepit-kit-pan.jpg\" alt=\"Bausatz f\u00fcr eine lp-Kaminanlage\" width=\"718\" height=\"718\" srcset=\"https:\/\/keweicorten.com\/wp-content\/uploads\/2024\/12\/gas-firepit-kit-pan.jpg 750w, https:\/\/keweicorten.com\/wp-content\/uploads\/2024\/12\/gas-firepit-kit-pan-300x300.jpg 300w, https:\/\/keweicorten.com\/wp-content\/uploads\/2024\/12\/gas-firepit-kit-pan-150x150.jpg 150w, https:\/\/keweicorten.com\/wp-content\/uploads\/2024\/12\/gas-firepit-kit-pan-12x12.jpg 12w, https:\/\/keweicorten.com\/wp-content\/uploads\/2024\/12\/gas-firepit-kit-pan-600x600.jpg 600w, https:\/\/keweicorten.com\/wp-content\/uploads\/2024\/12\/gas-firepit-kit-pan-100x100.jpg 100w\" sizes=\"(max-width: 718px) 100vw, 718px\" \/><\/a><\/p>","protected":false},"excerpt":{"rendered":"<p data-pm-slice=\"1 1 []\">Beginnen Sie noch heute mit Ihrem DIY-Kaminbausatz-Projekt und verwandeln Sie Ihren Garten in einen gem\u00fctlichen R\u00fcckzugsort!<\/p>","protected":false},"featured_media":2970,"comment_status":"open","ping_status":"closed","template":"","meta":{"_eb_attr":"","_monsterinsights_skip_tracking":false,"_monsterinsights_sitenote_active":false,"_monsterinsights_sitenote_note":"","_monsterinsights_sitenote_category":0,"_uf_show_specific_survey":0,"_uf_disable_surveys":false},"product_brand":[],"product_cat":[53],"product_tag":[],"class_list":{"0":"post-2968","1":"product","2":"type-product","3":"status-publish","4":"has-post-thumbnail","6":"product_cat-gas-fire-pit-burner","8":"first","9":"instock","10":"shipping-taxable","11":"product-type-simple"},"_links":{"self":[{"href":"https:\/\/keweicorten.com\/de\/wp-json\/wp\/v2\/product\/2968"}],"collection":[{"href":"https:\/\/keweicorten.com\/de\/wp-json\/wp\/v2\/product"}],"about":[{"href":"https:\/\/keweicorten.com\/de\/wp-json\/wp\/v2\/types\/product"}],"replies":[{"embeddable":true,"href":"https:\/\/keweicorten.com\/de\/wp-json\/wp\/v2\/comments?post=2968"}],"version-history":[{"count":1,"href":"https:\/\/keweicorten.com\/de\/wp-json\/wp\/v2\/product\/2968\/revisions"}],"predecessor-version":[{"id":2971,"href":"https:\/\/keweicorten.com\/de\/wp-json\/wp\/v2\/product\/2968\/revisions\/2971"}],"wp:featuredmedia":[{"embeddable":true,"href":"https:\/\/keweicorten.com\/de\/wp-json\/wp\/v2\/media\/2970"}],"wp:attachment":[{"href":"https:\/\/keweicorten.com\/de\/wp-json\/wp\/v2\/media?parent=2968"}],"wp:term":[{"taxonomy":"product_brand","embeddable":true,"href":"https:\/\/keweicorten.com\/de\/wp-json\/wp\/v2\/product_brand?post=2968"},{"taxonomy":"product_cat","embeddable":true,"href":"https:\/\/keweicorten.com\/de\/wp-json\/wp\/v2\/product_cat?post=2968"},{"taxonomy":"product_tag","embeddable":true,"href":"https:\/\/keweicorten.com\/de\/wp-json\/wp\/v2\/product_tag?post=2968"}],"curies":[{"name":"wp","href":"https:\/\/api.w.org\/{rel}","templated":true}]}}