{"id":2999,"date":"2024-12-25T07:01:12","date_gmt":"2024-12-25T07:01:12","guid":{"rendered":"https:\/\/keweicorten.com\/?post_type=product&#038;p=2999"},"modified":"2025-01-15T06:12:44","modified_gmt":"2025-01-15T06:12:44","slug":"grillkotelett","status":"publish","type":"product","link":"https:\/\/keweicorten.com\/de\/grillkotelett\/","title":{"rendered":"Grillkotelett"},"content":{"rendered":"<h2 data-pm-slice=\"1 3 []\">Cortenstahl zum Grillen: Die perfekte Wahl f\u00fcr Outdoor-Koch-Enthusiasten<\/h2>\n<p>Wenn Sie leidenschaftlich gerne im Freien kochen und Ihr Grillerlebnis aufwerten m\u00f6chten, ist ein Grill aus Cortenstahl ein echter Gl\u00fccksgriff. Durch die Kombination von Funktionalit\u00e4t, Haltbarkeit und \u00c4sthetik erfreuen sich Grills aus Cortenstahl zunehmender Beliebtheit unter den Liebhabern des Grillens im Freien. Dieses Material ist eine ausgezeichnete Wahl f\u00fcr Ihre n\u00e4chste Grillanlage.<\/p>\n<h4>Was ist Cortenstahl?<\/h4>\n<p>Cortenstahl, auch als wetterfester Stahl bekannt, ist eine Stahllegierung, die ein stabiles, rost\u00e4hnliches Aussehen annimmt, wenn sie der Witterung ausgesetzt ist. Diese einzigartige Eigenschaft macht ihn optisch auff\u00e4llig und \u00e4u\u00dferst korrosionsbest\u00e4ndig. Im Gegensatz zu herk\u00f6mmlichem Stahl entwickelt Cortenstahl im Laufe der Zeit eine sch\u00fctzende Patina, die das Material vor weiteren Sch\u00e4den bewahrt und eine lange Lebensdauer gew\u00e4hrleistet.<\/p>\n<h4>Vorteile eines Cortenstahlgrills<\/h4>\n<ol start=\"1\" data-spread=\"true\">\n<li><strong>Dauerhaftigkeit und Langlebigkeit<\/strong> Cortenstahl ist so konzipiert, dass er rauen Witterungsbedingungen standh\u00e4lt und daher ideal f\u00fcr die Verwendung im Freien ist. Seine korrosionsbest\u00e4ndigen Eigenschaften sorgen daf\u00fcr, dass Ihr Grill \u00fcber Jahre hinweg funktionell und sch\u00f6n bleibt.<\/li>\n<li><strong>Geringe Wartung<\/strong> Durch die nat\u00fcrliche Patina, die sich auf Cortenstahl bildet, ist keine h\u00e4ufige Wartung erforderlich. Im Gegensatz zu anderen Materialien, die gestrichen oder versiegelt werden m\u00fcssen, sind Grills aus Cortenstahl praktisch wartungsfrei.<\/li>\n<li><strong>\u00c4sthetische Anziehungskraft<\/strong> Die satten, erdigen Farbt\u00f6ne von Cortenstahl verleihen jedem Au\u00dfenbereich eine moderne und anspruchsvolle Note. Ganz gleich, ob Sie ein minimalistisches Design oder einen eher rustikalen Look bevorzugen, Cortenstahl passt zu verschiedenen Outdoor-Stilen.<\/li>\n<li><strong>W\u00e4rmespeicherung und -verteilung<\/strong> Cortenstahl ist ein hervorragender W\u00e4rmeleiter und sorgt f\u00fcr gleichm\u00e4\u00dfige Gartemperaturen. Diese Eigenschaft verbessert die Qualit\u00e4t Ihres Grillguts und sorgt jedes Mal f\u00fcr perfekte Ergebnisse.<\/li>\n<\/ol>\n<p><a href=\"https:\/\/keweicorten.com\/de\"><img fetchpriority=\"high\" decoding=\"async\" class=\"alignnone wp-image-3004 size-medium\" title=\"Korten-BBQ-Grill\u00a0\" src=\"https:\/\/keweicorten.com\/wp-content\/uploads\/2024\/12\/IMG20220916175214-300x300.jpg\" alt=\"kaufen Rabatt Corten bbq Grill Kostenlose Probe -keweicorten\" width=\"300\" height=\"300\" srcset=\"https:\/\/keweicorten.com\/wp-content\/uploads\/2024\/12\/IMG20220916175214-300x300.jpg 300w, https:\/\/keweicorten.com\/wp-content\/uploads\/2024\/12\/IMG20220916175214-150x150.jpg 150w, https:\/\/keweicorten.com\/wp-content\/uploads\/2024\/12\/IMG20220916175214-12x12.jpg 12w, https:\/\/keweicorten.com\/wp-content\/uploads\/2024\/12\/IMG20220916175214-600x600.jpg 600w, https:\/\/keweicorten.com\/wp-content\/uploads\/2024\/12\/IMG20220916175214-100x100.jpg 100w, https:\/\/keweicorten.com\/wp-content\/uploads\/2024\/12\/IMG20220916175214.jpg 750w\" sizes=\"(max-width: 300px) 100vw, 300px\" \/><\/a><a href=\"https:\/\/keweicorten.com\/de\/kontaktieren-sie-uns\/\"><img decoding=\"async\" class=\"alignnone wp-image-3001 size-medium\" title=\"Korten-BBQ-Grill\u00a0\" src=\"https:\/\/keweicorten.com\/wp-content\/uploads\/2024\/12\/IMG20220916161902-300x300.jpg\" alt=\"kaufen Rabatt Corten bbq Grill Kostenlose Probe -keweicorten\" width=\"300\" height=\"300\" srcset=\"https:\/\/keweicorten.com\/wp-content\/uploads\/2024\/12\/IMG20220916161902-300x300.jpg 300w, https:\/\/keweicorten.com\/wp-content\/uploads\/2024\/12\/IMG20220916161902-150x150.jpg 150w, https:\/\/keweicorten.com\/wp-content\/uploads\/2024\/12\/IMG20220916161902-12x12.jpg 12w, https:\/\/keweicorten.com\/wp-content\/uploads\/2024\/12\/IMG20220916161902-600x600.jpg 600w, https:\/\/keweicorten.com\/wp-content\/uploads\/2024\/12\/IMG20220916161902-100x100.jpg 100w, https:\/\/keweicorten.com\/wp-content\/uploads\/2024\/12\/IMG20220916161902.jpg 750w\" sizes=\"(max-width: 300px) 100vw, 300px\" \/><\/a> <a href=\"https:\/\/keweicorten.com\/de\/produktkategorie-2\/feuerstelle\/\"><img decoding=\"async\" class=\"alignnone wp-image-3002 size-medium\" title=\"Korten-BBQ-Grill\" src=\"https:\/\/keweicorten.com\/wp-content\/uploads\/2024\/12\/IMG20220916161905-300x300.jpg\" alt=\"kaufen Rabatt Corten bbq Grill Kostenlose Probe -keweicorten\" width=\"300\" height=\"300\" srcset=\"https:\/\/keweicorten.com\/wp-content\/uploads\/2024\/12\/IMG20220916161905-300x300.jpg 300w, https:\/\/keweicorten.com\/wp-content\/uploads\/2024\/12\/IMG20220916161905-150x150.jpg 150w, https:\/\/keweicorten.com\/wp-content\/uploads\/2024\/12\/IMG20220916161905-12x12.jpg 12w, https:\/\/keweicorten.com\/wp-content\/uploads\/2024\/12\/IMG20220916161905-600x600.jpg 600w, https:\/\/keweicorten.com\/wp-content\/uploads\/2024\/12\/IMG20220916161905-100x100.jpg 100w, https:\/\/keweicorten.com\/wp-content\/uploads\/2024\/12\/IMG20220916161905.jpg 750w\" sizes=\"(max-width: 300px) 100vw, 300px\" \/><\/a><\/p>\n<h4>Beliebte Designs von Cortenstahlgrills<\/h4>\n<ol start=\"1\" data-spread=\"true\">\n<li><strong>Freistehende BBQ-Grills<\/strong> Sie sind perfekt f\u00fcr alle, die eine vielseitige und tragbare L\u00f6sung suchen. Es gibt sie in verschiedenen Formen und Gr\u00f6\u00dfen, um den unterschiedlichen Kochbed\u00fcrfnissen gerecht zu werden.<\/li>\n<li><strong>BBQ-Feuerstellen<\/strong> Diese Designs kombinieren die Funktionalit\u00e4t eines Grills mit dem Ambiente einer Feuerstelle und eignen sich perfekt f\u00fcr die Bewirtung von G\u00e4sten und die Schaffung einer gem\u00fctlichen Atmosph\u00e4re.<\/li>\n<li><strong>Eingebaute BBQ-Stationen<\/strong> F\u00fcr eine dauerhafte Einrichtung sind Einbau-Grills aus Cortenstahl eine ausgezeichnete Wahl. Sie k\u00f6nnen so angepasst werden, dass sie sich nahtlos in Ihre Au\u00dfenk\u00fcche einf\u00fcgen.<\/li>\n<\/ol>\n<p><a href=\"https:\/\/keweicorten.com\/de\"><img loading=\"lazy\" decoding=\"async\" class=\"alignnone wp-image-2981 size-full\" title=\"Kortengrill\" src=\"https:\/\/keweicorten.com\/wp-content\/uploads\/2024\/12\/\u672a\u547d\u540d.jpg\" alt=\"kaufen Rabatt Corten Grill \" width=\"750\" height=\"750\" srcset=\"https:\/\/keweicorten.com\/wp-content\/uploads\/2024\/12\/\u672a\u547d\u540d.jpg 750w, https:\/\/keweicorten.com\/wp-content\/uploads\/2024\/12\/\u672a\u547d\u540d-300x300.jpg 300w, https:\/\/keweicorten.com\/wp-content\/uploads\/2024\/12\/\u672a\u547d\u540d-150x150.jpg 150w, https:\/\/keweicorten.com\/wp-content\/uploads\/2024\/12\/\u672a\u547d\u540d-12x12.jpg 12w, https:\/\/keweicorten.com\/wp-content\/uploads\/2024\/12\/\u672a\u547d\u540d-600x600.jpg 600w, https:\/\/keweicorten.com\/wp-content\/uploads\/2024\/12\/\u672a\u547d\u540d-100x100.jpg 100w\" sizes=\"(max-width: 750px) 100vw, 750px\" \/><\/a><\/p>\n<h4>Warum sollten Sie Cortenstahl f\u00fcr Ihren BBQ w\u00e4hlen?<\/h4>\n<ul data-spread=\"false\">\n<li><strong>Umweltvertr\u00e4glich:<\/strong> Cortenstahl ist recycelbar und damit eine nachhaltige Wahl f\u00fcr umweltbewusste Verbraucher.<\/li>\n<li><strong>Einzigartiger Alterungsprozess:<\/strong> Mit der Zeit verbessert sich das Aussehen des Stahls und verleiht Ihrem Au\u00dfenbereich Charakter.<\/li>\n<li><strong>Wetterbest\u00e4ndigkeit:<\/strong> Seine F\u00e4higkeit, extremen Bedingungen zu widerstehen, gew\u00e4hrleistet, dass er das ganze Jahr \u00fcber funktionell und optisch ansprechend bleibt.<\/li>\n<\/ul>\n<p><a href=\"https:\/\/keweicorten.com\/de\"><img loading=\"lazy\" decoding=\"async\" class=\"alignnone wp-image-2979 size-full\" title=\"Cortenstahl BBQ-Grill \" src=\"https:\/\/keweicorten.com\/wp-content\/uploads\/2024\/12\/photobank-3.png\" alt=\"Rabatt Cortenstahl BBQ-Grill kaufen -keweicorten\" width=\"437\" height=\"195\" srcset=\"https:\/\/keweicorten.com\/wp-content\/uploads\/2024\/12\/photobank-3.png 437w, https:\/\/keweicorten.com\/wp-content\/uploads\/2024\/12\/photobank-3-300x134.png 300w, https:\/\/keweicorten.com\/wp-content\/uploads\/2024\/12\/photobank-3-18x8.png 18w\" sizes=\"(max-width: 437px) 100vw, 437px\" \/><\/a><\/p>\n<h4>Tipps f\u00fcr die Pflege Ihres Cortenstahlgrills<\/h4>\n<ul data-spread=\"false\">\n<li>Vermeiden Sie die Aufstellung in Bereichen mit st\u00e4ndiger Feuchtigkeit, um \u00fcberm\u00e4\u00dfiges Rosten zu verhindern.<\/li>\n<li>Reinigen Sie die Grillfl\u00e4che regelm\u00e4\u00dfig, um Lebensmittelreste zu entfernen.<\/li>\n<li>Verwenden Sie eine Schutzabdeckung, wenn Sie in Regionen mit starkem Regen oder Schneefall leben<\/li>\n<\/ul>","protected":false},"excerpt":{"rendered":"<p data-pm-slice=\"1 1 []\">Bei einem Grill aus Cortenstahl geht es nicht nur um Funktionalit\u00e4t, sondern auch darum, Ihren Lebensraum im Freien mit einem langlebigen, wartungsarmen und optisch ansprechenden Mittelpunkt zu versch\u00f6nern.<\/p>","protected":false},"featured_media":3005,"comment_status":"open","ping_status":"closed","template":"","meta":{"_eb_attr":"","_monsterinsights_skip_tracking":false,"_monsterinsights_sitenote_active":false,"_monsterinsights_sitenote_note":"","_monsterinsights_sitenote_category":0,"_uf_show_specific_survey":0,"_uf_disable_surveys":false},"product_brand":[],"product_cat":[63],"product_tag":[],"class_list":{"0":"post-2999","1":"product","2":"type-product","3":"status-publish","4":"has-post-thumbnail","6":"product_cat-steel-bbq-grill","8":"first","9":"instock","10":"shipping-taxable","11":"product-type-simple"},"_links":{"self":[{"href":"https:\/\/keweicorten.com\/de\/wp-json\/wp\/v2\/product\/2999"}],"collection":[{"href":"https:\/\/keweicorten.com\/de\/wp-json\/wp\/v2\/product"}],"about":[{"href":"https:\/\/keweicorten.com\/de\/wp-json\/wp\/v2\/types\/product"}],"replies":[{"embeddable":true,"href":"https:\/\/keweicorten.com\/de\/wp-json\/wp\/v2\/comments?post=2999"}],"version-history":[{"count":1,"href":"https:\/\/keweicorten.com\/de\/wp-json\/wp\/v2\/product\/2999\/revisions"}],"predecessor-version":[{"id":3007,"href":"https:\/\/keweicorten.com\/de\/wp-json\/wp\/v2\/product\/2999\/revisions\/3007"}],"wp:featuredmedia":[{"embeddable":true,"href":"https:\/\/keweicorten.com\/de\/wp-json\/wp\/v2\/media\/3005"}],"wp:attachment":[{"href":"https:\/\/keweicorten.com\/de\/wp-json\/wp\/v2\/media?parent=2999"}],"wp:term":[{"taxonomy":"product_brand","embeddable":true,"href":"https:\/\/keweicorten.com\/de\/wp-json\/wp\/v2\/product_brand?post=2999"},{"taxonomy":"product_cat","embeddable":true,"href":"https:\/\/keweicorten.com\/de\/wp-json\/wp\/v2\/product_cat?post=2999"},{"taxonomy":"product_tag","embeddable":true,"href":"https:\/\/keweicorten.com\/de\/wp-json\/wp\/v2\/product_tag?post=2999"}],"curies":[{"name":"wp","href":"https:\/\/api.w.org\/{rel}","templated":true}]}}