{"id":3826,"date":"2025-02-27T01:38:24","date_gmt":"2025-02-27T01:38:24","guid":{"rendered":"https:\/\/keweicorten.com\/?post_type=product&#038;p=3826"},"modified":"2025-02-27T01:38:25","modified_gmt":"2025-02-27T01:38:25","slug":"holzpellet-raketenheizung","status":"publish","type":"product","link":"https:\/\/keweicorten.com\/de\/holzpellet-raketenheizung\/","title":{"rendered":"Holzpellet-Raketenheizung"},"content":{"rendered":"<h2 data-pm-slice=\"1 1 []\"><strong>Holzpellet-Raketen-Heizung: Effiziente, umweltfreundliche Heizl\u00f6sung<\/strong><\/h2>\n<p>A <strong>Holzpellet-Raketenheizung<\/strong> ist eine innovative und effiziente Heizl\u00f6sung, die das Prinzip eines Raketenofens mit dem Komfort von Holzpellets kombiniert. Er bietet eine saubere, hocheffiziente M\u00f6glichkeit, H\u00e4user, Gew\u00e4chsh\u00e4user, Werkst\u00e4tten und Au\u00dfenbereiche zu beheizen.<\/p>\n<h2><strong>Was ist eine Holzpellet-Heizrakete?<\/strong><\/h2>\n<p>Ein Holzpellet-Raketenofen ist so konzipiert, dass er die Verbrennungseffizienz maximiert. Er verwendet eine <strong>Raketenkocher Brennkammer<\/strong>Das System gew\u00e4hrleistet eine vollst\u00e4ndige Verbrennung des Brennstoffs und reduziert Rauch und Emissionen. Im Gegensatz zu herk\u00f6mmlichen Holz\u00f6fen erm\u00f6glicht dieses System eine <strong>anhaltende und kontrollierte Verbrennung<\/strong>Das macht sie zu einer kosteneffizienten und umweltfreundlichen Option.<\/p>\n<p><img fetchpriority=\"high\" decoding=\"async\" class=\"alignnone size-medium wp-image-2659\" src=\"https:\/\/keweicorten.com\/wp-content\/uploads\/2024\/12\/FeuerfackelimGarten-250x300.webp\" alt=\"\" width=\"250\" height=\"300\" srcset=\"https:\/\/keweicorten.com\/wp-content\/uploads\/2024\/12\/FeuerfackelimGarten-250x300.webp 250w, https:\/\/keweicorten.com\/wp-content\/uploads\/2024\/12\/FeuerfackelimGarten-10x12.webp 10w, https:\/\/keweicorten.com\/wp-content\/uploads\/2024\/12\/FeuerfackelimGarten-600x720.webp 600w, https:\/\/keweicorten.com\/wp-content\/uploads\/2024\/12\/FeuerfackelimGarten.webp 750w\" sizes=\"(max-width: 250px) 100vw, 250px\" \/> <img decoding=\"async\" class=\"alignnone size-medium wp-image-2689\" src=\"https:\/\/keweicorten.com\/wp-content\/uploads\/2024\/12\/\u5fae\u4fe1\u56fe\u7247_20241204151140-1-300x300.jpg\" alt=\"\" width=\"300\" height=\"300\" srcset=\"https:\/\/keweicorten.com\/wp-content\/uploads\/2024\/12\/\u5fae\u4fe1\u56fe\u7247_20241204151140-1-300x300.jpg 300w, https:\/\/keweicorten.com\/wp-content\/uploads\/2024\/12\/\u5fae\u4fe1\u56fe\u7247_20241204151140-1-150x150.jpg 150w, https:\/\/keweicorten.com\/wp-content\/uploads\/2024\/12\/\u5fae\u4fe1\u56fe\u7247_20241204151140-1-12x12.jpg 12w, https:\/\/keweicorten.com\/wp-content\/uploads\/2024\/12\/\u5fae\u4fe1\u56fe\u7247_20241204151140-1-600x600.jpg 600w, https:\/\/keweicorten.com\/wp-content\/uploads\/2024\/12\/\u5fae\u4fe1\u56fe\u7247_20241204151140-1-100x100.jpg 100w, https:\/\/keweicorten.com\/wp-content\/uploads\/2024\/12\/\u5fae\u4fe1\u56fe\u7247_20241204151140-1.jpg 750w\" sizes=\"(max-width: 300px) 100vw, 300px\" \/><\/p>\n<h2><strong>Vorteile eines Holzpellet-Raketenheizers<\/strong><\/h2>\n<h3><strong>1. Hoher Wirkungsgrad und saubere Verbrennung<\/strong><\/h3>\n<ul data-spread=\"false\">\n<li>Die <strong>Raketenverbrennungsdesign<\/strong> erh\u00f6ht die Heizleistung und minimiert den Brennstoffverbrauch.<\/li>\n<li>Verbrennt bei hohen Temperaturen, wodurch eine nahezu vollst\u00e4ndige Verbrennung gew\u00e4hrleistet ist und weniger Rauch entsteht.<\/li>\n<li>Kann Wirkungsgrade von \u00fcber <strong>90%<\/strong>, Verringerung von Abfall und Emissionen.<\/li>\n<\/ul>\n<h3><strong>2. Umweltfreundlich und nachhaltig<\/strong><\/h3>\n<ul data-spread=\"false\">\n<li><strong>Es verwendet Holzpellets<\/strong>die ein erneuerbarer Biomassebrennstoff sind.<\/li>\n<li>Erzeugt erheblich <strong>weniger Kohlenstoffemissionen<\/strong> im Vergleich zu traditionellen Holz\u00f6fen.<\/li>\n<li>Reduziert die Abh\u00e4ngigkeit von fossilen Brennstoffen und f\u00f6rdert nachhaltiges Heizen.<\/li>\n<\/ul>\n<h3><strong>3. Kosteneffiziente Heizl\u00f6sung<\/strong><\/h3>\n<ul data-spread=\"false\">\n<li>Holzpellets sind oft billiger und leichter verf\u00fcgbar als Brennholz oder Gas.<\/li>\n<li>Geringerer Kraftstoffverbrauch bedeutet <strong>l\u00e4ngere Brenndauer mit weniger Nachf\u00fcllungen<\/strong>.<\/li>\n<li>Einige Modelle bieten <strong>Schwerkraft- oder automatische Pelletszuf\u00fchrung<\/strong>und erfordert nur minimale Benutzereingriffe.<\/li>\n<\/ul>\n<h3><strong>4. Vielseitige Anwendungen<\/strong><\/h3>\n<ul data-spread=\"false\">\n<li>Ideal f\u00fcr <strong>Heizen von H\u00e4usern, Gew\u00e4chsh\u00e4usern, Werkst\u00e4tten und Au\u00dfenbereichen<\/strong>.<\/li>\n<li>Es kann verwendet werden f\u00fcr <strong>netzunabh\u00e4ngiges Leben<\/strong> und Notheizung.<\/li>\n<li>Einige Modelle verf\u00fcgen \u00fcber eine integrierte <strong>Warmwasser-Heizsystem<\/strong>und f\u00fcgt zus\u00e4tzliche Funktionen hinzu.<\/li>\n<\/ul>\n<p><img decoding=\"async\" class=\"alignnone size-medium wp-image-3827\" src=\"https:\/\/keweicorten.com\/wp-content\/uploads\/2025\/02\/pellet-heater-291x300.png\" alt=\"\" width=\"291\" height=\"300\" srcset=\"https:\/\/keweicorten.com\/wp-content\/uploads\/2025\/02\/pellet-heater-291x300.png 291w, https:\/\/keweicorten.com\/wp-content\/uploads\/2025\/02\/pellet-heater-993x1024.png 993w, https:\/\/keweicorten.com\/wp-content\/uploads\/2025\/02\/pellet-heater-768x792.png 768w, https:\/\/keweicorten.com\/wp-content\/uploads\/2025\/02\/pellet-heater-12x12.png 12w, https:\/\/keweicorten.com\/wp-content\/uploads\/2025\/02\/pellet-heater-600x619.png 600w, https:\/\/keweicorten.com\/wp-content\/uploads\/2025\/02\/pellet-heater.png 1029w\" sizes=\"(max-width: 291px) 100vw, 291px\" \/> <img loading=\"lazy\" decoding=\"async\" class=\"alignnone size-medium wp-image-3828\" src=\"https:\/\/keweicorten.com\/wp-content\/uploads\/2025\/02\/\u5fae\u4fe1\u56fe\u7247_20240124111607-300x300.jpg\" alt=\"\" width=\"300\" height=\"300\" srcset=\"https:\/\/keweicorten.com\/wp-content\/uploads\/2025\/02\/\u5fae\u4fe1\u56fe\u7247_20240124111607-300x300.jpg 300w, https:\/\/keweicorten.com\/wp-content\/uploads\/2025\/02\/\u5fae\u4fe1\u56fe\u7247_20240124111607-150x150.jpg 150w, https:\/\/keweicorten.com\/wp-content\/uploads\/2025\/02\/\u5fae\u4fe1\u56fe\u7247_20240124111607-12x12.jpg 12w, https:\/\/keweicorten.com\/wp-content\/uploads\/2025\/02\/\u5fae\u4fe1\u56fe\u7247_20240124111607-600x600.jpg 600w, https:\/\/keweicorten.com\/wp-content\/uploads\/2025\/02\/\u5fae\u4fe1\u56fe\u7247_20240124111607-100x100.jpg 100w, https:\/\/keweicorten.com\/wp-content\/uploads\/2025\/02\/\u5fae\u4fe1\u56fe\u7247_20240124111607.jpg 750w\" sizes=\"(max-width: 300px) 100vw, 300px\" \/><\/p>\n<h2><strong>Wie funktioniert eine Holzpellet-Heizrakete?<\/strong><\/h2>\n<ol start=\"1\" data-spread=\"false\">\n<li><strong>Treibstoff laden:<\/strong> Die Holzpellets werden manuell oder \u00fcber einen Schwerkrafttrichter in die Brennkammer eingef\u00fcllt.<\/li>\n<li><strong>Raketenverbrennung:<\/strong> Der Brennstoff verbrennt in einer hoch isolierten Kammer, wodurch intensive Hitze und eine effiziente Verbrennung entstehen.<\/li>\n<li><strong>W\u00e4rme\u00fcbertragung:<\/strong> Die W\u00e4rme wird absorbiert und effizient verteilt, oft durch einen W\u00e4rmetauscher oder eine thermische Masse.<\/li>\n<li><strong>Minimaler Abfall:<\/strong> Die Abgase werden nahezu vollst\u00e4ndig verbrannt, wodurch weniger Rauch und nur wenig Asche zur\u00fcckbleibt.<\/li>\n<\/ol>\n<h2><strong>Die Wahl des richtigen Holzpellet-Raketenheizers<\/strong><\/h2>\n<p>Bei der Auswahl einer <strong>Holzpellet-Raketenheizung<\/strong>in Betracht ziehen:<\/p>\n<ul data-spread=\"false\">\n<li><strong>Gr\u00f6\u00dfe und Heizleistung:<\/strong> Vergewissern Sie sich, dass es Ihrem Heizbedarf entspricht.<\/li>\n<li><strong>Material bauen:<\/strong> Achten Sie auf langlebige Materialien wie <strong>Edelstahl oder wetterfester Stahl<\/strong> f\u00fcr Langlebigkeit.<\/li>\n<li><strong>Mechanismus der Pelletszufuhr:<\/strong> Schwerkraftgespeiste vs. automatische Systeme.<\/li>\n<li><strong>Anforderungen an Tragbarkeit und Installation:<\/strong> Einige Modelle sind kompakt und leicht zu installieren, so dass sie sich hervorragend f\u00fcr Wohnmobile und H\u00fctten eignen.<\/li>\n<\/ul>\n<p>A <strong>Holzpellet-Raketenheizung<\/strong> ist eine ausgezeichnete Wahl f\u00fcr diejenigen, die eine <strong>umweltfreundlich, hocheffizient und kosteneffektiv<\/strong> Heizungsl\u00f6sung. Ganz gleich, ob Sie W\u00e4rme f\u00fcr Ihr Haus, Ihr Gew\u00e4chshaus oder Ihre netzunabh\u00e4ngige H\u00fctte ben\u00f6tigen, dieses Heizsystem liefert zuverl\u00e4ssige und nachhaltige W\u00e4rme mit minimalen Emissionen.<\/p>\n<p>Wenn Sie nach einem <strong>Hochwertige Holzpellet-Raketenheizung<\/strong>Kontaktieren Sie uns noch heute, um die besten Optionen zu erhalten!<\/p>","protected":false},"excerpt":{"rendered":"<p>Wood Pellet Rocket Heater: Efficient, Eco-Friendly Heating Solution A wood pellet rocket heater is an innovative and efficient heating solution that combines the principles of a rocket stove with the convenience of wood pellets. It offers a clean-burning, highly efficient way to heat homes, greenhouses, workshops, and outdoor spaces. What is a Wood Pellet Rocket [&hellip;]<\/p>","protected":false},"featured_media":3828,"comment_status":"open","ping_status":"closed","template":"","meta":{"_eb_attr":"","_monsterinsights_skip_tracking":false,"_monsterinsights_sitenote_active":false,"_monsterinsights_sitenote_note":"","_monsterinsights_sitenote_category":0,"_uf_show_specific_survey":0,"_uf_disable_surveys":false},"product_brand":[],"product_cat":[52],"product_tag":[],"class_list":{"0":"post-3826","1":"product","2":"type-product","3":"status-publish","4":"has-post-thumbnail","6":"product_cat-wood-pellet-tourch","8":"first","9":"instock","10":"shipping-taxable","11":"product-type-simple"},"_links":{"self":[{"href":"https:\/\/keweicorten.com\/de\/wp-json\/wp\/v2\/product\/3826"}],"collection":[{"href":"https:\/\/keweicorten.com\/de\/wp-json\/wp\/v2\/product"}],"about":[{"href":"https:\/\/keweicorten.com\/de\/wp-json\/wp\/v2\/types\/product"}],"replies":[{"embeddable":true,"href":"https:\/\/keweicorten.com\/de\/wp-json\/wp\/v2\/comments?post=3826"}],"version-history":[{"count":1,"href":"https:\/\/keweicorten.com\/de\/wp-json\/wp\/v2\/product\/3826\/revisions"}],"predecessor-version":[{"id":3833,"href":"https:\/\/keweicorten.com\/de\/wp-json\/wp\/v2\/product\/3826\/revisions\/3833"}],"wp:featuredmedia":[{"embeddable":true,"href":"https:\/\/keweicorten.com\/de\/wp-json\/wp\/v2\/media\/3828"}],"wp:attachment":[{"href":"https:\/\/keweicorten.com\/de\/wp-json\/wp\/v2\/media?parent=3826"}],"wp:term":[{"taxonomy":"product_brand","embeddable":true,"href":"https:\/\/keweicorten.com\/de\/wp-json\/wp\/v2\/product_brand?post=3826"},{"taxonomy":"product_cat","embeddable":true,"href":"https:\/\/keweicorten.com\/de\/wp-json\/wp\/v2\/product_cat?post=3826"},{"taxonomy":"product_tag","embeddable":true,"href":"https:\/\/keweicorten.com\/de\/wp-json\/wp\/v2\/product_tag?post=3826"}],"curies":[{"name":"wp","href":"https:\/\/api.w.org\/{rel}","templated":true}]}}