{"id":3887,"date":"2025-03-07T06:03:46","date_gmt":"2025-03-07T06:03:46","guid":{"rendered":"https:\/\/keweicorten.com\/?post_type=product&#038;p=3887"},"modified":"2025-03-07T06:03:47","modified_gmt":"2025-03-07T06:03:47","slug":"4x8-304-edelstahlblech","status":"publish","type":"product","link":"https:\/\/keweicorten.com\/de\/4x8-304-edelstahlblech\/","title":{"rendered":"4\u00d78 304 Edelstahlblech"},"content":{"rendered":"<h2><strong>Titel: 4\u00d78 304 Edelstahlblech: Merkmale, Spezifikationen, Vorteile und L\u00f6sungen f\u00fcr Ihren Bedarf<\/strong><\/h2>\n<p>Wenn es um die Auswahl des richtigen Materials f\u00fcr industrielle und gewerbliche Anwendungen geht, ist die <strong>4\u00d78 304 Edelstahlblech<\/strong> zeichnet sich durch seine hervorragende Haltbarkeit, Vielseitigkeit und Korrosionsbest\u00e4ndigkeit aus. Diese Art von rostfreiem Stahlblech wird aufgrund seiner ausgezeichneten Leistung in verschiedenen Sektoren wie dem Baugewerbe, der Fertigung und dem Design weit verbreitet. In diesem Artikel befassen wir uns mit den wichtigsten Merkmalen, Spezifikationen, Vorteilen und damit, wie unser Produkt g\u00e4ngige Kundenprobleme l\u00f6st.<\/p>\n<h2><strong>Eigenschaften von 4\u00d78 304 Edelstahlblech<\/strong><\/h2>\n<ul>\n<li><strong>Materialzusammensetzung<\/strong>: Das Edelstahlblech 304 besteht haupts\u00e4chlich aus Eisen, Chrom (18%) und Nickel (8%) und bietet eine starke, rostfreie Legierung, die f\u00fcr eine Vielzahl von Anwendungen geeignet ist.<\/li>\n<li><strong>Oberfl\u00e4che<\/strong>: Sie sind in der Regel geb\u00fcrstet oder hochglanzpoliert, was sie \u00e4sthetisch ansprechend macht und gleichzeitig eine einfache Wartung und Reinigung erm\u00f6glicht.<\/li>\n<li><strong>Gr\u00f6\u00dfe und Dicke<\/strong>: Die Standardabmessungen von 4\u00d78 Bl\u00e4ttern (48 Zoll mal 96 Zoll) sind ideal f\u00fcr verschiedene Projekte. Es ist in verschiedenen Dicken erh\u00e4ltlich, von 0,02\" bis 0,25\" oder mehr, je nach Anforderung.<\/li>\n<li><strong>Korrosionsbest\u00e4ndigkeit<\/strong>: Das Edelstahlblech 304 ist \u00e4u\u00dferst korrosions-, oxidations- und rostbest\u00e4ndig und eignet sich daher perfekt f\u00fcr den Innen- und Au\u00dfenbereich, insbesondere f\u00fcr Bereiche, die rauen Witterungsbedingungen ausgesetzt sind.<\/li>\n<li><strong>Temperaturtoleranz<\/strong>: Es h\u00e4lt einem breiten Temperaturbereich stand, ohne seine strukturelle Integrit\u00e4t zu verlieren, und eignet sich daher f\u00fcr den Einsatz in Hochtemperaturanwendungen.<a href=\"https:\/\/keweicorten.com\/de\/produkte\/\"><img fetchpriority=\"high\" decoding=\"async\" class=\"alignnone\" title=\"304 Blatt Preis SS304 4X8\" src=\"https:\/\/image.made-in-china.com\/2f0j00ASclVDJBQwgr\/China-304-Sheet-Price-SS304-4X8-201-Circle-0-6mm-Thick-Steel-Sheets-Stainless-Steel-Sheet.jpg\" alt=\"China 304 Blatt Preis SS304 4X8 201 Kreis 0,6mm Dicke Stahlbleche Preis-keweicorten\" width=\"730\" height=\"548\" \/><\/a><\/li>\n<\/ul>\n<h2><strong>Spezifikationen von 4\u00d78 304 Edelstahlblech<\/strong><\/h2>\n<ul>\n<li><strong>Abmessungen<\/strong>: 4 Fu\u00df mal 8 Fu\u00df (1200 mm x 2400 mm)<\/li>\n<li><strong>Dicke<\/strong>: Erh\u00e4ltlich von 0,02\u2033 (0,5 mm) bis 0,25\u2033 (6,35 mm) oder in kundenspezifischen Dicken<\/li>\n<li><strong>Gewicht<\/strong>: Je nach Dicke unterschiedlich, aber in der Regel etwa 6,5-10 kg pro Platte.<\/li>\n<li><strong>Klasse<\/strong>: 304 ist die am h\u00e4ufigsten verwendete Edelstahlsorte, die f\u00fcr ihre hervorragende Formbarkeit und Korrosionsbest\u00e4ndigkeit bekannt ist.<\/li>\n<li><strong>Ausf\u00fchrungsoptionen<\/strong>: G\u00e4ngige Oberfl\u00e4chen sind 2B, Nr. 1, Nr. 4 und Mirror Finish.<\/li>\n<li>Hier ist die <strong>4\u00d78 304 Edelstahlblech<\/strong> Parameter<\/li>\n<\/ul>\n<table>\n<thead>\n<tr>\n<th><strong>Parameter<\/strong><\/th>\n<th><strong>Beschreibung<\/strong><\/th>\n<\/tr>\n<\/thead>\n<tbody>\n<tr>\n<td><strong>Material<\/strong><\/td>\n<td>304 Edelstahl (18% Chrom, 8% Nickel)<\/td>\n<\/tr>\n<tr>\n<td><strong>Abmessungen<\/strong><\/td>\n<td>Standardgr\u00f6\u00dfe: 1200mm x 2400mm (4'x8\u2032)<\/td>\n<\/tr>\n<tr>\n<td><strong>Dicke<\/strong><\/td>\n<td>0,3 mm - 6 mm (kundenspezifische Gr\u00f6\u00dfen erh\u00e4ltlich)<\/td>\n<\/tr>\n<tr>\n<td><strong>Oberfl\u00e4che<\/strong><\/td>\n<td>2B (glatt), Nr. 1 (rau), Nr. 4 (geb\u00fcrstet), Hochglanz<\/td>\n<\/tr>\n<tr>\n<td><strong>Korrosionsbest\u00e4ndigkeit<\/strong><\/td>\n<td>Ausgezeichnete Korrosionsbest\u00e4ndigkeit, geeignet f\u00fcr feuchte, chemische und Hochtemperaturumgebungen<\/td>\n<\/tr>\n<tr>\n<td><strong>Zugfestigkeit<\/strong><\/td>\n<td>520 - 720 MPa<\/td>\n<\/tr>\n<tr>\n<td><strong>Streckgrenze<\/strong><\/td>\n<td>215 MPa<\/td>\n<\/tr>\n<tr>\n<td><strong>Dehnung<\/strong><\/td>\n<td>40%<\/td>\n<\/tr>\n<tr>\n<td><strong>Dichte<\/strong><\/td>\n<td>8,0 g\/cm\u00b3<\/td>\n<\/tr>\n<tr>\n<td><strong>Hitzebest\u00e4ndigkeit<\/strong><\/td>\n<td>Temperaturbereich: -196\u00b0C bis 870\u00b0C<\/td>\n<\/tr>\n<tr>\n<td><strong>Schwei\u00dfeignung<\/strong><\/td>\n<td>Gute Schwei\u00dfbarkeit, geeignet f\u00fcr WIG-, MIG- und Lichtbogenschwei\u00dfen<\/td>\n<\/tr>\n<tr>\n<td><strong>Magnetische Eigenschaften<\/strong><\/td>\n<td>Nicht-magnetisch, geeignet f\u00fcr Anwendungen, die einen geringen Magnetismus erfordern<\/td>\n<\/tr>\n<tr>\n<td><strong>Qualit\u00e4t der Oberfl\u00e4che<\/strong><\/td>\n<td>Erh\u00e4ltlich in verschiedenen Oberfl\u00e4chenausf\u00fchrungen f\u00fcr dekorative, lebensmitteltechnische und chemische Anwendungen<\/td>\n<\/tr>\n<\/tbody>\n<\/table>\n<p><a href=\"https:\/\/keweicorten.com\/de\/produkte\/\"><img decoding=\"async\" class=\"alignnone\" title=\"1mm 0.8mm dick 4x8 aisi 304 Edelstahlblech Preis \" src=\"https:\/\/ts1.tc.mm.bing.net\/th\/id\/R-C.1d94e5fc7d93d7e8e4893f03447e48b9?rik=weqVghXE7QJ4sw&amp;riu=http%3a%2f%2fg02.s.alicdn.com%2fkf%2fHTB1qDm4IVXXXXa0XVXXq6xXFXXXu%2f222252506%2fHTB1qDm4IVXXXXa0XVXXq6xXFXXXu.jpg&amp;ehk=THQ%2fN0FaOqebkqTIwLN%2bkM16Uh04%2bseg2wa3T%2b52JQM%3d&amp;risl=&amp;pid=ImgRaw&amp;r=0\" alt=\"1mm 0.8mm dick 4x8 aisi 304 Edelstahlblech Preis pro kg - keweicorten\" width=\"750\" height=\"600\" \/><\/a><\/p>\n<h2><strong>Vorteile von 4\u00d78 304 Edelstahlblech<\/strong><\/h2>\n<ol>\n<li><strong>Hohe Strapazierf\u00e4higkeit und Langlebigkeit<\/strong>: Die robuste Beschaffenheit von Edelstahl 304 sorgt daf\u00fcr, dass die Bleche auch nach jahrelanger Einwirkung verschiedener Umwelteinfl\u00fcsse, einschlie\u00dflich Feuchtigkeit und extremer Temperaturen, ihre Integrit\u00e4t bewahren.<\/li>\n<li><strong>Einfache Wartung<\/strong>: Mit ihrer glatten Oberfl\u00e4che sind die Edelstahlbleche leicht zu reinigen und zu pflegen und verhindern das Wachstum von Bakterien, was sie ideal f\u00fcr hygienische Umgebungen wie K\u00fcchen und Krankenh\u00e4user macht.<\/li>\n<li><strong>\u00c4sthetische Flexibilit\u00e4t<\/strong>: Das in verschiedenen Ausf\u00fchrungen erh\u00e4ltliche Edelstahlblech 304 kann sowohl in industriellen als auch in dekorativen Anwendungen eingesetzt werden und bietet ein elegantes und modernes Aussehen.<\/li>\n<li><strong>Nicht-magnetisch<\/strong>: Es handelt sich um ein nichtmagnetisches Material, das sich f\u00fcr Anwendungen eignet, bei denen Magnetismus ein Problem darstellt, wie z. B. in empfindlichen elektronischen oder medizinischen Ger\u00e4ten.<\/li>\n<li><strong>Hochgradig korrosionsbest\u00e4ndig<\/strong>: Der hohe Chromgehalt bietet eine hervorragende Korrosionsbest\u00e4ndigkeit, insbesondere gegen\u00fcber aggressiven Chemikalien, S\u00e4uren und Salzwasser, und ist damit ideal f\u00fcr den Einsatz im Meer.<\/li>\n<li><strong>Ausgezeichnete Formbarkeit<\/strong>: Das Edelstahlblech 304 l\u00e4sst sich leicht schneiden, biegen und formen, so dass es f\u00fcr kundenspezifische Konstruktionen verwendet werden kann, die von industriellen Komponenten bis hin zu Haushaltsger\u00e4ten und M\u00f6beln reichen.<\/li>\n<\/ol>\n<h3>Produktverkaufsargument<\/h3>\n<ul>\n<li><strong>\u00a01: Hohe Wartungsanforderungen<\/strong>\n<ul>\n<li><em>L\u00f6sung<\/em>: Das Edelstahlblech 304 erfordert aufgrund seiner glatten, korrosionsbest\u00e4ndigen Oberfl\u00e4che nur minimale Wartung. Die regelm\u00e4\u00dfige Reinigung ist einfach und erfordert keine teuren oder komplizierten Werkzeuge, was dem Kunden sowohl Zeit als auch Geld spart.<\/li>\n<\/ul>\n<\/li>\n<li><strong>\u00a02: Bedenken hinsichtlich der Haltbarkeit in rauen Umgebungen<\/strong>\n<ul>\n<li><em>L\u00f6sung<\/em>: Dank seiner ausgezeichneten Korrosionsbest\u00e4ndigkeit eignet sich Edelstahlblech 304 perfekt f\u00fcr Umgebungen, die Feuchtigkeit, Chemikalien und extremen Temperaturen ausgesetzt sind. Ob in K\u00fcchen, Fabriken oder Au\u00dfenanlagen, dieses Material ist langlebig und vermeidet kostspielige Reparaturen und Ersatzbeschaffungen.<\/li>\n<\/ul>\n<\/li>\n<li><strong>\u00a03: Uneinheitliche Qualit\u00e4t auf dem Markt<\/strong>\n<ul>\n<li><em>L\u00f6sung<\/em>: Unser <strong>4\u00d78 Bleche aus Edelstahl 304<\/strong> werden von erstklassigen Herstellern bezogen und strengen Qualit\u00e4tskontrollen unterzogen, um sicherzustellen, dass Sie jedes Mal ein hochwertiges Produkt erhalten. Wir bieten eine breite Palette von Spezifikationen an, um die individuellen Bed\u00fcrfnisse unserer Kunden zu erf\u00fcllen.<\/li>\n<\/ul>\n<\/li>\n<li><strong>4: Unflexibilit\u00e4t bei Gr\u00f6\u00dfenbestimmung und Anpassung<\/strong>\n<ul>\n<li><em>L\u00f6sung<\/em>: Wir bieten kundenspezifische Zuschnitte und Gr\u00f6\u00dfenoptionen f\u00fcr das 4\u00d78 304 Edelstahlblech. Egal, ob Sie kleinere Abmessungen, spezifische Dicken oder einzigartige Oberfl\u00e4chen ben\u00f6tigen, wir k\u00f6nnen das Produkt genau auf Ihre Anforderungen zuschneiden.<\/li>\n<\/ul>\n<\/li>\n<\/ul>\n<h3><strong>Unsere Verkaufsargumente<\/strong><\/h3>\n<ol>\n<li><strong>Premium-Qualit\u00e4tssicherung<\/strong>: Wir legen Wert auf hochwertige Materialien und strenge Qualit\u00e4tskontrollen, um sicherzustellen, dass unsere Edelstahlbleche 304 den h\u00f6chsten Industriestandards entsprechen.<\/li>\n<li><strong>Konkurrenzf\u00e4hige Preisgestaltung<\/strong>: Trotz der erstklassigen Qualit\u00e4t bleiben unsere Preise wettbewerbsf\u00e4hig und bieten Ihnen kosteng\u00fcnstige L\u00f6sungen, ohne Kompromisse bei der Leistung einzugehen.<\/li>\n<li><strong>Kundenspezifische L\u00f6sungen<\/strong>: Wir bieten ma\u00dfgeschneiderte Produkte f\u00fcr individuelle Projektanforderungen, von unterschiedlichen Dicken bis hin zu speziellen Oberfl\u00e4chen und Abmessungen.<\/li>\n<li><strong>Schnelle und verl\u00e4ssliche Lieferung<\/strong>: Wir wissen, wie wichtig eine p\u00fcnktliche Lieferung ist. Dank unserer effizienten Logistik wird Ihre Bestellung umgehend bei Ihnen eintreffen, damit Ihre Projektfristen eingehalten werden k\u00f6nnen.<\/li>\n<li><strong>Unterst\u00fctzung durch Experten<\/strong>: Unser Team ist immer bereit, Sie bei der Produktauswahl, der Anwendungsberatung und der Unterst\u00fctzung nach dem Kauf zu unterst\u00fctzen, um Ihnen einen reibungslosen Ablauf zu erm\u00f6glichen.<\/li>\n<\/ol>\n<h3><strong>Schlussfolgerung<\/strong><\/h3>\n<p>Die <strong>4\u00d78 304 Edelstahlblech<\/strong> ist ein vielseitiges, haltbares und kosteng\u00fcnstiges Material, das sich f\u00fcr eine Vielzahl von Anwendungen eignet. Ganz gleich, ob Sie an einem Bauprojekt, einem K\u00fcchendesign oder einer Schiffsausr\u00fcstung arbeiten - Edelstahlblech 304 bietet langlebige L\u00f6sungen. Mit unseren kundenspezifischen Optionen und unserem Engagement f\u00fcr Qualit\u00e4t bieten wir Produkte, die genau Ihren Anforderungen entsprechen und gleichzeitig g\u00e4ngige Herausforderungen der Branche l\u00f6sen. W\u00e4hlen Sie unser <strong>Bleche aus rostfreiem Stahl 304<\/strong> f\u00fcr \u00fcberragende Leistung, Langlebigkeit und Wertigkeit.<\/p>","protected":false},"excerpt":{"rendered":"<div class=\"flex max-w-full flex-col flex-grow\">\n<div class=\"min-h-8 text-message relative flex w-full flex-col items-end gap-2 whitespace-normal break-words text-start [.text-message+&amp;]:mt-5\" dir=\"auto\" data-message-author-role=\"assistant\" data-message-id=\"a7210d0d-b6a3-498d-a09c-d926ca0c436e\" data-message-model-slug=\"gpt-4o-mini\">\n<div class=\"flex w-full flex-col gap-1 empty:hidden first:pt-[3px]\">\n<div class=\"markdown prose w-full break-words dark:prose-invert light\">\n<p data-start=\"91\" data-end=\"386\" data-is-last-node=\"\" data-is-only-node=\"\"><strong data-start=\"91\" data-end=\"124\">4\u00d78 304 Edelstahlblech<\/strong> - Langlebig, korrosionsbest\u00e4ndig und vielseitig, ideal f\u00fcr industrielle, architektonische und dekorative Anwendungen. Dank der einfachen Wartung und der hohen Temperaturbest\u00e4ndigkeit eignet es sich perfekt f\u00fcr K\u00fcchen, M\u00f6bel und vieles mehr. Erh\u00e4ltlich in anpassbaren Gr\u00f6\u00dfen und Ausf\u00fchrungen.<\/p>\n<\/div>\n<\/div>\n<\/div>\n<\/div>","protected":false},"featured_media":3888,"comment_status":"open","ping_status":"closed","template":"","meta":{"_eb_attr":"","_monsterinsights_skip_tracking":false,"_monsterinsights_sitenote_active":false,"_monsterinsights_sitenote_note":"","_monsterinsights_sitenote_category":0,"_uf_show_specific_survey":0,"_uf_disable_surveys":false},"product_brand":[],"product_cat":[21],"product_tag":[],"class_list":{"0":"post-3887","1":"product","2":"type-product","3":"status-publish","4":"has-post-thumbnail","6":"product_cat-weather-resistant-steel-plate","8":"first","9":"instock","10":"shipping-taxable","11":"product-type-simple"},"_links":{"self":[{"href":"https:\/\/keweicorten.com\/de\/wp-json\/wp\/v2\/product\/3887"}],"collection":[{"href":"https:\/\/keweicorten.com\/de\/wp-json\/wp\/v2\/product"}],"about":[{"href":"https:\/\/keweicorten.com\/de\/wp-json\/wp\/v2\/types\/product"}],"replies":[{"embeddable":true,"href":"https:\/\/keweicorten.com\/de\/wp-json\/wp\/v2\/comments?post=3887"}],"version-history":[{"count":1,"href":"https:\/\/keweicorten.com\/de\/wp-json\/wp\/v2\/product\/3887\/revisions"}],"predecessor-version":[{"id":3890,"href":"https:\/\/keweicorten.com\/de\/wp-json\/wp\/v2\/product\/3887\/revisions\/3890"}],"wp:featuredmedia":[{"embeddable":true,"href":"https:\/\/keweicorten.com\/de\/wp-json\/wp\/v2\/media\/3888"}],"wp:attachment":[{"href":"https:\/\/keweicorten.com\/de\/wp-json\/wp\/v2\/media?parent=3887"}],"wp:term":[{"taxonomy":"product_brand","embeddable":true,"href":"https:\/\/keweicorten.com\/de\/wp-json\/wp\/v2\/product_brand?post=3887"},{"taxonomy":"product_cat","embeddable":true,"href":"https:\/\/keweicorten.com\/de\/wp-json\/wp\/v2\/product_cat?post=3887"},{"taxonomy":"product_tag","embeddable":true,"href":"https:\/\/keweicorten.com\/de\/wp-json\/wp\/v2\/product_tag?post=3887"}],"curies":[{"name":"wp","href":"https:\/\/api.w.org\/{rel}","templated":true}]}}