{"id":671,"date":"2024-07-16T07:00:36","date_gmt":"2024-07-16T07:00:36","guid":{"rendered":"https:\/\/keweicorten.com\/?post_type=product&#038;p=671"},"modified":"2025-01-15T06:28:52","modified_gmt":"2025-01-15T06:28:52","slug":"cortenstahlgitter","status":"publish","type":"product","link":"https:\/\/keweicorten.com\/de\/cortenstahlgitter\/","title":{"rendered":"Cortenstahlgitter"},"content":{"rendered":"<table class=\"has-title all magic-8\" style=\"height: 141px;\" width=\"651\">\n<tbody>\n<tr>\n<td colspan=\"1\" rowspan=\"1\">\n<div class=\"magic-9\" data-spm-anchor-id=\"a2700.details.0.i41.1c02dc31QPyZ9q\">Produktname<\/div>\n<\/td>\n<td colspan=\"1\" rowspan=\"1\">\n<div class=\"magic-10\">Cortenstahl Villen Metalltor und Zaun f\u00fcr Hinterhof<\/div>\n<\/td>\n<\/tr>\n<tr>\n<td colspan=\"1\" rowspan=\"1\" data-spm-anchor-id=\"a2700.details.0.i42.1c02dc31QPyZ9q\">\n<div class=\"magic-9\">Gr\u00f6\u00dfe<\/div>\n<\/td>\n<td colspan=\"1\" rowspan=\"1\">\n<div class=\"magic-10\">Gr\u00f6\u00dfe des Kunden<\/div>\n<\/td>\n<\/tr>\n<tr>\n<td colspan=\"1\" rowspan=\"1\">\n<div class=\"magic-9\">Material<\/div>\n<\/td>\n<td colspan=\"1\" rowspan=\"1\">\n<div class=\"magic-10\">Cortenstahl<\/div>\n<\/td>\n<\/tr>\n<tr>\n<td colspan=\"1\" rowspan=\"1\">\n<div class=\"magic-9\">Muster<\/div>\n<\/td>\n<td colspan=\"1\" rowspan=\"1\">\n<div class=\"magic-10\">Pflanzen, Tiere, Abstrakt, Stadt- oder Kundengr\u00f6\u00dfe<\/div>\n<\/td>\n<\/tr>\n<tr>\n<td colspan=\"1\" rowspan=\"1\">\n<div class=\"magic-9\">Farbe<\/div>\n<\/td>\n<td colspan=\"1\" rowspan=\"1\">\n<div class=\"magic-10\">original oder vorgerostet<\/div>\n<\/td>\n<\/tr>\n<tr>\n<td colspan=\"1\" rowspan=\"1\">\n<div class=\"magic-9\">Gebraucht<\/div>\n<\/td>\n<td colspan=\"1\" rowspan=\"1\">\n<div class=\"magic-10\">Haus und Garten<\/div>\n<\/td>\n<\/tr>\n<\/tbody>\n<\/table>\n<p>Die Vorteile von Corten-Siebdruckplatten und ihre Anwendung im Gartenbau:<\/p>\n<p>1. Witterungsbest\u00e4ndigkeit: Cortenstahl hat eine ausgezeichnete Witterungsbest\u00e4ndigkeit und kann der oxidativen Korrosion im Freien lange Zeit widerstehen und ben\u00f6tigt keine zus\u00e4tzlichen Schutzbeschichtungen.<\/p>\n<p>2. Einzigartiges Aussehen: Cortenstahl hat ein einzigartiges korrodiertes Aussehen, und seine korrodierte Schicht bildet einen nat\u00fcrlichen Schutzfilm, wodurch seine Oberfl\u00e4che sehr unverwechselbar und sch\u00f6n aussieht.<\/p>\n<p>3. Lange Lebensdauer: Aufgrund ihrer Witterungsbest\u00e4ndigkeit und hohen Festigkeit haben Corten-Stahlprodukte eine lange Lebensdauer, was die Kosten f\u00fcr Wartung und Ersatz reduziert.<\/p>\n<p>Im Gartenbau k\u00f6nnen Cortenstahlgitter in den folgenden Bereichen eingesetzt werden:<\/p>\n<p>1. Trennwand: Die Cortenstahlschirme k\u00f6nnen als Trennwand im Gartenbau verwendet werden, die einen privaten Raum schaffen, die Sicht versperren und gleichzeitig die Sch\u00f6nheit der Gartenlandschaft durch ihr einzigartiges Aussehen verst\u00e4rken kann.<\/p>\n<p>2. Gartendekoration: Cortenstahlgitter k\u00f6nnen als dekorative Elemente im Garten verwendet werden, passend zu Pflanzen, Steinen und anderen Elementen, um das Landschaftsniveau und die visuelle Wirkung zu erh\u00f6hen.<\/p>\n<p>3. Gartenbegrenzung: Die Gitter aus Cortenstahl k\u00f6nnen auch verwendet werden, um die Grenze des Gartens zu definieren, die verschiedenen Funktionsbereiche zu trennen und gleichzeitig eine dekorative Rolle zu spielen.<\/p>\n<p><a href=\"https:\/\/keweicorten.com\/de\/kontaktieren-sie-uns\/\"><img fetchpriority=\"high\" decoding=\"async\" class=\"wp-image-677 size-full\" src=\"https:\/\/keweicorten.com\/wp-content\/uploads\/2024\/07\/\u5fae\u4fe1\u56fe\u7247_20230914112941.jpg\" alt=\"\" width=\"750\" height=\"439\" srcset=\"https:\/\/keweicorten.com\/wp-content\/uploads\/2024\/07\/\u5fae\u4fe1\u56fe\u7247_20230914112941.jpg 750w, https:\/\/keweicorten.com\/wp-content\/uploads\/2024\/07\/\u5fae\u4fe1\u56fe\u7247_20230914112941-300x176.jpg 300w, https:\/\/keweicorten.com\/wp-content\/uploads\/2024\/07\/\u5fae\u4fe1\u56fe\u7247_20230914112941-600x351.jpg 600w\" sizes=\"(max-width: 750px) 100vw, 750px\" \/><\/a><\/p>","protected":false},"excerpt":{"rendered":"<p>Product Name corten steel villas metal gate and fence for backyard Size Customer Size Material corten steel Pattern Plants, Animal, Abstract.Urban or customer size Color original or pre-rusted Used Home and Garden The advantages of Corten screen panel and its application in horticultural design: 1. Weather resistance: Corten steel has excellent weather resistance and can [&hellip;]<\/p>","protected":false},"featured_media":672,"comment_status":"open","ping_status":"closed","template":"","meta":{"_eb_attr":"","_monsterinsights_skip_tracking":false,"_monsterinsights_sitenote_active":false,"_monsterinsights_sitenote_note":"","_monsterinsights_sitenote_category":0,"_uf_show_specific_survey":0,"_uf_disable_surveys":false},"product_brand":[],"product_cat":[57],"product_tag":[],"class_list":{"0":"post-671","1":"product","2":"type-product","3":"status-publish","4":"has-post-thumbnail","6":"product_cat-screen-panel","8":"first","9":"instock","10":"shipping-taxable","11":"product-type-simple"},"_links":{"self":[{"href":"https:\/\/keweicorten.com\/de\/wp-json\/wp\/v2\/product\/671"}],"collection":[{"href":"https:\/\/keweicorten.com\/de\/wp-json\/wp\/v2\/product"}],"about":[{"href":"https:\/\/keweicorten.com\/de\/wp-json\/wp\/v2\/types\/product"}],"replies":[{"embeddable":true,"href":"https:\/\/keweicorten.com\/de\/wp-json\/wp\/v2\/comments?post=671"}],"version-history":[{"count":1,"href":"https:\/\/keweicorten.com\/de\/wp-json\/wp\/v2\/product\/671\/revisions"}],"predecessor-version":[{"id":3236,"href":"https:\/\/keweicorten.com\/de\/wp-json\/wp\/v2\/product\/671\/revisions\/3236"}],"wp:featuredmedia":[{"embeddable":true,"href":"https:\/\/keweicorten.com\/de\/wp-json\/wp\/v2\/media\/672"}],"wp:attachment":[{"href":"https:\/\/keweicorten.com\/de\/wp-json\/wp\/v2\/media?parent=671"}],"wp:term":[{"taxonomy":"product_brand","embeddable":true,"href":"https:\/\/keweicorten.com\/de\/wp-json\/wp\/v2\/product_brand?post=671"},{"taxonomy":"product_cat","embeddable":true,"href":"https:\/\/keweicorten.com\/de\/wp-json\/wp\/v2\/product_cat?post=671"},{"taxonomy":"product_tag","embeddable":true,"href":"https:\/\/keweicorten.com\/de\/wp-json\/wp\/v2\/product_tag?post=671"}],"curies":[{"name":"wp","href":"https:\/\/api.w.org\/{rel}","templated":true}]}}