{"id":958,"date":"2024-09-09T09:07:24","date_gmt":"2024-09-09T09:07:24","guid":{"rendered":"https:\/\/keweicorten.com\/?post_type=product&#038;p=958"},"modified":"2024-09-09T09:07:24","modified_gmt":"2024-09-09T09:07:24","slug":"cortenblech-preis","status":"publish","type":"product","link":"https:\/\/keweicorten.com\/de\/cortenblech-preis\/","title":{"rendered":"Cortenblech Preis"},"content":{"rendered":"<h2>Verwendung von Cortenblech<\/h2>\n<p>Corten-Blech ist vor allem in der Eisenbahn, Fahrzeug-, Br\u00fccken-, Turm-, Photovoltaik-, High-Speed-Engineering und andere langfristige Exposition gegen\u00fcber der Atmosph\u00e4re der Verwendung von Stahlkonstruktionen verwendet. Es kann auch bei der Herstellung von Containern, Schienenfahrzeugen, \u00d6lt\u00fcrmen, Hafengeb\u00e4uden, \u00d6lplattformen und Beh\u00e4ltern f\u00fcr schwefelhaltige korrosive Medien in Chemie- und Erd\u00f6lanlagen verwendet werden. Dar\u00fcber hinaus wird Cortenblech aufgrund seines einzigartigen Aussehens h\u00e4ufig f\u00fcr \u00f6ffentliche Kunstwerke, Skulpturen im Freien und die Dekoration von Au\u00dfenw\u00e4nden von Geb\u00e4uden verwendet.<\/p>\n<p>Material: Q235\/ Q255\/ Q275\/ SS400\/ A36\/ SA283Gr\/ S235JR\/ S235J2<br \/>\nDicke: 0,2-500mm<br \/>\nBreite: 1000-4000mm<br \/>\nL\u00e4nge: 2000\/ 2438\/ 3000\/ 3500\/ 6000\/ 12000mm<br \/>\nNorm: ASTM\/ AISI\/ JIS\/ GB\/ DIN\/ EN<\/p>\n<figure style=\"width: 806px\" class=\"wp-caption alignnone\"><a href=\"https:\/\/img01.71360.com\/w3\/k108mj\/20240626\/4080acf91332f29de99814cfd6593fc4.jpg?ct=webp\" rel=\"nofollow noopener\" target=\"_blank\"><img fetchpriority=\"high\" decoding=\"async\" title=\"Corten\" src=\"https:\/\/img01.71360.com\/w3\/k108mj\/20240626\/4080acf91332f29de99814cfd6593fc4.jpg?ct=webp\" alt=\"Cortenstahlblech\" width=\"806\" height=\"464\" \/><\/a><figcaption class=\"wp-caption-text\">Cortenstahlblech<\/figcaption><\/figure>\n<h2>Vorteil<\/h2>\n<p>1. umweltfreundlich und umweltschonend<\/p>\n<p>2. Hohe visuelle Leistung<\/p>\n<p>3. Starke F\u00e4higkeit zur K\u00f6rperformung<\/p>\n<p>4. Gute r\u00e4umliche Definition<\/p>\n<table cellspacing=\"0\" cellpadding=\"0\">\n<tbody>\n<tr class=\"firstRow\" data-rows=\"1\" data-type=\"even\">\n<td colspan=\"1\" rowspan=\"1\" data-col=\"1\">Produktname<\/td>\n<td colspan=\"3\" rowspan=\"1\">Kaltgewalztes\/ warmgewalztes Kohlenstoffstahlblech\/Platte<\/td>\n<\/tr>\n<tr data-type=\"odd\">\n<td colspan=\"1\" rowspan=\"1\" data-col=\"1\">Standard<\/td>\n<td colspan=\"3\" rowspan=\"1\">AISI, ASTM, DIN, JIS, GB, JIS, SUS, EN, usw.<\/td>\n<\/tr>\n<tr data-type=\"even\">\n<td colspan=\"1\" rowspan=\"1\" data-col=\"1\">Material<\/td>\n<td colspan=\"3\" rowspan=\"1\">Q195, Q215,Q235,Q345,ST37, A36,45# ,16Mn, SPHC,SGCC,CGCC<\/td>\n<\/tr>\n<tr data-type=\"odd\">\n<td colspan=\"1\" rowspan=\"1\" data-col=\"1\">Dicke(mm)<\/td>\n<td colspan=\"3\" rowspan=\"1\">Warmgewalzt Dicke:2,75mm-100mm<\/p>\n<p>Kaltgewalzt Dicke:0,2mm-3mm<\/td>\n<\/tr>\n<tr data-type=\"even\">\n<td colspan=\"1\" rowspan=\"1\" data-col=\"1\">Breite(mm)<\/td>\n<td colspan=\"3\" rowspan=\"1\">45mm-2200mm, wie Ihre Anfrage<\/td>\n<\/tr>\n<tr data-type=\"odd\">\n<td colspan=\"1\" rowspan=\"1\" data-col=\"1\">L\u00e4nge<\/td>\n<td colspan=\"3\" rowspan=\"1\">1-12m, wie Ihre Anfrage<\/td>\n<\/tr>\n<tr data-type=\"even\">\n<td colspan=\"1\" rowspan=\"1\" data-col=\"1\">Technik<\/td>\n<td colspan=\"3\" rowspan=\"1\">Warmgewalzt\/Kaltgewalzt<\/td>\n<\/tr>\n<tr data-type=\"odd\">\n<td colspan=\"1\" rowspan=\"1\" data-col=\"1\">Oberfl\u00e4che<\/td>\n<td colspan=\"3\" rowspan=\"1\">Blank, schwarz, ge\u00f6lt, kugelgestrahlt, Spr\u00fchfarbe, beschichtet, verzinkt, oder wie Ihre Anfrage<\/td>\n<\/tr>\n<tr data-type=\"even\">\n<td colspan=\"1\" rowspan=\"1\" data-col=\"1\">Spulen-ID<\/td>\n<td colspan=\"3\" rowspan=\"1\">508-610mm oder nach Ihren W\u00fcnschen<\/td>\n<\/tr>\n<tr data-type=\"odd\">\n<td colspan=\"1\" rowspan=\"1\" data-col=\"1\">Spule Gewicht<\/td>\n<td colspan=\"3\" rowspan=\"1\">3~5 Tonnen f\u00fcr nach Ihrem Antrag<\/td>\n<\/tr>\n<\/tbody>\n<\/table>","protected":false},"excerpt":{"rendered":"<p>Corten-Stahlblech ist aufgrund seines einzigartigen verwitterten Aussehens und seiner Haltbarkeit eine beliebte Wahl f\u00fcr viele Projekte. Ganz gleich, ob Sie Ihrem Haus einen rustikalen Touch verleihen oder einen modernen Industrie-Look kreieren m\u00f6chten, Cortenblech ist eine gute Wahl.<\/p>","protected":false},"featured_media":857,"comment_status":"open","ping_status":"closed","template":"","meta":{"_eb_attr":"","_monsterinsights_skip_tracking":false,"_monsterinsights_sitenote_active":false,"_monsterinsights_sitenote_note":"","_monsterinsights_sitenote_category":0,"_uf_show_specific_survey":0,"_uf_disable_surveys":false},"product_brand":[],"product_cat":[21],"product_tag":[],"class_list":{"0":"post-958","1":"product","2":"type-product","3":"status-publish","4":"has-post-thumbnail","6":"product_cat-weather-resistant-steel-plate","8":"first","9":"instock","10":"shipping-taxable","11":"product-type-simple"},"_links":{"self":[{"href":"https:\/\/keweicorten.com\/de\/wp-json\/wp\/v2\/product\/958"}],"collection":[{"href":"https:\/\/keweicorten.com\/de\/wp-json\/wp\/v2\/product"}],"about":[{"href":"https:\/\/keweicorten.com\/de\/wp-json\/wp\/v2\/types\/product"}],"replies":[{"embeddable":true,"href":"https:\/\/keweicorten.com\/de\/wp-json\/wp\/v2\/comments?post=958"}],"version-history":[{"count":1,"href":"https:\/\/keweicorten.com\/de\/wp-json\/wp\/v2\/product\/958\/revisions"}],"predecessor-version":[{"id":959,"href":"https:\/\/keweicorten.com\/de\/wp-json\/wp\/v2\/product\/958\/revisions\/959"}],"wp:featuredmedia":[{"embeddable":true,"href":"https:\/\/keweicorten.com\/de\/wp-json\/wp\/v2\/media\/857"}],"wp:attachment":[{"href":"https:\/\/keweicorten.com\/de\/wp-json\/wp\/v2\/media?parent=958"}],"wp:term":[{"taxonomy":"product_brand","embeddable":true,"href":"https:\/\/keweicorten.com\/de\/wp-json\/wp\/v2\/product_brand?post=958"},{"taxonomy":"product_cat","embeddable":true,"href":"https:\/\/keweicorten.com\/de\/wp-json\/wp\/v2\/product_cat?post=958"},{"taxonomy":"product_tag","embeddable":true,"href":"https:\/\/keweicorten.com\/de\/wp-json\/wp\/v2\/product_tag?post=958"}],"curies":[{"name":"wp","href":"https:\/\/api.w.org\/{rel}","templated":true}]}}