{"id":988,"date":"2024-09-10T03:07:13","date_gmt":"2024-09-10T03:07:13","guid":{"rendered":"https:\/\/keweicorten.com\/?post_type=product&#038;p=988"},"modified":"2024-09-10T03:07:22","modified_gmt":"2024-09-10T03:07:22","slug":"bank-aus-cortenstahl","status":"publish","type":"product","link":"https:\/\/keweicorten.com\/de\/bank-aus-cortenstahl\/","title":{"rendered":"Bank aus Cortenstahl"},"content":{"rendered":"<h3>Warum korrodierter Stahl das ideale Material f\u00fcr eine Bank aus Cortenstahl sein sollte\uff1a<\/h3>\n<p>Entdecken Sie Sitzb\u00e4nke aus Cortenstahl, die modernes Design mit hervorragender Haltbarkeit f\u00fcr alle Arten von Au\u00dfenbereichen kombinieren, um die Qualit\u00e4t und den Komfort Ihres Freizeitraums zu verbessern.<\/p>\n<figure style=\"width: 750px\" class=\"wp-caption alignnone\"><a href=\"https:\/\/keweicorten.com\/de\/kontaktieren-sie-uns\/\"><img fetchpriority=\"high\" decoding=\"async\" title=\"Wetterfeste Stahlbank f\u00fcr den Au\u00dfenbereich\" src=\"https:\/\/sc04.alicdn.com\/kf\/A4a230982885047639f8ccbda507af4993\/276435419\/A4a230982885047639f8ccbda507af4993.jpg\" alt=\"\" width=\"750\" height=\"454\" \/><\/a><figcaption class=\"wp-caption-text\">Outdoor-Bank aus verwittertem Stahl, langlebig und stilvoll,<\/figcaption><\/figure>\n<p>Es gibt mehrere Gr\u00fcnde, korrodierten Stahl als ideales Material f\u00fcr eine Cortenbank zu verwenden:<\/p>\n<p>1. Witterungsbest\u00e4ndigkeit<\/p>\n<p>2. \u00c4sthetik<\/p>\n<p>3. Festigkeit und Haltbarkeit<\/p>\n<p>4. Niedrige Wartungskosten<\/p>\n<p>5. Schutz der Umwelt<\/p>\n<p>6. Starke Anpassungsf\u00e4higkeit<\/p>\n<p><img decoding=\"async\" title=\"Cortenb\u00e4nke\" src=\"https:\/\/www.keweistove.com\/uploads\/39684\/products\/p20240305105535578e4.png\" alt=\"Produkt-751-313\" width=\"751\" height=\"313\" \/><\/p>\n<h3>Die \u00f6kologischen Vorteile von B\u00e4nken aus wetterfestem Stahl f\u00fcr den Au\u00dfenbereich spiegeln sich vor allem in den folgenden Aspekten wider:<\/h3>\n<p>1.  Recycelbarkeit: Wetterfester Stahl ist ein recycelbares Material, das nach der Verwendung recycelt und wiederaufbereitet werden kann, wodurch die Ressourcenverschwendung reduziert und der Grundsatz der nachhaltigen Entwicklung eingehalten wird.<\/p>\n<p>2.  Energiearme Produktion: Im Vergleich zu einigen anderen Materialien verbraucht der Produktionsprozess von wetterfestem Stahl im Allgemeinen weniger Energie.<\/p>\n<p>3. Lange Lebensdauer: Wetterfester Stahl hat eine ausgezeichnete Korrosionsbest\u00e4ndigkeit und Festigkeit.<\/p>\n<p>4.  Geringerer Wartungsaufwand: B\u00e4nke aus wetterfestem Stahl f\u00fcr den Au\u00dfenbereich erfordern in der Regel weniger Wartung und Instandhaltung, wodurch der Einsatz von chemischen Reinigungs- und Konservierungsmitteln reduziert und eine Verschmutzung der Umwelt vermieden wird.<\/p>\n<p>5. nat\u00fcrliche Integration: Die korrodierte Oberfl\u00e4che des verwitterten Stahls kann harmonisch in die nat\u00fcrliche Umgebung integriert werden, was die Sch\u00f6nheit der st\u00e4dtischen Landschaft erh\u00f6ht und die Verbindung zwischen den Menschen und der nat\u00fcrlichen Umwelt f\u00f6rdert.<\/p>\n<p>6.  Umweltfreundlich: Die Verwendung von wetterfestem Stahl tr\u00e4gt dazu bei, einen freundlichen \u00f6ffentlichen Raum zu schaffen, die Harmonie zwischen Mensch und Natur zu f\u00f6rdern und die sozialen \u00f6ffentlichen Interessen zu st\u00e4rken.<\/p>","protected":false},"excerpt":{"rendered":"<p>Die Outdoor-Bank aus witterungsbest\u00e4ndigem Stahl ist sowohl langlebig als auch stilvoll und eignet sich f\u00fcr eine Vielzahl von Outdoor-Umgebungen und bietet einen idealen Ort f\u00fcr die Freizeitgestaltung.<\/p>","protected":false},"featured_media":989,"comment_status":"open","ping_status":"closed","template":"","meta":{"_eb_attr":"","_monsterinsights_skip_tracking":false,"_monsterinsights_sitenote_active":false,"_monsterinsights_sitenote_note":"","_monsterinsights_sitenote_category":0,"_uf_show_specific_survey":0,"_uf_disable_surveys":false},"product_brand":[],"product_cat":[23],"product_tag":[],"class_list":{"0":"post-988","1":"product","2":"type-product","3":"status-publish","4":"has-post-thumbnail","6":"product_cat-patio-furniture","8":"first","9":"instock","10":"shipping-taxable","11":"product-type-simple"},"_links":{"self":[{"href":"https:\/\/keweicorten.com\/de\/wp-json\/wp\/v2\/product\/988"}],"collection":[{"href":"https:\/\/keweicorten.com\/de\/wp-json\/wp\/v2\/product"}],"about":[{"href":"https:\/\/keweicorten.com\/de\/wp-json\/wp\/v2\/types\/product"}],"replies":[{"embeddable":true,"href":"https:\/\/keweicorten.com\/de\/wp-json\/wp\/v2\/comments?post=988"}],"version-history":[{"count":1,"href":"https:\/\/keweicorten.com\/de\/wp-json\/wp\/v2\/product\/988\/revisions"}],"predecessor-version":[{"id":994,"href":"https:\/\/keweicorten.com\/de\/wp-json\/wp\/v2\/product\/988\/revisions\/994"}],"wp:featuredmedia":[{"embeddable":true,"href":"https:\/\/keweicorten.com\/de\/wp-json\/wp\/v2\/media\/989"}],"wp:attachment":[{"href":"https:\/\/keweicorten.com\/de\/wp-json\/wp\/v2\/media?parent=988"}],"wp:term":[{"taxonomy":"product_brand","embeddable":true,"href":"https:\/\/keweicorten.com\/de\/wp-json\/wp\/v2\/product_brand?post=988"},{"taxonomy":"product_cat","embeddable":true,"href":"https:\/\/keweicorten.com\/de\/wp-json\/wp\/v2\/product_cat?post=988"},{"taxonomy":"product_tag","embeddable":true,"href":"https:\/\/keweicorten.com\/de\/wp-json\/wp\/v2\/product_tag?post=988"}],"curies":[{"name":"wp","href":"https:\/\/api.w.org\/{rel}","templated":true}]}}