{"id":1105,"date":"2024-09-11T06:42:20","date_gmt":"2024-09-11T06:42:20","guid":{"rendered":"https:\/\/keweicorten.com\/?post_type=product&#038;p=1105"},"modified":"2025-01-15T06:18:22","modified_gmt":"2025-01-15T06:18:22","slug":"gartendekor","status":"publish","type":"product","link":"https:\/\/keweicorten.com\/de_ch_informal\/gartendekor\/","title":{"rendered":"Gartenornamente und Statuen"},"content":{"rendered":"<h2>So w\u00e4hlst du die richtige Verwitterungsstahlskulptur f\u00fcr deinen Garten\uff1f<\/h2>\n<p>Ber\u00fccksichtige den Stil des Gartens<\/p>\n<p>Ber\u00fccksichtige zun\u00e4chst den Stil des Gartens. Verschiedene Gartenstile brauchen unterschiedliche Skulpturen, um sie zu schm\u00fccken. Europ\u00e4ische G\u00e4rten eignen sich zum Beispiel f\u00fcr gro\u00dfe und komplexe Skulpturen, w\u00e4hrend japanische G\u00e4rten eher f\u00fcr einfache und schlichte Skulpturen geeignet sind. Wenn du eine Skulptur aus verwittertem Stahl ausw\u00e4hlst, musst du dich daher nach dem Stil des Gartens richten.<\/p>\n<p>Ber\u00fccksichtige die Form und Gr\u00f6\u00dfe der Gartenornamente und Statuen<\/p>\n<p>Es ist auch sehr wichtig, die Form und Gr\u00f6\u00dfe der Skulptur zu w\u00e4hlen. Je nach Gr\u00f6\u00dfe und Muster des Gartens werden unterschiedliche Formen und Gr\u00f6\u00dfen der Skulpturen ausgew\u00e4hlt. Kleine G\u00e4rten eignen sich zum Beispiel f\u00fcr kleine Skulpturen, w\u00e4hrend gro\u00dfe G\u00e4rten gr\u00f6\u00dfere Skulpturen w\u00e4hlen k\u00f6nnen.<\/p>\n<p>Ber\u00fccksichtige das Material der Gartenornamente und Statuen<\/p>\n<p>Verwitternde Stahlskulpturen sind ein sehr langlebiges Material und k\u00f6nnen sowohl im Innen- als auch im Au\u00dfenbereich verwendet werden. Bei der Auswahl einer Skulptur muss jedoch auch der jeweilige Verwendungszweck ber\u00fccksichtigt werden. Wenn die Skulptur im Freien verwendet wird, m\u00fcssen Materialien gew\u00e4hlt werden, die sich thermisch ausdehnen und zusammenziehen k\u00f6nnen, die wind- und wetterfest sind und die eine gute Korrosionsbest\u00e4ndigkeit aufweisen. Wetterfester Stahl ist das ideale Material mit diesen Eigenschaften.<\/p>\n<p>Ber\u00fccksichtige die Farbe der Skulptur<\/p>\n<p>Verwitternde Stahlskulpturen sind in der Regel grau, k\u00f6nnen aber nach Bedarf behandelt werden, z. B. durch Bemalen, um ihnen verschiedene Farben und Effekte zu verleihen. Achte bei der Auswahl einer Skulptur darauf, ob ihre Farbe zum allgemeinen Farbstil des Gartens passen kann.<\/p>\n<p>\u00dcberlege dir das Thema deiner Skulptur<\/p>\n<p>Du musst auch das Thema der Skulptur nach deinen eigenen Vorlieben und Bed\u00fcrfnissen ausw\u00e4hlen. Wer zum Beispiel die Natur liebt, kann Skulpturen von Pflanzen oder Tieren w\u00e4hlen, w\u00e4hrend diejenigen, die moderne Stile m\u00f6gen, abstrakte Skulpturen w\u00e4hlen k\u00f6nnen und so weiter.<\/p>\n<div style=\"width: 800px;\" class=\"wp-video\"><!--[if lt IE 9]><script>document.createElement('video');<\/script><![endif]-->\n<video class=\"wp-video-shortcode\" id=\"video-1105-1\" width=\"800\" height=\"450\" poster=\"https:\/\/keweicorten.com\/wp-content\/uploads\/2024\/09\/\u5fae\u4fe1\u56fe\u7247_20231019115916.jpg\" autoplay=\"1\" preload=\"metadata\" controls=\"controls\"><source type=\"video\/mp4\" src=\"https:\/\/keweicorten.com\/wp-content\/uploads\/2024\/09\/\u89c6\u989121min.mp4?_=1\" \/><a href=\"https:\/\/keweicorten.com\/wp-content\/uploads\/2024\/09\/\u89c6\u989121min.mp4\">https:\/\/keweicorten.com\/wp-content\/uploads\/2024\/09\/\u89c6\u989121min.mp4<\/a><\/video><\/div>\n<h2>Die Gartenskulptur aus verwitterndem Stahl hat die folgenden Eigenschaften:<\/h2>\n<p>Starke Haltbarkeit: Witterungsbest\u00e4ndiger Stahl mit spezieller Behandlung kann der Erosion durch verschiedene raue Klimabedingungen lange widerstehen und einen l\u00e4ngeren Reflexionseffekt beibehalten, so dass die Gartenskulptur in der Au\u00dfenumgebung nicht so leicht besch\u00e4digt werden kann und eine lange Nutzungsdauer hat.<\/p>\n<p>Starke Korrosionsschutzf\u00e4higkeit: Die Gartenskulptur aus wetterfestem Stahl besteht aus speziellen synthetischen Materialien, die stark korrosionsbest\u00e4ndig sind und von \u00e4u\u00dferen Faktoren wie Regen, Sonnenschein, Sand und Salznebel nicht beeintr\u00e4chtigt werden, um einen wirksamen Schutz im Freien zu gew\u00e4hrleisten.<\/p>\n<p>Hohe \u00c4sthetik: Die Gartenskulptur aus verwitterndem Stahl ist mit fortschrittlicher Technologie ausgestattet und kann je nach Kultur und Charakteristik von The Times geformt werden. Sie hat verschiedene Formen, ein sch\u00f6nes Aussehen und einzigartige Eigenschaften und ist zu einer sch\u00f6nen Landschaft in der Gartenumgebung geworden.<\/p>\n<p>Satte Farben: Die Materialien f\u00fcr die Herstellung von Gartenskulpturen aus verwittertem Stahl k\u00f6nnen nicht nur nat\u00fcrliche Farben aufweisen, sondern auch bemalt werden, um bunte Formen zu schaffen, die das Bild von st\u00e4dtischen G\u00e4rten bereichern und voller Vitalit\u00e4t sind.<\/p>\n<figure style=\"width: 602px\" class=\"wp-caption aligncenter\"><a href=\"https:\/\/keweicorten.com\/de_ch_informal\/kontaktiere-uns\/\"><img fetchpriority=\"high\" decoding=\"async\" title=\"Gartenornamente und Statuen\" src=\"https:\/\/www.keweistove.com\/uploads\/39684\/garden-ornaments-and-statues02482.jpg\" alt=\"Gartenornamente und Statuen\" width=\"602\" height=\"602\" \/><\/a><figcaption class=\"wp-caption-text\">Gartenornamente und Statuen<\/figcaption><\/figure>\n<p><img decoding=\"async\" class=\"aligncenter\" src=\"https:\/\/www.keweistove.com\/Content\/uploads\/2023970354\/202307121511574ab65c7ec9ae440c88788f735e2204f7.jpg\" alt=\"Produkt-750-750\" width=\"626\" height=\"626\" \/><\/p>\n<div class=\"text\">Diese Skulptur aus Cortenstahl wird ein attraktives Element in deinem Garten sein. Dieses Kunstwerk aus rostfreiem Stahl kann in verschiedenen Gr\u00f6\u00dfen angepasst werden. Wenn du diese Skulptur aus Cortenstahl im Freien aufstellst, wird sie zu einem auff\u00e4lligen Blickfang.<\/div>\n<div class=\"text\">Die Skulpturen f\u00fcr die Gartendekoration k\u00f6nnen je nach Bedarf angepasst werden. Designer k\u00f6nnen auf der Grundlage der Bed\u00fcrfnisse der Kunden und der Umgebung geeignete Skulpturen entwerfen und entwickeln, so dass sie den \u00e4sthetischen Vorstellungen und Lebensgewohnheiten der modernen Menschen besser entsprechen. Ma\u00dfgefertigte Skulpturen k\u00f6nnen die Professionalit\u00e4t und Regelm\u00e4\u00dfigkeit der Kunden widerspiegeln und machen sie im Raum einzigartig.<\/div>","protected":false},"excerpt":{"rendered":"<p>Auf unserer Website findest du exquisite Gartendekorationen und Statuen, die deinen Au\u00dfenbereich perfekt erg\u00e4nzen. Eine Vielzahl von Optionen, die die Bed\u00fcrfnisse jedes Gartenliebhabers erf\u00fcllen<\/p>","protected":false},"featured_media":1108,"comment_status":"open","ping_status":"closed","template":"","meta":{"_eb_attr":"","_monsterinsights_skip_tracking":false,"_monsterinsights_sitenote_active":false,"_monsterinsights_sitenote_note":"","_monsterinsights_sitenote_category":0,"_uf_show_specific_survey":0,"_uf_disable_surveys":false},"product_brand":[],"product_cat":[62],"product_tag":[],"class_list":{"0":"post-1105","1":"product","2":"type-product","3":"status-publish","4":"has-post-thumbnail","6":"product_cat-corten-sculpture","8":"first","9":"instock","10":"shipping-taxable","11":"product-type-simple"},"_links":{"self":[{"href":"https:\/\/keweicorten.com\/de_ch_informal\/wp-json\/wp\/v2\/product\/1105"}],"collection":[{"href":"https:\/\/keweicorten.com\/de_ch_informal\/wp-json\/wp\/v2\/product"}],"about":[{"href":"https:\/\/keweicorten.com\/de_ch_informal\/wp-json\/wp\/v2\/types\/product"}],"replies":[{"embeddable":true,"href":"https:\/\/keweicorten.com\/de_ch_informal\/wp-json\/wp\/v2\/comments?post=1105"}],"version-history":[{"count":1,"href":"https:\/\/keweicorten.com\/de_ch_informal\/wp-json\/wp\/v2\/product\/1105\/revisions"}],"predecessor-version":[{"id":1109,"href":"https:\/\/keweicorten.com\/de_ch_informal\/wp-json\/wp\/v2\/product\/1105\/revisions\/1109"}],"wp:featuredmedia":[{"embeddable":true,"href":"https:\/\/keweicorten.com\/de_ch_informal\/wp-json\/wp\/v2\/media\/1108"}],"wp:attachment":[{"href":"https:\/\/keweicorten.com\/de_ch_informal\/wp-json\/wp\/v2\/media?parent=1105"}],"wp:term":[{"taxonomy":"product_brand","embeddable":true,"href":"https:\/\/keweicorten.com\/de_ch_informal\/wp-json\/wp\/v2\/product_brand?post=1105"},{"taxonomy":"product_cat","embeddable":true,"href":"https:\/\/keweicorten.com\/de_ch_informal\/wp-json\/wp\/v2\/product_cat?post=1105"},{"taxonomy":"product_tag","embeddable":true,"href":"https:\/\/keweicorten.com\/de_ch_informal\/wp-json\/wp\/v2\/product_tag?post=1105"}],"curies":[{"name":"wp","href":"https:\/\/api.w.org\/{rel}","templated":true}]}}