{"id":1121,"date":"2024-09-11T09:07:08","date_gmt":"2024-09-11T09:07:08","guid":{"rendered":"https:\/\/keweicorten.com\/?post_type=product&#038;p=1121"},"modified":"2025-01-15T06:15:52","modified_gmt":"2025-01-15T06:15:52","slug":"stahlkamin","status":"publish","type":"product","link":"https:\/\/keweicorten.com\/de_ch_informal\/stahlkamin\/","title":{"rendered":"Stahlkamin"},"content":{"rendered":"<h2>Vorteile einer Feuerstelle aus Stahl:<\/h2>\n<p>Langlebigkeit: Stahl ist sehr robust und kann hohen Temperaturen und langfristigem Gebrauch standhalten. Er wird nicht so leicht besch\u00e4digt oder verformt wie andere Materialien.<\/p>\n<p>Schnelles Aufheizen: Die W\u00e4rmeleitf\u00e4higkeit von Stahl ist gut, und die Feuerstelle kann schnell eine hohe Temperatur erreichen, wodurch du einen effizienteren Heizeffekt erzielst.<\/p>\n<p>Geringer Wartungsaufwand: Die Oberfl\u00e4che einer Feuerstelle aus Stahl ist in der Regel leichter zu reinigen und es sammelt sich nicht so leicht Asche oder Schmutz an.<\/p>\n<p>Witterungsbest\u00e4ndigkeit: Hochwertiger Stahl hat in der Regel eine gute Korrosionsbest\u00e4ndigkeit, insbesondere beschichteter oder behandelter Stahl, der den Witterungseinfl\u00fcssen widerstehen kann.<\/p>\n<p>Designflexibilit\u00e4t: Feuerstellen aus Stahl k\u00f6nnen in einer Vielzahl von Formen und Stilen gestaltet werden, um verschiedenen dekorativen Bed\u00fcrfnissen und pers\u00f6nlichen Vorlieben gerecht zu werden.<\/p>\n<p>Sicherheit: Durch die Festigkeit und Stabilit\u00e4t des Stahls ist es weniger wahrscheinlich, dass die Feuerstelle w\u00e4hrend des Gebrauchs umkippt oder zerbricht, was die Nutzungssicherheit erh\u00f6ht.<\/p>\n<p>Wirtschaftlichkeit: Im Vergleich zu anderen Materialien ist Stahl in der Regel g\u00fcnstiger, so dass Feuerstellen aus Stahl oft kosteng\u00fcnstiger sind.<\/p>\n<table style=\"height: 286px;\" width=\"943\">\n<tbody>\n<tr>\n<td colspan=\"1\" rowspan=\"1\">\n<div><span data-spm-anchor-id=\"a2700.details.0.i40.21cc481046iNBp\">Produktname<\/span><\/div>\n<\/td>\n<td colspan=\"1\" rowspan=\"1\">\n<div>Outdoor Runde Feuerschale Holz Corten Stahl Outdoor Feuerstelle<\/div>\n<\/td>\n<\/tr>\n<tr>\n<td colspan=\"1\" rowspan=\"1\">\n<div>Markenname<\/div>\n<\/td>\n<td colspan=\"1\" rowspan=\"1\">\n<div>SHKW<\/div>\n<\/td>\n<\/tr>\n<tr>\n<td colspan=\"1\" rowspan=\"1\">\n<div>Modellnummer<\/div>\n<\/td>\n<td colspan=\"1\" rowspan=\"1\">\n<div>SHKW-FP-1<\/div>\n<\/td>\n<\/tr>\n<tr>\n<td colspan=\"1\" rowspan=\"1\">\n<div>Material<\/div>\n<\/td>\n<td colspan=\"1\" rowspan=\"1\">\n<div>Cortenstahl \/ Wetterfester Stahl<\/div>\n<\/td>\n<\/tr>\n<tr>\n<td colspan=\"1\" rowspan=\"1\">\n<div>Gr\u00f6\u00dfe<\/div>\n<\/td>\n<td colspan=\"1\" rowspan=\"1\">\n<div>Durchmesser: 600mm\/800mm<\/div>\n<\/td>\n<\/tr>\n<tr>\n<td colspan=\"1\" rowspan=\"1\">\n<div>Dicke<\/div>\n<\/td>\n<td colspan=\"1\" rowspan=\"1\">\n<div>2mm,3mm<\/div>\n<\/td>\n<\/tr>\n<tr>\n<td colspan=\"1\" rowspan=\"1\">\n<div>Paket<\/div>\n<\/td>\n<td colspan=\"1\" rowspan=\"1\">\n<div>Innen: Anti-Verschlei\u00df-Schaumstoffpapier Au\u00dfen: Sperrholzkiste<\/div>\n<\/td>\n<\/tr>\n<tr>\n<td colspan=\"1\" rowspan=\"1\">\n<div>Oberfl\u00e4chenbehandlung<\/div>\n<\/td>\n<td colspan=\"1\" rowspan=\"1\">\n<div>Vorgerostet, kann angepasst werden<\/div>\n<\/td>\n<\/tr>\n<tr>\n<td colspan=\"1\" rowspan=\"1\">\n<div>MOQ<\/div>\n<\/td>\n<td colspan=\"1\" rowspan=\"1\">\n<div>10 St\u00fcck<\/div>\n<\/td>\n<\/tr>\n<\/tbody>\n<\/table>\n<figure style=\"width: 525px\" class=\"wp-caption alignnone\"><a href=\"https:\/\/keweicorten.com\/de_ch_informal\/kontaktiere-uns\/\"><img fetchpriority=\"high\" decoding=\"async\" class=\"\" title=\"frrepits\" src=\"https:\/\/sc04.alicdn.com\/kf\/H227635724f8b49b9bcb03865b8a626a2Q\/238887437\/H227635724f8b49b9bcb03865b8a626a2Q.png\" alt=\"frrepits\" width=\"525\" height=\"492\" \/><\/a><figcaption class=\"wp-caption-text\">frrepits<\/figcaption><\/figure>\n<figure style=\"width: 524px\" class=\"wp-caption alignnone\"><a href=\"https:\/\/keweicorten.com\/de_ch_informal\"><img decoding=\"async\" class=\"\" title=\"frrepits\" src=\"https:\/\/sc04.alicdn.com\/kf\/H02bda928a986446fbb5638e5ae0f5b89u\/238887437\/H02bda928a986446fbb5638e5ae0f5b89u.png\" alt=\"frrepits\" width=\"524\" height=\"524\" \/><\/a><figcaption class=\"wp-caption-text\">frrepits<\/figcaption><\/figure>\n<p>Wir bieten Vorteile:<\/p>\n<p><span data-spm-anchor-id=\"a2700.details.0.i38.d01b235dvPHBfu\">1. <\/span><strong>Material:<\/strong>\u00a0Gusseisen, Kohlenstoffstahl, Baustahl, Cortenstahl, rostfreier Stahl;<\/p>\n<p>2. <strong>Prozess:<\/strong>\u00a0Stanzen &amp; Ziehen - Schwei\u00dfen - Lackieren - Inspektion - Verpacken;;<\/p>\n<p>3.\u00a0<strong>Ende:<\/strong>\u00a0Pulverbeschichtung, Hochtemperaturfarbe, etc...;<\/p>\n<p>4.\u00a0<strong>Gr\u00f6\u00dfe:<\/strong>\u00a0600mm - 1500mm;<\/p>\n<p>5. Jahrelange Erfahrung in\u00a0<strong>Herstellung und Export<\/strong>.<\/p>\n<p>6. Alle Arten von Feuerstellen k\u00f6nnen hergestellt werden\u00a0<strong>entsprechend den Anforderungen des Kunden<\/strong>Zeichnung, Entwurf oder Muster;<\/p>\n<p>7. Der koordinierte Service (Ziehen, Schwei\u00dfen und Oberfl\u00e4chenbehandlung) macht\u00a0<strong>niedrigerer Preis\u00a0<\/strong>m\u00f6glich;<\/p>\n<p>8.\u00a0<strong>Starkes Ingenieurteam\u00a0<\/strong>macht hohe Qualit\u00e4t;<\/p>\n<p>9. Vollst\u00e4ndiger Materialpr\u00fcfungsprozess und\u00a0<strong>Qualit\u00e4tskontrolle\u00a0<\/strong>System;<\/p>\n<p>10.\u00a0<strong>P\u00fcnktlich\u00a0<\/strong>Lieferung;<\/p>\n<p>11. <strong>OEM\u00a0<\/strong>;<\/p>\n<figure id=\"attachment_1125\" aria-describedby=\"caption-attachment-1125\" style=\"width: 471px\" class=\"wp-caption alignnone\"><a href=\"https:\/\/keweicorten.com\/de_ch_informal\/kontaktiere-uns\/\"><img decoding=\"async\" class=\"wp-image-1125\" title=\"Corten-Kamin\" src=\"https:\/\/keweicorten.com\/wp-content\/uploads\/2024\/09\/23-300x300.jpg\" alt=\"Corten-Kamin\" width=\"471\" height=\"471\" srcset=\"https:\/\/keweicorten.com\/wp-content\/uploads\/2024\/09\/23-300x300.jpg 300w, https:\/\/keweicorten.com\/wp-content\/uploads\/2024\/09\/23-150x150.jpg 150w, https:\/\/keweicorten.com\/wp-content\/uploads\/2024\/09\/23-12x12.jpg 12w, https:\/\/keweicorten.com\/wp-content\/uploads\/2024\/09\/23-600x600.jpg 600w, https:\/\/keweicorten.com\/wp-content\/uploads\/2024\/09\/23-100x100.jpg 100w, https:\/\/keweicorten.com\/wp-content\/uploads\/2024\/09\/23.jpg 750w\" sizes=\"(max-width: 471px) 100vw, 471px\" \/><\/a><figcaption id=\"caption-attachment-1125\" class=\"wp-caption-text\">Corten-Kamin<\/figcaption><\/figure>\n<h3><span style=\"color: #000000;\">FAQ<\/span><\/h3>\n<p>F: Sind Sie ein Handelsunternehmen oder ein Hersteller?<\/p>\n<p>A: Wir sind eine Fabrik.<\/p>\n<p>&nbsp;<\/p>\n<p>F: Wie lange ist deine Lieferzeit?<br \/>\nA: In der Regel sind es 5-10 Tage, je nach Menge.<\/p>\n<p>&nbsp;<\/p>\n<p>F: Bieten Sie Muster an? Ist das kostenlos oder extra?<\/p>\n<p>A: Ja, wir k\u00f6nnen das Muster anbieten.<\/p>\n<p>&nbsp;<\/p>\n<p>F: Wie lauten deine Zahlungsbedingungen?<br \/>\nA:Payment=1000USD,30% T\/T in advance .balance before shippment.<\/p>\n<p>Wenn du eine andere Frage hast, kannst du sie hier kl\u00e4ren. Wir sind sicher, dass wir jede deiner Fragen sofort beantworten werden!<\/p>","protected":false},"excerpt":{"rendered":"<p>Unsere Feuerstellen aus Stahl vereinen Haltbarkeit und Sch\u00f6nheit f\u00fcr jede Gelegenheit im Freien. Mach deine Nacht noch w\u00e4rmer und genie\u00dfe den Charme des Feuers.<\/p>","protected":false},"featured_media":1128,"comment_status":"open","ping_status":"closed","template":"","meta":{"_eb_attr":"","_monsterinsights_skip_tracking":false,"_monsterinsights_sitenote_active":false,"_monsterinsights_sitenote_note":"","_monsterinsights_sitenote_category":0,"_uf_show_specific_survey":0,"_uf_disable_surveys":false},"product_brand":[],"product_cat":[54],"product_tag":[],"class_list":{"0":"post-1121","1":"product","2":"type-product","3":"status-publish","4":"has-post-thumbnail","6":"product_cat-wood-fire-pit","8":"first","9":"instock","10":"shipping-taxable","11":"product-type-simple"},"_links":{"self":[{"href":"https:\/\/keweicorten.com\/de_ch_informal\/wp-json\/wp\/v2\/product\/1121"}],"collection":[{"href":"https:\/\/keweicorten.com\/de_ch_informal\/wp-json\/wp\/v2\/product"}],"about":[{"href":"https:\/\/keweicorten.com\/de_ch_informal\/wp-json\/wp\/v2\/types\/product"}],"replies":[{"embeddable":true,"href":"https:\/\/keweicorten.com\/de_ch_informal\/wp-json\/wp\/v2\/comments?post=1121"}],"version-history":[{"count":1,"href":"https:\/\/keweicorten.com\/de_ch_informal\/wp-json\/wp\/v2\/product\/1121\/revisions"}],"predecessor-version":[{"id":1127,"href":"https:\/\/keweicorten.com\/de_ch_informal\/wp-json\/wp\/v2\/product\/1121\/revisions\/1127"}],"wp:featuredmedia":[{"embeddable":true,"href":"https:\/\/keweicorten.com\/de_ch_informal\/wp-json\/wp\/v2\/media\/1128"}],"wp:attachment":[{"href":"https:\/\/keweicorten.com\/de_ch_informal\/wp-json\/wp\/v2\/media?parent=1121"}],"wp:term":[{"taxonomy":"product_brand","embeddable":true,"href":"https:\/\/keweicorten.com\/de_ch_informal\/wp-json\/wp\/v2\/product_brand?post=1121"},{"taxonomy":"product_cat","embeddable":true,"href":"https:\/\/keweicorten.com\/de_ch_informal\/wp-json\/wp\/v2\/product_cat?post=1121"},{"taxonomy":"product_tag","embeddable":true,"href":"https:\/\/keweicorten.com\/de_ch_informal\/wp-json\/wp\/v2\/product_tag?post=1121"}],"curies":[{"name":"wp","href":"https:\/\/api.w.org\/{rel}","templated":true}]}}