{"id":1159,"date":"2024-09-12T08:59:48","date_gmt":"2024-09-12T08:59:48","guid":{"rendered":"https:\/\/keweicorten.com\/?post_type=product&#038;p=1159"},"modified":"2025-01-15T06:27:40","modified_gmt":"2025-01-15T06:27:40","slug":"feuerschale-aus-cortenstahl","status":"publish","type":"product","link":"https:\/\/keweicorten.com\/de_ch_informal\/feuerschale-aus-cortenstahl\/","title":{"rendered":"Feuerschale aus Cortenstahl"},"content":{"rendered":"<h2><strong>Vorteile einer Feuerschale aus Cortenstahl<\/strong><\/h2>\n<ol>\n<li><strong>Langlebigkeit<\/strong>: Cortenstahl ist \u00e4u\u00dferst langlebig und korrosionsbest\u00e4ndig, da er eine sch\u00fctzende Rostschicht bildet. Diese Patina sch\u00fctzt den Stahl vor weiteren Witterungssch\u00e4den, so dass die Feuerschale rauen Wetterbedingungen standhalten kann, ohne Schaden zu nehmen.<\/li>\n<li><strong>\u00c4sthetische Anziehungskraft<\/strong>: Die satten, erdigen T\u00f6ne der rostigen Oberfl\u00e4che sorgen f\u00fcr ein warmes, rustikales Aussehen, das sich gut in die nat\u00fcrliche Umgebung einf\u00fcgt. Mit der Zeit bekommt die Feuerschale ein reiferes und strukturierteres Aussehen und wird so zu einem Blickfang in G\u00e4rten, auf Terrassen oder Terrassen.<\/li>\n<li><strong>Geringe Wartung<\/strong>: Im Gegensatz zu normalen Feuerstellen aus Stahl, die h\u00e4ufig neu gestrichen oder gegen Korrosion behandelt werden m\u00fcssen, sind Corten-Feuerschalen praktisch wartungsfrei. Die Rostschicht dient als Schutz und reduziert den Wartungsbedarf.<\/li>\n<li><strong>Hitzebest\u00e4ndigkeit<\/strong>: Cortenstahl hat eine hervorragende Hitzebest\u00e4ndigkeit und ist daher ideal f\u00fcr Feuerstellen. Er h\u00e4lt hohen Temperaturen stand, ohne sich zu verformen oder Risse zu bekommen, und ist somit langfristig einsetzbar.<\/li>\n<li><strong>Nachhaltigkeit<\/strong>: Corten-Feuerschalen sind umweltfreundlich, da sie aus recycelbarem Stahl hergestellt werden und eine lange Lebensdauer haben, wodurch weniger Abfall anf\u00e4llt und weniger Ersatz ben\u00f6tigt wird.<\/li>\n<\/ol>\n<figure style=\"width: 750px\" class=\"wp-caption alignnone\"><a href=\"https:\/\/keweicorten.com\/de_ch_informal\/kontaktiere-uns\/\"><img fetchpriority=\"high\" decoding=\"async\" title=\"Corten-Feuerstelle\" src=\"http:\/\/sc04.alicdn.com\/kf\/H77c1eb0f864d442bafb1efb104310746P\/252624420\/H77c1eb0f864d442bafb1efb104310746P.jpg\" alt=\"Corten-Feuerstelle\" width=\"750\" height=\"321\" \/><\/a><figcaption class=\"wp-caption-text\">Corten-Feuerstelle<\/figcaption><\/figure>\n<h2><strong>Anwendungen einer Corten-Feuerschale<\/strong><\/h2>\n<ol>\n<li><strong>Feuerstellen f\u00fcr drau\u00dfen<\/strong>: Feuerschalen aus Corten eignen sich perfekt f\u00fcr den Au\u00dfenbereich und bieten W\u00e4rme und einen Treffpunkt f\u00fcr Freunde und Familie. Ihr zeitloses Design passt zu modernen, rustikalen und industriell gepr\u00e4gten Landschaften.<\/li>\n<li><strong>Garten- oder Terrassendekoration<\/strong>: Diese Feuerschalen k\u00f6nnen auch bei Nichtgebrauch als dekorative Elemente verwendet werden. Ihr nat\u00fcrliches, rostiges Aussehen verleiht G\u00e4rten, Terrassen oder H\u00f6fen Charakter und dient sowohl als funktionales als auch als \u00e4sthetisches Element.<\/li>\n<li><strong>Gewerbliche R\u00e4ume<\/strong>: Corten-Feuerschalen werden auch in gewerblichen R\u00e4umen wie Restaurants, Hotels und \u00f6ffentlichen Parks verwendet. Dank ihrer auff\u00e4lligen Optik und ihrer Langlebigkeit eignen sie sich f\u00fcr die Gestaltung von Feuerstellen im Freien.<\/li>\n<\/ol>\n<figure style=\"width: 743px\" class=\"wp-caption alignnone\"><a href=\"https:\/\/keweicorten.com\/de_ch_informal\"><img decoding=\"async\" title=\"Feuersch\u00fcssel aus Cortenstahl\" src=\"https:\/\/sc04.alicdn.com\/kf\/H14ba7ae6c2fc4278a692757a35209734O\/268101461\/H14ba7ae6c2fc4278a692757a35209734O.jpg\" alt=\"Feuersch\u00fcssel aus Cortenstahl\" width=\"743\" height=\"507\" \/><\/a><figcaption class=\"wp-caption-text\">Feuersch\u00fcssel aus Cortenstahl<\/figcaption><\/figure>\n<h2><strong>Pflege und Wartung<\/strong><\/h2>\n<p>Corten-Feuerschalen sind zwar wartungsarm, aber es ist wichtig, dass sie:<\/p>\n<ul>\n<li>Stelle sie an einen gut bel\u00fcfteten Ort, damit sich die Patina gleichm\u00e4\u00dfig entwickeln kann.<\/li>\n<li>Vermeide es, die Sch\u00fcssel mit scharfen Chemikalien zu reinigen, da dies die sch\u00fctzende Rostschicht besch\u00e4digen kann.<\/li>\n<li>Entferne regelm\u00e4\u00dfig Asche und R\u00fcckst\u00e4nde, um Ablagerungen zu vermeiden und den Luftstrom w\u00e4hrend der Nutzung zu verbessern.<\/li>\n<\/ul>","protected":false},"excerpt":{"rendered":"<p>Eine Feuerstelle ist eine sichere und solide M\u00f6glichkeit, das rustikale Gef\u00fchl eines Lagerfeuers in deinen Garten, auf deine Terrasse oder deinen Hof zu bringen.<\/p>","protected":false},"featured_media":1160,"comment_status":"open","ping_status":"closed","template":"","meta":{"_eb_attr":"","_monsterinsights_skip_tracking":false,"_monsterinsights_sitenote_active":false,"_monsterinsights_sitenote_note":"","_monsterinsights_sitenote_category":0,"_uf_show_specific_survey":0,"_uf_disable_surveys":false},"product_brand":[],"product_cat":[54],"product_tag":[],"class_list":{"0":"post-1159","1":"product","2":"type-product","3":"status-publish","4":"has-post-thumbnail","6":"product_cat-wood-fire-pit","8":"first","9":"instock","10":"shipping-taxable","11":"product-type-simple"},"_links":{"self":[{"href":"https:\/\/keweicorten.com\/de_ch_informal\/wp-json\/wp\/v2\/product\/1159"}],"collection":[{"href":"https:\/\/keweicorten.com\/de_ch_informal\/wp-json\/wp\/v2\/product"}],"about":[{"href":"https:\/\/keweicorten.com\/de_ch_informal\/wp-json\/wp\/v2\/types\/product"}],"replies":[{"embeddable":true,"href":"https:\/\/keweicorten.com\/de_ch_informal\/wp-json\/wp\/v2\/comments?post=1159"}],"version-history":[{"count":1,"href":"https:\/\/keweicorten.com\/de_ch_informal\/wp-json\/wp\/v2\/product\/1159\/revisions"}],"predecessor-version":[{"id":1161,"href":"https:\/\/keweicorten.com\/de_ch_informal\/wp-json\/wp\/v2\/product\/1159\/revisions\/1161"}],"wp:featuredmedia":[{"embeddable":true,"href":"https:\/\/keweicorten.com\/de_ch_informal\/wp-json\/wp\/v2\/media\/1160"}],"wp:attachment":[{"href":"https:\/\/keweicorten.com\/de_ch_informal\/wp-json\/wp\/v2\/media?parent=1159"}],"wp:term":[{"taxonomy":"product_brand","embeddable":true,"href":"https:\/\/keweicorten.com\/de_ch_informal\/wp-json\/wp\/v2\/product_brand?post=1159"},{"taxonomy":"product_cat","embeddable":true,"href":"https:\/\/keweicorten.com\/de_ch_informal\/wp-json\/wp\/v2\/product_cat?post=1159"},{"taxonomy":"product_tag","embeddable":true,"href":"https:\/\/keweicorten.com\/de_ch_informal\/wp-json\/wp\/v2\/product_tag?post=1159"}],"curies":[{"name":"wp","href":"https:\/\/api.w.org\/{rel}","templated":true}]}}