{"id":1241,"date":"2024-09-18T07:36:57","date_gmt":"2024-09-18T07:36:57","guid":{"rendered":"https:\/\/keweicorten.com\/?post_type=product&#038;p=1241"},"modified":"2024-09-18T07:36:57","modified_gmt":"2024-09-18T07:36:57","slug":"cortenstahlblech-q345nh","status":"publish","type":"product","link":"https:\/\/keweicorten.com\/de_ch_informal\/cortenstahlblech-q345nh\/","title":{"rendered":"Cortenstahlblech Q345NH"},"content":{"rendered":"<p>Cortenstahl, auch als wetterfester Stahl bekannt, ist eine Stahllegierung, die gegen Korrosion und Abrieb best\u00e4ndig ist. Q345NH ist eine spezielle Sorte von wetterfestem Stahl, die h\u00e4ufig in atmosph\u00e4rischen Umgebungen verwendet wird. Hier sind einige wichtige Punkte zu Q345NH:<\/p>\n<h2>Eigenschaften von Q345NH:<\/h2>\n<p>1. Zusammensetzung: Cortenstahlblech Q345NH enth\u00e4lt in der Regel zus\u00e4tzliche Elemente wie Chrom, Nickel und Kupfer, die seine Best\u00e4ndigkeit gegen atmosph\u00e4rische Korrosion erh\u00f6hen.<br \/>\n2. Korrosionsbest\u00e4ndigkeit: Der Stahl bildet eine sch\u00fctzende Patinaschicht, wenn er der Witterung ausgesetzt ist, die weitere Korrosion verhindert.<br \/>\n3. Mechanische Eigenschaften:<br \/>\n- Streckgrenze: Ungef\u00e4hr 345 MPa<br \/>\n- Zugfestigkeit: Normalerweise zwischen 470-630 MPa<br \/>\n4. Anwendungen: Wird h\u00e4ufig f\u00fcr Bauwerke im Freien, Br\u00fccken, Skulpturen und architektonische Entw\u00fcrfe verwendet, bei denen es auf Wetterbest\u00e4ndigkeit ankommt.<\/p>\n<h2>Corten-Stahlblech Q345NH Vorteile:<\/h2>\n<p>Langlebigkeit: Lange Lebensdauer aufgrund der Korrosionsbest\u00e4ndigkeit.<br \/>\nGeringer Pflegeaufwand: Die sch\u00fctzende Patina reduziert den Bedarf an regelm\u00e4\u00dfiger Pflege.<br \/>\n\u00c4sthetische Wirkung: Bietet ein einzigartiges rustikales Aussehen, das in vielen architektonischen Anwendungen w\u00fcnschenswert ist.<\/p>\n<p>\u00dcberlegungen:<br \/>\nUm die Wirksamkeit der Patina zu gew\u00e4hrleisten, ist eine richtige Gestaltung notwendig.<br \/>\n- Kann aufgrund der Legierungszusammensetzung besondere Handhabungs- und Schwei\u00dftechniken erfordern.<\/p>\n<figure style=\"width: 606px\" class=\"wp-caption alignnone\"><a href=\"https:\/\/keweicorten.com\/de_ch_informal\/kontaktiere-uns\/\"><img fetchpriority=\"high\" decoding=\"async\" title=\"Corten-Metall\" src=\"https:\/\/sc04.alicdn.com\/kf\/H1bfd17afb11542dd95c1e18de852bb2cJ\/234518937\/H1bfd17afb11542dd95c1e18de852bb2cJ.jpg\" alt=\"\" width=\"606\" height=\"545\" \/><\/a><figcaption class=\"wp-caption-text\">Corten-Metall<\/figcaption><\/figure>\n<table class=\"has-title all magic-9\" style=\"height: 175px;\" width=\"890\">\n<tbody>\n<tr>\n<td colspan=\"1\" rowspan=\"1\">\n<div class=\"magic-10\" data-spm-anchor-id=\"a2700.details.0.i34.6d627765emMXnq\">Produktname<\/div>\n<\/td>\n<td colspan=\"4\" rowspan=\"1\">\n<div class=\"magic-11\">Wetterfeste Stahlplatte<\/div>\n<\/td>\n<\/tr>\n<tr>\n<td colspan=\"1\" rowspan=\"1\">\n<div class=\"magic-10\">Standard<\/div>\n<\/td>\n<td colspan=\"4\" rowspan=\"1\">\n<div class=\"magic-11\">DIN GB JIS BA AISI ASTM<\/div>\n<\/td>\n<\/tr>\n<tr>\n<td colspan=\"1\" rowspan=\"1\">\n<div class=\"magic-10\">L\u00e4nge<\/div>\n<\/td>\n<td colspan=\"4\" rowspan=\"1\">\n<div class=\"magic-11\">Kann angepasst werden<\/div>\n<\/td>\n<\/tr>\n<tr>\n<td colspan=\"1\" rowspan=\"1\">\n<div class=\"magic-10\">Breite<\/div>\n<\/td>\n<td colspan=\"4\" rowspan=\"1\">\n<div class=\"magic-11\">Kann angepasst werden<\/div>\n<\/td>\n<\/tr>\n<tr>\n<td colspan=\"1\" rowspan=\"1\">\n<div class=\"magic-10\">Dicke<\/div>\n<\/td>\n<td colspan=\"4\" rowspan=\"1\">\n<div class=\"magic-11\">2-100mm oder kann angepasst werden<\/div>\n<\/td>\n<\/tr>\n<tr>\n<td colspan=\"1\" rowspan=\"1\">\n<div class=\"magic-10\">Material<\/div>\n<\/td>\n<td colspan=\"4\" rowspan=\"1\">\n<div class=\"magic-11\">Q345NH<\/div>\n<\/td>\n<\/tr>\n<tr>\n<td colspan=\"1\" rowspan=\"1\">Province<\/td>\n<td colspan=\"4\" rowspan=\"1\">Henan, Anyang<\/td>\n<\/tr>\n<tr>\n<td colspan=\"1\" rowspan=\"1\">\n<div class=\"magic-10\">Bewerbung<\/div>\n<\/td>\n<td colspan=\"4\" rowspan=\"1\">\n<div class=\"magic-11\" data-spm-anchor-id=\"a2700.details.0.i41.6d627765emMXnq\">Witterungsbest\u00e4ndiger Stahl wird haupts\u00e4chlich in den Bereichen Eisenbahn, Fahrzeuge, Br\u00fccken, T\u00fcrme, Photovoltaik, Hochgeschwindigkeitstechnik und anderen Langzeitanwendungen eingesetzt.<br \/>\nExposition gegen\u00fcber der Atmosph\u00e4re bei der Verwendung von Stahlkonstruktionen. Es kann auch bei der Herstellung von Containern, Eisenbahn<br \/>\nFahrzeuge, \u00d6lbohrt\u00fcrme, Hafengeb\u00e4ude, \u00d6lplattformen und Beh\u00e4lter mit schwefelhaltigen korrosiven Medien in der chemischen und<br \/>\nErd\u00f6lanlagen. Au\u00dferdem wird wetterfester Stahl aufgrund seines einzigartigen Aussehens h\u00e4ufig f\u00fcr \u00f6ffentliche Kunstwerke, Au\u00dfenanlagen<br \/>\nSkulpturen und Au\u00dfenwanddekoration von Geb\u00e4uden.<\/div>\n<\/td>\n<\/tr>\n<tr>\n<td colspan=\"1\" rowspan=\"1\">\n<div class=\"magic-10\">Exportverpackung<\/div>\n<\/td>\n<td colspan=\"4\" rowspan=\"1\">\n<div class=\"magic-11\">Wasserdichtes Papier und Stahlband verpackt.<br \/>\nStandard-Export-Seeverpackung, geeignet f\u00fcr alle Arten von Transport, oder nach Bedarf<\/div>\n<\/td>\n<\/tr>\n<tr>\n<td colspan=\"1\" rowspan=\"1\">\n<div class=\"magic-10\">Oberfl\u00e4che<\/div>\n<\/td>\n<td colspan=\"4\" rowspan=\"1\">\n<div class=\"magic-14\">Schwarz, Beschichtung, Farbbeschichtung, Anti-Rost-Lack, Anti-Rost-\u00d6l, Gitter, etc.<\/div>\n<\/td>\n<\/tr>\n<\/tbody>\n<\/table>\n<figure style=\"width: 808px\" class=\"wp-caption alignnone\"><a href=\"https:\/\/keweicorten.com\/de_ch_informal\"><img decoding=\"async\" title=\"cor ten wetterfester Stahl\" src=\"https:\/\/sc04.alicdn.com\/kf\/Hd90ee00edc574f218534265cd9014001r\/244098142\/Hd90ee00edc574f218534265cd9014001r.jpg\" alt=\"\" width=\"808\" height=\"606\" \/><\/a><figcaption class=\"wp-caption-text\">cor ten wetterfester Stahl<\/dd>\n<dd><\/figcaption><\/figure>\n<div class=\"magic-25\">\n<h3 class=\"magic-28\"><span class=\"magic-22\" data-spm-anchor-id=\"a2700.details.0.i44.6d627765emMXnq\">Wetterfeste Vorhangfassade<\/span><\/h3>\n<\/div>\n<div class=\"magic-6\">\n<div class=\"magic-7\"><span class=\"magic-8\">Die Oberfl\u00e4che des wetterfesten Stahlblechs kann eine dichte Oxidschicht mit einer stabilen und gleichm\u00e4\u00dfigen nat\u00fcrlichen rostroten Farbe bilden, die ein attraktives Material f\u00fcr Geb\u00e4udeau\u00dfenw\u00e4nde ist.<\/span><\/div>\n<\/div>\n<div><\/div>\n<div>\n<div class=\"J_module\">\n<h2 id=\"ali-anchor-AliMagic-59mjkc\" class=\"magic-0\" data-section=\"AliMagic-59mjkc\" data-section-title=\"Packing and shipping\" data-spm-anchor-id=\"a2700.details.0.i47.6d627765emMXnq\">Verpackung und Versand<\/h2>\n<p>Um die Sicherheit deiner Waren zu gew\u00e4hrleisten, bieten wir einen professionellen, umweltfreundlichen, bequemen und effizienten Verpackungsservice an.<\/p>\n<\/div>\n<\/div>\n<div class=\"magic-6\">\n<div>\n<figure style=\"width: 702px\" class=\"wp-caption alignnone\"><a href=\"https:\/\/keweicorten.com\/de_ch_informal\"><img decoding=\"async\" title=\"cor ten\" src=\"https:\/\/sc04.alicdn.com\/kf\/H7797fd55b837482089a07478ece1cdc1U\/244098142\/H7797fd55b837482089a07478ece1cdc1U.jpg\" alt=\"\" width=\"702\" height=\"437\" \/><\/a><figcaption class=\"wp-caption-text\">cor ten<\/figcaption><\/figure>\n<figure style=\"width: 700px\" class=\"wp-caption alignnone\"><a href=\"https:\/\/keweicorten.com\/de_ch_informal\"><img loading=\"lazy\" decoding=\"async\" title=\"Cortenstahl-Verkleidung\" src=\"https:\/\/sc04.alicdn.com\/kf\/H8a0f8c737f5141c4a353d7772f3f6b566\/244098142\/H8a0f8c737f5141c4a353d7772f3f6b566.jpg\" alt=\"\" width=\"700\" height=\"525\" \/><\/a><figcaption class=\"wp-caption-text\">Cortenstahl-Verkleidung<\/figcaption><\/figure>\n<div class=\"J_module\">\n<h2 id=\"ali-anchor-AliMagic-hdaj54\" class=\"magic-0\" data-section=\"AliMagic-hdaj54\" data-section-title=\"FAQ\">FAQ<\/h2>\n<\/div>\n<div class=\"J_module\">\n<div class=\"detail-decorate-json-renderer-container\">\n<div class=\"magic-4\">\n<div class=\"magic-5\">\n<div class=\"magic-6\">\n<div class=\"magic-7\"><b><span class=\"magic-23\">1. KANN ICH EIN PAAR MUSTER BEKOMMEN? <\/span><\/b><\/p>\n<div><span class=\"magic-23\">Ja. Wir k\u00f6nnen Muster zur Verf\u00fcgung stellen. Du musst die Mustergeb\u00fchr und die Versandkosten im Voraus bezahlen. Wir erstatten dir die Kosten f\u00fcr das Muster, nachdem du deine Bestellung aufgegeben hast. Bitte teile uns dein Kurierkonto mit oder sende uns deine Geb\u00fchren, damit wir dir ein Muster zuschicken k\u00f6nnen.<br \/>\n<b class=\"magic-57\">2. KANNST DU NACH DEN MUSTERN PRODUZIEREN? <\/b><br \/>\nJa, wir k\u00f6nnen deine Muster oder technischen Zeichnungen anfertigen. Wir k\u00f6nnen die Formen und Vorrichtungen bauen.<br \/>\n<b class=\"magic-57\">3. WIE LAUTEN DEINE ZAHLUNGSBEDINGUNGEN? <\/b><br \/>\nZahlung=1000USD, 30% T\/T im Voraus, Restbetrag vor Versand. Wenn du eine andere Frage hast, kannst du uns gerne kontaktieren.<br \/>\n<b class=\"magic-57\">4. WIE LAUTEN DEINE LIEFERBEDINGUNGEN? <\/b><br \/>\nEXW, FOB, CFR, CIF, DDU.<br \/>\n<b class=\"magic-57\">5. K\u00d6NNEN WIR DEINE FABRIK BESUCHEN?<\/b><br \/>\nHerzlich willkommen. Sobald wir deinen Terminplan haben, werden wir daf\u00fcr sorgen, dass unser professionelles Verkaufsteam sich um deinen Fall k\u00fcmmert.<br \/>\n<b class=\"magic-57\">6. WIE SIEHT ES MIT DEINER LIEFERZEIT AUS? <\/b><br \/>\nIn der Regel 10 bis 25 Tage nach Erhalt deiner Vorauszahlung. Die genaue Lieferzeit h\u00e4ngt von der Ware und der Menge ab, die du bestellt hast.<br \/>\n<b class=\"magic-57\">7. AFTER-SALE-VORTEILE<\/b>.<br \/>\nEin Jahr Garantie auf die Produkte; Wenn du beim ersten Mal ein defektes Teil findest, liefern wir dir bei der n\u00e4chsten Bestellung kostenlos neue Teile. Als erfahrener Hersteller kannst du dich auf die Qualit\u00e4t und den Kundendienst verlassen.<\/span><\/div>\n<\/div>\n<\/div>\n<\/div>\n<\/div>\n<\/div>\n<\/div>\n<\/div>\n<\/div>","protected":false},"excerpt":{"rendered":"<p>Q345NH wird aufgrund seiner einzigartigen Eigenschaften und seines \u00e4sthetischen Aussehens h\u00e4ufig im Bauwesen und in der Kunst verwendet. Wenn du spezielle Anfragen hast oder weitere Informationen ben\u00f6tigst, kannst du uns gerne fragen!<\/p>","protected":false},"featured_media":1242,"comment_status":"open","ping_status":"closed","template":"","meta":{"_eb_attr":"","_monsterinsights_skip_tracking":false,"_monsterinsights_sitenote_active":false,"_monsterinsights_sitenote_note":"","_monsterinsights_sitenote_category":0,"_uf_show_specific_survey":0,"_uf_disable_surveys":false},"product_brand":[],"product_cat":[21],"product_tag":[],"class_list":{"0":"post-1241","1":"product","2":"type-product","3":"status-publish","4":"has-post-thumbnail","6":"product_cat-weather-resistant-steel-plate","8":"first","9":"instock","10":"shipping-taxable","11":"product-type-simple"},"_links":{"self":[{"href":"https:\/\/keweicorten.com\/de_ch_informal\/wp-json\/wp\/v2\/product\/1241"}],"collection":[{"href":"https:\/\/keweicorten.com\/de_ch_informal\/wp-json\/wp\/v2\/product"}],"about":[{"href":"https:\/\/keweicorten.com\/de_ch_informal\/wp-json\/wp\/v2\/types\/product"}],"replies":[{"embeddable":true,"href":"https:\/\/keweicorten.com\/de_ch_informal\/wp-json\/wp\/v2\/comments?post=1241"}],"version-history":[{"count":1,"href":"https:\/\/keweicorten.com\/de_ch_informal\/wp-json\/wp\/v2\/product\/1241\/revisions"}],"predecessor-version":[{"id":1243,"href":"https:\/\/keweicorten.com\/de_ch_informal\/wp-json\/wp\/v2\/product\/1241\/revisions\/1243"}],"wp:featuredmedia":[{"embeddable":true,"href":"https:\/\/keweicorten.com\/de_ch_informal\/wp-json\/wp\/v2\/media\/1242"}],"wp:attachment":[{"href":"https:\/\/keweicorten.com\/de_ch_informal\/wp-json\/wp\/v2\/media?parent=1241"}],"wp:term":[{"taxonomy":"product_brand","embeddable":true,"href":"https:\/\/keweicorten.com\/de_ch_informal\/wp-json\/wp\/v2\/product_brand?post=1241"},{"taxonomy":"product_cat","embeddable":true,"href":"https:\/\/keweicorten.com\/de_ch_informal\/wp-json\/wp\/v2\/product_cat?post=1241"},{"taxonomy":"product_tag","embeddable":true,"href":"https:\/\/keweicorten.com\/de_ch_informal\/wp-json\/wp\/v2\/product_tag?post=1241"}],"curies":[{"name":"wp","href":"https:\/\/api.w.org\/{rel}","templated":true}]}}