{"id":1246,"date":"2024-09-18T08:03:36","date_gmt":"2024-09-18T08:03:36","guid":{"rendered":"https:\/\/keweicorten.com\/?post_type=product&#038;p=1246"},"modified":"2025-08-14T02:07:48","modified_gmt":"2025-08-14T02:07:48","slug":"10mm-cortenstahlplatte","status":"publish","type":"product","link":"https:\/\/keweicorten.com\/de_ch_informal\/10mm-cortenstahlplatte\/","title":{"rendered":"10mm Cortenstahl Platte"},"content":{"rendered":"<h2>Eigenschaften und Verwendung von 10 mm Corten-Stahlblech:<\/h2>\n<p>Wetterbest\u00e4ndigkeit: Cortenstahl ist witterungsbest\u00e4ndig und daher ideal f\u00fcr den Einsatz im Freien. Er ist resistent gegen atmosph\u00e4rische Korrosion und erfordert daher weniger Wartung als herk\u00f6mmlicher Stahl.<\/p>\n<p>\u00c4sthetische Wirkung: Die einzigartige rostige Oberfl\u00e4che von Cortenstahl ist wegen ihrer \u00e4sthetischen Qualit\u00e4ten in der Architektur und im Landschaftsbau sehr begehrt.<\/p>\n<p>Anwendung:<br \/>\nArchitektonische Merkmale: Wird an Geb\u00e4uden und Fassaden f\u00fcr ein rustikales Aussehen verwendet.<br \/>\nLandschaftsgestaltung: Wird oft f\u00fcr Skulpturen, Z\u00e4une und Gartenelemente verwendet.<br \/>\nIndustrielle Anwendungen: Geeignet f\u00fcr Strukturen, die rauen Umgebungen ausgesetzt sind, wie Br\u00fccken und Geb\u00e4ude.<br \/>\nKunst und Skulpturen: Wird von vielen K\u00fcnstlern wegen seiner Textur und Farbe bevorzugt.<\/p>\n<p>Herstellung: 10-mm-Cortenstahlplatten k\u00f6nnen geschnitten, geschwei\u00dft und in verschiedene Formen und Gr\u00f6\u00dfen geformt werden, was eine flexible Gestaltung erm\u00f6glicht.<\/p>\n<p>Availability: 10mm <a href=\"https:\/\/keweicorten.com\/de_ch_informal\/a588-corten-weathering-steel-plate\/\">Corten steel plate comes in various thicknesses; 10mm is a common thickness for both structural and decorative uses.<\/a><\/p>\n<p>Maintenance: Although Corten steel is low-maintenance due to its protective patina, it may require occasional cleaning to maintain its appearance.<\/p>\n<p>\u00dcberlegungen:<\/p>\n<p>Gewicht: Eine 10-mm-Cortenstahlplatte kann ziemlich schwer sein, also ber\u00fccksichtige das Gewicht bei der Planung von Transport und Installation.<br \/>\nSchwei\u00dfen und Schneiden: Kann spezielle Ausr\u00fcstung und Techniken erfordern, um effektiv zu arbeiten.<br \/>\nTemperaturschwankungen: In Umgebungen mit extremen Temperaturschwankungen ist Vorsicht geboten, da dies die Integrit\u00e4t des Stahls mit der Zeit beeintr\u00e4chtigen kann.<\/p>\n<table class=\"has-title is-zebra hight-light-first-column all magic-2\">\n<tbody>\n<tr>\n<td colspan=\"1\" rowspan=\"1\">\n<div class=\"magic-19\">\n<div class=\"magic-17\" data-spm-anchor-id=\"0.0.0.i0.313f4f05QybF0h\">Material<\/div>\n<\/div>\n<\/td>\n<td colspan=\"1\" rowspan=\"1\">\n<div class=\"magic-20\">\n<div class=\"magic-17\" data-spm-anchor-id=\"0.0.0.i5.313f4f05QybF0h\">L\u00e4nge\uff08mm\uff09<\/div>\n<\/div>\n<\/td>\n<td colspan=\"1\" rowspan=\"1\">\n<div class=\"magic-21\">\n<div class=\"magic-17\" data-spm-anchor-id=\"0.0.0.i4.313f4f05QybF0h\">Breite\uff08mm\uff09<\/div>\n<\/div>\n<\/td>\n<td colspan=\"1\" rowspan=\"1\">\n<div class=\"magic-22\">\n<div class=\"magic-17\" data-spm-anchor-id=\"0.0.0.i3.313f4f05QybF0h\">Dicke\uff08mm\uff09<\/div>\n<\/div>\n<\/td>\n<td colspan=\"1\" rowspan=\"1\">\n<div class=\"magic-22\">\n<div class=\"magic-17\" data-spm-anchor-id=\"a2700.custom-template.0.i165.48333333coqoEF\">MOQ\uff08Ton\uff09<\/div>\n<\/div>\n<\/td>\n<\/tr>\n<tr>\n<td colspan=\"1\" rowspan=\"1\">\n<div class=\"magic-19\">\n<div class=\"magic-17\" data-spm-anchor-id=\"0.0.0.i6.313f4f05QybF0h\">A588\/SPA-H\/S355J0WP<\/div>\n<\/div>\n<\/td>\n<td colspan=\"1\" rowspan=\"1\">\n<div class=\"magic-20\">\n<div class=\"magic-17\" data-spm-anchor-id=\"0.0.0.i10.313f4f05QybF0h\">benutzerdefiniert\/6000<\/div>\n<\/div>\n<\/td>\n<td colspan=\"1\" rowspan=\"1\">\n<div class=\"magic-21\">\n<div class=\"magic-17\" data-spm-anchor-id=\"0.0.0.i9.313f4f05QybF0h\">Zoll\/1250<\/div>\n<\/div>\n<\/td>\n<td colspan=\"1\" rowspan=\"1\">\n<div class=\"magic-22\">\n<div class=\"magic-17\" data-spm-anchor-id=\"0.0.0.i11.313f4f05QybF0h\">1.5<\/div>\n<\/div>\n<\/td>\n<td colspan=\"1\" rowspan=\"1\">\n<div class=\"magic-22\">\n<div class=\"magic-17\" data-spm-anchor-id=\"a2700.pc-decorate.0.i77.78c43333yaLfjh\">1<\/div>\n<\/div>\n<\/td>\n<\/tr>\n<tr>\n<td colspan=\"1\" rowspan=\"1\">\n<div class=\"magic-19\">\n<div class=\"magic-17\" data-spm-anchor-id=\"0.0.0.i8.313f4f05QybF0h\">A588\/SPA-H\/S355J0WP<\/div>\n<\/div>\n<\/td>\n<td colspan=\"1\" rowspan=\"1\">\n<div class=\"magic-20\">\n<div class=\"magic-17\" data-spm-anchor-id=\"0.0.0.i1.313f4f05QybF0h\">benutzerdefiniert\/6000<\/div>\n<\/div>\n<\/td>\n<td colspan=\"1\" rowspan=\"1\">\n<div class=\"magic-21\">\n<div class=\"magic-17\" data-spm-anchor-id=\"a2700.custom-template.0.i4.529f3333czw0IR\">Zoll\/1250<\/div>\n<\/div>\n<\/td>\n<td colspan=\"1\" rowspan=\"1\">\n<div class=\"magic-22\">\u00a0 \u00a0 \u00a0 \u00a0 \u00a0 \u00a0 \u00a0 \u00a0 \u00a02.0<\/div>\n<\/td>\n<td colspan=\"1\" rowspan=\"1\">\n<div class=\"magic-22\">\n<div class=\"magic-17\" data-spm-anchor-id=\"a2700.pc-decorate.0.i78.78c43333yaLfjh\">1<\/div>\n<\/div>\n<\/td>\n<\/tr>\n<tr>\n<td colspan=\"1\" rowspan=\"1\">\n<div class=\"magic-19\">\n<div class=\"magic-17\" data-spm-anchor-id=\"a2700.pc-decorate.0.i54.78c43333yaLfjh\">A588\/SPA-H\/S355J0WP<\/div>\n<\/div>\n<\/td>\n<td colspan=\"1\" rowspan=\"1\">\n<div class=\"magic-20\">\n<div class=\"magic-17\" data-spm-anchor-id=\"a2700.pc-decorate.0.i60.78c43333yaLfjh\">benutzerdefiniert\/6000<\/div>\n<\/div>\n<\/td>\n<td colspan=\"1\" rowspan=\"1\">\n<div class=\"magic-21\">\n<div class=\"magic-17\" data-spm-anchor-id=\"a2700.pc-decorate.0.i66.78c43333yaLfjh\">Brauch\/1500<\/div>\n<\/div>\n<\/td>\n<td colspan=\"1\" rowspan=\"1\">\n<div class=\"magic-22\">\n<div class=\"magic-17\" data-spm-anchor-id=\"a2700.pc-decorate.0.i70.78c43333yaLfjh\">3<\/div>\n<\/div>\n<\/td>\n<td colspan=\"1\" rowspan=\"1\">\n<div class=\"magic-22\">\n<div class=\"magic-17\" data-spm-anchor-id=\"a2700.custom-template.0.i163.48333333coqoEF\">1<\/div>\n<\/div>\n<\/td>\n<\/tr>\n<tr>\n<td colspan=\"1\" rowspan=\"1\">\n<div class=\"magic-19\">\n<div class=\"magic-17\" data-spm-anchor-id=\"a2700.pc-decorate.0.i55.78c43333yaLfjh\">A588\/SPA-H\/S355J0WP<\/div>\n<\/div>\n<\/td>\n<td colspan=\"1\" rowspan=\"1\">\n<div class=\"magic-20\">\n<div class=\"magic-17\" data-spm-anchor-id=\"a2700.pc-decorate.0.i61.78c43333yaLfjh\">benutzerdefiniert\/6000<\/div>\n<\/div>\n<\/td>\n<td colspan=\"1\" rowspan=\"1\">\n<div class=\"magic-21\">\n<div class=\"magic-17\" data-spm-anchor-id=\"a2700.pc-decorate.0.i67.78c43333yaLfjh\">Brauch\/1500<\/div>\n<\/div>\n<\/td>\n<td colspan=\"1\" rowspan=\"1\">\n<div class=\"magic-22\">\n<div class=\"magic-17\" data-spm-anchor-id=\"a2700.pc-decorate.0.i72.78c43333yaLfjh\">4<\/div>\n<\/div>\n<\/td>\n<td colspan=\"1\" rowspan=\"1\">\n<div class=\"magic-22\">\n<div class=\"magic-17\" data-spm-anchor-id=\"a2700.pc-decorate.0.i75.78c43333yaLfjh\">1<\/div>\n<\/div>\n<\/td>\n<\/tr>\n<tr>\n<td colspan=\"1\" rowspan=\"1\">\n<div class=\"magic-19\">\n<div class=\"magic-17\" data-spm-anchor-id=\"a2700.pc-decorate.0.i56.78c43333yaLfjh\">A588\/SPA-H\/S355J0WP<\/div>\n<\/div>\n<\/td>\n<td colspan=\"1\" rowspan=\"1\">\n<div class=\"magic-20\">\n<div class=\"magic-17\" data-spm-anchor-id=\"a2700.pc-decorate.0.i63.78c43333yaLfjh\">benutzerdefiniert\/6000<\/div>\n<\/div>\n<\/td>\n<td colspan=\"1\" rowspan=\"1\">\n<div class=\"magic-21\">\n<div class=\"magic-17\" data-spm-anchor-id=\"a2700.pc-decorate.0.i68.78c43333yaLfjh\">Brauch\/1500<\/div>\n<\/div>\n<\/td>\n<td colspan=\"1\" rowspan=\"1\">\n<div class=\"magic-22\">\n<div class=\"magic-17\" data-spm-anchor-id=\"a2700.pc-decorate.0.i73.78c43333yaLfjh\">5-16<\/div>\n<\/div>\n<\/td>\n<td colspan=\"1\" rowspan=\"1\">\n<div class=\"magic-22\">\n<div class=\"magic-17\" data-spm-anchor-id=\"a2700.pc-decorate.0.i76.78c43333yaLfjh\">1<\/div>\n<\/div>\n<\/td>\n<\/tr>\n<tr>\n<td colspan=\"1\" rowspan=\"1\">\n<div class=\"magic-19\">\n<div class=\"magic-17\" data-spm-anchor-id=\"a2700.pc-decorate.0.i57.78c43333yaLfjh\">A588\/SPA-H\/S355J0WP<\/div>\n<\/div>\n<\/td>\n<td colspan=\"1\" rowspan=\"1\">\n<div class=\"magic-20\">\n<div class=\"magic-17\" data-spm-anchor-id=\"a2700.pc-decorate.0.i64.78c43333yaLfjh\">benutzerdefiniert\/6000<\/div>\n<\/div>\n<\/td>\n<td colspan=\"1\" rowspan=\"1\">\n<div class=\"magic-21\">\n<div class=\"magic-17\" data-spm-anchor-id=\"a2700.pc-decorate.0.i69.78c43333yaLfjh\">custom\/2200<\/div>\n<\/div>\n<\/td>\n<td colspan=\"1\" rowspan=\"1\">\n<div class=\"magic-22\">\n<div class=\"magic-17\" data-spm-anchor-id=\"a2700.pc-decorate.0.i74.78c43333yaLfjh\">20-30<\/div>\n<\/div>\n<\/td>\n<td colspan=\"1\" rowspan=\"1\">\n<div class=\"magic-22\">\n<div class=\"magic-17\" data-spm-anchor-id=\"a2700.custom-template.0.i166.48333333coqoEF\">1<\/div>\n<\/div>\n<\/td>\n<\/tr>\n<tr>\n<td colspan=\"5\" rowspan=\"1\">\n<div class=\"magic-23\">\n<div class=\"magic-17\" data-spm-anchor-id=\"a2700.custom-template.0.i18.778e3333f1eekh\">Alle Produkte k\u00f6nnen entsprechend der von dir angegebenen Gr\u00f6\u00dfe angepasst werden<\/div>\n<\/div>\n<\/td>\n<\/tr>\n<\/tbody>\n<\/table>\n<figure style=\"width: 579px\" class=\"wp-caption alignnone\"><a href=\"https:\/\/keweicorten.com\/de_ch_informal\/kontaktiere-uns\/\"><img fetchpriority=\"high\" decoding=\"async\" title=\"10mm Cortenstahl Platte\" src=\"https:\/\/sc04.alicdn.com\/kf\/Hd729c4f03030426381342ad18e2683b6f\/255568936\/Hd729c4f03030426381342ad18e2683b6f.jpg\" alt=\"\" width=\"579\" height=\"434\" \/><\/a><figcaption class=\"wp-caption-text\">10mm Cortenstahl Platte<\/figcaption><\/figure>\n<figure style=\"width: 582px\" class=\"wp-caption alignnone\"><a href=\"https:\/\/keweicorten.com\/de_ch_informal\/kontaktiere-uns\/\"><img decoding=\"async\" title=\"Cortenstahlpreis\" src=\"https:\/\/sc04.alicdn.com\/kf\/H9c47b2003c4c443c985e7541f40ce4b0A\/255568936\/H9c47b2003c4c443c985e7541f40ce4b0A.jpg\" alt=\"\" width=\"582\" height=\"582\" \/><\/a><figcaption class=\"wp-caption-text\">Cortenstahlpreis<\/figcaption><\/figure>\n<figure style=\"width: 582px\" class=\"wp-caption alignnone\"><a href=\"https:\/\/keweicorten.com\/de_ch_informal\/a588-corten-weathering-steel-plate\/\"><img decoding=\"async\" title=\"Cortenblech\" src=\"https:\/\/sc04.alicdn.com\/kf\/Ha244cf4bffd5462e9c1b59d18300734fg\/255568936\/Ha244cf4bffd5462e9c1b59d18300734fg.jpg\" alt=\"\" width=\"582\" height=\"436\" \/><\/a><figcaption class=\"wp-caption-text\">Cortenblech<\/figcaption><\/figure>","protected":false},"excerpt":{"rendered":"<p>Cortenstahl, auch bekannt als wetterfester Stahl, ist eine Stahllegierung, die ein rost\u00e4hnliches Aussehen entwickelt, wenn sie den Elementen ausgesetzt wird. Diese oberfl\u00e4chliche Rostschicht sch\u00fctzt das darunter liegende Material vor weiterer Korrosion. Ein 10-mm-Cortenstahlblech ist ein Blech oder eine Platte aus diesem Material, die 10 Millimeter dick ist.<\/p>","protected":false},"featured_media":1247,"comment_status":"open","ping_status":"closed","template":"","meta":{"_eb_attr":"","_monsterinsights_skip_tracking":false,"_monsterinsights_sitenote_active":false,"_monsterinsights_sitenote_note":"","_monsterinsights_sitenote_category":0,"_uf_show_specific_survey":0,"_uf_disable_surveys":false},"product_brand":[],"product_cat":[21],"product_tag":[],"class_list":{"0":"post-1246","1":"product","2":"type-product","3":"status-publish","4":"has-post-thumbnail","6":"product_cat-weather-resistant-steel-plate","8":"first","9":"instock","10":"shipping-taxable","11":"product-type-simple"},"_links":{"self":[{"href":"https:\/\/keweicorten.com\/de_ch_informal\/wp-json\/wp\/v2\/product\/1246"}],"collection":[{"href":"https:\/\/keweicorten.com\/de_ch_informal\/wp-json\/wp\/v2\/product"}],"about":[{"href":"https:\/\/keweicorten.com\/de_ch_informal\/wp-json\/wp\/v2\/types\/product"}],"replies":[{"embeddable":true,"href":"https:\/\/keweicorten.com\/de_ch_informal\/wp-json\/wp\/v2\/comments?post=1246"}],"version-history":[{"count":3,"href":"https:\/\/keweicorten.com\/de_ch_informal\/wp-json\/wp\/v2\/product\/1246\/revisions"}],"predecessor-version":[{"id":5379,"href":"https:\/\/keweicorten.com\/de_ch_informal\/wp-json\/wp\/v2\/product\/1246\/revisions\/5379"}],"wp:featuredmedia":[{"embeddable":true,"href":"https:\/\/keweicorten.com\/de_ch_informal\/wp-json\/wp\/v2\/media\/1247"}],"wp:attachment":[{"href":"https:\/\/keweicorten.com\/de_ch_informal\/wp-json\/wp\/v2\/media?parent=1246"}],"wp:term":[{"taxonomy":"product_brand","embeddable":true,"href":"https:\/\/keweicorten.com\/de_ch_informal\/wp-json\/wp\/v2\/product_brand?post=1246"},{"taxonomy":"product_cat","embeddable":true,"href":"https:\/\/keweicorten.com\/de_ch_informal\/wp-json\/wp\/v2\/product_cat?post=1246"},{"taxonomy":"product_tag","embeddable":true,"href":"https:\/\/keweicorten.com\/de_ch_informal\/wp-json\/wp\/v2\/product_tag?post=1246"}],"curies":[{"name":"wp","href":"https:\/\/api.w.org\/{rel}","templated":true}]}}