{"id":1269,"date":"2024-09-19T07:26:56","date_gmt":"2024-09-19T07:26:56","guid":{"rendered":"https:\/\/keweicorten.com\/?post_type=product&#038;p=1269"},"modified":"2025-01-15T06:26:37","modified_gmt":"2025-01-15T06:26:37","slug":"gas-feuerstellentisch-fur-drausen","status":"publish","type":"product","link":"https:\/\/keweicorten.com\/de_ch_informal\/gas-feuerstellentisch-fur-drausen\/","title":{"rendered":"Gas-Feuerstellentisch f\u00fcr drau\u00dfen"},"content":{"rendered":"<p>Ein Gas-Feuerstellentisch ist ein multifunktionales M\u00f6belst\u00fcck f\u00fcr den Au\u00dfenbereich, das die W\u00e4rme und das Ambiente einer Feuerstelle mit der Zweckm\u00e4\u00dfigkeit eines Tisches kombiniert. Er wird entweder mit Propan- oder Erdgas betrieben und ist damit sauberer und bequemer als ein mit Holz befeuerter Feuerplatz. Diese Tische haben oft eine Feuerstelle in der Mitte, die von einer ebenen Fl\u00e4che umgeben ist, auf der Getr\u00e4nke, Snacks oder Dekoartikel abgestellt werden k\u00f6nnen.<\/p>\n<h2>Erdgas-Feuertisch Hauptmerkmale:<\/h2>\n<p>1. Material: Zu den g\u00e4ngigen Materialien geh\u00f6ren Aluminium, Stahl, Weidengeflecht, Beton und Stein, die sich alle in ihrer \u00c4sthetik und Haltbarkeit f\u00fcr den Au\u00dfenbereich unterscheiden.<br \/>\n2. Feuermittel: Der Feuerbereich wird oft mit Feuerglas, Lavasteinen oder Keramikscheiten dekoriert, um ihn optisch aufzuwerten.<br \/>\n3. Kraftstofftyp:<br \/>\nPropan: Erfordert einen Propantank, der oft unter dem Tisch gelagert wird.<br \/>\nErdgas: In der Regel wird eine direkte Gasleitung angeschlossen und ist daher dauerhafter.<br \/>\n4. Platz auf dem Tisch: Der \u00e4u\u00dfere Rand des Feuerstellentisches dient als funktionale Tischfl\u00e4che und bietet Platz, um Gegenst\u00e4nde abzustellen, w\u00e4hrend du das Feuer genie\u00dft.<br \/>\n5. Z\u00fcndung: Die meisten Modelle verf\u00fcgen \u00fcber ein einfach zu bedienendes Z\u00fcndsystem (Druckknopf oder elektronisch).<br \/>\n6. Heizleistung (BTUs): Die Heizleistung variiert, wobei h\u00f6here BTU-Werte mehr W\u00e4rme f\u00fcr gr\u00f6\u00dfere R\u00e4ume liefern.<\/p>\n<p>Vorteile:<br \/>\nMultifunktional: Kann sowohl als Feuerstelle als auch als Tisch zur Unterhaltung verwendet werden.<br \/>\nEinfach zu starten und zu steuern: Schalte das Feuer mit einem Schalter oder Drehknopf ein und aus.<br \/>\nWeniger Wartung: Im Gegensatz zu herk\u00f6mmlichen Feuerstellen musst du keine Asche oder Holzreste wegr\u00e4umen.<br \/>\nElegantes Design: Viele Modelle haben ein modernes Design, das die \u00c4sthetik von Au\u00dfenbereichen verbessert.<\/p>\n<p>\u00dcberlegungen:<br \/>\nGr\u00f6\u00dfe: Achte darauf, dass der Tisch bequem in deinen Au\u00dfenbereich passt, ohne ihn zu \u00fcberf\u00fcllen.<br \/>\nWitterungsbest\u00e4ndigkeit: Achte auf Materialien, die der Witterung standhalten, oder investiere in eine Abdeckung zum Schutz.<br \/>\nW\u00e4rmeradius: Je nach Gr\u00f6\u00dfe und BTU-Wert heizt der Feuerstellentisch einen bestimmten Bereich. \u00dcberlege dir, ob das f\u00fcr deine Bed\u00fcrfnisse ausreichend ist.<\/p>\n<table class=\"has-title all magic-6\">\n<tbody>\n<tr>\n<td colspan=\"1\" rowspan=\"1\">\n<div class=\"magic-7\" data-spm-anchor-id=\"a2700.details.0.i38.476a7509rg8LcG\">Produktname<\/div>\n<\/td>\n<td colspan=\"1\" rowspan=\"1\">\n<div class=\"magic-8\">Langlebige Outdoor-Heizung Feuer Holzkohle Metall Natur Gas In Outdoor-Feuergrube<\/div>\n<\/td>\n<\/tr>\n<tr>\n<td colspan=\"1\" rowspan=\"1\">\n<div class=\"magic-7\">Material<\/div>\n<\/td>\n<td colspan=\"1\" rowspan=\"1\">\n<div class=\"magic-8\">Cortenstahl, rostfreier Stahl<\/div>\n<\/td>\n<\/tr>\n<tr>\n<td colspan=\"1\" rowspan=\"1\">\n<div class=\"magic-7\">Gr\u00f6\u00dfe<\/div>\n<\/td>\n<td colspan=\"1\" rowspan=\"1\">\n<div class=\"magic-8\">800*800*400 oder individuell<\/div>\n<\/td>\n<\/tr>\n<tr>\n<td colspan=\"1\" rowspan=\"1\">\n<div class=\"magic-7\">Oberfl\u00e4che<\/div>\n<\/td>\n<td colspan=\"1\" rowspan=\"1\">\n<div class=\"magic-8\">Pulverbeschichtung schwarz<\/div>\n<\/td>\n<\/tr>\n<tr>\n<td colspan=\"1\" rowspan=\"1\">\n<div class=\"magic-7\">Technologie<\/div>\n<\/td>\n<td colspan=\"1\" rowspan=\"1\">\n<div class=\"magic-8\">\u00a0Laserschneiden, Biegen, Stanzen, Schwei\u00dfen, Verwittern<\/div>\n<\/td>\n<\/tr>\n<tr>\n<td colspan=\"1\" rowspan=\"1\">\n<div class=\"magic-7\">Bewerbung<\/div>\n<\/td>\n<td colspan=\"1\" rowspan=\"1\">\n<div class=\"magic-8\">Dekoration f\u00fcr drau\u00dfen oder den Innenhof<\/div>\n<\/td>\n<\/tr>\n<\/tbody>\n<\/table>\n<figure style=\"width: 700px\" class=\"wp-caption alignnone\"><a href=\"https:\/\/keweicorten.com\/de_ch_informal\"><img fetchpriority=\"high\" decoding=\"async\" title=\"Feuerstelle auf dem Tisch\" src=\"https:\/\/sc04.alicdn.com\/kf\/H2922166013fd43e4ae1450eaa5391c06A\/252624420\/H2922166013fd43e4ae1450eaa5391c06A.jpg\" alt=\"\" width=\"700\" height=\"700\" \/><\/a><figcaption class=\"wp-caption-text\">Feuerstelle auf dem Tisch<\/figcaption><\/figure>","protected":false},"excerpt":{"rendered":"<p>An outdoor gas fire pit table is a multifunctional piece of outdoor furniture that combines the warmth and ambiance of a fire pit with the practicality of a table. It runs on either propane or natural gas, making it cleaner and more convenient than wood-burning fire pits. These tables often feature a fire pit in [&hellip;]<\/p>","protected":false},"featured_media":1271,"comment_status":"open","ping_status":"closed","template":"","meta":{"_eb_attr":"","_monsterinsights_skip_tracking":false,"_monsterinsights_sitenote_active":false,"_monsterinsights_sitenote_note":"","_monsterinsights_sitenote_category":0,"_uf_show_specific_survey":0,"_uf_disable_surveys":false},"product_brand":[],"product_cat":[55],"product_tag":[],"class_list":{"0":"post-1269","1":"product","2":"type-product","3":"status-publish","4":"has-post-thumbnail","6":"product_cat-gas-fire-pit","8":"first","9":"instock","10":"shipping-taxable","11":"product-type-simple"},"_links":{"self":[{"href":"https:\/\/keweicorten.com\/de_ch_informal\/wp-json\/wp\/v2\/product\/1269"}],"collection":[{"href":"https:\/\/keweicorten.com\/de_ch_informal\/wp-json\/wp\/v2\/product"}],"about":[{"href":"https:\/\/keweicorten.com\/de_ch_informal\/wp-json\/wp\/v2\/types\/product"}],"replies":[{"embeddable":true,"href":"https:\/\/keweicorten.com\/de_ch_informal\/wp-json\/wp\/v2\/comments?post=1269"}],"version-history":[{"count":1,"href":"https:\/\/keweicorten.com\/de_ch_informal\/wp-json\/wp\/v2\/product\/1269\/revisions"}],"predecessor-version":[{"id":1272,"href":"https:\/\/keweicorten.com\/de_ch_informal\/wp-json\/wp\/v2\/product\/1269\/revisions\/1272"}],"wp:featuredmedia":[{"embeddable":true,"href":"https:\/\/keweicorten.com\/de_ch_informal\/wp-json\/wp\/v2\/media\/1271"}],"wp:attachment":[{"href":"https:\/\/keweicorten.com\/de_ch_informal\/wp-json\/wp\/v2\/media?parent=1269"}],"wp:term":[{"taxonomy":"product_brand","embeddable":true,"href":"https:\/\/keweicorten.com\/de_ch_informal\/wp-json\/wp\/v2\/product_brand?post=1269"},{"taxonomy":"product_cat","embeddable":true,"href":"https:\/\/keweicorten.com\/de_ch_informal\/wp-json\/wp\/v2\/product_cat?post=1269"},{"taxonomy":"product_tag","embeddable":true,"href":"https:\/\/keweicorten.com\/de_ch_informal\/wp-json\/wp\/v2\/product_tag?post=1269"}],"curies":[{"name":"wp","href":"https:\/\/api.w.org\/{rel}","templated":true}]}}