{"id":1273,"date":"2024-09-19T07:42:09","date_gmt":"2024-09-19T07:42:09","guid":{"rendered":"https:\/\/keweicorten.com\/?post_type=product&#038;p=1273"},"modified":"2025-01-15T06:26:29","modified_gmt":"2025-01-15T06:26:29","slug":"gasfeuergrube","status":"publish","type":"product","link":"https:\/\/keweicorten.com\/de_ch_informal\/gasfeuergrube\/","title":{"rendered":"Gartentisch mit Feuerstelle"},"content":{"rendered":"<table class=\"has-title all magic-16\" style=\"height: 272px;\" width=\"773\">\n<tbody>\n<tr>\n<td colspan=\"2\" rowspan=\"1\">\n<div class=\"magic-17\"><b><span class=\"magic-18\" style=\"color: #000000;\" data-spm-anchor-id=\"a2700.details.0.i40.6b724b3bPgup84\">Spezifikationen<\/span><\/b><\/div>\n<\/td>\n<\/tr>\n<tr>\n<td colspan=\"1\" rowspan=\"1\">\n<div class=\"magic-21\"><span class=\"magic-11\" style=\"color: #000000;\">Produktname<\/span><\/div>\n<\/td>\n<td colspan=\"1\" rowspan=\"1\">\n<div class=\"magic-22\"><span class=\"magic-11\" style=\"color: #000000;\">Rechteckige Metall-Feuerstelle Propan Gartenheizung Feuerstelle Gro\u00dfe Gasheizungen Cortenstahl-Gas-Feuerstelle<\/span><\/div>\n<\/td>\n<\/tr>\n<tr>\n<td colspan=\"1\" rowspan=\"1\">\n<div class=\"magic-21\"><span class=\"magic-11\" style=\"color: #000000;\">Markenname<\/span><\/div>\n<\/td>\n<td colspan=\"1\" rowspan=\"1\">\n<div class=\"magic-22\"><span class=\"magic-11\" style=\"color: #000000;\">SHKW Corten Garten<\/span><\/div>\n<\/td>\n<\/tr>\n<tr>\n<td colspan=\"1\" rowspan=\"1\">\n<div class=\"magic-21\"><span class=\"magic-11\" style=\"color: #000000;\">Modellnummer<\/span><\/div>\n<\/td>\n<td colspan=\"1\" rowspan=\"1\">SHKW-FP-01<\/td>\n<\/tr>\n<tr>\n<td colspan=\"1\" rowspan=\"1\">\n<div class=\"magic-21\"><span class=\"magic-11\" style=\"color: #000000;\">Material<\/span><\/div>\n<\/td>\n<td colspan=\"1\" rowspan=\"1\">\n<div class=\"magic-22\"><span class=\"magic-11\" style=\"color: #000000;\">Cortenstahl \/ Wetterfester Stahl<\/span><\/div>\n<\/td>\n<\/tr>\n<tr>\n<td colspan=\"1\" rowspan=\"1\">\n<div class=\"magic-21\"><span class=\"magic-11\" style=\"color: #000000;\">Gr\u00f6\u00dfe<\/span><\/div>\n<\/td>\n<td colspan=\"1\" rowspan=\"1\">\n<div class=\"magic-22\"><span class=\"magic-11\" style=\"color: #000000;\">60\" X 16\" X 24 \"H (1500X 400 X 600H mm)<\/span><\/div>\n<\/td>\n<\/tr>\n<tr>\n<td colspan=\"1\" rowspan=\"1\">\n<div class=\"magic-21\"><span style=\"color: #000000;\">Gewicht<\/span><\/div>\n<\/td>\n<td colspan=\"1\" rowspan=\"1\">\n<div class=\"magic-22\"><span style=\"color: #000000;\">BIS ZU 108 KG (240 LBS)<\/span><\/div>\n<\/td>\n<\/tr>\n<tr>\n<td colspan=\"1\" rowspan=\"1\">\n<div class=\"magic-21\"><span class=\"magic-11\" style=\"color: #000000;\">Paket<\/span><\/div>\n<\/td>\n<td colspan=\"1\" rowspan=\"1\">\n<div class=\"magic-22\"><span class=\"magic-11\" style=\"color: #000000;\">Innen: Anti-Verschlei\u00df-Schaumstoffpapier, Au\u00dfen: Pappkarton<\/span><\/div>\n<\/td>\n<\/tr>\n<tr>\n<td colspan=\"1\" rowspan=\"1\">\n<div class=\"magic-21\"><span class=\"magic-11\" style=\"color: #000000;\">Oberfl\u00e4chenbehandlung<\/span><\/div>\n<\/td>\n<td colspan=\"1\" rowspan=\"1\">\n<div class=\"magic-22\"><span class=\"magic-11\" style=\"color: #000000;\">Vorgerostet, kann angepasst werden<\/span><\/div>\n<\/td>\n<\/tr>\n<tr>\n<td colspan=\"1\" rowspan=\"1\">\n<div class=\"magic-21\"><span class=\"magic-11\" style=\"color: #000000;\">MOQ<\/span><\/div>\n<\/td>\n<td colspan=\"1\" rowspan=\"1\">\n<div class=\"magic-22\"><span class=\"magic-11\" style=\"color: #000000;\">1 St\u00fcck<\/span><\/div>\n<\/td>\n<\/tr>\n<\/tbody>\n<\/table>\n<h2><a href=\"https:\/\/keweicorten.com\/de_ch_informal\/produkt-kategorie\/feuergrube\/\">Gartentisch mit Feuerstelle:<\/a><\/h2>\n<p><span style=\"color: #000000;\" data-spm-anchor-id=\"a2700.details.0.i41.6b724b3bPgup84\">Die wartungsfreie Oberfl\u00e4che von Cortenstahl sorgt f\u00fcr eine erdige und moderne \u00c4sthetik, die ebenso praktisch wie sch\u00f6n ist.<\/span><span style=\"color: #000000;\">Es entsteht eine stabile rost\u00e4hnliche Schicht, die sich st\u00e4ndig regeneriert und den Stahl vor Korrosion sch\u00fctzt.<\/span><\/p>\n<p><a href=\"https:\/\/keweicorten.com\/de_ch_informal\/produkt\/rechteckige-feuerstelle\/\"><strong>Gartentisch mit Feuerstelle Material<\/strong><\/a>: Beliebte Materialien sind Metall (Aluminium oder Stahl), Holz, Beton und Weidengeflecht, die sich alle durch unterschiedliche Haltbarkeit und Stil auszeichnen.<\/p>\n<ul>\n<li><strong>Feuerstelleneinsatz<\/strong>: Die <a href=\"https:\/\/keweicorten.com\/de_ch_informal\/produkt\/gas-feuerstellentisch-fur-drausen\/\">Gartentisch mit Feuerstelle<\/a> befindet sich in der Regel in der Mitte, umgeben von einer Tischplatte zum Abstellen von Getr\u00e4nken oder Tellern.<\/li>\n<li><strong>Kraftstofftyp<\/strong>:<strong>Propan<\/strong>: Propangasflaschen sind normalerweise unter dem Tisch versteckt.\/<strong>Erdgas<\/strong>: Erfordert einen Anschluss an eine Gasleitung, was eine dauerhaftere Installation ist.<\/li>\n<li><strong>Abdeckung Optionen<\/strong>: Viele werden mit einem Deckel geliefert, der die Feuerstelle abdeckt, wenn sie nicht benutzt wird, und sie in einen vollwertigen Tisch verwandelt.<\/li>\n<li><strong>Brandmedien<\/strong>: Dekorative Materialien wie Feuerglas, Lavasteine oder k\u00fcnstliche Holzscheite werden verwendet, um den Brenner abzudecken und die \u00c4sthetik des Feuers zu verbessern.<\/li>\n<li><strong>Windschutzvorrichtungen<\/strong>: Einige Modelle sind mit einem Windschutz aus geh\u00e4rtetem Glas ausgestattet, um die Flammen zu sch\u00fctzen und die Sicherheit zu erh\u00f6hen.<\/li>\n<\/ul>\n<figure style=\"width: 697px\" class=\"wp-caption alignnone\"><a href=\"https:\/\/keweicorten.com\/de_ch_informal\/kontaktiere-uns\/\"><img fetchpriority=\"high\" decoding=\"async\" title=\"Propan-Feuerstelle im Freien\" src=\"https:\/\/sc04.alicdn.com\/kf\/H3083ba8bd2604171bff24aba76e05ef1B\/235950374\/H3083ba8bd2604171bff24aba76e05ef1B.jpg\" alt=\"\" width=\"697\" height=\"395\" \/><\/a><figcaption class=\"wp-caption-text\">Propan-Feuerstelle im Freien<\/figcaption><\/figure>\n<figure style=\"width: 698px\" class=\"wp-caption alignnone\"><a href=\"https:\/\/keweicorten.com\/de_ch_informal\"><img decoding=\"async\" title=\"Tisch mit Feuer\" src=\"https:\/\/sc04.alicdn.com\/kf\/H379da3bd015940f981085f8baef0f0a0E\/252669402\/H379da3bd015940f981085f8baef0f0a0E.jpg\" alt=\"\" width=\"698\" height=\"464\" \/><\/a><figcaption class=\"wp-caption-text\">Tisch mit Feuer<\/figcaption><\/figure>\n<p><span style=\"color: #000000;\" data-spm-anchor-id=\"a2700.details.0.i44.6b724b3bPgup84\">Geformt aus 3 mm dickem Cortenstahl. Kann mit unserem Brenner-Kit entweder mit Erdgas oder Propan betrieben werden.\u00a0<\/span><\/p>\n<div><span style=\"color: #000000;\">\u00a0<\/span><\/div>\n<div><span style=\"color: #000000;\">Gnee Garden hat viel Erfahrung im Entwerfen und Herstellen von Feuerstellen aus Cortenstahl f\u00fcr viele Arten von Projekten, ob gro\u00df oder klein.<\/span><\/div>\n<p>A <strong>Gartentisch mit einer Feuerstelle<\/strong> ist ein vielseitiges Outdoor-M\u00f6belst\u00fcck, das die Funktionalit\u00e4t eines Ess- oder Couchtisches mit der W\u00e4rme und dem Ambiente einer Feuerstelle kombiniert. Er eignet sich perfekt, um eine gem\u00fctliche Atmosph\u00e4re im Garten, auf der Terrasse oder im Freien zu schaffen und bietet sowohl einen stilvollen Mittelpunkt als auch eine praktische L\u00f6sung f\u00fcr die Unterhaltung im Freien.<\/p>","protected":false},"excerpt":{"rendered":"<article class=\"w-full text-token-text-primary focus-visible:outline-2 focus-visible:outline-offset-[-4px]\" dir=\"auto\" data-testid=\"conversation-turn-7\" data-scroll-anchor=\"false\">\n<div class=\"text-base py-[18px] px-3 md:px-4 m-auto w-full md:px-5 lg:px-4 xl:px-5\">\n<div class=\"mx-auto flex flex-1 gap-4 text-base md:gap-5 lg:gap-6 md:max-w-3xl lg:max-w-[40rem] xl:max-w-[48rem]\">\n<div class=\"group\/conversation-turn relative flex w-full min-w-0 flex-col\">\n<div class=\"flex-col gap-1 md:gap-3\">\n<div class=\"flex max-w-full flex-col flex-grow\">\n<div class=\"min-h-[20px] text-message flex w-full flex-col items-end gap-2 whitespace-normal break-words [.text-message+&amp;]:mt-5\" dir=\"auto\" data-message-author-role=\"user\" data-message-id=\"aaa23168-7d7c-42a1-a907-17fd9ddb6c5a\">\n<div class=\"flex w-full flex-col gap-1 empty:hidden items-end rtl:items-start\">\n<div class=\"relative max-w-[70%] rounded-3xl px-5 py-2.5 bg-[#f4f4f4] dark:bg-token-main-surface-secondary\">\n<div class=\"whitespace-pre-wrap\">Rechteckiger Esstisch f\u00fcr die Feuerstelle: Diese Tische sind ideal f\u00fcr gr\u00f6\u00dfere Versammlungen. Sie bieten Platz f\u00fcr mehrere Personen und sorgen gleichzeitig f\u00fcr W\u00e4rme.<\/div>\n<div class=\"absolute bottom-0 right-full top-0 -mr-3.5 hidden pr-5 pt-1 [.group\\\/conversation-turn:hover_&amp;]:block\"><\/div>\n<\/div>\n<\/div>\n<\/div>\n<\/div>\n<\/div>\n<\/div>\n<\/div>\n<\/div>\n<\/article>\n<article class=\"w-full text-token-text-primary focus-visible:outline-2 focus-visible:outline-offset-[-4px]\" dir=\"auto\" data-testid=\"conversation-turn-8\" data-scroll-anchor=\"true\">\n<h6 class=\"sr-only\"><\/h6>\n<\/article>","protected":false},"featured_media":1275,"comment_status":"open","ping_status":"closed","template":"","meta":{"_eb_attr":"","_monsterinsights_skip_tracking":false,"_monsterinsights_sitenote_active":false,"_monsterinsights_sitenote_note":"","_monsterinsights_sitenote_category":0,"_uf_show_specific_survey":0,"_uf_disable_surveys":false},"product_brand":[],"product_cat":[55],"product_tag":[],"class_list":{"0":"post-1273","1":"product","2":"type-product","3":"status-publish","4":"has-post-thumbnail","6":"product_cat-gas-fire-pit","8":"first","9":"instock","10":"shipping-taxable","11":"product-type-simple"},"_links":{"self":[{"href":"https:\/\/keweicorten.com\/de_ch_informal\/wp-json\/wp\/v2\/product\/1273"}],"collection":[{"href":"https:\/\/keweicorten.com\/de_ch_informal\/wp-json\/wp\/v2\/product"}],"about":[{"href":"https:\/\/keweicorten.com\/de_ch_informal\/wp-json\/wp\/v2\/types\/product"}],"replies":[{"embeddable":true,"href":"https:\/\/keweicorten.com\/de_ch_informal\/wp-json\/wp\/v2\/comments?post=1273"}],"version-history":[{"count":1,"href":"https:\/\/keweicorten.com\/de_ch_informal\/wp-json\/wp\/v2\/product\/1273\/revisions"}],"predecessor-version":[{"id":1276,"href":"https:\/\/keweicorten.com\/de_ch_informal\/wp-json\/wp\/v2\/product\/1273\/revisions\/1276"}],"wp:featuredmedia":[{"embeddable":true,"href":"https:\/\/keweicorten.com\/de_ch_informal\/wp-json\/wp\/v2\/media\/1275"}],"wp:attachment":[{"href":"https:\/\/keweicorten.com\/de_ch_informal\/wp-json\/wp\/v2\/media?parent=1273"}],"wp:term":[{"taxonomy":"product_brand","embeddable":true,"href":"https:\/\/keweicorten.com\/de_ch_informal\/wp-json\/wp\/v2\/product_brand?post=1273"},{"taxonomy":"product_cat","embeddable":true,"href":"https:\/\/keweicorten.com\/de_ch_informal\/wp-json\/wp\/v2\/product_cat?post=1273"},{"taxonomy":"product_tag","embeddable":true,"href":"https:\/\/keweicorten.com\/de_ch_informal\/wp-json\/wp\/v2\/product_tag?post=1273"}],"curies":[{"name":"wp","href":"https:\/\/api.w.org\/{rel}","templated":true}]}}