{"id":1277,"date":"2024-09-19T08:11:50","date_gmt":"2024-09-19T08:11:50","guid":{"rendered":"https:\/\/keweicorten.com\/?post_type=product&#038;p=1277"},"modified":"2025-01-15T06:26:18","modified_gmt":"2025-01-15T06:26:18","slug":"feuerschussel","status":"publish","type":"product","link":"https:\/\/keweicorten.com\/de_ch_informal\/feuerschussel\/","title":{"rendered":"Feuerschale aus Corten"},"content":{"rendered":"<h2><b data-spm-anchor-id=\"a2700.details.0.i38.54803c56Fst1G1\">\u00a0Cortenstahl-Feuerstelle im Freien Schale Design <\/b><\/h2>\n<div>Die Garden Corten Steel Wood Burning Fire Pit Schale ist eine hervorragende Wahl, wenn es darum geht, W\u00e4rme und Atmosph\u00e4re im Au\u00dfenbereich zu schaffen und gleichzeitig einen raffinierten, rustikalen Look zu kreieren, der der umgebenden Landschaft Charakter verleiht.Die Garden Fire Pit Schale ist mehr als nur eine typische Feuerstelle; sie ist auch ein Kunstwerk.<\/div>\n<div>Diese Feuerschalen gibt es in verschiedenen Formen und Gr\u00f6\u00dfen f\u00fcr unterschiedliche Au\u00dfenbereiche, und sie sind leicht zu pflegen, was sie zu einer beliebten Wahl f\u00fcr Outdoor-Liebhaber macht.<\/div>\n<div>\n<table class=\"all magic-16\" style=\"height: 216px;\" width=\"816\">\n<tbody>\n<tr>\n<td colspan=\"1\" rowspan=\"1\">\n<div class=\"magic-17\" data-spm-anchor-id=\"a2700.details.0.i44.54803c56Fst1G1\">Produktname<\/div>\n<\/td>\n<td colspan=\"4\" rowspan=\"1\">\n<div class=\"magic-18\">Gartendekoration Tragbare rauchfreie Feuerstelle Stahl Feuerschale Outdoor Corten Stahl Feuerstelle Design<\/div>\n<\/td>\n<\/tr>\n<tr>\n<td colspan=\"1\" rowspan=\"1\">\n<div class=\"magic-17\">Material<\/div>\n<\/td>\n<td colspan=\"4\" rowspan=\"1\">\n<div class=\"magic-18\">Corten\/Wetterfester Stahl<\/div>\n<\/td>\n<\/tr>\n<tr>\n<td colspan=\"1\" rowspan=\"1\">\n<div class=\"magic-17\">Oberfl\u00e4chenbehandlung<\/div>\n<\/td>\n<td colspan=\"4\" rowspan=\"1\">\n<div class=\"magic-18\">Vorgerostet, je nach Anforderung<\/div>\n<\/td>\n<\/tr>\n<tr>\n<td colspan=\"1\" rowspan=\"1\">\n<div class=\"magic-17\">Gr\u00f6\u00dfe<\/div>\n<\/td>\n<td colspan=\"4\" rowspan=\"1\">\n<div class=\"magic-21\">\n<p>Durchmesser: 800mm-1200mm<\/p>\n<div data-spm-anchor-id=\"a2700.pc-decorate.0.i14.1ac93333diqBDj\">Dicke: 3mm, kundenspezifisch<\/div>\n<\/div>\n<\/td>\n<\/tr>\n<tr>\n<td colspan=\"1\" rowspan=\"1\">\n<div class=\"magic-22\">Feature<\/div>\n<\/td>\n<td colspan=\"4\" rowspan=\"1\">\n<div class=\"magic-21\">Stabiles Design, leicht zu montieren, hochtemperaturbest\u00e4ndig<\/div>\n<\/td>\n<\/tr>\n<tr>\n<td colspan=\"1\" rowspan=\"1\">\n<div class=\"magic-22\">Zus\u00e4tzlicher Service<\/div>\n<\/td>\n<td colspan=\"1\" rowspan=\"1\">\n<div class=\"magic-21\">Jede Feuerschale kann auf der Grundlage von Design, Zeichnung, Muster und detaillierten Anforderungen des Kunden hergestellt werden.<\/div>\n<\/td>\n<\/tr>\n<\/tbody>\n<\/table>\n<\/div>\n<div><a href=\"https:\/\/keweicorten.com\/de_ch_informal\"><img fetchpriority=\"high\" decoding=\"async\" class=\"alignnone\" title=\"Feuergrube\" src=\"https:\/\/sc04.alicdn.com\/kf\/H98c98f834b0941fe86f09cf240438fe2D\/252583075\/H98c98f834b0941fe86f09cf240438fe2D.jpg\" alt=\"\" width=\"676\" height=\"676\" \/><\/a><\/div>\n<div>\n<h2>Eigenschaften von Corten Feuerschalen:<\/h2>\n<ol>\n<li><strong>Material<\/strong>: Cortenstahl entwickelt mit der Zeit eine rost\u00e4hnliche Patina, die ihm ein einzigartiges, strukturiertes Aussehen verleiht, das sich gut in die nat\u00fcrliche Umgebung einf\u00fcgt.<\/li>\n<li><strong>Langlebigkeit<\/strong>: Der Stahl ist korrosions- und witterungsbest\u00e4ndig und eignet sich daher f\u00fcr den ganzj\u00e4hrigen Einsatz im Freien.<\/li>\n<li><strong>Entwurf<\/strong>: Corten-Feuerschalen gibt es in verschiedenen Formen und Gr\u00f6\u00dfen, oft mit minimalistischem Design, das jeden Au\u00dfenbereich \u00e4sthetisch aufwertet.<\/li>\n<li><strong>Funktionsweise<\/strong>: Sie k\u00f6nnen sowohl zum Kochen als auch zum Heizen verwendet werden und bieten W\u00e4rme und einen zentralen Sammelpunkt f\u00fcr Aktivit\u00e4ten im Freien.<\/li>\n<\/ol>\n<\/div>\n<div><\/div>\n<div>\n<figure style=\"width: 675px\" class=\"wp-caption alignnone\"><a href=\"https:\/\/keweicorten.com\/de_ch_informal\/kontaktiere-uns\/\"><img decoding=\"async\" title=\"Feuergrube\" src=\"https:\/\/sc04.alicdn.com\/kf\/Hc05888b8a84f48d7891b9c11c4d261b9Q\/252583075\/Hc05888b8a84f48d7891b9c11c4d261b9Q.jpg\" alt=\"\" width=\"675\" height=\"675\" \/><\/a><figcaption class=\"wp-caption-text\">Feuergrube<\/figcaption><\/figure>\n<\/div>\n<div>\n<h2>Vorteile von Corten Feuerschalen:<\/h2>\n<ul>\n<li><strong>Einzigartige \u00c4sthetik<\/strong>: Der rustikale Look von Cortenstahl verleiht deinem Garten oder deiner Terrasse Charakter und Eleganz.<\/li>\n<li><strong>Geringe Wartung<\/strong>: Im Gegensatz zu Feuerstellen aus Holz m\u00fcssen Corten-Feuerschalen nur minimal gepflegt werden.<\/li>\n<li><strong>Vielseitigkeit<\/strong>: Viele Modelle k\u00f6nnen auch als Tisch genutzt werden, wenn sie nicht f\u00fcr ein Feuer gebraucht werden.<\/li>\n<\/ul>\n<\/div>\n<div>\n<figure style=\"width: 673px\" class=\"wp-caption alignnone\"><a href=\"https:\/\/keweicorten.com\/de_ch_informal\"><img decoding=\"async\" title=\"Corten-Kamin\" src=\"https:\/\/sc04.alicdn.com\/kf\/H98c98f834b0941fe86f09cf240438fe2D\/252583075\/H98c98f834b0941fe86f09cf240438fe2D.jpg\" alt=\"\" width=\"673\" height=\"673\" \/><\/a><figcaption class=\"wp-caption-text\">Corten-Kamin<\/figcaption><\/figure>\n<\/div>\n<div>\n<div class=\"J_module\">\n<div class=\"detail-decorate-json-renderer-container\">\n<div class=\"magic-4\">\n<div class=\"magic-5\">\n<div class=\"magic-6\">\n<div class=\"magic-7\">\n<p><b data-spm-anchor-id=\"a2700.details.0.i45.54803c56Fst1G1\">Holzbefeuerte Cortenstahl-Feuerschale f\u00fcr drau\u00dfen<\/b><\/p>\n<div>\n<p>Wood Burning Fire Pit ist ein breites, flaches Gef\u00e4\u00df aus 3\/16\" (5 mm) Corten-Stahl, auch bekannt als Wetterstahl. Das macht diese Feuerstelle nicht nur extrem langlebig, sondern verleiht ihr auch einen ganz eigenen Stil, der sie von allen anderen Feuerstellen unterscheidet.<\/p>\n<div><\/div>\n<div><span data-spm-anchor-id=\"a2700.details.0.i46.54803c56Fst1G1\">Diese Art von Stahl ver\u00e4ndert sich im Laufe der Jahre leicht, was ihm einen noch einzigartigeren verwitterten Look verleiht, der sehr begehrt ist. Die Patina erreicht ihren H\u00f6hepunkt nach 2 bis 4 Jahren und bleibt dann in diesem Zustand, ohne sich gro\u00df zu ver\u00e4ndern.<\/span><\/div>\n<\/div>\n<\/div>\n<\/div>\n<\/div>\n<\/div>\n<\/div>\n<\/div>\n<div class=\"J_module\">\n<div class=\"icbu-pc-images magic-1\">\n<div>\n<div class=\"flex-layout-v\">\n<div class=\"flex-layout-h magic-1\">\n<div class=\"magic-26\"><a href=\"https:\/\/kwijbl.en.alibaba.com\/\" target=\"_blank\" rel=\"noopener nofollow\"><img decoding=\"async\" class=\"magic-27\" src=\"https:\/\/sc04.alicdn.com\/kf\/Hd5663bf2cbbf4b99aabdba5721ae9d7bL\/252583075\/Hd5663bf2cbbf4b99aabdba5721ae9d7bL.jpg\" data-src=\"\/\/sc04.alicdn.com\/kf\/Hd5663bf2cbbf4b99aabdba5721ae9d7bL\/252583075\/Hd5663bf2cbbf4b99aabdba5721ae9d7bL.jpg\" \/><\/a><\/div>\n<\/div>\n<\/div>\n<\/div>\n<\/div>\n<\/div>\n<\/div>","protected":false},"excerpt":{"rendered":"<p>Material: Witterungsbest\u00e4ndiger Stahl bildet eine sch\u00fctzende Oxidschicht, wenn er der Witterung ausgesetzt wird, um weitere Korrosion zu verhindern.<br \/>\nDesign: Feuerschalen aus verwittertem Stahl sind in der Regel einfach gestaltet und haben eine Vielzahl von Formen, die entweder als Feuerstellen oder als dekorative M\u00f6bel verwendet werden k\u00f6nnen.<br \/>\nLanglebigkeit: Wetterfester Stahl hat eine hohe Korrosionsbest\u00e4ndigkeit und eignet sich f\u00fcr den Einsatz im Freien, ohne dass du dich um die Auswirkungen von schlechtem Wetter sorgen musst.<br \/>\nVielseitigkeit: Nicht nur zum Heizen und Feiern, sondern auch zum Kochen im Freien<\/p>","protected":false},"featured_media":1278,"comment_status":"open","ping_status":"closed","template":"","meta":{"_eb_attr":"","_monsterinsights_skip_tracking":false,"_monsterinsights_sitenote_active":false,"_monsterinsights_sitenote_note":"","_monsterinsights_sitenote_category":0,"_uf_show_specific_survey":0,"_uf_disable_surveys":false},"product_brand":[],"product_cat":[54],"product_tag":[],"class_list":{"0":"post-1277","1":"product","2":"type-product","3":"status-publish","4":"has-post-thumbnail","6":"product_cat-wood-fire-pit","8":"first","9":"instock","10":"shipping-taxable","11":"product-type-simple"},"_links":{"self":[{"href":"https:\/\/keweicorten.com\/de_ch_informal\/wp-json\/wp\/v2\/product\/1277"}],"collection":[{"href":"https:\/\/keweicorten.com\/de_ch_informal\/wp-json\/wp\/v2\/product"}],"about":[{"href":"https:\/\/keweicorten.com\/de_ch_informal\/wp-json\/wp\/v2\/types\/product"}],"replies":[{"embeddable":true,"href":"https:\/\/keweicorten.com\/de_ch_informal\/wp-json\/wp\/v2\/comments?post=1277"}],"version-history":[{"count":2,"href":"https:\/\/keweicorten.com\/de_ch_informal\/wp-json\/wp\/v2\/product\/1277\/revisions"}],"predecessor-version":[{"id":1280,"href":"https:\/\/keweicorten.com\/de_ch_informal\/wp-json\/wp\/v2\/product\/1277\/revisions\/1280"}],"wp:featuredmedia":[{"embeddable":true,"href":"https:\/\/keweicorten.com\/de_ch_informal\/wp-json\/wp\/v2\/media\/1278"}],"wp:attachment":[{"href":"https:\/\/keweicorten.com\/de_ch_informal\/wp-json\/wp\/v2\/media?parent=1277"}],"wp:term":[{"taxonomy":"product_brand","embeddable":true,"href":"https:\/\/keweicorten.com\/de_ch_informal\/wp-json\/wp\/v2\/product_brand?post=1277"},{"taxonomy":"product_cat","embeddable":true,"href":"https:\/\/keweicorten.com\/de_ch_informal\/wp-json\/wp\/v2\/product_cat?post=1277"},{"taxonomy":"product_tag","embeddable":true,"href":"https:\/\/keweicorten.com\/de_ch_informal\/wp-json\/wp\/v2\/product_tag?post=1277"}],"curies":[{"name":"wp","href":"https:\/\/api.w.org\/{rel}","templated":true}]}}