{"id":1296,"date":"2024-09-20T07:01:54","date_gmt":"2024-09-20T07:01:54","guid":{"rendered":"https:\/\/keweicorten.com\/?post_type=product&#038;p=1296"},"modified":"2025-01-15T06:24:54","modified_gmt":"2025-01-15T06:24:54","slug":"gartenschirme-aus-corten","status":"publish","type":"product","link":"https:\/\/keweicorten.com\/de_ch_informal\/gartenschirme-aus-corten\/","title":{"rendered":"Gartenschirme aus Corten"},"content":{"rendered":"<h2>Die wichtigsten Merkmale von Corten-Gartenschirmen:<\/h2>\n<ol>\n<li><strong>Material<\/strong>:\n<ul>\n<li><strong>Cortenstahl<\/strong>: Cortenstahl ist f\u00fcr seine witterungsbest\u00e4ndigen Eigenschaften bekannt und bildet ein stabiles rost\u00e4hnliches Aussehen, nachdem er den Elementen ausgesetzt wurde. Diese Patina sch\u00fctzt den Stahl vor weiterer Korrosion und macht ihn ideal f\u00fcr den langfristigen Einsatz im Freien.<\/li>\n<li><strong>Geringe Wartung<\/strong>: Sobald sich die sch\u00fctzende Rostschicht gebildet hat, brauchen die Schirme nur noch wenig Pflege, da die Patina das darunter liegende Metall vor weiterem Verfall sch\u00fctzt.<\/li>\n<\/ul>\n<\/li>\n<li><strong>Entwurf<\/strong>:\n<ul>\n<li><strong>Gemusterte Ausschnitte<\/strong>: Corten-Gartenschirme weisen in der Regel komplizierte lasergeschnittene oder handgeschnittene Muster auf, die von abstrakten geometrischen Mustern bis zu von der Natur inspirierten Motiven wie Bl\u00e4ttern, B\u00e4umen oder Blumen reichen. Diese Ausschnitte lassen das Licht durch und sorgen f\u00fcr atemberaubende Schatten und visuelle Effekte.<\/li>\n<li><strong>Anpassbar<\/strong>: Viele Corten-Bildschirme k\u00f6nnen in Gr\u00f6\u00dfe, Muster und Form an individuelle Gestaltungsw\u00fcnsche angepasst werden.<\/li>\n<\/ul>\n<\/li>\n<li><strong>Verwendet<\/strong>:\n<ul>\n<li><strong>Sichtschutzw\u00e4nde<\/strong>: Mit Sichtschutzw\u00e4nden aus Corten lassen sich private Au\u00dfenbereiche schaffen, die Teile deines Gartens oder deiner Terrasse vor Blicken sch\u00fctzen und gleichzeitig durch die Ausschnitte ein offenes, luftiges Gef\u00fchl vermitteln.<\/li>\n<li><strong>Gartenteiler<\/strong>: Sie k\u00f6nnen auch als Trennw\u00e4nde dienen, um verschiedene Bereiche des Gartens f\u00fcr unterschiedliche Zwecke abzugrenzen (z. B. Ess-, Liege- oder Pflanzbereiche).<\/li>\n<li><strong>Dekorative Elemente<\/strong>: Neben ihrer praktischen Anwendung werden Corten-Screens oft auch aus rein \u00e4sthetischen Gr\u00fcnden verwendet, um deinem Au\u00dfenbereich ein k\u00fcnstlerisches Element zu verleihen.<\/li>\n<li><strong>Unterst\u00fctzung f\u00fcr Kletterpflanzen<\/strong>: Cortenschirme k\u00f6nnen auch als Spalier f\u00fcr Kletterpflanzen dienen, die ihren metallischen Look mit Gr\u00fcn untermalen.<\/li>\n<\/ul>\n<\/li>\n<li><strong>Wetterbest\u00e4ndigkeit<\/strong>:\n<ul>\n<li><strong>Langlebig unter allen Bedingungen<\/strong>: Der Verwitterungsprozess von Cortenstahl verleiht ihm seine Festigkeit, so dass Cortengitter Regen, Wind und Sonne standhalten k\u00f6nnen, ohne dass ihre Struktur Schaden nimmt.<\/li>\n<\/ul>\n<\/li>\n<li><strong>Gr\u00f6\u00dfen und Einbau<\/strong>:\n<ul>\n<li><strong>Vielseitigkeit<\/strong>: Corten-Gartenschirme gibt es in verschiedenen Gr\u00f6\u00dfen, die sich an unterschiedliche R\u00e4ume und Bed\u00fcrfnisse anpassen.<\/li>\n<li><strong>Freistehend oder an der Wand montiert<\/strong>: Sie k\u00f6nnen entweder als freistehende Schirme in den Boden eingelassen oder an bestehenden Strukturen wie Mauern oder Z\u00e4unen befestigt werden.<\/li>\n<\/ul>\n<\/li>\n<\/ol>\n<h2>Vorteile von Corten-Gartenschirmen:<\/h2>\n<ul>\n<li><strong>\u00c4sthetische Anziehungskraft<\/strong>: Das nat\u00fcrliche Rostfinish passt gut zu einer Vielzahl von Au\u00dfenbereichen und bietet einen warmen, erdigen Ton, der einen sch\u00f6nen Kontrast zu Gr\u00fcnpflanzen bildet.<\/li>\n<li><strong>Langlebigkeit<\/strong>: Corten-Gartenschirme halten den Elementen im Freien stand und sind eine langlebige Erg\u00e4nzung f\u00fcr jeden Garten.<\/li>\n<li><strong>Minimaler Unterhalt<\/strong>: Sobald sich die rostige Patina gebildet hat, brauchen die Schirme fast keine Pflege mehr.<\/li>\n<\/ul>\n<table border=\"1\" data-spm-anchor-id=\"a2700.details.0.i38.253559f23mRDXW\">\n<tbody>\n<tr>\n<td>Produktname<\/td>\n<td>\u00a0corten screens privacy steel corten screen manufacturer corten empty rust screen<\/td>\n<\/tr>\n<tr>\n<td>Material<\/td>\n<td>Cor-ten Stahl, Kohlenstoffstahl, Edelstahl<\/td>\n<\/tr>\n<tr>\n<td>Finish<\/td>\n<td>Rostig, Schwarz<\/td>\n<\/tr>\n<tr>\n<td>Normale Gr\u00f6\u00dfe<\/td>\n<td>38X15cm, 60X32cm, 48x24cm oder individuell<\/td>\n<\/tr>\n<tr>\n<td>Entwurf<\/td>\n<td>Benutzerdefiniert akzeptieren<\/td>\n<\/tr>\n<tr>\n<td>Bewerbung<\/td>\n<td>Rasendekoration im Freien<\/td>\n<\/tr>\n<\/tbody>\n<\/table>\n<figure style=\"width: 704px\" class=\"wp-caption alignnone\"><a href=\"https:\/\/keweicorten.com\/de_ch_informal\"><img fetchpriority=\"high\" decoding=\"async\" title=\"Cortengitter\" src=\"https:\/\/sc04.alicdn.com\/kf\/H73a20dbdfcdc4f58a6724b94790c8cb8Z\/272909659\/H73a20dbdfcdc4f58a6724b94790c8cb8Z.jpg\" alt=\"\" width=\"704\" height=\"704\" \/><\/a><figcaption class=\"wp-caption-text\">Cortengitter<\/figcaption><\/figure>","protected":false},"excerpt":{"rendered":"<p>Der Corten-Stahlschirm, den du hier siehst, ist aufgrund seines organischen Aussehens ein auff\u00e4lliger Blickfang f\u00fcr dein Haus und deinen Garten. Wenn er rostet, entwickelt Corten-Witterungsstahl eine satte, tiefbraun-rote Oxid-Oberfl\u00e4che, und es w\u00e4re eine tolle Sache, eine dekorative Skulptur hinzuzuf\u00fcgen, die deinen Garten oder dein Haus erg\u00e4nzt.<\/p>","protected":false},"featured_media":1297,"comment_status":"open","ping_status":"closed","template":"","meta":{"_eb_attr":"","_monsterinsights_skip_tracking":false,"_monsterinsights_sitenote_active":false,"_monsterinsights_sitenote_note":"","_monsterinsights_sitenote_category":0,"_uf_show_specific_survey":0,"_uf_disable_surveys":false},"product_brand":[],"product_cat":[57],"product_tag":[],"class_list":{"0":"post-1296","1":"product","2":"type-product","3":"status-publish","4":"has-post-thumbnail","6":"product_cat-screen-panel","8":"first","9":"instock","10":"shipping-taxable","11":"product-type-simple"},"_links":{"self":[{"href":"https:\/\/keweicorten.com\/de_ch_informal\/wp-json\/wp\/v2\/product\/1296"}],"collection":[{"href":"https:\/\/keweicorten.com\/de_ch_informal\/wp-json\/wp\/v2\/product"}],"about":[{"href":"https:\/\/keweicorten.com\/de_ch_informal\/wp-json\/wp\/v2\/types\/product"}],"replies":[{"embeddable":true,"href":"https:\/\/keweicorten.com\/de_ch_informal\/wp-json\/wp\/v2\/comments?post=1296"}],"version-history":[{"count":1,"href":"https:\/\/keweicorten.com\/de_ch_informal\/wp-json\/wp\/v2\/product\/1296\/revisions"}],"predecessor-version":[{"id":1298,"href":"https:\/\/keweicorten.com\/de_ch_informal\/wp-json\/wp\/v2\/product\/1296\/revisions\/1298"}],"wp:featuredmedia":[{"embeddable":true,"href":"https:\/\/keweicorten.com\/de_ch_informal\/wp-json\/wp\/v2\/media\/1297"}],"wp:attachment":[{"href":"https:\/\/keweicorten.com\/de_ch_informal\/wp-json\/wp\/v2\/media?parent=1296"}],"wp:term":[{"taxonomy":"product_brand","embeddable":true,"href":"https:\/\/keweicorten.com\/de_ch_informal\/wp-json\/wp\/v2\/product_brand?post=1296"},{"taxonomy":"product_cat","embeddable":true,"href":"https:\/\/keweicorten.com\/de_ch_informal\/wp-json\/wp\/v2\/product_cat?post=1296"},{"taxonomy":"product_tag","embeddable":true,"href":"https:\/\/keweicorten.com\/de_ch_informal\/wp-json\/wp\/v2\/product_tag?post=1296"}],"curies":[{"name":"wp","href":"https:\/\/api.w.org\/{rel}","templated":true}]}}