{"id":1327,"date":"2024-09-23T07:09:51","date_gmt":"2024-09-23T07:09:51","guid":{"rendered":"https:\/\/keweicorten.com\/?post_type=product&#038;p=1327"},"modified":"2024-09-23T07:09:51","modified_gmt":"2024-09-23T07:09:51","slug":"q550nh-cortenstahlblech","status":"publish","type":"product","link":"https:\/\/keweicorten.com\/de_ch_informal\/q550nh-cortenstahlblech\/","title":{"rendered":"Q550NH Corten Stahlplatte"},"content":{"rendered":"<p>Q550NH Cortenstahlblech ist ein weiterer hochfester, niedrig legierter Stahl (HSLA), der anderen Corten- oder wetterfesten Stahlsorten \u00e4hnelt, aber eine h\u00f6here Streckgrenze als Q450NQR1 aufweist. Er wurde speziell f\u00fcr strukturelle Anwendungen entwickelt, die sowohl Festigkeit als auch Korrosionsbest\u00e4ndigkeit unter atmosph\u00e4rischen Bedingungen erfordern.<\/p>\n<h2>Die wichtigsten Merkmale von Q550NH Corten Stahlblech:<\/h2>\n<p>1. Hohe Streckgrenze: Die Angabe \"550\" steht f\u00fcr eine Streckgrenze von 550 MPa und macht es ideal f\u00fcr den Einsatz im Schwerlastbereich.<br \/>\n2. Korrosionsbest\u00e4ndigkeit: Wie andere Cortenst\u00e4hle bildet auch der Q550NH eine stabile, selbstsch\u00fctzende Oxidschicht, wenn er Witterungseinfl\u00fcssen ausgesetzt wird, sodass weniger Anstriche oder Beschichtungen erforderlich sind.<br \/>\n3. Strapazierf\u00e4higkeit und Langlebigkeit: Geeignet f\u00fcr den Einsatz in rauen Umgebungen, z. B. in Industriegebieten und im Freien, wo Langlebigkeit entscheidend ist.<br \/>\n4. **Geringe Wartung: Die Rostschicht des verwitternden Stahls dient als Schutz und reduziert den Wartungsbedarf im Laufe der Zeit.<br \/>\n5. Verbesserte Schwei\u00dfbarkeit: Die Legierungszusammensetzung erleichtert das Schwei\u00dfen und macht es vielseitig in der Konstruktion und Fertigung einsetzbar.<\/p>\n<p>Typische Anwendungen:<br \/>\n- Br\u00fccken und St\u00fctzen<br \/>\n- Architektonische Elemente im Freien<br \/>\n- Strukturen f\u00fcr Garten und Landschaft<br \/>\n- Geb\u00e4udefassaden und Verkleidungen<br \/>\n- Industrielle Infrastruktur wie Silos, Schornsteine und Kraftwerke<br \/>\n- Schiffscontainer und Transportfahrzeuge<\/p>\n<p>Q550NH Corten-Stahlblech ist ideal, wenn hohe Festigkeit und Korrosionsbest\u00e4ndigkeit gleicherma\u00dfen wichtig sind. Lass es mich wissen, wenn du weitere Informationen oder Anwendungen m\u00f6chtest!<\/p>\n<table border=\"1\" width=\"747\" cellspacing=\"0\" cellpadding=\"0\">\n<tbody>\n<tr class=\"firstRow\">\n<td width=\"196\" height=\"27\">Ware<\/td>\n<td width=\"548\" height=\"27\">Cortenstahl Platte\/Blech\/Corten A\/B\/ SPA-H Cortenstahl Preis<\/td>\n<\/tr>\n<tr>\n<td width=\"196\" height=\"62\">Merkmal<\/td>\n<td width=\"548\" height=\"62\">Die Oberfl\u00e4che von Cortenstahl kann eine dunkelbraune Oxidationsschicht bilden, die ein tieferes Eindringen verhindert und so im Laufe der Jahre Kosten f\u00fcr Anstriche und kostspielige Rostschutzma\u00dfnahmen spart.<\/td>\n<\/tr>\n<tr>\n<td rowspan=\"3\" width=\"196\" height=\"79\">Gr\u00f6\u00dfe<\/td>\n<td width=\"548\" height=\"26\">Dicke: 1,6mm-80mm<\/td>\n<\/tr>\n<tr>\n<td width=\"548\" height=\"26\">Breite: 900mm-2100mm<\/td>\n<\/tr>\n<tr>\n<td width=\"548\" height=\"27\">L\u00e4nge: 1m-11,8m<\/td>\n<\/tr>\n<tr>\n<td rowspan=\"4\" width=\"196\" height=\"105\">Was wir liefern k\u00f6nnen<\/td>\n<td width=\"548\" height=\"26\">Coils direkt versorgen<\/td>\n<\/tr>\n<tr>\n<td width=\"548\" height=\"26\">Abhaspeln von Blechen je nach gew\u00fcnschter L\u00e4nge<\/td>\n<\/tr>\n<tr>\n<td width=\"548\" height=\"26\">Kann jede beliebige Form zuschneiden und nach der Zeichnung bearbeiten.<\/td>\n<\/tr>\n<tr>\n<td width=\"548\" height=\"27\">Kann runde, quadratische, rechteckige Rohre, Winkelstangen usw. schwei\u00dfen.<\/td>\n<\/tr>\n<tr>\n<td width=\"196\" height=\"27\">Zertifikat<\/td>\n<td width=\"548\" height=\"27\" data-spm-anchor-id=\"a2700.details.0.i74.5fe220238AtyJw\">ISO, SGS, MTC<\/td>\n<\/tr>\n<\/tbody>\n<\/table>\n<figure id=\"attachment_1331\" aria-describedby=\"caption-attachment-1331\" style=\"width: 434px\" class=\"wp-caption alignnone\"><img fetchpriority=\"high\" decoding=\"async\" class=\"wp-image-1331\" src=\"https:\/\/keweicorten.com\/wp-content\/uploads\/2024\/09\/\u8010\u5019\u94a2\u677f_\u8010\u5019\u94a2\u677f_\u5c71\u4e1c\u6c83\u5361\u91d1\u5c5e\u5236\u54c1\u6709\u9650\u516c\u53f8_3f14be75-300x300.jpg\" alt=\"\" width=\"434\" height=\"434\" srcset=\"https:\/\/keweicorten.com\/wp-content\/uploads\/2024\/09\/\u8010\u5019\u94a2\u677f_\u8010\u5019\u94a2\u677f_\u5c71\u4e1c\u6c83\u5361\u91d1\u5c5e\u5236\u54c1\u6709\u9650\u516c\u53f8_3f14be75-300x300.jpg 300w, https:\/\/keweicorten.com\/wp-content\/uploads\/2024\/09\/\u8010\u5019\u94a2\u677f_\u8010\u5019\u94a2\u677f_\u5c71\u4e1c\u6c83\u5361\u91d1\u5c5e\u5236\u54c1\u6709\u9650\u516c\u53f8_3f14be75-150x150.jpg 150w, https:\/\/keweicorten.com\/wp-content\/uploads\/2024\/09\/\u8010\u5019\u94a2\u677f_\u8010\u5019\u94a2\u677f_\u5c71\u4e1c\u6c83\u5361\u91d1\u5c5e\u5236\u54c1\u6709\u9650\u516c\u53f8_3f14be75-12x12.jpg 12w, https:\/\/keweicorten.com\/wp-content\/uploads\/2024\/09\/\u8010\u5019\u94a2\u677f_\u8010\u5019\u94a2\u677f_\u5c71\u4e1c\u6c83\u5361\u91d1\u5c5e\u5236\u54c1\u6709\u9650\u516c\u53f8_3f14be75-600x600.jpg 600w, https:\/\/keweicorten.com\/wp-content\/uploads\/2024\/09\/\u8010\u5019\u94a2\u677f_\u8010\u5019\u94a2\u677f_\u5c71\u4e1c\u6c83\u5361\u91d1\u5c5e\u5236\u54c1\u6709\u9650\u516c\u53f8_3f14be75-100x100.jpg 100w, https:\/\/keweicorten.com\/wp-content\/uploads\/2024\/09\/\u8010\u5019\u94a2\u677f_\u8010\u5019\u94a2\u677f_\u5c71\u4e1c\u6c83\u5361\u91d1\u5c5e\u5236\u54c1\u6709\u9650\u516c\u53f8_3f14be75.jpg 700w\" sizes=\"(max-width: 434px) 100vw, 434px\" \/><figcaption id=\"caption-attachment-1331\" class=\"wp-caption-text\">verwittertes Stahlblech<\/figcaption><\/figure>\n<figure id=\"attachment_1332\" aria-describedby=\"caption-attachment-1332\" style=\"width: 429px\" class=\"wp-caption alignnone\"><img decoding=\"async\" class=\"wp-image-1332\" src=\"https:\/\/keweicorten.com\/wp-content\/uploads\/2024\/09\/\u8010\u5019\u94a2\u677f_\u8010\u5019\u94a2\u677f_\u5c71\u4e1c\u6c83\u5361\u91d1\u5c5e\u5236\u54c1\u6709\u9650\u516c\u53f8_4b932984-300x300.jpg\" alt=\"\" width=\"429\" height=\"429\" srcset=\"https:\/\/keweicorten.com\/wp-content\/uploads\/2024\/09\/\u8010\u5019\u94a2\u677f_\u8010\u5019\u94a2\u677f_\u5c71\u4e1c\u6c83\u5361\u91d1\u5c5e\u5236\u54c1\u6709\u9650\u516c\u53f8_4b932984-300x300.jpg 300w, https:\/\/keweicorten.com\/wp-content\/uploads\/2024\/09\/\u8010\u5019\u94a2\u677f_\u8010\u5019\u94a2\u677f_\u5c71\u4e1c\u6c83\u5361\u91d1\u5c5e\u5236\u54c1\u6709\u9650\u516c\u53f8_4b932984-150x150.jpg 150w, https:\/\/keweicorten.com\/wp-content\/uploads\/2024\/09\/\u8010\u5019\u94a2\u677f_\u8010\u5019\u94a2\u677f_\u5c71\u4e1c\u6c83\u5361\u91d1\u5c5e\u5236\u54c1\u6709\u9650\u516c\u53f8_4b932984-12x12.jpg 12w, https:\/\/keweicorten.com\/wp-content\/uploads\/2024\/09\/\u8010\u5019\u94a2\u677f_\u8010\u5019\u94a2\u677f_\u5c71\u4e1c\u6c83\u5361\u91d1\u5c5e\u5236\u54c1\u6709\u9650\u516c\u53f8_4b932984-600x600.jpg 600w, https:\/\/keweicorten.com\/wp-content\/uploads\/2024\/09\/\u8010\u5019\u94a2\u677f_\u8010\u5019\u94a2\u677f_\u5c71\u4e1c\u6c83\u5361\u91d1\u5c5e\u5236\u54c1\u6709\u9650\u516c\u53f8_4b932984-100x100.jpg 100w, https:\/\/keweicorten.com\/wp-content\/uploads\/2024\/09\/\u8010\u5019\u94a2\u677f_\u8010\u5019\u94a2\u677f_\u5c71\u4e1c\u6c83\u5361\u91d1\u5c5e\u5236\u54c1\u6709\u9650\u516c\u53f8_4b932984.jpg 700w\" sizes=\"(max-width: 429px) 100vw, 429px\" \/><figcaption id=\"caption-attachment-1332\" class=\"wp-caption-text\">Cortenstahlplatte Preis<\/figcaption><\/figure>\n<figure id=\"attachment_1333\" aria-describedby=\"caption-attachment-1333\" style=\"width: 427px\" class=\"wp-caption alignnone\"><img decoding=\"async\" class=\"wp-image-1333\" src=\"https:\/\/keweicorten.com\/wp-content\/uploads\/2024\/09\/\u8010\u5019\u94a2\u677f_\u8010\u5019\u94a2\u677f_\u5c71\u4e1c\u6c83\u5361\u91d1\u5c5e\u5236\u54c1\u6709\u9650\u516c\u53f8_175f6748-300x300.jpg\" alt=\"\" width=\"427\" height=\"427\" srcset=\"https:\/\/keweicorten.com\/wp-content\/uploads\/2024\/09\/\u8010\u5019\u94a2\u677f_\u8010\u5019\u94a2\u677f_\u5c71\u4e1c\u6c83\u5361\u91d1\u5c5e\u5236\u54c1\u6709\u9650\u516c\u53f8_175f6748-300x300.jpg 300w, https:\/\/keweicorten.com\/wp-content\/uploads\/2024\/09\/\u8010\u5019\u94a2\u677f_\u8010\u5019\u94a2\u677f_\u5c71\u4e1c\u6c83\u5361\u91d1\u5c5e\u5236\u54c1\u6709\u9650\u516c\u53f8_175f6748-150x150.jpg 150w, https:\/\/keweicorten.com\/wp-content\/uploads\/2024\/09\/\u8010\u5019\u94a2\u677f_\u8010\u5019\u94a2\u677f_\u5c71\u4e1c\u6c83\u5361\u91d1\u5c5e\u5236\u54c1\u6709\u9650\u516c\u53f8_175f6748-12x12.jpg 12w, https:\/\/keweicorten.com\/wp-content\/uploads\/2024\/09\/\u8010\u5019\u94a2\u677f_\u8010\u5019\u94a2\u677f_\u5c71\u4e1c\u6c83\u5361\u91d1\u5c5e\u5236\u54c1\u6709\u9650\u516c\u53f8_175f6748-600x600.jpg 600w, https:\/\/keweicorten.com\/wp-content\/uploads\/2024\/09\/\u8010\u5019\u94a2\u677f_\u8010\u5019\u94a2\u677f_\u5c71\u4e1c\u6c83\u5361\u91d1\u5c5e\u5236\u54c1\u6709\u9650\u516c\u53f8_175f6748-100x100.jpg 100w, https:\/\/keweicorten.com\/wp-content\/uploads\/2024\/09\/\u8010\u5019\u94a2\u677f_\u8010\u5019\u94a2\u677f_\u5c71\u4e1c\u6c83\u5361\u91d1\u5c5e\u5236\u54c1\u6709\u9650\u516c\u53f8_175f6748.jpg 700w\" sizes=\"(max-width: 427px) 100vw, 427px\" \/><figcaption id=\"caption-attachment-1333\" class=\"wp-caption-text\">Cortenblech Preis<\/figcaption><\/figure>","protected":false},"excerpt":{"rendered":"<div class=\"fr\">\n<p>Q550NH Cortenstahlblech<br \/>\nCorten-Stahlblech kann aufgrund seiner einzigartigen, hochwertigen Eigenschaften den rauen Arbeitsbedingungen lange Zeit standhalten und hat eine gute Plastizit\u00e4t.<\/p>\n<\/div>\n<div><a class=\"pconmore mmv\" href=\"https:\/\/keweicorten.com\/de_ch_informal\/kontaktiere-uns\/\" rel=\"nofollow\">Anfrage senden<\/a><\/div>","protected":false},"featured_media":1329,"comment_status":"open","ping_status":"closed","template":"","meta":{"_eb_attr":"","_monsterinsights_skip_tracking":false,"_monsterinsights_sitenote_active":false,"_monsterinsights_sitenote_note":"","_monsterinsights_sitenote_category":0,"_uf_show_specific_survey":0,"_uf_disable_surveys":false},"product_brand":[],"product_cat":[21],"product_tag":[],"class_list":{"0":"post-1327","1":"product","2":"type-product","3":"status-publish","4":"has-post-thumbnail","6":"product_cat-weather-resistant-steel-plate","8":"first","9":"instock","10":"shipping-taxable","11":"product-type-simple"},"_links":{"self":[{"href":"https:\/\/keweicorten.com\/de_ch_informal\/wp-json\/wp\/v2\/product\/1327"}],"collection":[{"href":"https:\/\/keweicorten.com\/de_ch_informal\/wp-json\/wp\/v2\/product"}],"about":[{"href":"https:\/\/keweicorten.com\/de_ch_informal\/wp-json\/wp\/v2\/types\/product"}],"replies":[{"embeddable":true,"href":"https:\/\/keweicorten.com\/de_ch_informal\/wp-json\/wp\/v2\/comments?post=1327"}],"version-history":[{"count":1,"href":"https:\/\/keweicorten.com\/de_ch_informal\/wp-json\/wp\/v2\/product\/1327\/revisions"}],"predecessor-version":[{"id":1334,"href":"https:\/\/keweicorten.com\/de_ch_informal\/wp-json\/wp\/v2\/product\/1327\/revisions\/1334"}],"wp:featuredmedia":[{"embeddable":true,"href":"https:\/\/keweicorten.com\/de_ch_informal\/wp-json\/wp\/v2\/media\/1329"}],"wp:attachment":[{"href":"https:\/\/keweicorten.com\/de_ch_informal\/wp-json\/wp\/v2\/media?parent=1327"}],"wp:term":[{"taxonomy":"product_brand","embeddable":true,"href":"https:\/\/keweicorten.com\/de_ch_informal\/wp-json\/wp\/v2\/product_brand?post=1327"},{"taxonomy":"product_cat","embeddable":true,"href":"https:\/\/keweicorten.com\/de_ch_informal\/wp-json\/wp\/v2\/product_cat?post=1327"},{"taxonomy":"product_tag","embeddable":true,"href":"https:\/\/keweicorten.com\/de_ch_informal\/wp-json\/wp\/v2\/product_tag?post=1327"}],"curies":[{"name":"wp","href":"https:\/\/api.w.org\/{rel}","templated":true}]}}