{"id":1356,"date":"2024-09-24T07:39:02","date_gmt":"2024-09-24T07:39:02","guid":{"rendered":"https:\/\/keweicorten.com\/?post_type=product&#038;p=1356"},"modified":"2024-09-24T07:39:02","modified_gmt":"2024-09-24T07:39:02","slug":"astm-a242-corten-stahlbleche","status":"publish","type":"product","link":"https:\/\/keweicorten.com\/de_ch_informal\/astm-a242-corten-stahlbleche\/","title":{"rendered":"ASTM A242 Cortenstahlbleche"},"content":{"rendered":"<p>ASTM A242 Corten-Stahlbleche sind ein hochfester, niedrig legierter Stahl, der allgemein als Corten-Stahl bezeichnet wird. Er ist so konzipiert, dass er im Vergleich zu Standard-Kohlenstoffst\u00e4hlen bessere Korrosionsbest\u00e4ndigkeitseigenschaften aufweist, insbesondere unter atmosph\u00e4rischen Bedingungen. Die einzigartige chemische Zusammensetzung des ASTM A242 Cortenstahls sch\u00fctzt den Stahl vor weiterer Korrosion, indem sie ihm ein stabiles, rost\u00e4hnliches Aussehen verleiht, nachdem er der Witterung ausgesetzt wurde.<\/p>\n<h2>Eigenschaften von ASTM A242 Corten-Stahlblechen:<\/h2>\n<ol>\n<li><strong>Korrosionsbest\u00e4ndigkeit<\/strong>: Entwickelt eine sch\u00fctzende Oxidschicht (Patina), wenn es der Witterung ausgesetzt ist, die weiteres Rosten verhindert.<\/li>\n<li><strong>Hohe Festigkeit<\/strong>: Es hat eine gute Zugfestigkeit und ist daher f\u00fcr strukturelle Anwendungen geeignet.<\/li>\n<li><strong>Langlebigkeit<\/strong>: Es widersteht rauen Witterungsbedingungen und ist daher ideal f\u00fcr die Verwendung im Freien, z. B. f\u00fcr architektonische Fassaden, Skulpturen und Feuerstellen im Garten.<\/li>\n<\/ol>\n<figure style=\"width: 650px\" class=\"wp-caption alignnone\"><a href=\"https:\/\/keweicorten.com\/de_ch_informal\"><img fetchpriority=\"high\" decoding=\"async\" title=\"Corten-Bleche\" src=\"https:\/\/image.made-in-china.com\/2f0j00LkoVQuIcOqRb\/ASTM-A242-Steel-Corten-a-Provides-ASTM-A242-Steel-Plate-and-Customized-Steel-Profiles.jpg\" alt=\"ASTM A242 Stahl Corten a Bietet ASTM A242 Stahlplatten und ma\u00dfgeschneiderte ...\" width=\"650\" height=\"650\" \/><\/a><figcaption class=\"wp-caption-text\">Corten-Bleche<\/figcaption><\/figure>\n<figure style=\"width: 651px\" class=\"wp-caption alignnone\"><a href=\"https:\/\/keweicorten.com\/de_ch_informal\"><img decoding=\"async\" title=\"Cortenplatte\" src=\"https:\/\/www.amardeepsteel.com\/images\/corten-steel-irsm-41-97-steel-plates.jpg\" alt=\"IRSM 41-97 Corten Stahlplatten und -bleche Lieferant\" width=\"651\" height=\"367\" \/><\/a><figcaption class=\"wp-caption-text\">Cortenplatte<\/figcaption><\/figure>\n<table style=\"height: 285px;\" border=\"1\" width=\"959\" cellspacing=\"1\" cellpadding=\"1\">\n<tbody>\n<tr>\n<td>Stahlrohr Typ<\/td>\n<td>Gerade Naht geschwei\u00dftes Rohr cs Stahlrohr f\u00fcr Baumaterial<\/td>\n<\/tr>\n<tr>\n<td>Au\u00dfendurchmesser (mm)<\/td>\n<td>10.3-1219mm<\/td>\n<\/tr>\n<tr>\n<td>Wanddicke(mm)<\/td>\n<td>1,5-30 mm<\/td>\n<\/tr>\n<tr>\n<td>L\u00e4nge<\/td>\n<td>Zuf\u00e4llige L\u00e4nge: 5-12m<\/td>\n<\/tr>\n<tr>\n<td>Standard<\/td>\n<td>API5L , ASTM A106 Gr.B, ASTM A53 Gr.B,<br \/>\nASTMA179\/A192\/A213\/A210\/370WP91,WP11,WP22 GB5310-2009,GB3087-2008,GB6479-2013,GB9948-2013,<br \/>\nGB\/T8163-2008, GB8162-2008,GB\/T17396-2009<\/td>\n<\/tr>\n<tr>\n<td>Material<\/td>\n<td>20#, A53B, A106B, API 5L<br \/>\nST37.0,ST35.8,St37.2,St35.4\/8,St42,St45,St52,St52.4<br \/>\nSTP G38,STP G42,STPT42,STB42,STS42,STPT49,STS49<\/td>\n<\/tr>\n<tr>\n<td>Oberfl\u00e4che<\/td>\n<td>Schwarzer Anstrich, Lackfarbe, Rostschutz\u00f6l, feuerverzinkt, kaltverzinkt, 3PE, ect<\/td>\n<\/tr>\n<tr>\n<td>Verpackung<\/td>\n<td>Lose Verpackung, in B\u00fcndeln verpackt (max. 3 Tonnen), geb\u00fcndelte Rohre mit zwei Schlingen an beiden Enden f\u00fcr einfaches Be- und Entladen, Ende<br \/>\nmit Kunststoffkappen oder je nach Anforderung<\/td>\n<\/tr>\n<tr>\n<td>Bewerbung<\/td>\n<td>API5L ISO 9001:2008 TUV SGS BV etc<\/td>\n<\/tr>\n<\/tbody>\n<\/table>","protected":false},"excerpt":{"rendered":"<p>10mm dickes a242 corten Stahlblech ASTM A242 corten Stahlbleche<\/p>\n<p>&nbsp;<\/p>\n<div><\/div>","protected":false},"featured_media":1357,"comment_status":"open","ping_status":"closed","template":"","meta":{"_eb_attr":"","_monsterinsights_skip_tracking":false,"_monsterinsights_sitenote_active":false,"_monsterinsights_sitenote_note":"","_monsterinsights_sitenote_category":0,"_uf_show_specific_survey":0,"_uf_disable_surveys":false},"product_brand":[],"product_cat":[21],"product_tag":[],"class_list":{"0":"post-1356","1":"product","2":"type-product","3":"status-publish","4":"has-post-thumbnail","6":"product_cat-weather-resistant-steel-plate","8":"first","9":"instock","10":"shipping-taxable","11":"product-type-simple"},"_links":{"self":[{"href":"https:\/\/keweicorten.com\/de_ch_informal\/wp-json\/wp\/v2\/product\/1356"}],"collection":[{"href":"https:\/\/keweicorten.com\/de_ch_informal\/wp-json\/wp\/v2\/product"}],"about":[{"href":"https:\/\/keweicorten.com\/de_ch_informal\/wp-json\/wp\/v2\/types\/product"}],"replies":[{"embeddable":true,"href":"https:\/\/keweicorten.com\/de_ch_informal\/wp-json\/wp\/v2\/comments?post=1356"}],"version-history":[{"count":1,"href":"https:\/\/keweicorten.com\/de_ch_informal\/wp-json\/wp\/v2\/product\/1356\/revisions"}],"predecessor-version":[{"id":1358,"href":"https:\/\/keweicorten.com\/de_ch_informal\/wp-json\/wp\/v2\/product\/1356\/revisions\/1358"}],"wp:featuredmedia":[{"embeddable":true,"href":"https:\/\/keweicorten.com\/de_ch_informal\/wp-json\/wp\/v2\/media\/1357"}],"wp:attachment":[{"href":"https:\/\/keweicorten.com\/de_ch_informal\/wp-json\/wp\/v2\/media?parent=1356"}],"wp:term":[{"taxonomy":"product_brand","embeddable":true,"href":"https:\/\/keweicorten.com\/de_ch_informal\/wp-json\/wp\/v2\/product_brand?post=1356"},{"taxonomy":"product_cat","embeddable":true,"href":"https:\/\/keweicorten.com\/de_ch_informal\/wp-json\/wp\/v2\/product_cat?post=1356"},{"taxonomy":"product_tag","embeddable":true,"href":"https:\/\/keweicorten.com\/de_ch_informal\/wp-json\/wp\/v2\/product_tag?post=1356"}],"curies":[{"name":"wp","href":"https:\/\/api.w.org\/{rel}","templated":true}]}}