{"id":1365,"date":"2024-09-24T08:26:42","date_gmt":"2024-09-24T08:26:42","guid":{"rendered":"https:\/\/keweicorten.com\/?post_type=product&#038;p=1365"},"modified":"2024-09-24T08:49:31","modified_gmt":"2024-09-24T08:49:31","slug":"wtst52-3-cortenstahlrohr","status":"publish","type":"product","link":"https:\/\/keweicorten.com\/de_ch_informal\/wtst52-3-cortenstahlrohr\/","title":{"rendered":"WTSt52-3 Cortenstahl-Rohr"},"content":{"rendered":"<p>WTSt52-3 ist eine witterungsbest\u00e4ndige Stahlsorte, die zur Familie der Corten-St\u00e4hle geh\u00f6rt. \u00c4hnlich wie andere Corten-St\u00e4hle wie A242 und A588 ist WTSt52-3 so konzipiert, dass er eine hervorragende Korrosionsbest\u00e4ndigkeit aufweist, indem er eine sch\u00fctzende Patina auf seiner Oberfl\u00e4che bildet, wenn er den Witterungsbedingungen ausgesetzt wird. Die Patina wirkt wie eine Barriere, die eine tiefere Korrosion verhindert und es erm\u00f6glicht, dass der Stahl in rauen Umgebungen ohne Schutzbeschichtungen eingesetzt werden kann.<\/p>\n<p>Wie andere wetterfeste St\u00e4hle enth\u00e4lt auch WTSt52-3 Cortenstahlrohr geringe Mengen an Legierungselementen wie z. B.:<\/p>\n<ul>\n<li><strong>Kupfer<\/strong><\/li>\n<li><strong>Chrom<\/strong><\/li>\n<li><strong>Nickel<\/strong><\/li>\n<li><strong>Phosphor<\/strong> Diese Elemente erh\u00f6hen seine Korrosionsbest\u00e4ndigkeit und erm\u00f6glichen es ihm, eine stabile Patina zu bilden, wenn er der Umwelt ausgesetzt ist.<\/li>\n<\/ul>\n<h3>Vorteile:<\/h3>\n<ul>\n<li><strong>\u00c4sthetische Anziehungskraft<\/strong>: Die Patina sorgt f\u00fcr einen industriellen, rustikalen Look, der oft in modernen architektonischen Designs verwendet wird.<\/li>\n<li><strong>Langlebigkeit<\/strong>: Bietet langfristige Leistung im Au\u00dfenbereich, ohne dass h\u00e4ufige Anstriche oder Reparaturen erforderlich sind.<\/li>\n<li><strong>Kosteneffizient<\/strong>: Reduziert den Bedarf an Schutzbeschichtungen und regelm\u00e4\u00dfiger Wartung, was die Lebenszykluskosten insgesamt senkt.<\/li>\n<\/ul>\n<table style=\"height: 91px;\" width=\"772\">\n<tbody>\n<tr>\n<th>OD Bereich<\/th>\n<td>12-150mm<\/td>\n<\/tr>\n<tr>\n<th>Thk Bereich<\/th>\n<td>1,5-8 mm<\/td>\n<\/tr>\n<tr>\n<th>L\u00e4nge<\/th>\n<td>Einzelne zuf\u00e4llige, doppelte zuf\u00e4llige und geschnittene L\u00e4nge<\/td>\n<\/tr>\n<tr>\n<th>Typ<\/th>\n<td>Rund, Quadratisch, Rechteckig<\/td>\n<\/tr>\n<tr>\n<th>Standard<\/th>\n<td>GB, ASTM, EU<\/td>\n<\/tr>\n<tr>\n<th>Klasse<\/th>\n<td>Q235NH,Q295NH,Q355NH,09CUPGENI-A,09CUPGENI-B,CORTEN A, CORTEN B, ASTM A423 GRADE 1,<br \/>\nASTM A847, ASTM A588, ASTM A242, ASTM A606, S355JOW, S355JOWP, S355J2W, S355J2WP<\/td>\n<\/tr>\n<\/tbody>\n<\/table>\n<figure style=\"width: 559px\" class=\"wp-caption alignnone\"><a href=\"https:\/\/keweicorten.com\/de_ch_informal\/kontaktiere-uns\/\"><img fetchpriority=\"high\" decoding=\"async\" title=\"Cortenstahlblech\" src=\"https:\/\/www.offersteels.com\/uploads\/allimg\/corten-steel-pipe.jpg\" alt=\"Corten-Stahlrohr Lieferanten, Verwitterungsrohre Korrosionsbest\u00e4ndigkeit\" width=\"559\" height=\"419\" \/><\/a><figcaption class=\"wp-caption-text\">Cortenstahlblech<\/figcaption><\/figure>\n<figure style=\"width: 560px\" class=\"wp-caption alignnone\"><a href=\"https:\/\/keweicorten.com\/de_ch_informal\/produkte\/\"><img decoding=\"async\" title=\"Cortenstahlblech\" src=\"https:\/\/www.offersteels.com\/uploads\/allimg\/Corten-steel-pipe-productive-process.jpg\" alt=\"Produktionsprozess f\u00fcr Cortenstahlrohre\" width=\"560\" height=\"441\" \/><\/a><figcaption class=\"wp-caption-text\">Cortenstahlblech<\/figcaption><\/figure>\n<figure style=\"width: 559px\" class=\"wp-caption alignnone\"><a href=\"https:\/\/keweicorten.com\/de_ch_informal\/produkte\/\"><img decoding=\"async\" title=\"Cortenstahlrohr\" src=\"https:\/\/www.offersteels.com\/uploads\/allimg\/What-is-Corten-Steel-Pipe.jpg\" alt=\"Corten-Stahlrohr Lieferanten, Verwitterungsrohre Korrosionsbest\u00e4ndigkeit\" width=\"559\" height=\"419\" \/><\/a><figcaption class=\"wp-caption-text\">Cortenstahlrohr<\/figcaption><\/figure>","protected":false},"excerpt":{"rendered":"<p>Cortenstahl wird vor allem bei Eisenbahnen, Fahrzeugen, Br\u00fccken, Pylonen, Photovoltaikanlagen, Hochgeschwindigkeitsanlagen und anderen Stahlkonstruktionen verwendet, die lange Zeit der Atmosph\u00e4re ausgesetzt sind.<\/p>","protected":false},"featured_media":1366,"comment_status":"open","ping_status":"closed","template":"","meta":{"_eb_attr":"","_monsterinsights_skip_tracking":false,"_monsterinsights_sitenote_active":false,"_monsterinsights_sitenote_note":"","_monsterinsights_sitenote_category":0,"_uf_show_specific_survey":0,"_uf_disable_surveys":false},"product_brand":[],"product_cat":[21],"product_tag":[],"class_list":{"0":"post-1365","1":"product","2":"type-product","3":"status-publish","4":"has-post-thumbnail","6":"product_cat-weather-resistant-steel-plate","8":"first","9":"instock","10":"shipping-taxable","11":"product-type-simple"},"_links":{"self":[{"href":"https:\/\/keweicorten.com\/de_ch_informal\/wp-json\/wp\/v2\/product\/1365"}],"collection":[{"href":"https:\/\/keweicorten.com\/de_ch_informal\/wp-json\/wp\/v2\/product"}],"about":[{"href":"https:\/\/keweicorten.com\/de_ch_informal\/wp-json\/wp\/v2\/types\/product"}],"replies":[{"embeddable":true,"href":"https:\/\/keweicorten.com\/de_ch_informal\/wp-json\/wp\/v2\/comments?post=1365"}],"version-history":[{"count":1,"href":"https:\/\/keweicorten.com\/de_ch_informal\/wp-json\/wp\/v2\/product\/1365\/revisions"}],"predecessor-version":[{"id":1367,"href":"https:\/\/keweicorten.com\/de_ch_informal\/wp-json\/wp\/v2\/product\/1365\/revisions\/1367"}],"wp:featuredmedia":[{"embeddable":true,"href":"https:\/\/keweicorten.com\/de_ch_informal\/wp-json\/wp\/v2\/media\/1366"}],"wp:attachment":[{"href":"https:\/\/keweicorten.com\/de_ch_informal\/wp-json\/wp\/v2\/media?parent=1365"}],"wp:term":[{"taxonomy":"product_brand","embeddable":true,"href":"https:\/\/keweicorten.com\/de_ch_informal\/wp-json\/wp\/v2\/product_brand?post=1365"},{"taxonomy":"product_cat","embeddable":true,"href":"https:\/\/keweicorten.com\/de_ch_informal\/wp-json\/wp\/v2\/product_cat?post=1365"},{"taxonomy":"product_tag","embeddable":true,"href":"https:\/\/keweicorten.com\/de_ch_informal\/wp-json\/wp\/v2\/product_tag?post=1365"}],"curies":[{"name":"wp","href":"https:\/\/api.w.org\/{rel}","templated":true}]}}