{"id":1382,"date":"2024-09-25T02:12:26","date_gmt":"2024-09-25T02:12:26","guid":{"rendered":"https:\/\/keweicorten.com\/?post_type=product&#038;p=1382"},"modified":"2024-09-25T02:12:26","modified_gmt":"2024-09-25T02:12:26","slug":"q355nh-cortenstahlrohr","status":"publish","type":"product","link":"https:\/\/keweicorten.com\/de_ch_informal\/q355nh-cortenstahlrohr\/","title":{"rendered":"Q355NH Cortenstahlrohr"},"content":{"rendered":"<p>Das Cortenstahlrohr Q355NH ist ein hochfester, niedrig legierter, wetterfester Stahl, der vor allem im Bauwesen und im Ingenieurbau verwendet wird, insbesondere in rauen Umgebungen. Zu seinen wichtigsten Eigenschaften geh\u00f6ren:<\/p>\n<p>Wetterbest\u00e4ndigkeit: Q355NH Cortenstahlrohre haben eine gute Korrosionsbest\u00e4ndigkeit und die Oberfl\u00e4che bildet einen sch\u00fctzenden Oxidfilm, der der Erosion durch nat\u00fcrliche Faktoren wie Regen und Wind widerstehen kann.<\/p>\n<p>Hohe Festigkeit: Das Stahlrohr hat eine hohe Zug- und Streckgrenze und ist f\u00fcr gro\u00dfe Lasten geeignet. Es wird h\u00e4ufig f\u00fcr Br\u00fccken, Geb\u00e4ude und andere Konstruktionen verwendet.<\/p>\n<p>Verarbeitungseigenschaften: Das Q355NH Cortenstahlrohr kann geschwei\u00dft, geschnitten und geformt werden und eignet sich f\u00fcr verschiedene technische Anforderungen.<\/p>\n<p>Schutz der Umwelt: Aufgrund seiner Korrosionsbest\u00e4ndigkeit muss die Konstruktion, die aus diesem Stahl besteht, am Ende ihrer Lebensdauer weniger h\u00e4ufig gewartet und ersetzt werden, was die Verschwendung von Ressourcen reduziert.<\/p>\n<p>Anwendung: H\u00e4ufig im Baugewerbe, bei Br\u00fccken, in der Windenergie, im Bergbau und in anderen Bereichen eingesetzt.<\/p>\n<p><strong>Q355NH chemische Zusammensetzung(%)<\/strong><\/p>\n<table style=\"height: 182px;\" border=\"1\" width=\"739\">\n<tbody>\n<tr>\n<td rowspan=\"2\">Klasse<\/td>\n<td colspan=\"5\">Q355NH chemische Zusammensetzung(%)<\/td>\n<\/tr>\n<tr>\n<td>C Max<\/td>\n<td>Si Max<\/td>\n<td>Mn<\/td>\n<td>P<\/td>\n<td>S Max<\/td>\n<\/tr>\n<tr>\n<td>China GB\/T 4171 Q355NH<\/td>\n<td>0.16<\/td>\n<td>0.5<\/td>\n<td>0.5-1.5<\/td>\n<td>0.030<\/td>\n<td>0.030<\/td>\n<\/tr>\n<\/tbody>\n<\/table>\n<p><strong>Q355NH mechanische Eigenschaften<\/strong><\/p>\n<div class=\"pro_page_table\">\n<table style=\"height: 126px;\" border=\"1\" width=\"741\">\n<tbody>\n<tr>\n<td rowspan=\"2\">Klasse<\/td>\n<td colspan=\"3\">\u00a0Q355NH mechanische Eigenschaften<\/td>\n<td><\/td>\n<\/tr>\n<tr>\n<td>Streckgrenze(MPa)<\/td>\n<td>Zugfestigkeit(MPa)<\/td>\n<td colspan=\"2\">% Dehnung min<\/td>\n<\/tr>\n<tr>\n<td>China GB\/T 4171 Q355NH<\/td>\n<td>325-355<\/td>\n<td>490-630<\/td>\n<td colspan=\"2\">20<\/td>\n<\/tr>\n<\/tbody>\n<\/table>\n<figure style=\"width: 700px\" class=\"wp-caption alignnone\"><a href=\"https:\/\/keweicorten.com\/de_ch_informal\/produkte\/\"><img fetchpriority=\"high\" decoding=\"async\" title=\"q355nh Stahl\" src=\"https:\/\/www.cortensteels.com\/Content\/uploads\/2021703620\/2021120314394427325a6d6acd48e599d3b44088f95067.jpg\" alt=\"China Q355NH Corten Stahlplatte Hersteller, Lieferanten - Fabrik Direkt Preis \" width=\"700\" height=\"700\" \/><\/a><figcaption class=\"wp-caption-text\">q355nh Stahl<\/figcaption><\/figure>\n<p><a href=\"https:\/\/keweicorten.com\/de_ch_informal\/kontaktiere-uns\/\"><img decoding=\"async\" class=\"alignnone\" title=\"Q355NH corten\" src=\"https:\/\/www.cortensteels.com\/uploads\/202030314\/q355nh-weather-resistant-steel-plate29522879022.jpg\" alt=\"China Q355NH Corten Stahlplatte Hersteller, Lieferanten - Factory Direct Price ...\" width=\"700\" height=\"700\" \/><\/a><\/p>\n<\/div>","protected":false},"excerpt":{"rendered":"<p>Die Spezifikationen:<br \/>\nDicke: 3mm-150mm<br \/>\nBreite: 30mm-4000mm<br \/>\nL\u00e4nge: 1000mm-12000mm<br \/>\nNorm: ASTM EN10025 JIS GB<\/p>","protected":false},"featured_media":1383,"comment_status":"open","ping_status":"closed","template":"","meta":{"_eb_attr":"","_monsterinsights_skip_tracking":false,"_monsterinsights_sitenote_active":false,"_monsterinsights_sitenote_note":"","_monsterinsights_sitenote_category":0,"_uf_show_specific_survey":0,"_uf_disable_surveys":false},"product_brand":[],"product_cat":[21],"product_tag":[],"class_list":{"0":"post-1382","1":"product","2":"type-product","3":"status-publish","4":"has-post-thumbnail","6":"product_cat-weather-resistant-steel-plate","8":"first","9":"instock","10":"shipping-taxable","11":"product-type-simple"},"_links":{"self":[{"href":"https:\/\/keweicorten.com\/de_ch_informal\/wp-json\/wp\/v2\/product\/1382"}],"collection":[{"href":"https:\/\/keweicorten.com\/de_ch_informal\/wp-json\/wp\/v2\/product"}],"about":[{"href":"https:\/\/keweicorten.com\/de_ch_informal\/wp-json\/wp\/v2\/types\/product"}],"replies":[{"embeddable":true,"href":"https:\/\/keweicorten.com\/de_ch_informal\/wp-json\/wp\/v2\/comments?post=1382"}],"version-history":[{"count":1,"href":"https:\/\/keweicorten.com\/de_ch_informal\/wp-json\/wp\/v2\/product\/1382\/revisions"}],"predecessor-version":[{"id":1384,"href":"https:\/\/keweicorten.com\/de_ch_informal\/wp-json\/wp\/v2\/product\/1382\/revisions\/1384"}],"wp:featuredmedia":[{"embeddable":true,"href":"https:\/\/keweicorten.com\/de_ch_informal\/wp-json\/wp\/v2\/media\/1383"}],"wp:attachment":[{"href":"https:\/\/keweicorten.com\/de_ch_informal\/wp-json\/wp\/v2\/media?parent=1382"}],"wp:term":[{"taxonomy":"product_brand","embeddable":true,"href":"https:\/\/keweicorten.com\/de_ch_informal\/wp-json\/wp\/v2\/product_brand?post=1382"},{"taxonomy":"product_cat","embeddable":true,"href":"https:\/\/keweicorten.com\/de_ch_informal\/wp-json\/wp\/v2\/product_cat?post=1382"},{"taxonomy":"product_tag","embeddable":true,"href":"https:\/\/keweicorten.com\/de_ch_informal\/wp-json\/wp\/v2\/product_tag?post=1382"}],"curies":[{"name":"wp","href":"https:\/\/api.w.org\/{rel}","templated":true}]}}