{"id":1392,"date":"2024-09-25T07:11:51","date_gmt":"2024-09-25T07:11:51","guid":{"rendered":"https:\/\/keweicorten.com\/?post_type=product&#038;p=1392"},"modified":"2024-09-25T08:52:00","modified_gmt":"2024-09-25T08:52:00","slug":"wetterfester-stahl-spa-h","status":"publish","type":"product","link":"https:\/\/keweicorten.com\/de_ch_informal\/wetterfester-stahl-spa-h\/","title":{"rendered":"Wetterfester Stahl SPA-H"},"content":{"rendered":"<div>\n<p>Witterungsbest\u00e4ndiger Stahl SPA-H ist eine Art wetterfester Stahl, der f\u00fcr seine Langlebigkeit und Korrosionsbest\u00e4ndigkeit bekannt ist. Er entwickelt eine sch\u00fctzende Rostschicht, wenn er den Elementen ausgesetzt wird, die eine weitere Korrosion verhindert und die strukturelle Integrit\u00e4t erh\u00e4lt. Das macht ihn ideal f\u00fcr den Einsatz im Freien, z. B. f\u00fcr M\u00f6bel, Skulpturen und architektonische Elemente. Der witterungsbest\u00e4ndige Stahl SPA-H hat eine ausgezeichnete Korrosionsbest\u00e4ndigkeit, kann sein stabiles Aussehen und seine Festigkeit f\u00fcr lange Zeit im Freien beibehalten und eignet sich hervorragend f\u00fcr Au\u00dfenm\u00f6bel, Feuerstellen und andere Produkte.<\/p>\n<\/div>\n<div class=\"pro_det_b_tabs_item_tt\">Technische Daten<\/div>\n<div class=\"pro_det_b_tabs_item_con\">\n<p><strong>SPA-H Witterungsbest\u00e4ndiger Stahl Chemische Zusammensetzung<\/strong><\/p>\n<div class=\"pro_page_table\">\n<table>\n<tbody>\n<tr>\n<td>Klasse<\/td>\n<td>C \u2264<\/td>\n<td>Si<\/td>\n<td>Mn<\/td>\n<td>P<\/td>\n<td>S \u2264<\/td>\n<td>Cu<\/td>\n<td>Cr<\/td>\n<td>Ni \u2264<\/td>\n<\/tr>\n<tr>\n<td>SPA-H<\/td>\n<td>0.12<\/td>\n<td>0.25~0.75<\/td>\n<td>0.20~0.50<\/td>\n<td>0.070~0.150<\/td>\n<td>0.040<\/td>\n<td>0.25~0.60<\/td>\n<td>0.30~1.25<\/td>\n<td>0.65<\/td>\n<\/tr>\n<\/tbody>\n<\/table>\n<\/div>\n<p><strong>SPA-H Witterungsbest\u00e4ndiger Stahl Zugfestigkeit Anfrage<\/strong><\/p>\n<div class=\"pro_page_table\">\n<table>\n<tbody>\n<tr>\n<td>Klasse<\/td>\n<td>Blechdicke<\/td>\n<td>Streckgrenze<\/td>\n<td>Zugfestigkeit<\/td>\n<td>Dehnung<\/td>\n<\/tr>\n<tr>\n<td>SPA-H<\/td>\n<td>\u2264 6,0 mm<\/td>\n<td>\u2265 345 MPa<\/td>\n<td>\u2265 480 MPa<\/td>\n<td>\u2265 22<\/td>\n<\/tr>\n<tr>\n<td><\/td>\n<td>&gt; 6,0 mm<\/td>\n<td>\u2265 335 MPa<\/td>\n<td>\u2265 490 MPa<\/td>\n<td>\u2265 15<\/td>\n<\/tr>\n<\/tbody>\n<\/table>\n<\/div>\n<p>Die Lieferbedingungen f\u00fcr SPA-H-Stahl sind warmgewalzt, kaltgewalzt, AR\/CR\/N\/TMCP\/T\/QT je nach Kundenwunsch.<\/p>\n<p><strong>Verwandter Stahltyp<\/strong><\/p>\n<div class=\"pro_page_table\">\n<table>\n<tbody>\n<tr>\n<td>Stahltyp<\/td>\n<td>Standard<\/td>\n<td>L\u00e4ndercode<\/td>\n<td>C(%)<\/td>\n<td>Si(%)<\/td>\n<td>Mn(%)<\/td>\n<td>P(%)<\/td>\n<td>S(%)<\/td>\n<td>Cr(%)<\/td>\n<td>Cu(%)<\/td>\n<\/tr>\n<tr>\n<td>SPA-H<\/td>\n<td>4620<\/td>\n<td>CNS<\/td>\n<td>\u22660.12<\/td>\n<td>0.25-0.75<\/td>\n<td>0.20-0.50<\/td>\n<td>0.07-0.15<\/td>\n<td>\u22660.04<\/td>\n<td>0.30-1.25<\/td>\n<td>0.25-0.60<\/td>\n<\/tr>\n<tr>\n<td>SPA-H<\/td>\n<td>G3125<\/td>\n<td>JIS<\/td>\n<td>\u22660.12<\/td>\n<td>0.25-0.75<\/td>\n<td>0.20-0.50<\/td>\n<td>0.07-0.15<\/td>\n<td>\u22660.04<\/td>\n<td>0.30-1.25<\/td>\n<td>0.25-0.60<\/td>\n<\/tr>\n<tr>\n<td>Typ1<\/td>\n<td>A242<\/td>\n<td>ASTM<\/td>\n<td>\u22660.15<\/td>\n<td><\/td>\n<td>\u22661.00<\/td>\n<td>\u22660.15<\/td>\n<td>\u22660.05<\/td>\n<td><\/td>\n<td>\u22670.20<\/td>\n<\/tr>\n<\/tbody>\n<\/table>\n<\/div>\n<div class=\"pro_page_table\">\n<table>\n<tbody>\n<tr>\n<td>Stahltyp<\/td>\n<td>Streckspannung (Mpa)<\/td>\n<td>Zugspannung (Mpa)<\/td>\n<td>Dehnung (%)<\/td>\n<td>Dicke (mm)<\/td>\n<\/tr>\n<tr>\n<td>SPA-H<\/td>\n<td>\u2267345<\/td>\n<td>\u2267480<\/td>\n<td>\u226722<\/td>\n<td>\u22666.0<\/td>\n<\/tr>\n<tr>\n<td>SPA-H<\/td>\n<td>\u2267345<\/td>\n<td>\u2267480<\/td>\n<td>\u226722<\/td>\n<td>\u22666.0<\/td>\n<\/tr>\n<tr>\n<td>Typ1<\/td>\n<td>\u2267345<\/td>\n<td>\u2267480<\/td>\n<td>\u226721<\/td>\n<td>\u226620.0<\/td>\n<\/tr>\n<\/tbody>\n<\/table>\n<p><a href=\"https:\/\/keweicorten.com\/de_ch_informal\"><img fetchpriority=\"high\" decoding=\"async\" class=\"alignnone\" title=\"Wetterfester Stahl SPA-H \" src=\"https:\/\/www.gneesteels.com\/uploads\/201914713\/spa-h-hot-rolled-weather-resistant-steel26300479860.jpg\" alt=\"Wetterfester Stahl SPA-H Lieferanten und Hersteller - China Factory -shkw\" width=\"660\" height=\"660\" \/><\/a><\/p>\n<p><a href=\"https:\/\/keweicorten.com\/de_ch_informal\/produkte\/\"><img decoding=\"async\" class=\"alignnone\" title=\"Wetterfester Stahl SPA-H\" src=\"https:\/\/image.made-in-china.com\/2f0j00pefWQnNhnOrc\/SPA-H-S355j2wp-Weather-Resistant-Metal-Sheet-Corten-Hot-Rolled-Steel-Plate.jpg\" alt=\"Wetterfester Stahl SPA-H Lieferanten und Hersteller - China Factory\" width=\"660\" height=\"767\" \/><\/a><\/p>\n<\/div>\n<\/div>","protected":false},"excerpt":{"rendered":"<p>JIS G3125 SPA-H Cortenstahl, SPA-H Stahlplatte\/Blech. SPA-H niedrig legierter, hochfester, atmosph\u00e4risch korrosionsbest\u00e4ndiger Stahl.<\/p>","protected":false},"featured_media":1393,"comment_status":"open","ping_status":"closed","template":"","meta":{"_eb_attr":"","_monsterinsights_skip_tracking":false,"_monsterinsights_sitenote_active":false,"_monsterinsights_sitenote_note":"","_monsterinsights_sitenote_category":0,"_uf_show_specific_survey":0,"_uf_disable_surveys":false},"product_brand":[],"product_cat":[21],"product_tag":[],"class_list":{"0":"post-1392","1":"product","2":"type-product","3":"status-publish","4":"has-post-thumbnail","6":"product_cat-weather-resistant-steel-plate","8":"first","9":"instock","10":"shipping-taxable","11":"product-type-simple"},"_links":{"self":[{"href":"https:\/\/keweicorten.com\/de_ch_informal\/wp-json\/wp\/v2\/product\/1392"}],"collection":[{"href":"https:\/\/keweicorten.com\/de_ch_informal\/wp-json\/wp\/v2\/product"}],"about":[{"href":"https:\/\/keweicorten.com\/de_ch_informal\/wp-json\/wp\/v2\/types\/product"}],"replies":[{"embeddable":true,"href":"https:\/\/keweicorten.com\/de_ch_informal\/wp-json\/wp\/v2\/comments?post=1392"}],"version-history":[{"count":2,"href":"https:\/\/keweicorten.com\/de_ch_informal\/wp-json\/wp\/v2\/product\/1392\/revisions"}],"predecessor-version":[{"id":1395,"href":"https:\/\/keweicorten.com\/de_ch_informal\/wp-json\/wp\/v2\/product\/1392\/revisions\/1395"}],"wp:featuredmedia":[{"embeddable":true,"href":"https:\/\/keweicorten.com\/de_ch_informal\/wp-json\/wp\/v2\/media\/1393"}],"wp:attachment":[{"href":"https:\/\/keweicorten.com\/de_ch_informal\/wp-json\/wp\/v2\/media?parent=1392"}],"wp:term":[{"taxonomy":"product_brand","embeddable":true,"href":"https:\/\/keweicorten.com\/de_ch_informal\/wp-json\/wp\/v2\/product_brand?post=1392"},{"taxonomy":"product_cat","embeddable":true,"href":"https:\/\/keweicorten.com\/de_ch_informal\/wp-json\/wp\/v2\/product_cat?post=1392"},{"taxonomy":"product_tag","embeddable":true,"href":"https:\/\/keweicorten.com\/de_ch_informal\/wp-json\/wp\/v2\/product_tag?post=1392"}],"curies":[{"name":"wp","href":"https:\/\/api.w.org\/{rel}","templated":true}]}}