{"id":1430,"date":"2024-09-25T09:03:21","date_gmt":"2024-09-25T09:03:21","guid":{"rendered":"https:\/\/keweicorten.com\/?post_type=product&#038;p=1430"},"modified":"2024-09-25T09:03:21","modified_gmt":"2024-09-25T09:03:21","slug":"kaltgewalztes-cortenstahlblech-3mm-astm-a242-a588","status":"publish","type":"product","link":"https:\/\/keweicorten.com\/de_ch_informal\/kaltgewalztes-cortenstahlblech-3mm-astm-a242-a588\/","title":{"rendered":"Kaltgewalztes Corten-Stahlblech 3mm ASTM A242 A588"},"content":{"rendered":"<p>Kaltgewalztes Corten-Stahlblech 3mm ASTM A242 A588 ist bekannt f\u00fcr seine Witterungsbest\u00e4ndigkeit, die es ihm erm\u00f6glicht, mit der Zeit eine sch\u00fctzende Rostpatina zu entwickeln. Dadurch eignen sie sich f\u00fcr den Einsatz im Freien, z. B. f\u00fcr architektonische Fassaden, Skulpturen und Gartenelemente.<\/p>\n<p>Wenn du auf der Suche nach 3mm kaltgewalztem Cortenstahlblech 3mm ASTM A242 A588 bist, solltest du die folgenden Punkte beachten:<\/p>\n<ol>\n<li><strong>Dicke<\/strong>: Achte darauf, dass die Dicke von 3 mm den Anforderungen deines Projekts entspricht.<\/li>\n<li><strong>Finish<\/strong>: Kaltgewalzte Bleche haben in der Regel eine glatte Oberfl\u00e4che, aber pr\u00fcfe, ob du eine spezielle Oberfl\u00e4chenbehandlung brauchst.<\/li>\n<li><strong>Anbieter<\/strong>: Beziehe sie von seri\u00f6sen Anbietern, die eine Zertifizierung f\u00fcr die Materialqualit\u00e4t vorweisen k\u00f6nnen.<\/li>\n<li><strong>Fabrikation<\/strong>: Wenn du Sonderformen oder -gr\u00f6\u00dfen ben\u00f6tigst, solltest du dich vergewissern, dass der Anbieter deine W\u00fcnsche erf\u00fcllen kann.<\/li>\n<\/ol>\n<div class=\"list-item\"><span class=\"column\">Klasse::<\/span>\u00a0<span class=\"value\">A588, Q235NH,Q335GNH,SPA-H,09CuPCrNi-A<\/span><\/div>\n<div class=\"list-item\"><span class=\"column\">Typ::<\/span>\u00a0<span class=\"value\">Stahlplatte<\/span><\/div>\n<div class=\"list-item\"><span class=\"column\">Bearbeitungsservice::<\/span>\u00a0<span class=\"value\">Biegen, Schwei\u00dfen, Abhaspeln, Schneiden, Stanzen<\/span><\/div>\n<div class=\"list-item\"><span class=\"column\">Farbe::<\/span>\u00a0<span class=\"value\">Kunden Muster Farbe<\/span><\/div>\n<div class=\"list-item\"><span class=\"column\">Name::<\/span>\u00a0<span class=\"value\">Wetterfestes Stahlblech<\/span><\/div>\n<div>\n<table border=\"1\" cellspacing=\"0\" cellpadding=\"0\">\n<tbody>\n<tr>\n<td colspan=\"2\"><strong>Corten Stahlplatte Spezifikation<\/strong><\/td>\n<\/tr>\n<tr>\n<td>\n<p>Standard<\/p>\n<p>Klasse<\/td>\n<td>ASTM: Corten A; Corten B; A588Gr.A\/Gr.B\/Gr.C\/ Gr.K; A242; A606 Typ 4; A709 Gr 50W;<br \/>\nEN10025: S235J0W; S235J2W; S355J0W; S355J2W; S355K2W; S355J0WP; S355J2WP; S355J2G1W; S355J2G2W; S355K2G1W, S355K2G2W;<br \/>\nJIS G3114: SMA400AW; SMA400BW; SMA400CW; SMA490AW; SMA490BW; SMA490CW; SMA570W; SMA570P;<br \/>\nJIS G3125: SPA-H; SPA-C;<br \/>\nGB\/T 4171: Q235NH; Q265GNH; Q310GNH; Q295NH; Q295GNH; Q355NH; Q355GNH; Q415NH; Q460NH; 1500NH; Q550NH;<br \/>\nTB\/T 1979: 09CuPCrNi-A; 09CuCrNi-B; 05CuPCrNi;<br \/>\nQ\/BQB 340: B460NQR; B490NQR; B480GNQR; B600GNQR;<\/td>\n<\/tr>\n<tr>\n<td>Dicke<\/td>\n<td>Kaltgewalzt 0,5-2 mm Warmgewalzt 2-300 mm (2-100 mm werden normalerweise verwendet)<\/td>\n<\/tr>\n<tr>\n<td>Breite<\/td>\n<td>1000-3000mm (1000-2200mm werden normalerweise verwendet)<\/td>\n<\/tr>\n<tr>\n<td>L\u00e4nge<\/td>\n<td>1000-12000mm oder wie deine Anfrage<\/td>\n<\/tr>\n<tr>\n<td>Oberfl\u00e4che<\/td>\n<td>Reinigen, Finishen, Strahlen und Lackieren nach Kundenwunsch<\/td>\n<\/tr>\n<tr>\n<td>Lieferung<br \/>\nStaaten<\/td>\n<td>Warmgewalzt, Kontrolliertes Walzen, Normalisieren, Gl\u00fchen, Anlassen,<br \/>\nQuenching, N+T, Q+T und andere Lieferzust\u00e4nde sind je nach Bedarf verf\u00fcgbar<\/td>\n<\/tr>\n<tr>\n<td>Zertifikat<\/td>\n<td>API, ISO, SGS, BV, CE etc.<\/td>\n<\/tr>\n<tr>\n<td>Qualit\u00e4t<\/td>\n<td>MTC wird mit den Waren geliefert, die Inspektion durch eine dritte Partei ist akzeptabel, zum Beispiel: BV, SGS.<\/td>\n<\/tr>\n<tr>\n<td>Paket<\/td>\n<td>Standardm\u00e4\u00dfige seetaugliche Exportverpackung, geeignet f\u00fcr alle Arten von Transporten oder nach Bedarf.<\/td>\n<\/tr>\n<tr>\n<td rowspan=\"2\">Container<br \/>\nGr\u00f6\u00dfe<\/td>\n<td>20ft GP:5898mm(Length)x2352mm(Width)x2393mm(High)<\/td>\n<\/tr>\n<tr>\n<td>40ft GP:12032mm(Length)x2352mm(Width)x2393mm(High)<\/td>\n<\/tr>\n<tr>\n<td>Handelsbegriff<\/td>\n<td>Ex-Work, FOB, CNF, CFR, CIF, etc.<\/td>\n<\/tr>\n<\/tbody>\n<\/table>\n<figure style=\"width: 700px\" class=\"wp-caption alignnone\"><a href=\"https:\/\/keweicorten.com\/de_ch_informal\/kontaktiere-uns\/\"><img fetchpriority=\"high\" decoding=\"async\" title=\"angepasst, Gro\u00dfhandel, billig, zu verkaufen\" src=\"https:\/\/image.made-in-china.com\/2f0j00NtIbWYrKqUzp\/Hot-Rolling-Cold-Rolling-A588-JIS-ASTM-Weathering-Steel-Corten-High-Carbon-Wear-Steel-Plate-Sheet-Garden-Screen-Art-Corten-Steel-M2-Weather-Resistant.jpg\" alt=\"Kaltgewalztes Corten-Stahlblech 3mm ASTM A242 A588\/angepasst, Gro\u00dfhandel, billig, zu verkaufen\" width=\"700\" height=\"700\" \/><\/a><figcaption class=\"wp-caption-text\">angepasst, Gro\u00dfhandel, billig, zu verkaufen<\/figcaption><\/figure>\n<p><a href=\"https:\/\/keweicorten.com\/de_ch_informal\"><img decoding=\"async\" class=\"alignnone\" title=\"Kaltgewalztes wetterbest\u00e4ndiges Corten-Stahlblech 3mm ASTM A242 A588\" src=\"https:\/\/img.diytrade.com\/smimg\/2946788\/49611397-11931654-0\/astm_a242_a588_alloy_steel_sheet_astm_a242_corten_steel_plate\/e1e0.jpg\" alt=\"Kaltgewalztes wetterbest\u00e4ndiges Corten-Stahlblech 3mm ASTM A242 A588 angepasst, Gro\u00dfhandel, billig, zu verkaufen\" width=\"699\" height=\"699\" \/><\/a><\/p>\n<\/div>","protected":false},"excerpt":{"rendered":"<div class=\"list-item\"><span class=\"column\">Technik::<\/span>\u00a0<span class=\"value\">Warmgewalzt<\/span><\/div>\n<div class=\"list-item\"><span class=\"column\">Oberfl\u00e4chenbehandlung::<\/span>\u00a0<span class=\"value\">Sauber oder nach Bedarf<\/span><\/div>\n<div class=\"list-item\"><span class=\"column\">Anwendung::<\/span>\u00a0<span class=\"value\">Au\u00dfendekoration, Eisenbahn, Turm<\/span><\/div>\n<div class=\"list-item\"><span class=\"column\">Breite::<\/span>\u00a0<span class=\"value\">0,6-3m oder nach Bedarf<\/span><\/div>\n<div class=\"list-item\"><span class=\"column\">L\u00e4nge::<\/span>\u00a0<span class=\"value\">1-12m oder nach Bedarf<\/span><\/div>\n<div class=\"list-item\"><span class=\"column\">Vertr\u00e4glichkeit::<\/span>\u00a0<span class=\"value\">\u00b11%<\/span><\/div>\n<div>\n<div class=\"list-item\"><span class=\"column\">Ort der Herkunft::<\/span>\u00a0<span class=\"value\">China<\/span><\/div>\n<div class=\"list-item\"><\/div>\n<\/div>","protected":false},"featured_media":1431,"comment_status":"open","ping_status":"closed","template":"","meta":{"_eb_attr":"","_monsterinsights_skip_tracking":false,"_monsterinsights_sitenote_active":false,"_monsterinsights_sitenote_note":"","_monsterinsights_sitenote_category":0,"_uf_show_specific_survey":0,"_uf_disable_surveys":false},"product_brand":[],"product_cat":[21],"product_tag":[],"class_list":{"0":"post-1430","1":"product","2":"type-product","3":"status-publish","4":"has-post-thumbnail","6":"product_cat-weather-resistant-steel-plate","8":"first","9":"instock","10":"shipping-taxable","11":"product-type-simple"},"_links":{"self":[{"href":"https:\/\/keweicorten.com\/de_ch_informal\/wp-json\/wp\/v2\/product\/1430"}],"collection":[{"href":"https:\/\/keweicorten.com\/de_ch_informal\/wp-json\/wp\/v2\/product"}],"about":[{"href":"https:\/\/keweicorten.com\/de_ch_informal\/wp-json\/wp\/v2\/types\/product"}],"replies":[{"embeddable":true,"href":"https:\/\/keweicorten.com\/de_ch_informal\/wp-json\/wp\/v2\/comments?post=1430"}],"version-history":[{"count":1,"href":"https:\/\/keweicorten.com\/de_ch_informal\/wp-json\/wp\/v2\/product\/1430\/revisions"}],"predecessor-version":[{"id":1432,"href":"https:\/\/keweicorten.com\/de_ch_informal\/wp-json\/wp\/v2\/product\/1430\/revisions\/1432"}],"wp:featuredmedia":[{"embeddable":true,"href":"https:\/\/keweicorten.com\/de_ch_informal\/wp-json\/wp\/v2\/media\/1431"}],"wp:attachment":[{"href":"https:\/\/keweicorten.com\/de_ch_informal\/wp-json\/wp\/v2\/media?parent=1430"}],"wp:term":[{"taxonomy":"product_brand","embeddable":true,"href":"https:\/\/keweicorten.com\/de_ch_informal\/wp-json\/wp\/v2\/product_brand?post=1430"},{"taxonomy":"product_cat","embeddable":true,"href":"https:\/\/keweicorten.com\/de_ch_informal\/wp-json\/wp\/v2\/product_cat?post=1430"},{"taxonomy":"product_tag","embeddable":true,"href":"https:\/\/keweicorten.com\/de_ch_informal\/wp-json\/wp\/v2\/product_tag?post=1430"}],"curies":[{"name":"wp","href":"https:\/\/api.w.org\/{rel}","templated":true}]}}