{"id":1495,"date":"2024-09-26T06:37:55","date_gmt":"2024-09-26T06:37:55","guid":{"rendered":"https:\/\/keweicorten.com\/?post_type=product&#038;p=1495"},"modified":"2025-01-15T06:22:32","modified_gmt":"2025-01-15T06:22:32","slug":"edelstahl-grill-set","status":"publish","type":"product","link":"https:\/\/keweicorten.com\/de_ch_informal\/edelstahl-grill-set\/","title":{"rendered":"BBQ-Set aus Edelstahl"},"content":{"rendered":"<p>Ein BBQ-Set aus Edelstahl ist ein Muss f\u00fcr jeden Grillmeister. Es ist robust, langlebig und leicht zu reinigen. Du musst dir keine Sorgen um Rost oder Korrosion machen. Das bedeutet, dass deine Werkzeuge auch nach vielen Eins\u00e4tzen immer noch wie neu aussehen werden.<\/p>\n<p>Dieses BBQ-Set aus Edelstahl enth\u00e4lt alle Werkzeuge, die du f\u00fcr ein erfolgreiches Grillerlebnis brauchst. Du bekommst einen Pfannenwender, eine Zange, eine Gabel, einen Pinsel zum Begie\u00dfen, eine Grillb\u00fcrste und mehr - alles aus hochwertigem Edelstahl.<\/p>\n<p>Diese Werkzeuge machen das Grillen reibungsloser und effizienter. Mit den richtigen Werkzeugen kannst du m\u00fchelos Burger wenden, W\u00fcrstchen umdrehen und Marinaden aufpinseln. Au\u00dferdem sorgen die hitzebest\u00e4ndigen Griffe daf\u00fcr, dass du dich nicht verbrennst, w\u00e4hrend du am Grill arbeitest.<\/p>\n<table border=\"0\">\n<tbody>\n<tr>\n<td colspan=\"2\">bbq zange, bbq gabel, grillzange, grillzange, grillschaber<\/td>\n<\/tr>\n<tr>\n<td>\u00a0<a href=\"https:\/\/keweicorten.com\/de_ch_informal\/produkte\/\"><img fetchpriority=\"high\" decoding=\"async\" class=\"alignnone\" title=\"BBQ-Grill\" src=\"https:\/\/sc04.alicdn.com\/kf\/H7855c4c7327146229cdf50da73b79143i\/206073447\/H7855c4c7327146229cdf50da73b79143i.jpg\" alt=\"Grillzubeh\u00f6r Fabrik,china,preis\" width=\"400\" height=\"400\" data-src=\"\/\/sc04.alicdn.com\/kf\/H7855c4c7327146229cdf50da73b79143i\/206073447\/H7855c4c7327146229cdf50da73b79143i.jpg\" data-width=\"400\" data-height=\"400\" \/><\/a><\/td>\n<td>\n<table border=\"1\">\n<tbody>\n<tr>\n<td>\u00a0Material<\/td>\n<td>\u00a0SS420 + SS410 Griff<\/td>\n<\/tr>\n<tr>\n<td>\u00a0Gr\u00f6\u00dfe<\/td>\n<td>\u00a040*15*5cm<\/td>\n<\/tr>\n<tr>\n<td>\u00a0Finish<\/td>\n<td>\u00a0B\u00fcrste\/Poliermittel\/Beschichtung\/angepasst<\/td>\n<\/tr>\n<tr>\n<td>\u00a0Funktion<\/td>\n<td>\u00a0Grillwerkzeug mit Tasche aus Oxford-Stoff<\/td>\n<\/tr>\n<tr>\n<td>\u00a0Logo<\/td>\n<td>\u00a0BMA \/ keine \/ Logo des Kunden<\/td>\n<\/tr>\n<tr>\n<td>\u00a0Versand<\/td>\n<td>\u00a0DHL, TNT, UPS, FEDEX, EMS<\/td>\n<\/tr>\n<tr>\n<td>\u00a0Lieferung<\/td>\n<td>\u00a07-30 Tage je nach Menge<\/td>\n<\/tr>\n<\/tbody>\n<\/table>\n<\/td>\n<\/tr>\n<\/tbody>\n<\/table>\n<p><a href=\"https:\/\/keweicorten.com\/de_ch_informal\/kontaktiere-uns\/\"><img decoding=\"async\" class=\"alignnone\" title=\"Grill-Zubeh\u00f6r \" src=\"https:\/\/s.alicdn.com\/@sc04\/kf\/Haadfa9ae644e49dba1d39883ab9aa4eeZ.jpg_720x720q50.jpg\" alt=\"Grillzubeh\u00f6r im Gro\u00dfhandel, billig, zum Verkauf, auf Lager.\" width=\"599\" height=\"599\" \/><\/a><\/p>\n<p><a href=\"https:\/\/keweicorten.com\/de_ch_informal\/kontaktiere-uns\/\"><img decoding=\"async\" class=\"alignnone\" title=\"Grill-Zubeh\u00f6r \" src=\"https:\/\/sc04.alicdn.com\/kf\/H5aab0d25d3ea485eb5379bf84249bef0t\/22449\/H5aab0d25d3ea485eb5379bf84249bef0t.jpg\" alt=\"Grillzubeh\u00f6r Fabrik, China, Preis, Hersteller, Lieferanten, angepasst, Gro\u00dfhandel, billig, zum Verkauf, auf Lager.\" width=\"600\" height=\"495\" \/><\/a><\/p>","protected":false},"excerpt":{"rendered":"<p>Ein BBQ-Set aus Edelstahl ist eine gute Investition f\u00fcr jeden Grillfreund. Es erleichtert dir nicht nur das Grillen, sondern h\u00e4lt dir auch viele Jahre lang den R\u00fccken frei. Wenn du also deine Grillk\u00fcnste auf das n\u00e4chste Level bringen willst, solltest du dir noch heute ein Edelstahl-Grillset zulegen!<\/p>","protected":false},"featured_media":1496,"comment_status":"open","ping_status":"closed","template":"","meta":{"_eb_attr":"","_monsterinsights_skip_tracking":false,"_monsterinsights_sitenote_active":false,"_monsterinsights_sitenote_note":"","_monsterinsights_sitenote_category":0,"_uf_show_specific_survey":0,"_uf_disable_surveys":false},"product_brand":[],"product_cat":[49],"product_tag":[],"class_list":{"0":"post-1495","1":"product","2":"type-product","3":"status-publish","4":"has-post-thumbnail","6":"product_cat-bbq-accessories","8":"first","9":"instock","10":"shipping-taxable","11":"product-type-simple"},"_links":{"self":[{"href":"https:\/\/keweicorten.com\/de_ch_informal\/wp-json\/wp\/v2\/product\/1495"}],"collection":[{"href":"https:\/\/keweicorten.com\/de_ch_informal\/wp-json\/wp\/v2\/product"}],"about":[{"href":"https:\/\/keweicorten.com\/de_ch_informal\/wp-json\/wp\/v2\/types\/product"}],"replies":[{"embeddable":true,"href":"https:\/\/keweicorten.com\/de_ch_informal\/wp-json\/wp\/v2\/comments?post=1495"}],"version-history":[{"count":1,"href":"https:\/\/keweicorten.com\/de_ch_informal\/wp-json\/wp\/v2\/product\/1495\/revisions"}],"predecessor-version":[{"id":1497,"href":"https:\/\/keweicorten.com\/de_ch_informal\/wp-json\/wp\/v2\/product\/1495\/revisions\/1497"}],"wp:featuredmedia":[{"embeddable":true,"href":"https:\/\/keweicorten.com\/de_ch_informal\/wp-json\/wp\/v2\/media\/1496"}],"wp:attachment":[{"href":"https:\/\/keweicorten.com\/de_ch_informal\/wp-json\/wp\/v2\/media?parent=1495"}],"wp:term":[{"taxonomy":"product_brand","embeddable":true,"href":"https:\/\/keweicorten.com\/de_ch_informal\/wp-json\/wp\/v2\/product_brand?post=1495"},{"taxonomy":"product_cat","embeddable":true,"href":"https:\/\/keweicorten.com\/de_ch_informal\/wp-json\/wp\/v2\/product_cat?post=1495"},{"taxonomy":"product_tag","embeddable":true,"href":"https:\/\/keweicorten.com\/de_ch_informal\/wp-json\/wp\/v2\/product_tag?post=1495"}],"curies":[{"name":"wp","href":"https:\/\/api.w.org\/{rel}","templated":true}]}}