{"id":1538,"date":"2024-09-26T08:58:30","date_gmt":"2024-09-26T08:58:30","guid":{"rendered":"https:\/\/keweicorten.com\/?post_type=product&#038;p=1538"},"modified":"2025-01-15T06:22:11","modified_gmt":"2025-01-15T06:22:11","slug":"bausatz-fur-den-hausgarten","status":"publish","type":"product","link":"https:\/\/keweicorten.com\/de_ch_informal\/bausatz-fur-den-hausgarten\/","title":{"rendered":"Bausatz f\u00fcr den Hausgarten"},"content":{"rendered":"<p>Die Gartenarbeit zu Hause kann eine lustige und lohnende Erfahrung sein, aber manchmal ist es schwierig zu wissen, wo man anfangen soll oder welche Materialien man braucht. Da kann ein Gartenbausatz eine gute Investition sein. Diese Kits enthalten in der Regel alle Werkzeuge und Materialien, die du f\u00fcr deinen Garten brauchst, und erleichtern Anf\u00e4ngern den Einstieg.<\/p>\n<p>Einer der Vorteile eines Gartenbausatzes ist, dass du damit langfristig Geld sparen kannst. Anstatt jedes einzelne Werkzeug separat zu kaufen, enth\u00e4lt das Set in der Regel eine Reihe von grundlegenden Werkzeugen wie eine Kelle, eine Gartenschere und eine Gie\u00dfkanne, die alle f\u00fcr einen Garten unerl\u00e4sslich sind. Au\u00dferdem enthalten diese Sets oft Saatgut oder Startpflanzen, so dass du kein zus\u00e4tzliches Geld f\u00fcr Pflanzen oder Saatgut aus einer G\u00e4rtnerei ausgeben musst.<\/p>\n<p><b data-spm-anchor-id=\"a2700.details.0.i35.79516fccEpXinR\">GARTEN WIE EIN PROFI - DIREKT AUS DER BOX HERAUS: <\/b>Mit den richtigen Werkzeugen macht die Gartenarbeit gleich viel mehr Spa\u00df. Wir haben diesen Set-Caddy mit unseren innovativsten und langlebigsten Aluminiumwerkzeugen gef\u00fcllt. Jedes Teil ist so konstruiert, dass es mit deinem eifrigen Garten- und Landschaftsbauplan mithalten kann und gleichzeitig leicht genug f\u00fcr die ganzt\u00e4gige Arbeit ist.<\/p>\n<div class=\"J_module\">\n<div class=\"detail-decorate-json-renderer-container\">\n<div class=\"magic-1\">\n<div class=\"magic-6\" data-spm-anchor-id=\"a2700.details.0.i43.79516fccEpXinR\">\n<div class=\"magic-7\">\n<div class=\"magic-8\" data-spm-anchor-id=\"a2700.details.0.i46.79516fccEpXinR\"><span class=\"magic-9\" style=\"font-family: Arial;\"><span data-spm-anchor-id=\"a2700.details.0.i42.79516fccEpXinR\"><b data-spm-anchor-id=\"a2700.details.0.i45.79516fccEpXinR\">SCH\u00dcTZE DEINE H\u00c4NDE: <\/b>Wir lieben es, mit unseren H\u00e4nden zu arbeiten - aber wir wollen nicht, dass unsere H\u00e4nde darunter leiden. Deshalb verwenden wir Materialien, die lange halten. Die Sleek Series bietet mit ihren neuen Bambushandschuhen f\u00fcr den Rasen einen erweiterten Schutz vor Hautverletzungen, Schnitten und Schmutz. Mach Schluss mit den dicken, klobigen Handschuhen, wenn du deine Arbeit erledigst. Mit Hightech-Komfort und Stil wird jede Arbeit einfacher: In der Garage, bei der Gartenarbeit und vielem mehr! Das sind Gartenhandschuhe, die Frauen lieben - und Papa auch! Das beste Geschenk! <\/span><\/span><span class=\"magic-9\" style=\"font-family: Arial;\"><br \/>\n<\/span><\/div>\n<\/div>\n<\/div>\n<\/div>\n<\/div>\n<\/div>\n<div class=\"J_module\">\n<div class=\"icbu-pc-detailManyImage magic-10\"><\/div>\n<\/div>\n<p><img fetchpriority=\"high\" decoding=\"async\" class=\"\" src=\"https:\/\/sc04.alicdn.com\/kf\/Hbc2591bcee4745e0b4aabf3538f8f051r\/277646274\/Hbc2591bcee4745e0b4aabf3538f8f051r.jpg\" width=\"694\" height=\"694\" \/><\/p>","protected":false},"excerpt":{"rendered":"<p>Ein weiterer Vorteil eines Gartenbausatzes ist, dass er dir hilft, Ordnung zu schaffen. Wenn du alle Werkzeuge und Materialien an einem Ort hast, musst du dir keine Sorgen machen, dass du sie verlierst oder verlegst. Au\u00dferdem enthalten viele Gartenbaus\u00e4tze detaillierte Anleitungen oder Tipps zur Bepflanzung und Pflege deines Gartens, damit du sicher sein kannst, dass du gesunde Pflanzen anbauen kannst.<\/p>","protected":false},"featured_media":1539,"comment_status":"open","ping_status":"closed","template":"","meta":{"_eb_attr":"","_monsterinsights_skip_tracking":false,"_monsterinsights_sitenote_active":false,"_monsterinsights_sitenote_note":"","_monsterinsights_sitenote_category":0,"_uf_show_specific_survey":0,"_uf_disable_surveys":false},"product_brand":[],"product_cat":[50],"product_tag":[],"class_list":{"0":"post-1538","1":"product","2":"type-product","3":"status-publish","4":"has-post-thumbnail","6":"product_cat-flower-assessories","8":"first","9":"instock","10":"shipping-taxable","11":"product-type-simple"},"_links":{"self":[{"href":"https:\/\/keweicorten.com\/de_ch_informal\/wp-json\/wp\/v2\/product\/1538"}],"collection":[{"href":"https:\/\/keweicorten.com\/de_ch_informal\/wp-json\/wp\/v2\/product"}],"about":[{"href":"https:\/\/keweicorten.com\/de_ch_informal\/wp-json\/wp\/v2\/types\/product"}],"replies":[{"embeddable":true,"href":"https:\/\/keweicorten.com\/de_ch_informal\/wp-json\/wp\/v2\/comments?post=1538"}],"version-history":[{"count":1,"href":"https:\/\/keweicorten.com\/de_ch_informal\/wp-json\/wp\/v2\/product\/1538\/revisions"}],"predecessor-version":[{"id":1542,"href":"https:\/\/keweicorten.com\/de_ch_informal\/wp-json\/wp\/v2\/product\/1538\/revisions\/1542"}],"wp:featuredmedia":[{"embeddable":true,"href":"https:\/\/keweicorten.com\/de_ch_informal\/wp-json\/wp\/v2\/media\/1539"}],"wp:attachment":[{"href":"https:\/\/keweicorten.com\/de_ch_informal\/wp-json\/wp\/v2\/media?parent=1538"}],"wp:term":[{"taxonomy":"product_brand","embeddable":true,"href":"https:\/\/keweicorten.com\/de_ch_informal\/wp-json\/wp\/v2\/product_brand?post=1538"},{"taxonomy":"product_cat","embeddable":true,"href":"https:\/\/keweicorten.com\/de_ch_informal\/wp-json\/wp\/v2\/product_cat?post=1538"},{"taxonomy":"product_tag","embeddable":true,"href":"https:\/\/keweicorten.com\/de_ch_informal\/wp-json\/wp\/v2\/product_tag?post=1538"}],"curies":[{"name":"wp","href":"https:\/\/api.w.org\/{rel}","templated":true}]}}