{"id":1556,"date":"2024-09-27T02:43:16","date_gmt":"2024-09-27T02:43:16","guid":{"rendered":"https:\/\/keweicorten.com\/?post_type=product&#038;p=1556"},"modified":"2024-09-27T02:45:40","modified_gmt":"2024-09-27T02:45:40","slug":"a588-wetterfester-stahl","status":"publish","type":"product","link":"https:\/\/keweicorten.com\/de_ch_informal\/a588-wetterfester-stahl\/","title":{"rendered":"a588 wetterfester Stahl"},"content":{"rendered":"<div class=\"layui-field-box\">\n<p>A588 wetterfester Stahl ist aufgrund seiner hohen Festigkeit, Langlebigkeit und Korrosionsbest\u00e4ndigkeit eine sehr beliebte und weit verbreitete Stahlsorte in verschiedenen Branchen. Er ist ein niedrig legierter Stahl, der Kupfer, Chrom, Nickel und andere Elemente enth\u00e4lt, die f\u00fcr eine hervorragende Witterungsbest\u00e4ndigkeit sorgen. Dieser Stahl wird h\u00e4ufig im Au\u00dfenbau verwendet, z. B. f\u00fcr Br\u00fccken, Geb\u00e4ude und andere Konstruktionen.<\/p>\n<table class=\"all magic-1\" style=\"height: 234px;\" width=\"989\">\n<tbody>\n<tr>\n<td colspan=\"1\" rowspan=\"1\">\n<div class=\"magic-2\" data-spm-anchor-id=\"a2700.details.0.i41.6deeb7e3IgOhEQ\"><span style=\"font-family: Times New Roman, Times; font-size: large;\">Artikel<\/span><\/div>\n<\/td>\n<td colspan=\"3\" rowspan=\"1\">\n<div class=\"magic-3\"><span style=\"font-family: Times New Roman, Times; font-size: large;\">A588 garde Wetterbest\u00e4ndiges Stahlblech<\/span><\/div>\n<\/td>\n<\/tr>\n<tr>\n<td colspan=\"1\" rowspan=\"1\">\n<div class=\"magic-2\"><span style=\"font-family: Times New Roman, Times; font-size: large;\">Klasse<\/span><\/div>\n<\/td>\n<td colspan=\"3\" rowspan=\"1\">\n<div class=\"magic-3\"><span style=\"font-family: Times New Roman, Times; font-size: large;\">09CuPCrNi-A,09CuP, 09CuPCrNiA, 09CrCuSb Q355NH,Q460NH,Q345GNHL,Q355GNH,Q345GNH,Q295NH,Q310GNH,Q345NH,Q235NH,Q500NH,Q235GNH,Q550NH<br \/>\n<\/span><\/div>\n<div class=\"magic-3\"><span style=\"font-family: Times New Roman, Times; font-size: large;\">,Q265GNH,Q295GNH,Q450NQR1A,S355J0W,S355J2WP,S355J2W,S235J0W,SPA-H<br \/>\nB480GNQR<\/span><\/p>\n<div><span style=\"font-family: Times New Roman, Times; font-size: large;\">CortenA, CortenB<\/span><\/div>\n<\/div>\n<\/td>\n<\/tr>\n<tr>\n<td colspan=\"1\" rowspan=\"1\">\n<div class=\"magic-2\"><span style=\"font-family: Times New Roman, Times; font-size: large;\">Bewerbung<\/span><\/div>\n<\/td>\n<td colspan=\"3\" rowspan=\"1\">\n<div class=\"magic-3\"><span style=\"font-family: Times New Roman, Times; font-size: large;\">Er kann f\u00fcr Bodenplatten, Container, Kraftwerkskamine, Eisenbahntechnik und andere Stahlkonstruktionen im Freien verwendet werden, z. B. f\u00fcr gro\u00dfe Skulpturen im Freien.<\/span><\/div>\n<\/td>\n<\/tr>\n<tr>\n<td colspan=\"1\" rowspan=\"1\">\n<div class=\"magic-2\"><span style=\"font-family: Times New Roman, Times; font-size: large;\">Beispiel<\/span><\/div>\n<\/td>\n<td colspan=\"3\" rowspan=\"1\">\n<div class=\"magic-5\"><span style=\"font-family: Times New Roman, Times; font-size: large;\">Probe ist verf\u00fcgbar<\/span><\/div>\n<\/td>\n<\/tr>\n<\/tbody>\n<\/table>\n<h2>A588 Weathering Steel Plate Vorteile<\/h2>\n<p>Das A588 Corten-Stahlblech hat eine Reihe von Vorteilen, die es erm\u00f6glichen, es f\u00fcr industrielle Anwendungen auf der ganzen Welt zu verwenden. Zu den Vorteilen von A588 wetterfesten Stahlblechen geh\u00f6ren:<\/p>\n<ul>\n<li>Geringe Wartung<\/li>\n<li>Kosteneinsparungen<\/li>\n<li>Geschwindigkeit der Konstruktion<\/li>\n<li>Sicher<\/li>\n<li>Umweltfreundlich<\/li>\n<li>\u00c4sthetisch ansprechend<\/li>\n<\/ul>\n<table style=\"font-weight: 400;\">\n<tbody>\n<tr>\n<td style=\"font-weight: 400;\" colspan=\"1\" rowspan=\"1\">\n<p data-spm-anchor-id=\"a2700.pc-decorate.0.i44.8e343333yaYbbo\">Produktname<\/p>\n<\/td>\n<td style=\"font-weight: 400;\" colspan=\"1\" rowspan=\"1\">Wetterfeste Stahlplatte<\/td>\n<\/tr>\n<tr>\n<td style=\"font-weight: 400;\" colspan=\"1\" rowspan=\"3\">\n<p data-spm-anchor-id=\"a2700.pc-decorate.0.i26.8e343333yaYbbo\">Spezifikation<\/p>\n<\/td>\n<td style=\"font-weight: 400;\" colspan=\"1\" rowspan=\"1\">\n<p data-spm-anchor-id=\"0.0.0.i10.3e8c4f05UxthN7\">Dicke: 1mm-100mm<\/p>\n<\/td>\n<\/tr>\n<tr>\n<td style=\"font-weight: 400;\" colspan=\"1\" rowspan=\"1\">Breite: \u22643000mm<\/td>\n<\/tr>\n<tr>\n<td style=\"font-weight: 400;\" colspan=\"1\" rowspan=\"1\">L\u00e4nge: \u226412000mm<\/td>\n<\/tr>\n<tr>\n<td style=\"font-weight: 400;\" colspan=\"1\" rowspan=\"1\">\n<p data-spm-anchor-id=\"0.0.0.i16.3e8c4f05UxthN7\">Technik<\/p>\n<\/td>\n<td style=\"font-weight: 400;\" colspan=\"1\" rowspan=\"1\">Warmgewalzt<\/td>\n<\/tr>\n<tr>\n<td style=\"font-weight: 400;\" colspan=\"1\" rowspan=\"1\">Oberfl\u00e4che<\/td>\n<td style=\"font-weight: 400;\" colspan=\"1\" rowspan=\"1\">Rostbehandlung, Reinigen, Strahlen oder nach Kundenwunsch<\/td>\n<\/tr>\n<\/tbody>\n<\/table>\n<p><a href=\"https:\/\/keweicorten.com\/de_ch_informal\/produkte\/\"><img fetchpriority=\"high\" decoding=\"async\" class=\"alignnone\" title=\"Kundenspezifisch ASTM A588 \" src=\"https:\/\/www.shipbuilding-plate.com\/uploads\/202230316\/astm-a588-steel-plate33020225533.jpg\" alt=\"Kundenspezifische ASTM A588 Stahlplatten Lieferanten - Gro\u00dfhandelspreis -keweicorten\" width=\"650\" height=\"650\" \/><\/a><\/p>\n<p><img decoding=\"async\" class=\"alignnone\" title=\"A588 garde Wetterbest\u00e4ndiges Stahlblech\" src=\"https:\/\/sc04.alicdn.com\/kf\/H9a942ed341824d248078e5b222d679c6J\/267682295\/H9a942ed341824d248078e5b222d679c6J.jpg\" alt=\"A588 garde Weather Resistant Steel Plate Preis, Hersteller, Lieferanten, customized-keweicorten\" width=\"650\" height=\"390\" \/><\/p>\n<\/div>","protected":false},"excerpt":{"rendered":"<p>A588-Stahl ist ein zuverl\u00e4ssiges und langlebiges Material, das eine hervorragende Festigkeit und Widerstandsf\u00e4higkeit gegen Umwelteinfl\u00fcsse bietet. Es ist ein vielseitiges Material, das in einer Vielzahl von Anwendungen eingesetzt werden kann und denjenigen, die es verwenden, lang anhaltende Vorteile bietet. Daher ist er eine ausgezeichnete Wahl f\u00fcr alle, die ein zuverl\u00e4ssiges und kosteng\u00fcnstiges Material f\u00fcr ihre Bauprojekte suchen.<\/p>","protected":false},"featured_media":1557,"comment_status":"open","ping_status":"closed","template":"","meta":{"_eb_attr":"","_monsterinsights_skip_tracking":false,"_monsterinsights_sitenote_active":false,"_monsterinsights_sitenote_note":"","_monsterinsights_sitenote_category":0,"_uf_show_specific_survey":0,"_uf_disable_surveys":false},"product_brand":[],"product_cat":[21],"product_tag":[],"class_list":{"0":"post-1556","1":"product","2":"type-product","3":"status-publish","4":"has-post-thumbnail","6":"product_cat-weather-resistant-steel-plate","8":"first","9":"instock","10":"shipping-taxable","11":"product-type-simple"},"_links":{"self":[{"href":"https:\/\/keweicorten.com\/de_ch_informal\/wp-json\/wp\/v2\/product\/1556"}],"collection":[{"href":"https:\/\/keweicorten.com\/de_ch_informal\/wp-json\/wp\/v2\/product"}],"about":[{"href":"https:\/\/keweicorten.com\/de_ch_informal\/wp-json\/wp\/v2\/types\/product"}],"replies":[{"embeddable":true,"href":"https:\/\/keweicorten.com\/de_ch_informal\/wp-json\/wp\/v2\/comments?post=1556"}],"version-history":[{"count":2,"href":"https:\/\/keweicorten.com\/de_ch_informal\/wp-json\/wp\/v2\/product\/1556\/revisions"}],"predecessor-version":[{"id":1559,"href":"https:\/\/keweicorten.com\/de_ch_informal\/wp-json\/wp\/v2\/product\/1556\/revisions\/1559"}],"wp:featuredmedia":[{"embeddable":true,"href":"https:\/\/keweicorten.com\/de_ch_informal\/wp-json\/wp\/v2\/media\/1557"}],"wp:attachment":[{"href":"https:\/\/keweicorten.com\/de_ch_informal\/wp-json\/wp\/v2\/media?parent=1556"}],"wp:term":[{"taxonomy":"product_brand","embeddable":true,"href":"https:\/\/keweicorten.com\/de_ch_informal\/wp-json\/wp\/v2\/product_brand?post=1556"},{"taxonomy":"product_cat","embeddable":true,"href":"https:\/\/keweicorten.com\/de_ch_informal\/wp-json\/wp\/v2\/product_cat?post=1556"},{"taxonomy":"product_tag","embeddable":true,"href":"https:\/\/keweicorten.com\/de_ch_informal\/wp-json\/wp\/v2\/product_tag?post=1556"}],"curies":[{"name":"wp","href":"https:\/\/api.w.org\/{rel}","templated":true}]}}