{"id":1581,"date":"2024-09-27T08:37:55","date_gmt":"2024-09-27T08:37:55","guid":{"rendered":"https:\/\/keweicorten.com\/?post_type=product&#038;p=1581"},"modified":"2025-01-15T06:21:36","modified_gmt":"2025-01-15T06:21:36","slug":"cortenlampe","status":"publish","type":"product","link":"https:\/\/keweicorten.com\/de_ch_informal\/cortenlampe\/","title":{"rendered":"Corten-Lampen"},"content":{"rendered":"<p>Lampen aus Cortenstahl sind eine gute Wahl f\u00fcr die Innen- und Au\u00dfendekoration, denn sie verbinden Haltbarkeit mit einer einzigartigen rostigen \u00c4sthetik. Es gibt sie in verschiedenen Formen, wie zum Beispiel:<\/p>\n<ol>\n<li><strong>Wandleuchter<\/strong>: Perfekt f\u00fcr Au\u00dfenw\u00e4nde oder Terrassen.<\/li>\n<li><strong>Tischlampen<\/strong>: Geeignet f\u00fcr Ess- oder Loungebereiche im Freien.<\/li>\n<li><strong>Stehlampen<\/strong>: Ideal, um G\u00e4rten oder Wege zu vergr\u00f6\u00dfern und interessant zu gestalten.<\/li>\n<li><strong>Post Lichter<\/strong>: Ideal f\u00fcr die Beleuchtung von Einfahrten oder Gehwegen.<\/li>\n<li><strong>H\u00e4ngelampen<\/strong>: Perfekt f\u00fcr \u00fcberdachte Terrassen oder Pergolen.<\/li>\n<\/ol>\n<p>Cortenstahl-Lampen k\u00f6nnen je nach Art der verwendeten Lichtquelle in der Wattzahl variieren. Hier sind einige g\u00e4ngige Wattzahlen f\u00fcr verschiedene Lampentypen:<\/p>\n<ol>\n<li><strong>LED-Lampen<\/strong>: Normalerweise reichen sie von 5W bis 20W und bieten Energieeffizienz und eine lange Lebensdauer.<\/li>\n<li><strong>Gl\u00fchlampen<\/strong>: Normalerweise reichen sie von 40W bis 100W, sind aber weniger energieeffizient.<\/li>\n<li><strong>Halogenlampen<\/strong>: Sie haben in der Regel eine Leistung von 20 bis 70 Watt und liefern helles Licht, haben aber im Vergleich zu LEDs eine k\u00fcrzere Lebensdauer.<\/li>\n<\/ol>\n<table border=\"1\">\n<tbody>\n<tr>\n<td><span data-spm-anchor-id=\"a2700.details.0.i39.446e5956BnWvBb\">Produktname<\/span><\/td>\n<td>Wasserdichte moderne Rasenleuchte aus Cortenstahl f\u00fcr den Au\u00dfenbereich Pollerleuchte<\/td>\n<\/tr>\n<tr>\n<td>Hauptk\u00f6rper Rohmaterial<\/td>\n<td data-spm-anchor-id=\"a2700.details.0.i43.446e5956BnWvBb\">Cortenstahl<\/td>\n<\/tr>\n<tr>\n<td>Die Macht der LED<\/td>\n<td>10W, 12W<\/td>\n<\/tr>\n<tr>\n<td>IP Grdae<\/td>\n<td>IP65, IP66<\/td>\n<\/tr>\n<tr>\n<td>Farbe der Oberfl\u00e4che<\/td>\n<td>Verrostet oder angepasst<\/td>\n<\/tr>\n<tr>\n<td>Typ<\/td>\n<td>Benutzerdefiniert akzeptieren<\/td>\n<\/tr>\n<\/tbody>\n<\/table>\n<p>&nbsp;<\/p>\n<p><img fetchpriority=\"high\" decoding=\"async\" class=\"\" src=\"https:\/\/sc04.alicdn.com\/kf\/H46bf762d9ea04031942f9e37b56d1eebI\/255157415\/H46bf762d9ea04031942f9e37b56d1eebI.jpg\" width=\"599\" height=\"599\" \/><\/p>\n<p><img decoding=\"async\" class=\"\" src=\"https:\/\/sc04.alicdn.com\/kf\/Hdad8686d076d4158871c35c4c66c1fb7s\/252624420\/Hdad8686d076d4158871c35c4c66c1fb7s.jpg\" alt=\"Wasserdichte moderne Rasenleuchte aus Cortenstahl f\u00fcr den Au\u00dfenbereich Pollerleuchte\" width=\"599\" height=\"400\" \/><\/p>\n<p>&nbsp;<\/p>","protected":false},"excerpt":{"rendered":"<p>Lampen aus Cortenstahl sind eine sch\u00f6ne Erg\u00e4nzung f\u00fcr jeden Raum und verleihen ihm einen Hauch von moderner Eleganz und industriellem Flair. Die Lampen aus verwittertem Stahl haben einen einzigartigen rustikalen Look, der zu einer Vielzahl von Einrichtungsstilen passt.<\/p>","protected":false},"featured_media":1582,"comment_status":"open","ping_status":"closed","template":"","meta":{"_eb_attr":"","_monsterinsights_skip_tracking":false,"_monsterinsights_sitenote_active":false,"_monsterinsights_sitenote_note":"","_monsterinsights_sitenote_category":0,"_uf_show_specific_survey":0,"_uf_disable_surveys":false},"product_brand":[],"product_cat":[61],"product_tag":[],"class_list":{"0":"post-1581","1":"product","2":"type-product","3":"status-publish","4":"has-post-thumbnail","6":"product_cat-light-post","8":"first","9":"instock","10":"shipping-taxable","11":"product-type-simple"},"_links":{"self":[{"href":"https:\/\/keweicorten.com\/de_ch_informal\/wp-json\/wp\/v2\/product\/1581"}],"collection":[{"href":"https:\/\/keweicorten.com\/de_ch_informal\/wp-json\/wp\/v2\/product"}],"about":[{"href":"https:\/\/keweicorten.com\/de_ch_informal\/wp-json\/wp\/v2\/types\/product"}],"replies":[{"embeddable":true,"href":"https:\/\/keweicorten.com\/de_ch_informal\/wp-json\/wp\/v2\/comments?post=1581"}],"version-history":[{"count":1,"href":"https:\/\/keweicorten.com\/de_ch_informal\/wp-json\/wp\/v2\/product\/1581\/revisions"}],"predecessor-version":[{"id":1583,"href":"https:\/\/keweicorten.com\/de_ch_informal\/wp-json\/wp\/v2\/product\/1581\/revisions\/1583"}],"wp:featuredmedia":[{"embeddable":true,"href":"https:\/\/keweicorten.com\/de_ch_informal\/wp-json\/wp\/v2\/media\/1582"}],"wp:attachment":[{"href":"https:\/\/keweicorten.com\/de_ch_informal\/wp-json\/wp\/v2\/media?parent=1581"}],"wp:term":[{"taxonomy":"product_brand","embeddable":true,"href":"https:\/\/keweicorten.com\/de_ch_informal\/wp-json\/wp\/v2\/product_brand?post=1581"},{"taxonomy":"product_cat","embeddable":true,"href":"https:\/\/keweicorten.com\/de_ch_informal\/wp-json\/wp\/v2\/product_cat?post=1581"},{"taxonomy":"product_tag","embeddable":true,"href":"https:\/\/keweicorten.com\/de_ch_informal\/wp-json\/wp\/v2\/product_tag?post=1581"}],"curies":[{"name":"wp","href":"https:\/\/api.w.org\/{rel}","templated":true}]}}