{"id":1747,"date":"2024-10-18T07:48:03","date_gmt":"2024-10-18T07:48:03","guid":{"rendered":"https:\/\/keweicorten.com\/?post_type=product&#038;p=1747"},"modified":"2025-01-15T06:20:00","modified_gmt":"2025-01-15T06:20:00","slug":"hochwertiger-cortenstahl-grill","status":"publish","type":"product","link":"https:\/\/keweicorten.com\/de_ch_informal\/hochwertiger-cortenstahl-grill\/","title":{"rendered":"Hochwertiger Cortenstahl BBQ Grill"},"content":{"rendered":"<div style=\"width: 800px;\" class=\"wp-video\"><!--[if lt IE 9]><script>document.createElement('video');<\/script><![endif]-->\n<video class=\"wp-video-shortcode\" id=\"video-1747-1\" width=\"800\" height=\"450\" loop=\"1\" preload=\"metadata\" controls=\"controls\"><source type=\"video\/mp4\" src=\"https:\/\/keweicorten.com\/wp-content\/uploads\/2024\/10\/corten-steel-BBQ-grill.mp4?_=1\" \/><a href=\"https:\/\/keweicorten.com\/wp-content\/uploads\/2024\/10\/corten-steel-BBQ-grill.mp4\">https:\/\/keweicorten.com\/wp-content\/uploads\/2024\/10\/corten-steel-BBQ-grill.mp4<\/a><\/video><\/div>\n<p>Im Streben nach hoher Lebensqualit\u00e4t ist ein langlebiger und pflegeleichter Grill aus hochwertigem Cortenstahl f\u00fcr viele Familien die erste Wahl geworden. Unsere Grills aus wetterfestem Stahl bieten dank ihrer hervorragenden Korrosionsbest\u00e4ndigkeit, ihres pflegeleichten Designs und ihrer einfachen Installation ein unvergleichliches Grillerlebnis.<\/p>\n<ol>\n<li>Produktmerkmale<br \/>\nWetterfester Stahl, robust und langlebig<br \/>\nDurch die Verwendung von hochwertigem, wetterfestem Stahl mit hervorragender Korrosionsbest\u00e4ndigkeit bleiben Aussehen und Funktion auch bei schlechten Wetterbedingungen erhalten. Ob beim Grillen im Freien oder im Innenbereich, er wird sich im Laufe der Zeit bew\u00e4hren.<\/li>\n<li>Leicht zu reinigen, spart Zeit und M\u00fche<br \/>\nDas einzigartige Design macht die Reinigung extrem einfach. Du kannst deinen Grill in nur wenigen Minuten reinigen, dich von der m\u00fchsamen Reinigung verabschieden und hast mehr Zeit, dein Essen zu genie\u00dfen.<\/li>\n<li>Einfach zu installieren, bequem und schnell<br \/>\nDie Installation ist f\u00fcr jeden leicht, ohne kompliziertes Werkzeug und Fachwissen. Einfache Montageschritte erm\u00f6glichen es dir, in k\u00fcrzester Zeit mit dem Grillen zu beginnen und k\u00f6stliche Mahlzeiten zu genie\u00dfen.<\/li>\n<\/ol>\n<p>Warum uns w\u00e4hlen?<br \/>\nHochwertiges Material: Wetterfester Stahl sorgt f\u00fcr eine lange Lebensdauer des Produkts.<br \/>\nPflegeleichtes Design: So kannst du das Essen gleichzeitig genie\u00dfen und musst dich nicht um die Reinigung k\u00fcmmern.<br \/>\nEinfache Installation: Schnelle Montage f\u00fcr sofortigen Grillspa\u00df.<\/p>\n<p><a href=\"https:\/\/keweicorten.com\/de_ch_informal\"><img fetchpriority=\"high\" decoding=\"async\" class=\"alignnone\" title=\"Cortenstahl-Grill\" src=\"https:\/\/sc04.alicdn.com\/kf\/H4a94e032d1814121892c0ee8ba904035Y\/230328874\/H4a94e032d1814121892c0ee8ba904035Y.jpg\" alt=\"Cortenstahl bbq Grill angepasst, Gro\u00dfhandel, billig, zum Verkauf keweicorten\" width=\"650\" height=\"433\" \/><\/a><\/p>\n<p><a href=\"https:\/\/keweicorten.com\/de_ch_informal\/produkt\/gartenschirme-aus-corten\/\"><img decoding=\"async\" class=\"alignnone\" src=\"https:\/\/sc04.alicdn.com\/kf\/Hb286da351b8f4b9b9b3970b3a8a63625w\/230328874\/Hb286da351b8f4b9b9b3970b3a8a63625w.jpg\" alt=\"Cortenstahl bbq Grill angepasst, Gro\u00dfhandel, billig, zu verkaufen\" width=\"650\" height=\"650\" \/><\/a><\/p>\n<p>Der Fire BBQ Grill ist aus Cortenstahl (oder wetterfestem Stahl) gefertigt, einer Legierung, die in den ersten 9 Monaten, in denen sie der Witterung ausgesetzt ist, eine nat\u00fcrliche Rostschicht bildet. Interessanterweise bildet diese Rostschicht aufgrund der Zusammensetzung dieser speziellen Legierung eine Schutzschicht, die weiteres Rosten verhindert. Der Stahl darunter bleibt unbeeintr\u00e4chtigt, da die \u00e4u\u00dfere Schicht weiterhin sch\u00fctzt und sich regeneriert, wenn sie Wasser und Sauerstoff ausgesetzt ist.<\/p>\n<p><a href=\"https:\/\/keweicorten.com\/de_ch_informal\"><img decoding=\"async\" class=\"alignnone\" title=\"corten bbq grill\" src=\"https:\/\/sc04.alicdn.com\/kf\/Hf12500ad95134ae791d1dd097784240aV\/230328874\/Hf12500ad95134ae791d1dd097784240aV.jpg\" alt=\"corten bbq grill Fabrik,china,preis,hersteller keweicorten\" width=\"650\" height=\"487\" \/><\/a><\/p>\n<p class=\"magic-28\" data-spm-anchor-id=\"a2700.details.0.i45.9c387fd44v8MUV\"><b><span class=\"magic-29\"><br \/>\nWarum sollten Sie sich f\u00fcr eine Zusammenarbeit mit uns entscheiden?<\/span><\/b><b><\/b><\/p>\n<p class=\"magic-28\"><span class=\"magic-31\"><span class=\"magic-19\" style=\"color: #48916c;\">1. Wie viele Designs hast du?<\/span><\/span><\/p>\n<div class=\"magic-28\">\n<p><span class=\"magic-31\"><span class=\"magic-19\">Derzeit haben wir mehr als zehn Arten von Grillger\u00e4ten aus Cortenstahl. Wenn du etwas brauchst, gibt es <\/span><\/span><span class=\"magic-19\">kein Problem, die Feuerstellen nach deinen W\u00fcnschen zu gestalten.<\/span><\/p>\n<p class=\"magic-30\"><span class=\"magic-31\"><span style=\"color: #48916c;\">2. Wie viele Jahre machst du schon Feuerstellen? <\/span><\/span><\/p>\n<p class=\"magic-30\"><span class=\"magic-31\">Die Feuerstellen werden seit mehr als 4 Jahren hergestellt.<\/span><\/p>\n<p class=\"magic-30\"><span style=\"color: #48916c;\"><span class=\"magic-31\">3. Kannst du das Design machen <\/span>f\u00fcr uns?<\/span><\/p>\n<p class=\"magic-30\"><span class=\"magic-31\">Ja, nat\u00fcrlich. Wir haben ein professionelles Team mit viel Erfahrung in Design und Herstellung. Schick uns einfach die <span style=\"color: #000000;\">Zeichnungen von <\/span><\/span><span style=\"color: #000000;\">die Feuerstellen, die du brauchst, oder die Fotos mit der Gr\u00f6\u00dfe.<\/span><\/p>\n<p class=\"magic-30\"><span class=\"magic-31\"><span style=\"color: #48916c;\">4. Was ist das Paket der Feuerstellen?<\/span><\/span><\/p>\n<p class=\"magic-30\"><span class=\"magic-31\">Sperrholzkisten, Eisenpaletten, Sperrholzpaletten und je nach Kundenwunsch.<\/span><\/p>\n<\/div>","protected":false},"excerpt":{"rendered":"<p>Wenn du dich f\u00fcr unsere wetterfesten Stahlgrills entscheidest, entscheidest du dich nicht nur f\u00fcr eine hohe Lebensqualit\u00e4t, sondern auch f\u00fcr die perfekte Kombination aus Komfort und Haltbarkeit. Lass uns gemeinsam den Spa\u00df am Grillen genie\u00dfen und deine kulinarische Reise beginnen!<\/p>","protected":false},"featured_media":1748,"comment_status":"open","ping_status":"closed","template":"","meta":{"_eb_attr":"","_monsterinsights_skip_tracking":false,"_monsterinsights_sitenote_active":false,"_monsterinsights_sitenote_note":"","_monsterinsights_sitenote_category":0,"_uf_show_specific_survey":0,"_uf_disable_surveys":false},"product_brand":[],"product_cat":[63],"product_tag":[],"class_list":{"0":"post-1747","1":"product","2":"type-product","3":"status-publish","4":"has-post-thumbnail","6":"product_cat-steel-bbq-grill","8":"first","9":"instock","10":"shipping-taxable","11":"product-type-simple"},"_links":{"self":[{"href":"https:\/\/keweicorten.com\/de_ch_informal\/wp-json\/wp\/v2\/product\/1747"}],"collection":[{"href":"https:\/\/keweicorten.com\/de_ch_informal\/wp-json\/wp\/v2\/product"}],"about":[{"href":"https:\/\/keweicorten.com\/de_ch_informal\/wp-json\/wp\/v2\/types\/product"}],"replies":[{"embeddable":true,"href":"https:\/\/keweicorten.com\/de_ch_informal\/wp-json\/wp\/v2\/comments?post=1747"}],"version-history":[{"count":2,"href":"https:\/\/keweicorten.com\/de_ch_informal\/wp-json\/wp\/v2\/product\/1747\/revisions"}],"predecessor-version":[{"id":1756,"href":"https:\/\/keweicorten.com\/de_ch_informal\/wp-json\/wp\/v2\/product\/1747\/revisions\/1756"}],"wp:featuredmedia":[{"embeddable":true,"href":"https:\/\/keweicorten.com\/de_ch_informal\/wp-json\/wp\/v2\/media\/1748"}],"wp:attachment":[{"href":"https:\/\/keweicorten.com\/de_ch_informal\/wp-json\/wp\/v2\/media?parent=1747"}],"wp:term":[{"taxonomy":"product_brand","embeddable":true,"href":"https:\/\/keweicorten.com\/de_ch_informal\/wp-json\/wp\/v2\/product_brand?post=1747"},{"taxonomy":"product_cat","embeddable":true,"href":"https:\/\/keweicorten.com\/de_ch_informal\/wp-json\/wp\/v2\/product_cat?post=1747"},{"taxonomy":"product_tag","embeddable":true,"href":"https:\/\/keweicorten.com\/de_ch_informal\/wp-json\/wp\/v2\/product_tag?post=1747"}],"curies":[{"name":"wp","href":"https:\/\/api.w.org\/{rel}","templated":true}]}}