{"id":1817,"date":"2024-10-25T06:37:18","date_gmt":"2024-10-25T06:37:18","guid":{"rendered":"https:\/\/keweicorten.com\/?post_type=product&#038;p=1817"},"modified":"2025-01-15T06:20:14","modified_gmt":"2025-01-15T06:20:14","slug":"pflanzmaschine-aus-corten","status":"publish","type":"product","link":"https:\/\/keweicorten.com\/de_ch_informal\/pflanzmaschine-aus-corten\/","title":{"rendered":"Blumentopf aus Corten"},"content":{"rendered":"<div data-elementor-type=\"product-post\" data-elementor-id=\"1817\" class=\"elementor elementor-1817\" data-elementor-post-type=\"product\">\n\t\t\t\t<div class=\"elementor-element elementor-element-458aff07 e-flex e-con-boxed e-con e-parent\" data-id=\"458aff07\" data-element_type=\"container\" data-e-type=\"container\">\n\t\t\t\t\t<div class=\"e-con-inner\">\n\t\t\t\t<div class=\"elementor-element elementor-element-7189a10 elementor-widget__width-initial elementor-widget elementor-widget-video\" data-id=\"7189a10\" data-element_type=\"widget\" data-e-type=\"widget\" data-settings=\"{&quot;youtube_url&quot;:&quot;https:\\\/\\\/www.youtube.com\\\/watch?v=XHOmBV4js_E&quot;,&quot;video_type&quot;:&quot;youtube&quot;,&quot;controls&quot;:&quot;yes&quot;}\" data-widget_type=\"video.default\">\n\t\t\t\t<div class=\"elementor-widget-container\">\n\t\t\t\t\t\t\t<div class=\"elementor-wrapper elementor-open-inline\">\n\t\t\t<div class=\"elementor-video\"><\/div>\t\t<\/div>\n\t\t\t\t\t\t<\/div>\n\t\t\t\t<\/div>\n\t\t\t\t<div class=\"elementor-element elementor-element-adaf943 elementor-widget elementor-widget-video\" data-id=\"adaf943\" data-element_type=\"widget\" data-e-type=\"widget\" data-settings=\"{&quot;youtube_url&quot;:&quot;https:\\\/\\\/www.youtube.com\\\/watch?v=of5nKoMGgLE&quot;,&quot;autoplay&quot;:&quot;yes&quot;,&quot;play_on_mobile&quot;:&quot;yes&quot;,&quot;loop&quot;:&quot;yes&quot;,&quot;video_type&quot;:&quot;youtube&quot;,&quot;controls&quot;:&quot;yes&quot;}\" data-widget_type=\"video.default\">\n\t\t\t\t<div class=\"elementor-widget-container\">\n\t\t\t\t\t\t\t<div class=\"elementor-wrapper elementor-open-inline\">\n\t\t\t<div class=\"elementor-video\"><\/div>\t\t<\/div>\n\t\t\t\t\t\t<\/div>\n\t\t\t\t<\/div>\n\t\t\t\t<div class=\"elementor-element elementor-element-2a730689 elementor-widget elementor-widget-text-editor\" data-id=\"2a730689\" data-element_type=\"widget\" data-e-type=\"widget\" data-widget_type=\"text-editor.default\">\n\t\t\t\t<div class=\"elementor-widget-container\">\n\t\t\t\t\t\t\t\t\t<h2 style=\"text-align: center;\">Corten Pflanzkasten Gro\u00dfer Moderner Rechteckiger Stahl Pflanzkasten<\/h2><div>\u00a0<\/div><p style=\"text-align: center;\"><a href=\"https:\/\/keweicorten.com\/de_ch_informal\"><img fetchpriority=\"high\" decoding=\"async\" class=\"alignnone\" title=\"Pflanzmaschine aus Corten\" src=\"https:\/\/sc04.alicdn.com\/kf\/H86a52c3fadb744d0affd725582820c2fO\/235950374\/H86a52c3fadb744d0affd725582820c2fO.jpg\" alt=\"Corten Pflanzer Gro\u00dfhandel, billig, zum Verkauf, auf Lager keweicorten\" width=\"750\" height=\"384\" \/><\/a><\/p><p style=\"text-align: center;\">Witterungsbest\u00e4ndigkeit: Blumenk\u00fcbel aus Corten haben eine hervorragende Korrosionsbest\u00e4ndigkeit und sind f\u00fcr den Einsatz in verschiedenen Au\u00dfenbereichen geeignet.<\/p><p style=\"text-align: center;\">Aussehen und Farbe: Die Oberfl\u00e4che des Blumentopfs hat eine nat\u00fcrliche rostrote Farbe, die ihm eine einzigartige Sch\u00f6nheit verleiht.<\/p><p style=\"text-align: center;\">Dicke und Gewicht: Der Blumentopf besteht aus wetterfestem Stahlblech mit angemessener Dicke, das sowohl stabil als auch einfach zu handhaben und zu benutzen ist.<\/p><p style=\"text-align: center;\">Preis: Der Preis f\u00fcr einen Corten-Blumentopf ist relativ hoch, aber seine Haltbarkeit und \u00c4sthetik machen ihn zu einer langfristigen Investition.<\/p><p style=\"text-align: center;\">Gr\u00f6\u00dfen und Formen: Blumenk\u00fcbel aus Corten sind in einer Vielzahl von Gr\u00f6\u00dfen und Formen erh\u00e4ltlich, um verschiedenen Pflanzen und dekorativen Bed\u00fcrfnissen gerecht zu werden.<\/p><p style=\"text-align: center;\">Oberfl\u00e4chenbehandlung: Die Oberfl\u00e4che des Blumentopfs wird speziell behandelt, um eine sch\u00fctzende Oxidschicht zu bilden, die seine Wetterbest\u00e4ndigkeit und \u00c4sthetik verbessert.<\/p><p style=\"text-align: center;\">\u00a0<\/p><p style=\"text-align: center;\">\u00a0<\/p><p style=\"text-align: left;\">\u00a0<\/p>\t\t\t\t\t\t\t\t<\/div>\n\t\t\t\t<\/div>\n\t\t<div class=\"elementor-element elementor-element-ab532f1 e-con-full e-flex e-con e-child\" data-id=\"ab532f1\" data-element_type=\"container\" data-e-type=\"container\">\n\t\t\t\t<div class=\"elementor-element elementor-element-9769c36 elementor-widget__width-initial elementor-widget elementor-widget-text-editor\" data-id=\"9769c36\" data-element_type=\"widget\" data-e-type=\"widget\" data-widget_type=\"text-editor.default\">\n\t\t\t\t<div class=\"elementor-widget-container\">\n\t\t\t\t\t\t\t\t\t<div>Einfaches, sauberes Design.<\/div><div>\u00a0<\/div><div>\u00a0<\/div><div><span style=\"color: #000000;\">Konstruiert aus 12 GA Cor-<\/span><span style=\"color: #000000;\">Ten Steel.<\/span><\/div><div>\u00a0<\/div><div>\u00a0<\/div><div><span style=\"color: #000000;\">Erh\u00e4ltlich mit oder ohne Abflussl\u00f6cher.<\/span><\/div><div>\u00a0<\/div><div>\u00a0<\/div><div><span style=\"color: #000000;\">Ausgezeichnete Haltbarkeit im Freien.<\/span><\/div><div><span style=\"color: #000000;\"> Die Lieferung erfolgt im unbewitterten Zustand.<\/span><\/div><div>\u00a0<\/div><div>\u00a0<\/div><div><span style=\"color: #000000;\">Individuelle Gr\u00f6\u00dfen sind erh\u00e4ltlich.<\/span><\/div>\t\t\t\t\t\t\t\t<\/div>\n\t\t\t\t<\/div>\n\t\t\t\t<div class=\"elementor-element elementor-element-87b57e3 elementor-widget elementor-widget-image\" data-id=\"87b57e3\" data-element_type=\"widget\" data-e-type=\"widget\" data-widget_type=\"image.default\">\n\t\t\t\t<div class=\"elementor-widget-container\">\n\t\t\t\t\t\t\t\t\t\t\t\t\t\t\t<img decoding=\"async\" width=\"750\" height=\"750\" src=\"https:\/\/keweicorten.com\/wp-content\/uploads\/2024\/10\/\u5fae\u4fe1\u56fe\u7247_20230707153408.jpg\" class=\"attachment-large size-large wp-image-1822\" alt=\"\" srcset=\"https:\/\/keweicorten.com\/wp-content\/uploads\/2024\/10\/\u5fae\u4fe1\u56fe\u7247_20230707153408.jpg 750w, https:\/\/keweicorten.com\/wp-content\/uploads\/2024\/10\/\u5fae\u4fe1\u56fe\u7247_20230707153408-300x300.jpg 300w, https:\/\/keweicorten.com\/wp-content\/uploads\/2024\/10\/\u5fae\u4fe1\u56fe\u7247_20230707153408-150x150.jpg 150w, https:\/\/keweicorten.com\/wp-content\/uploads\/2024\/10\/\u5fae\u4fe1\u56fe\u7247_20230707153408-12x12.jpg 12w, https:\/\/keweicorten.com\/wp-content\/uploads\/2024\/10\/\u5fae\u4fe1\u56fe\u7247_20230707153408-600x600.jpg 600w, https:\/\/keweicorten.com\/wp-content\/uploads\/2024\/10\/\u5fae\u4fe1\u56fe\u7247_20230707153408-100x100.jpg 100w\" sizes=\"(max-width: 750px) 100vw, 750px\" \/>\t\t\t\t\t\t\t\t\t\t\t\t\t\t\t<\/div>\n\t\t\t\t<\/div>\n\t\t\t\t<\/div>\n\t\t<div class=\"elementor-element elementor-element-bb75c07 e-con-full e-flex e-con e-child\" data-id=\"bb75c07\" data-element_type=\"container\" data-e-type=\"container\">\n\t\t\t\t<div class=\"elementor-element elementor-element-e8f5e39 elementor-widget__width-initial elementor-widget elementor-widget-image\" data-id=\"e8f5e39\" data-element_type=\"widget\" data-e-type=\"widget\" data-widget_type=\"image.default\">\n\t\t\t\t<div class=\"elementor-widget-container\">\n\t\t\t\t\t\t\t\t\t\t\t\t<figure class=\"wp-caption\">\n\t\t\t\t\t\t\t\t\t\t<img decoding=\"async\" width=\"564\" height=\"564\" src=\"https:\/\/keweicorten.com\/wp-content\/uploads\/2024\/10\/a2df.jpg\" class=\"attachment-large size-large wp-image-1821\" alt=\"\" srcset=\"https:\/\/keweicorten.com\/wp-content\/uploads\/2024\/10\/a2df.jpg 564w, https:\/\/keweicorten.com\/wp-content\/uploads\/2024\/10\/a2df-300x300.jpg 300w, https:\/\/keweicorten.com\/wp-content\/uploads\/2024\/10\/a2df-150x150.jpg 150w, https:\/\/keweicorten.com\/wp-content\/uploads\/2024\/10\/a2df-12x12.jpg 12w, https:\/\/keweicorten.com\/wp-content\/uploads\/2024\/10\/a2df-100x100.jpg 100w\" sizes=\"(max-width: 564px) 100vw, 564px\" \/>\t\t\t\t\t\t\t\t\t\t\t<figcaption class=\"widget-image-caption wp-caption-text\"><\/figcaption>\n\t\t\t\t\t\t\t\t\t\t<\/figure>\n\t\t\t\t\t\t\t\t\t<\/div>\n\t\t\t\t<\/div>\n\t\t\t\t<div class=\"elementor-element elementor-element-0c0063a elementor-widget__width-initial elementor-widget elementor-widget-text-editor\" data-id=\"0c0063a\" data-element_type=\"widget\" data-e-type=\"widget\" data-widget_type=\"text-editor.default\">\n\t\t\t\t<div class=\"elementor-widget-container\">\n\t\t\t\t\t\t\t\t\t<p><b data-spm-anchor-id=\"a2700.details.0.i41.5cc33fd8mJPIfQ\">5 Jahre Herstellergarantie<\/b> - Das gibt dir Sicherheit<\/p><p>\u00a0<\/p><p><b>Hochgradig korrosionsbest\u00e4ndig<\/b> - Cortenstahl widersteht allen Witterungsbedingungen ohne Wartung. Sobald er seine orange-braune Farbe angenommen hat, sch\u00fctzt diese d\u00fcnne Oxidationsschicht den Stahl vor weiterer Korrosion.<\/p><p>\u00a0<\/p><p><b>Bewerbung<\/b> - Ideal f\u00fcr den privaten und gewerblichen Gebrauch<\/p>\t\t\t\t\t\t\t\t<\/div>\n\t\t\t\t<\/div>\n\t\t\t\t<\/div>\n\t\t\t\t\t<\/div>\n\t\t\t\t<\/div>\n\t\t\t\t<\/div>","protected":false},"excerpt":{"rendered":"<p>Blumenk\u00fcbel aus Cortenstahl, modernes Design und nat\u00fcrlicher Stil, langlebig und sch\u00f6n, ideal zur Versch\u00f6nerung deines Au\u00dfenbereichs.<\/p>","protected":false},"featured_media":1816,"comment_status":"open","ping_status":"closed","template":"","meta":{"_eb_attr":"","_monsterinsights_skip_tracking":false,"_monsterinsights_sitenote_active":false,"_monsterinsights_sitenote_note":"","_monsterinsights_sitenote_category":0,"_uf_show_specific_survey":0,"_uf_disable_surveys":false},"product_brand":[],"product_cat":[59],"product_tag":[],"class_list":{"0":"post-1817","1":"product","2":"type-product","3":"status-publish","4":"has-post-thumbnail","6":"product_cat-flower-pot","8":"first","9":"instock","10":"shipping-taxable","11":"product-type-simple"},"_links":{"self":[{"href":"https:\/\/keweicorten.com\/de_ch_informal\/wp-json\/wp\/v2\/product\/1817"}],"collection":[{"href":"https:\/\/keweicorten.com\/de_ch_informal\/wp-json\/wp\/v2\/product"}],"about":[{"href":"https:\/\/keweicorten.com\/de_ch_informal\/wp-json\/wp\/v2\/types\/product"}],"replies":[{"embeddable":true,"href":"https:\/\/keweicorten.com\/de_ch_informal\/wp-json\/wp\/v2\/comments?post=1817"}],"version-history":[{"count":9,"href":"https:\/\/keweicorten.com\/de_ch_informal\/wp-json\/wp\/v2\/product\/1817\/revisions"}],"predecessor-version":[{"id":1866,"href":"https:\/\/keweicorten.com\/de_ch_informal\/wp-json\/wp\/v2\/product\/1817\/revisions\/1866"}],"wp:featuredmedia":[{"embeddable":true,"href":"https:\/\/keweicorten.com\/de_ch_informal\/wp-json\/wp\/v2\/media\/1816"}],"wp:attachment":[{"href":"https:\/\/keweicorten.com\/de_ch_informal\/wp-json\/wp\/v2\/media?parent=1817"}],"wp:term":[{"taxonomy":"product_brand","embeddable":true,"href":"https:\/\/keweicorten.com\/de_ch_informal\/wp-json\/wp\/v2\/product_brand?post=1817"},{"taxonomy":"product_cat","embeddable":true,"href":"https:\/\/keweicorten.com\/de_ch_informal\/wp-json\/wp\/v2\/product_cat?post=1817"},{"taxonomy":"product_tag","embeddable":true,"href":"https:\/\/keweicorten.com\/de_ch_informal\/wp-json\/wp\/v2\/product_tag?post=1817"}],"curies":[{"name":"wp","href":"https:\/\/api.w.org\/{rel}","templated":true}]}}