{"id":1867,"date":"2024-10-29T02:29:39","date_gmt":"2024-10-29T02:29:39","guid":{"rendered":"https:\/\/keweicorten.com\/?post_type=product&#038;p=1867"},"modified":"2024-10-29T02:31:51","modified_gmt":"2024-10-29T02:31:51","slug":"astm-a606-a588-witterungsbestandiges-corten-a-stahlblech","status":"publish","type":"product","link":"https:\/\/keweicorten.com\/de_ch_informal\/astm-a606-a588-witterungsbestandiges-corten-a-stahlblech\/","title":{"rendered":"ASTM A606 A588 Verwitternde Corten a Stahlplatten"},"content":{"rendered":"<table>\n<thead>\n<tr>\n<th><strong>Eigentum<\/strong><\/th>\n<th><strong>ASTM A606<\/strong><\/th>\n<th><strong>ASTM A588 (Corten A)<\/strong><\/th>\n<\/tr>\n<\/thead>\n<tbody>\n<tr>\n<td><strong>Standard<\/strong><\/td>\n<td>ASTM A606-4<\/td>\n<td>ASTM A588 Klasse A<\/td>\n<\/tr>\n<tr>\n<td><strong>Typ<\/strong><\/td>\n<td>Hochfester niedrig legierter Stahl<\/td>\n<td>Verwitternder Stahl<\/td>\n<\/tr>\n<tr>\n<td><strong>Korrosionsbest\u00e4ndigkeit<\/strong><\/td>\n<td>Gut<\/td>\n<td>Ausgezeichnet; resistent gegen atmosph\u00e4rische Korrosion<\/td>\n<\/tr>\n<tr>\n<td><strong>Zugfestigkeit<\/strong><\/td>\n<td>Mindestens 70 ksi (485 MPa)<\/td>\n<td>Mindestens 70 ksi (485 MPa)<\/td>\n<\/tr>\n<tr>\n<td><strong>Streckgrenze<\/strong><\/td>\n<td>Mindestens 50 ksi (345 MPa)<\/td>\n<td>Mindestens 50 ksi (345 MPa)<\/td>\n<\/tr>\n<tr>\n<td><strong>Dehnung<\/strong><\/td>\n<td>Variiert je nach Dicke<\/td>\n<td>Variiert je nach Dicke<\/td>\n<\/tr>\n<tr>\n<td><strong>Dickenbereich<\/strong><\/td>\n<td>Normalerweise bis zu 50 mm (2 Zoll)<\/td>\n<td>Normalerweise bis zu 50 mm (2 Zoll)<\/td>\n<\/tr>\n<tr>\n<td><strong>Verformbarkeit<\/strong><\/td>\n<td>Gut<\/td>\n<td>Gut<\/td>\n<\/tr>\n<tr>\n<td><strong>Schwei\u00dfbarkeit<\/strong><\/td>\n<td>Gut mit entsprechenden Vorsichtsma\u00dfnahmen<\/td>\n<td>Gut mit entsprechenden Vorsichtsma\u00dfnahmen<\/td>\n<\/tr>\n<tr>\n<td><strong>Anwendungen<\/strong><\/td>\n<td>Konstruktion, Br\u00fccken, St\u00fctzen<\/td>\n<td>Br\u00fccken, Bauwesen, Schiffsanwendungen<\/td>\n<\/tr>\n<tr>\n<td><strong>Oberfl\u00e4chenbehandlung<\/strong><\/td>\n<td>Gegl\u00e4ttet oder wie angegeben<\/td>\n<td>Gegl\u00e4ttet oder wie angegeben<\/td>\n<\/tr>\n<tr>\n<td><strong>Chemische Zusammensetzung<\/strong><\/td>\n<td>Variiert leicht je nach den spezifischen Anforderungen<\/td>\n<td>Enth\u00e4lt Elemente wie Kupfer f\u00fcr erh\u00f6hte Witterungsbest\u00e4ndigkeit<\/td>\n<\/tr>\n<\/tbody>\n<\/table>\n<p><a href=\"https:\/\/keweicorten.com\/de_ch_informal\"><img fetchpriority=\"high\" decoding=\"async\" class=\"alignnone\" title=\"ASTM A588 Stahlplatte \" src=\"https:\/\/i.ytimg.com\/vi\/5OTJne5mkO0\/maxresdefault.jpg\" alt=\"ASTM A588 Stahlplatte \" width=\"556\" height=\"313\" \/><\/a><\/p>\n<p><a href=\"https:\/\/keweicorten.com\/de_ch_informal\"><img decoding=\"async\" class=\"alignnone\" title=\"ASTM A588 ASTM A606 4 Cortenstahlblech \" src=\"https:\/\/image.made-in-china.com\/2f0j00rkpiaVFIheYJ\/ASTM-A588-ASTM-A606-4-Corten-Steel-Plate-Gr-a-Gr-B-Corrosion-Resistance-Weathering-Steel-Sheet-for-Outdoor-Metal-Sheet.jpg\" alt=\"ASTM A588 ASTM A606 4 Cortenstahlblech \" width=\"556\" height=\"556\" \/><\/a><\/p>\n<p><a href=\"https:\/\/keweicorten.com\/de_ch_informal\"><img decoding=\"async\" class=\"alignnone\" title=\"ASTM A588 Gr.B Corten-Stahlbleche \" src=\"https:\/\/www.csteelindia.com\/images\/astm-588-type2-steel-plates.jpg\" alt=\"ASTM A588 Gr.B Corten Stahlplatten china preis | keweicorten\" width=\"559\" height=\"315\" \/><\/a><\/p>","protected":false},"excerpt":{"rendered":"<p>Ein klares Verst\u00e4ndnis der wichtigsten Eigenschaften und Anwendungsszenarien von China ASTM A606 und A588 wetterfesten Stahlblechen hilft dir bei der Auswahl des richtigen Materials f\u00fcr deine spezifischen technischen Anforderungen.<\/p>","protected":false},"featured_media":1868,"comment_status":"open","ping_status":"closed","template":"","meta":{"_eb_attr":"","_monsterinsights_skip_tracking":false,"_monsterinsights_sitenote_active":false,"_monsterinsights_sitenote_note":"","_monsterinsights_sitenote_category":0,"_uf_show_specific_survey":0,"_uf_disable_surveys":false},"product_brand":[],"product_cat":[21],"product_tag":[],"class_list":{"0":"post-1867","1":"product","2":"type-product","3":"status-publish","4":"has-post-thumbnail","6":"product_cat-weather-resistant-steel-plate","8":"first","9":"instock","10":"shipping-taxable","11":"product-type-simple"},"_links":{"self":[{"href":"https:\/\/keweicorten.com\/de_ch_informal\/wp-json\/wp\/v2\/product\/1867"}],"collection":[{"href":"https:\/\/keweicorten.com\/de_ch_informal\/wp-json\/wp\/v2\/product"}],"about":[{"href":"https:\/\/keweicorten.com\/de_ch_informal\/wp-json\/wp\/v2\/types\/product"}],"replies":[{"embeddable":true,"href":"https:\/\/keweicorten.com\/de_ch_informal\/wp-json\/wp\/v2\/comments?post=1867"}],"version-history":[{"count":2,"href":"https:\/\/keweicorten.com\/de_ch_informal\/wp-json\/wp\/v2\/product\/1867\/revisions"}],"predecessor-version":[{"id":1870,"href":"https:\/\/keweicorten.com\/de_ch_informal\/wp-json\/wp\/v2\/product\/1867\/revisions\/1870"}],"wp:featuredmedia":[{"embeddable":true,"href":"https:\/\/keweicorten.com\/de_ch_informal\/wp-json\/wp\/v2\/media\/1868"}],"wp:attachment":[{"href":"https:\/\/keweicorten.com\/de_ch_informal\/wp-json\/wp\/v2\/media?parent=1867"}],"wp:term":[{"taxonomy":"product_brand","embeddable":true,"href":"https:\/\/keweicorten.com\/de_ch_informal\/wp-json\/wp\/v2\/product_brand?post=1867"},{"taxonomy":"product_cat","embeddable":true,"href":"https:\/\/keweicorten.com\/de_ch_informal\/wp-json\/wp\/v2\/product_cat?post=1867"},{"taxonomy":"product_tag","embeddable":true,"href":"https:\/\/keweicorten.com\/de_ch_informal\/wp-json\/wp\/v2\/product_tag?post=1867"}],"curies":[{"name":"wp","href":"https:\/\/api.w.org\/{rel}","templated":true}]}}