{"id":2675,"date":"2024-12-09T07:59:41","date_gmt":"2024-12-09T07:59:41","guid":{"rendered":"https:\/\/keweicorten.com\/?post_type=product&#038;p=2675"},"modified":"2025-01-15T06:13:47","modified_gmt":"2025-01-15T06:13:47","slug":"aufgehangter-dauerhafter-hangekamin","status":"publish","type":"product","link":"https:\/\/keweicorten.com\/de_ch_informal\/aufgehangter-dauerhafter-hangekamin\/","title":{"rendered":"Aufgeh\u00e4ngter, langlebiger H\u00e4ngekamin"},"content":{"rendered":"<h3><strong>Merkmale des h\u00e4ngenden Kamins:<\/strong><\/h3>\n<ol>\n<li><strong>Langlebige Materialien:<\/strong>\n<ul>\n<li><strong>Cortenstahl<\/strong>: Witterungsbest\u00e4ndig und entwickelt mit der Zeit eine rost\u00e4hnliche Patina, ideal f\u00fcr den Au\u00dfeneinsatz.<\/li>\n<li><strong>Rostfreier Stahl<\/strong>: Korrosionsbest\u00e4ndig und elegant, perfekt f\u00fcr moderne Innenr\u00e4ume.<\/li>\n<li><strong>Gusseisen<\/strong>: Robust und w\u00e4rmespeichernd f\u00fcr eine effiziente Erw\u00e4rmung.<\/li>\n<li><strong>Hochwarmfester beschichteter Stahl<\/strong>: Sorgt auch bei h\u00e4ufigem Gebrauch f\u00fcr Langlebigkeit.<\/li>\n<\/ul>\n<\/li>\n<li><strong>Aufh\u00e4ngung Design:<\/strong>\n<ul>\n<li>Die Decke wird f\u00fcr eine schwebende \u00c4sthetik montiert.<\/li>\n<li>F\u00fcr eine bessere W\u00e4rmeverteilung gibt es drehbare (360\u00b0) Modelle.<\/li>\n<li>Geeignet f\u00fcr hohe Decken und offene R\u00e4ume.<\/li>\n<\/ul>\n<\/li>\n<li><strong>Arten von Feuerstellen:<\/strong>\n<ul>\n<li><strong>Holzverbrennung<\/strong>: Traditioneller Charme mit echtem Feuer und knisternden Ger\u00e4uschen.<\/li>\n<li><strong>Bioethanol<\/strong>: Saubere Verbrennung, kein Schornstein erforderlich, minimale Wartung.<\/li>\n<li><strong>Elektrisch<\/strong>: LED-basierte Flammeneffekte und optionale Heizung, sehr vielseitig.<\/li>\n<li><strong>Gas<\/strong>: Realistische Flammen, effiziente Heizung und sauberer Betrieb als Holz.<\/li>\n<\/ul>\n<\/li>\n<li><strong>Anpassungsoptionen:<\/strong>\n<ul>\n<li>Form: Runde, ovale oder eckige Formen.<\/li>\n<li>Gr\u00f6\u00dfe: Kompakt f\u00fcr kleine R\u00e4ume oder gro\u00df f\u00fcr gro\u00dfe R\u00e4ume.<\/li>\n<li>Oberfl\u00e4che Mattschwarz, geb\u00fcrstetes Metall oder rostiges Corten-Finish.<\/li>\n<\/ul>\n<\/li>\n<\/ol>\n<p><img fetchpriority=\"high\" decoding=\"async\" class=\"alignnone wp-image-2676 size-medium\" title=\"Luxus-Innenkamin mit Holzfeuerung\" src=\"https:\/\/keweicorten.com\/wp-content\/uploads\/2024\/12\/\u60ac\u6302\u98de\u789f\u58c1\u7089\u5ba2\u5385\u58c1\u7089\u7535\u5b50\u60ac\u6302\u9152\u7cbe3d\u96fe\u5316\u540a\u7089\u771f\u706b\u71c3\u6728\u67f4\u98de\u789f\u522b\u5885-300x300.jpg\" alt=\"Luxus-Innenkamin Preis, Hersteller, Lieferanten - Keweicorten\" width=\"300\" height=\"300\" srcset=\"https:\/\/keweicorten.com\/wp-content\/uploads\/2024\/12\/\u60ac\u6302\u98de\u789f\u58c1\u7089\u5ba2\u5385\u58c1\u7089\u7535\u5b50\u60ac\u6302\u9152\u7cbe3d\u96fe\u5316\u540a\u7089\u771f\u706b\u71c3\u6728\u67f4\u98de\u789f\u522b\u5885-300x300.jpg 300w, https:\/\/keweicorten.com\/wp-content\/uploads\/2024\/12\/\u60ac\u6302\u98de\u789f\u58c1\u7089\u5ba2\u5385\u58c1\u7089\u7535\u5b50\u60ac\u6302\u9152\u7cbe3d\u96fe\u5316\u540a\u7089\u771f\u706b\u71c3\u6728\u67f4\u98de\u789f\u522b\u5885-150x150.jpg 150w, https:\/\/keweicorten.com\/wp-content\/uploads\/2024\/12\/\u60ac\u6302\u98de\u789f\u58c1\u7089\u5ba2\u5385\u58c1\u7089\u7535\u5b50\u60ac\u6302\u9152\u7cbe3d\u96fe\u5316\u540a\u7089\u771f\u706b\u71c3\u6728\u67f4\u98de\u789f\u522b\u5885-12x12.jpg 12w, https:\/\/keweicorten.com\/wp-content\/uploads\/2024\/12\/\u60ac\u6302\u98de\u789f\u58c1\u7089\u5ba2\u5385\u58c1\u7089\u7535\u5b50\u60ac\u6302\u9152\u7cbe3d\u96fe\u5316\u540a\u7089\u771f\u706b\u71c3\u6728\u67f4\u98de\u789f\u522b\u5885-600x600.jpg 600w, https:\/\/keweicorten.com\/wp-content\/uploads\/2024\/12\/\u60ac\u6302\u98de\u789f\u58c1\u7089\u5ba2\u5385\u58c1\u7089\u7535\u5b50\u60ac\u6302\u9152\u7cbe3d\u96fe\u5316\u540a\u7089\u771f\u706b\u71c3\u6728\u67f4\u98de\u789f\u522b\u5885-100x100.jpg 100w, https:\/\/keweicorten.com\/wp-content\/uploads\/2024\/12\/\u60ac\u6302\u98de\u789f\u58c1\u7089\u5ba2\u5385\u58c1\u7089\u7535\u5b50\u60ac\u6302\u9152\u7cbe3d\u96fe\u5316\u540a\u7089\u771f\u706b\u71c3\u6728\u67f4\u98de\u789f\u522b\u5885.jpg 750w\" sizes=\"(max-width: 300px) 100vw, 300px\" \/> <a href=\"https:\/\/keweicorten.com\/de_ch_informal\/kontaktiere-uns\/\"><img decoding=\"async\" class=\"alignnone wp-image-2677 size-medium\" title=\"Luxus-Innenkamin mit Holzfeuerung\" src=\"https:\/\/keweicorten.com\/wp-content\/uploads\/2024\/12\/\u60ac\u6302\u5f0f\u58c1\u7089\u771f\u706b\u71c3\u6728\u67f4\u9152\u7cbe\u53d6\u6696\u7535\u5b50\u96fe\u5316\u5bb6\u7528\u522b\u5885\u7f51\u7ea2\u98de\u789f\u540a\u7089-300x300.jpg\" alt=\"Luxus-Innenkamin Preis, Hersteller, Lieferanten - Keweicorten\" width=\"300\" height=\"300\" srcset=\"https:\/\/keweicorten.com\/wp-content\/uploads\/2024\/12\/\u60ac\u6302\u5f0f\u58c1\u7089\u771f\u706b\u71c3\u6728\u67f4\u9152\u7cbe\u53d6\u6696\u7535\u5b50\u96fe\u5316\u5bb6\u7528\u522b\u5885\u7f51\u7ea2\u98de\u789f\u540a\u7089-300x300.jpg 300w, https:\/\/keweicorten.com\/wp-content\/uploads\/2024\/12\/\u60ac\u6302\u5f0f\u58c1\u7089\u771f\u706b\u71c3\u6728\u67f4\u9152\u7cbe\u53d6\u6696\u7535\u5b50\u96fe\u5316\u5bb6\u7528\u522b\u5885\u7f51\u7ea2\u98de\u789f\u540a\u7089-150x150.jpg 150w, https:\/\/keweicorten.com\/wp-content\/uploads\/2024\/12\/\u60ac\u6302\u5f0f\u58c1\u7089\u771f\u706b\u71c3\u6728\u67f4\u9152\u7cbe\u53d6\u6696\u7535\u5b50\u96fe\u5316\u5bb6\u7528\u522b\u5885\u7f51\u7ea2\u98de\u789f\u540a\u7089-12x12.jpg 12w, https:\/\/keweicorten.com\/wp-content\/uploads\/2024\/12\/\u60ac\u6302\u5f0f\u58c1\u7089\u771f\u706b\u71c3\u6728\u67f4\u9152\u7cbe\u53d6\u6696\u7535\u5b50\u96fe\u5316\u5bb6\u7528\u522b\u5885\u7f51\u7ea2\u98de\u789f\u540a\u7089-600x600.jpg 600w, https:\/\/keweicorten.com\/wp-content\/uploads\/2024\/12\/\u60ac\u6302\u5f0f\u58c1\u7089\u771f\u706b\u71c3\u6728\u67f4\u9152\u7cbe\u53d6\u6696\u7535\u5b50\u96fe\u5316\u5bb6\u7528\u522b\u5885\u7f51\u7ea2\u98de\u789f\u540a\u7089-100x100.jpg 100w, https:\/\/keweicorten.com\/wp-content\/uploads\/2024\/12\/\u60ac\u6302\u5f0f\u58c1\u7089\u771f\u706b\u71c3\u6728\u67f4\u9152\u7cbe\u53d6\u6696\u7535\u5b50\u96fe\u5316\u5bb6\u7528\u522b\u5885\u7f51\u7ea2\u98de\u789f\u540a\u7089.jpg 750w\" sizes=\"(max-width: 300px) 100vw, 300px\" \/><\/a> <a href=\"https:\/\/keweicorten.com\/de_ch_informal\/produkte\/\"><img decoding=\"async\" class=\"alignnone wp-image-2678 size-medium\" title=\" Kamin mit Holzfeuerung \" src=\"https:\/\/keweicorten.com\/wp-content\/uploads\/2024\/12\/\u827a\u672f\u60ac\u6302\u5f0f\u5bb6\u7528\u71c3\u6728\u67f4\u706b\u9152\u7cbe\u58c1\u7089\u88c5\u9970\u91d1\u5c5e\u5706\u5f62\u522b\u58853D\u96fe\u5316\u58c1\u7089\u82af_55ec10e0-300x300.jpg\" alt=\"Kamin f\u00fcr Innenr\u00e4ume - Preis, Hersteller, Lieferanten - Keweicorten\" width=\"300\" height=\"300\" srcset=\"https:\/\/keweicorten.com\/wp-content\/uploads\/2024\/12\/\u827a\u672f\u60ac\u6302\u5f0f\u5bb6\u7528\u71c3\u6728\u67f4\u706b\u9152\u7cbe\u58c1\u7089\u88c5\u9970\u91d1\u5c5e\u5706\u5f62\u522b\u58853D\u96fe\u5316\u58c1\u7089\u82af_55ec10e0-300x300.jpg 300w, https:\/\/keweicorten.com\/wp-content\/uploads\/2024\/12\/\u827a\u672f\u60ac\u6302\u5f0f\u5bb6\u7528\u71c3\u6728\u67f4\u706b\u9152\u7cbe\u58c1\u7089\u88c5\u9970\u91d1\u5c5e\u5706\u5f62\u522b\u58853D\u96fe\u5316\u58c1\u7089\u82af_55ec10e0-150x150.jpg 150w, https:\/\/keweicorten.com\/wp-content\/uploads\/2024\/12\/\u827a\u672f\u60ac\u6302\u5f0f\u5bb6\u7528\u71c3\u6728\u67f4\u706b\u9152\u7cbe\u58c1\u7089\u88c5\u9970\u91d1\u5c5e\u5706\u5f62\u522b\u58853D\u96fe\u5316\u58c1\u7089\u82af_55ec10e0-12x12.jpg 12w, https:\/\/keweicorten.com\/wp-content\/uploads\/2024\/12\/\u827a\u672f\u60ac\u6302\u5f0f\u5bb6\u7528\u71c3\u6728\u67f4\u706b\u9152\u7cbe\u58c1\u7089\u88c5\u9970\u91d1\u5c5e\u5706\u5f62\u522b\u58853D\u96fe\u5316\u58c1\u7089\u82af_55ec10e0-600x600.jpg 600w, https:\/\/keweicorten.com\/wp-content\/uploads\/2024\/12\/\u827a\u672f\u60ac\u6302\u5f0f\u5bb6\u7528\u71c3\u6728\u67f4\u706b\u9152\u7cbe\u58c1\u7089\u88c5\u9970\u91d1\u5c5e\u5706\u5f62\u522b\u58853D\u96fe\u5316\u58c1\u7089\u82af_55ec10e0-100x100.jpg 100w, https:\/\/keweicorten.com\/wp-content\/uploads\/2024\/12\/\u827a\u672f\u60ac\u6302\u5f0f\u5bb6\u7528\u71c3\u6728\u67f4\u706b\u9152\u7cbe\u58c1\u7089\u88c5\u9970\u91d1\u5c5e\u5706\u5f62\u522b\u58853D\u96fe\u5316\u58c1\u7089\u82af_55ec10e0.jpg 750w\" sizes=\"(max-width: 300px) 100vw, 300px\" \/><img loading=\"lazy\" decoding=\"async\" class=\"alignnone wp-image-2686 size-medium\" title=\" Raum h\u00e4ngender Kamin\" src=\"https:\/\/keweicorten.com\/wp-content\/uploads\/2024\/12\/room-hanging-fireplace-300x300.jpg\" alt=\" Zimmer h\u00e4ngender Kamin Preis-Keweicorten\" width=\"300\" height=\"300\" srcset=\"https:\/\/keweicorten.com\/wp-content\/uploads\/2024\/12\/room-hanging-fireplace-300x300.jpg 300w, https:\/\/keweicorten.com\/wp-content\/uploads\/2024\/12\/room-hanging-fireplace-150x150.jpg 150w, https:\/\/keweicorten.com\/wp-content\/uploads\/2024\/12\/room-hanging-fireplace-12x12.jpg 12w, https:\/\/keweicorten.com\/wp-content\/uploads\/2024\/12\/room-hanging-fireplace-100x100.jpg 100w, https:\/\/keweicorten.com\/wp-content\/uploads\/2024\/12\/room-hanging-fireplace.jpg 564w\" sizes=\"(max-width: 300px) 100vw, 300px\" \/><\/a><\/p>\n<hr \/>\n<h3><strong>Vorteile:<\/strong><\/h3>\n<ul>\n<li><strong>Moderne \u00c4sthetik<\/strong>: Passt zu modernen oder rustikalen Innen- und Au\u00dfendesigns.<\/li>\n<li><strong>Platzsparend<\/strong>: Durch die h\u00e4ngende Montage bleibt der Boden frei.<\/li>\n<li><strong>Effiziente Heizung<\/strong>: Bietet W\u00e4rme und Atmosph\u00e4re, mit Optionen f\u00fcr gerichtete W\u00e4rme.<\/li>\n<li><strong>Vielseitigkeit<\/strong>: Sowohl f\u00fcr Wohn- als auch f\u00fcr Gesch\u00e4ftsr\u00e4ume geeignet.<\/li>\n<\/ul>\n<p><img loading=\"lazy\" decoding=\"async\" class=\"\" title=\"Produkt-324-243\" src=\"https:\/\/www.hiflame-stove.com\/Content\/uploads\/2023175255\/20231211151637b3c8fc20a2974e7ea1c59a43402177b3.jpg\" alt=\"Produkt-324-243\" width=\"299\" height=\"224\" \/><img loading=\"lazy\" decoding=\"async\" class=\"\" title=\"produkt-926-694\" src=\"https:\/\/www.hiflame-stove.com\/Content\/uploads\/2023175255\/20231211151645199476a2f4a44456ac67002af98aaad3.jpg\" alt=\"produkt-926-694\" width=\"301\" height=\"226\" \/><img loading=\"lazy\" decoding=\"async\" class=\"\" title=\"Produkt-404-303\" src=\"https:\/\/www.hiflame-stove.com\/Content\/uploads\/2023175255\/20231211151657a6fa1ae05927450eafd2c2a811001603.jpg\" alt=\"Produkt-404-303\" width=\"300\" height=\"225\" \/><img loading=\"lazy\" decoding=\"async\" class=\"alignnone size-medium wp-image-2684\" src=\"https:\/\/keweicorten.com\/wp-content\/uploads\/2024\/12\/\u5fae\u4fe1\u56fe\u7247_20240411141839-300x225.jpg\" alt=\"\" width=\"300\" height=\"225\" srcset=\"https:\/\/keweicorten.com\/wp-content\/uploads\/2024\/12\/\u5fae\u4fe1\u56fe\u7247_20240411141839-300x225.jpg 300w, https:\/\/keweicorten.com\/wp-content\/uploads\/2024\/12\/\u5fae\u4fe1\u56fe\u7247_20240411141839-1024x768.jpg 1024w, https:\/\/keweicorten.com\/wp-content\/uploads\/2024\/12\/\u5fae\u4fe1\u56fe\u7247_20240411141839-768x576.jpg 768w, https:\/\/keweicorten.com\/wp-content\/uploads\/2024\/12\/\u5fae\u4fe1\u56fe\u7247_20240411141839-1536x1152.jpg 1536w, https:\/\/keweicorten.com\/wp-content\/uploads\/2024\/12\/\u5fae\u4fe1\u56fe\u7247_20240411141839-16x12.jpg 16w, https:\/\/keweicorten.com\/wp-content\/uploads\/2024\/12\/\u5fae\u4fe1\u56fe\u7247_20240411141839-600x450.jpg 600w, https:\/\/keweicorten.com\/wp-content\/uploads\/2024\/12\/\u5fae\u4fe1\u56fe\u7247_20240411141839.jpg 1706w\" sizes=\"(max-width: 300px) 100vw, 300px\" \/><\/p>","protected":false},"excerpt":{"rendered":"<h3><strong>Anwendungen:<\/strong><\/h3>\n<ul>\n<li><strong>Drinnen<\/strong>: Wohnzimmer, Essbereiche und offene R\u00e4ume.<\/li>\n<li><strong>Drau\u00dfen<\/strong>: Terrassen, G\u00e4rten und Lounges am Pool.<\/li>\n<li><strong>Kommerziell<\/strong>: Luxushotels, Restaurants und Resorts.<\/li>\n<\/ul>","protected":false},"featured_media":2679,"comment_status":"open","ping_status":"closed","template":"","meta":{"_eb_attr":"","_monsterinsights_skip_tracking":false,"_monsterinsights_sitenote_active":false,"_monsterinsights_sitenote_note":"","_monsterinsights_sitenote_category":0,"_uf_show_specific_survey":0,"_uf_disable_surveys":false},"product_brand":[],"product_cat":[51],"product_tag":[],"class_list":{"0":"post-2675","1":"product","2":"type-product","3":"status-publish","4":"has-post-thumbnail","6":"product_cat-hanging-fireplace","8":"first","9":"instock","10":"shipping-taxable","11":"product-type-simple"},"_links":{"self":[{"href":"https:\/\/keweicorten.com\/de_ch_informal\/wp-json\/wp\/v2\/product\/2675"}],"collection":[{"href":"https:\/\/keweicorten.com\/de_ch_informal\/wp-json\/wp\/v2\/product"}],"about":[{"href":"https:\/\/keweicorten.com\/de_ch_informal\/wp-json\/wp\/v2\/types\/product"}],"replies":[{"embeddable":true,"href":"https:\/\/keweicorten.com\/de_ch_informal\/wp-json\/wp\/v2\/comments?post=2675"}],"version-history":[{"count":3,"href":"https:\/\/keweicorten.com\/de_ch_informal\/wp-json\/wp\/v2\/product\/2675\/revisions"}],"predecessor-version":[{"id":2687,"href":"https:\/\/keweicorten.com\/de_ch_informal\/wp-json\/wp\/v2\/product\/2675\/revisions\/2687"}],"wp:featuredmedia":[{"embeddable":true,"href":"https:\/\/keweicorten.com\/de_ch_informal\/wp-json\/wp\/v2\/media\/2679"}],"wp:attachment":[{"href":"https:\/\/keweicorten.com\/de_ch_informal\/wp-json\/wp\/v2\/media?parent=2675"}],"wp:term":[{"taxonomy":"product_brand","embeddable":true,"href":"https:\/\/keweicorten.com\/de_ch_informal\/wp-json\/wp\/v2\/product_brand?post=2675"},{"taxonomy":"product_cat","embeddable":true,"href":"https:\/\/keweicorten.com\/de_ch_informal\/wp-json\/wp\/v2\/product_cat?post=2675"},{"taxonomy":"product_tag","embeddable":true,"href":"https:\/\/keweicorten.com\/de_ch_informal\/wp-json\/wp\/v2\/product_tag?post=2675"}],"curies":[{"name":"wp","href":"https:\/\/api.w.org\/{rel}","templated":true}]}}