{"id":2860,"date":"2024-12-17T02:38:43","date_gmt":"2024-12-17T02:38:43","guid":{"rendered":"https:\/\/keweicorten.com\/?post_type=product&#038;p=2860"},"modified":"2025-01-15T06:13:36","modified_gmt":"2025-01-15T06:13:36","slug":"feuerstelle-schale-2","status":"publish","type":"product","link":"https:\/\/keweicorten.com\/de_ch_informal\/feuerstelle-schale-2\/","title":{"rendered":"Feuerstelle Schale"},"content":{"rendered":"<p>Mit der zunehmenden Beliebtheit des Lebens im Freien ist die Feuerschale eine beliebte Wahl f\u00fcr G\u00e4rten, Terrassen und H\u00f6fe geworden. Egal, ob du Zeit mit deiner Familie verbringst oder die Atmosph\u00e4re bei einem Treffen mit Freunden auflockerst, eine sch\u00f6n gestaltete Feuerschale kann der Mittelpunkt sein.<\/p>\n<h2>Vorteile der Feuerschale:<\/h2>\n<ul>\n<li>Modedesign<br \/>\nDas schlichte Design der Feuerschale passt sich an eine Vielzahl von Outdoor-Stilen an, von modern bis vintage, und kann leicht angepasst werden.<\/li>\n<li>Cortenstahl Wetterfester Stahl: Korrosionsbest\u00e4ndig, nat\u00fcrliche Rostoptik, wartungsarm und langlebig.<br \/>\nLeicht zu installieren und zu bewegen<br \/>\nIm Vergleich zur traditionellen festen Feuerstelle ist die Feuerschale flexibler und kann nach Belieben platziert oder verschoben werden, um den Bed\u00fcrfnissen verschiedener Szenarien gerecht zu werden.<\/li>\n<li>F\u00fcr alle Jahreszeiten geeignet<br \/>\nEgal, ob es ein kalter Wintertag oder eine k\u00fchle Sommernacht ist, die Fire Pit-Schale bietet ein gem\u00fctliches und warmes Erlebnis in deinem Au\u00dfenbereich.<\/li>\n<\/ul>\n<p><a href=\"https:\/\/keweicorten.com\/de_ch_informal\/produkte\/\"><img fetchpriority=\"high\" decoding=\"async\" class=\"alignnone wp-image-2861 size-full\" title=\"Feuersch\u00fcssel\" src=\"https:\/\/keweicorten.com\/wp-content\/uploads\/2024\/12\/\u5fae\u4fe1\u56fe\u7247_20230516113533.jpg\" alt=\"Feuerstelle Schale Gro\u00dfhandel, billig, zum Verkauf, auf Lager. -keweicorten\" width=\"700\" height=\"500\" srcset=\"https:\/\/keweicorten.com\/wp-content\/uploads\/2024\/12\/\u5fae\u4fe1\u56fe\u7247_20230516113533.jpg 700w, https:\/\/keweicorten.com\/wp-content\/uploads\/2024\/12\/\u5fae\u4fe1\u56fe\u7247_20230516113533-300x214.jpg 300w, https:\/\/keweicorten.com\/wp-content\/uploads\/2024\/12\/\u5fae\u4fe1\u56fe\u7247_20230516113533-18x12.jpg 18w, https:\/\/keweicorten.com\/wp-content\/uploads\/2024\/12\/\u5fae\u4fe1\u56fe\u7247_20230516113533-600x429.jpg 600w\" sizes=\"(max-width: 700px) 100vw, 700px\" \/><\/a><\/p>\n<p><strong>Anwendungsszenarien der Feuerschale<\/strong><br \/>\nParty im Hof: Ein warmes Feuer schafft eine romantische, gesellige Atmosph\u00e4re f\u00fcr Familie und Freunde.<br \/>\nTerrassendekoration: Mit Outdoor-M\u00f6beln kannst du den Raum geschmackvoll und komfortabel gestalten.<br \/>\nGewerbliche Nutzung: Sitzbereiche im Freien f\u00fcr Restaurants und Caf\u00e9s, um Kunden zum Verweilen zu bewegen.<\/p>\n<p><strong>Warum solltest du dich f\u00fcr unsere Feuerschale entscheiden?\u00a0 \u00a0 \u00a0 \u00a0 \u00a0 \u00a0 \u00a0 \u00a0 \u00a0 \u00a0 \u00a0 \u00a0 \u00a0\u00a0 \u00a0 \u00a0 \u00a0 \u00a0 \u00a0 \u00a0 \u00a0 \u00a0\u00a0<\/strong><\/p>\n<ol>\n<li>Hochwertiges Material f\u00fcr eine lange Lebensdauer des Produkts.<\/li>\n<li>Vielf\u00e4ltige Stile, um den Bed\u00fcrfnissen verschiedener Szenarien gerecht zu werden.<\/li>\n<li>Ma\u00dfgeschneiderter Service, je nach Kundenwunsch, um eine einzigartige Feuerschale zu entwerfen.<\/li>\n<li>Globaler Vertrieb, effiziente Logistik, p\u00fcnktliche Lieferung.<\/li>\n<\/ol>\n<p><a href=\"https:\/\/keweicorten.com\/de_ch_informal\/kontaktiere-uns\/\"><img decoding=\"async\" class=\"alignnone wp-image-2862 size-full\" title=\"Stahlkamin\" src=\"https:\/\/keweicorten.com\/wp-content\/uploads\/2024\/12\/15.jpg\" alt=\"Stahl-Feuergrube Factory,china,Preis,Hersteller, Lieferanten, kundenspezifische-Keweicorten\" width=\"750\" height=\"750\" srcset=\"https:\/\/keweicorten.com\/wp-content\/uploads\/2024\/12\/15.jpg 750w, https:\/\/keweicorten.com\/wp-content\/uploads\/2024\/12\/15-300x300.jpg 300w, https:\/\/keweicorten.com\/wp-content\/uploads\/2024\/12\/15-150x150.jpg 150w, https:\/\/keweicorten.com\/wp-content\/uploads\/2024\/12\/15-12x12.jpg 12w, https:\/\/keweicorten.com\/wp-content\/uploads\/2024\/12\/15-600x600.jpg 600w, https:\/\/keweicorten.com\/wp-content\/uploads\/2024\/12\/15-100x100.jpg 100w\" sizes=\"(max-width: 750px) 100vw, 750px\" \/><\/a><\/p>\n<p>FAQ:<br \/>\nMuss die Feuerschale gewartet werden?<br \/>\nDie Feuerschalen aus Cortenstahl sind fast wartungsfrei und die Rostschicht auf der Au\u00dfenseite bildet eine nat\u00fcrliche Schutzbarriere.<\/p>\n<p>Ist die Feuerschale sicher?<br \/>\nHalte bei der Verwendung einen Sicherheitsabstand ein, halte Kinder und Haustiere von Feuerquellen fern und befolge die Richtlinien zur sicheren Handhabung.<\/p>\n<p>Wie reinige ich eine Feuersch\u00fcssel?<br \/>\nReinige die Asche nach dem Abk\u00fchlen und wische die Oberfl\u00e4che mit einem feuchten Tuch ab. Trocken halten und lagern.<\/p>","protected":false},"excerpt":{"rendered":"<p>Eine exquisite Feuerschale ist nicht nur ein praktisches Heizger\u00e4t f\u00fcr den Au\u00dfenbereich, sondern auch ein wundersch\u00f6nes dekoratives Kunstwerk. Erf\u00fclle deinen Au\u00dfenbereich mit W\u00e4rme und Vitalit\u00e4t.<\/p>","protected":false},"featured_media":2863,"comment_status":"open","ping_status":"closed","template":"","meta":{"_eb_attr":"","_monsterinsights_skip_tracking":false,"_monsterinsights_sitenote_active":false,"_monsterinsights_sitenote_note":"","_monsterinsights_sitenote_category":0,"_uf_show_specific_survey":0,"_uf_disable_surveys":false},"product_brand":[],"product_cat":[54],"product_tag":[],"class_list":{"0":"post-2860","1":"product","2":"type-product","3":"status-publish","4":"has-post-thumbnail","6":"product_cat-wood-fire-pit","8":"first","9":"instock","10":"shipping-taxable","11":"product-type-simple"},"_links":{"self":[{"href":"https:\/\/keweicorten.com\/de_ch_informal\/wp-json\/wp\/v2\/product\/2860"}],"collection":[{"href":"https:\/\/keweicorten.com\/de_ch_informal\/wp-json\/wp\/v2\/product"}],"about":[{"href":"https:\/\/keweicorten.com\/de_ch_informal\/wp-json\/wp\/v2\/types\/product"}],"replies":[{"embeddable":true,"href":"https:\/\/keweicorten.com\/de_ch_informal\/wp-json\/wp\/v2\/comments?post=2860"}],"version-history":[{"count":1,"href":"https:\/\/keweicorten.com\/de_ch_informal\/wp-json\/wp\/v2\/product\/2860\/revisions"}],"predecessor-version":[{"id":2867,"href":"https:\/\/keweicorten.com\/de_ch_informal\/wp-json\/wp\/v2\/product\/2860\/revisions\/2867"}],"wp:featuredmedia":[{"embeddable":true,"href":"https:\/\/keweicorten.com\/de_ch_informal\/wp-json\/wp\/v2\/media\/2863"}],"wp:attachment":[{"href":"https:\/\/keweicorten.com\/de_ch_informal\/wp-json\/wp\/v2\/media?parent=2860"}],"wp:term":[{"taxonomy":"product_brand","embeddable":true,"href":"https:\/\/keweicorten.com\/de_ch_informal\/wp-json\/wp\/v2\/product_brand?post=2860"},{"taxonomy":"product_cat","embeddable":true,"href":"https:\/\/keweicorten.com\/de_ch_informal\/wp-json\/wp\/v2\/product_cat?post=2860"},{"taxonomy":"product_tag","embeddable":true,"href":"https:\/\/keweicorten.com\/de_ch_informal\/wp-json\/wp\/v2\/product_tag?post=2860"}],"curies":[{"name":"wp","href":"https:\/\/api.w.org\/{rel}","templated":true}]}}