{"id":2999,"date":"2024-12-25T07:01:12","date_gmt":"2024-12-25T07:01:12","guid":{"rendered":"https:\/\/keweicorten.com\/?post_type=product&#038;p=2999"},"modified":"2025-01-15T06:12:44","modified_gmt":"2025-01-15T06:12:44","slug":"barbecue-corten","status":"publish","type":"product","link":"https:\/\/keweicorten.com\/de_ch_informal\/barbecue-corten\/","title":{"rendered":"Barbecue Corten"},"content":{"rendered":"<h2 data-pm-slice=\"1 3 []\">Cortenstahl zum Grillen: Die perfekte Wahl f\u00fcr Outdoor-Kochbegeisterte<\/h2>\n<p>Wenn du leidenschaftlich gerne im Freien kochst und dein Grillerlebnis aufwerten willst, ist ein Grill aus Cortenstahl ein echter Knaller. Grills aus Cortenstahl vereinen Funktionalit\u00e4t, Langlebigkeit und \u00c4sthetik und erfreuen sich zunehmender Beliebtheit unter Outdoor-Kochern. Dieses Material ist eine ausgezeichnete Wahl f\u00fcr deine n\u00e4chste Grillanlage.<\/p>\n<h4>Was ist Cortenstahl?<\/h4>\n<p>Cortenstahl, auch bekannt als wetterfester Stahl, ist eine Stahllegierung, die nach der Bewitterung ein stabiles rost\u00e4hnliches Aussehen annimmt. Diese einzigartige Eigenschaft macht ihn optisch auff\u00e4llig und \u00e4u\u00dferst korrosionsbest\u00e4ndig. Anders als herk\u00f6mmlicher Stahl entwickelt Cortenstahl im Laufe der Zeit eine sch\u00fctzende Patina, die das Material vor weiteren Sch\u00e4den sch\u00fctzt und eine lange Lebensdauer garantiert.<\/p>\n<h4>Vorteile eines Cortenstahlgrills<\/h4>\n<ol start=\"1\" data-spread=\"true\">\n<li><strong>Strapazierf\u00e4higkeit und Langlebigkeit<\/strong> Cortenstahl ist so konzipiert, dass er rauen Witterungsbedingungen standh\u00e4lt, was ihn ideal f\u00fcr den Au\u00dfeneinsatz macht. Seine korrosionsbest\u00e4ndigen Eigenschaften sorgen daf\u00fcr, dass dein Grill jahrelang funktional und sch\u00f6n bleibt.<\/li>\n<li><strong>Geringe Wartung<\/strong> Durch die nat\u00fcrliche Patina, die sich auf Cortenstahl bildet, ist keine h\u00e4ufige Wartung erforderlich. Im Gegensatz zu anderen Materialien, die gestrichen oder versiegelt werden m\u00fcssen, sind Grills aus Cortenstahl praktisch unproblematisch.<\/li>\n<li><strong>\u00c4sthetische Anziehungskraft<\/strong> Die satten, erdigen Farbt\u00f6ne von Cortenstahl verleihen jedem Au\u00dfenbereich einen modernen und anspruchsvollen Touch. Egal, ob du ein minimalistisches Design oder einen rustikalen Look bevorzugst, Cortenstahl passt zu vielen Outdoor-Stilen.<\/li>\n<li><strong>W\u00e4rmespeicherung und -verteilung<\/strong> Cortenstahl ist ein hervorragender W\u00e4rmeleiter und sorgt f\u00fcr gleichm\u00e4\u00dfige Gartemperaturen. Diese Eigenschaft verbessert die Qualit\u00e4t deines Grillguts und sorgt jedes Mal f\u00fcr perfekte Ergebnisse.<\/li>\n<\/ol>\n<p><a href=\"https:\/\/keweicorten.com\/de_ch_informal\"><img fetchpriority=\"high\" decoding=\"async\" class=\"alignnone wp-image-3004 size-medium\" title=\"corten bbq grill\u00a0\" src=\"https:\/\/keweicorten.com\/wp-content\/uploads\/2024\/12\/IMG20220916175214-300x300.jpg\" alt=\"Rabatt corten bbq grill kaufen Kostenlose Probe -keweicorten\" width=\"300\" height=\"300\" srcset=\"https:\/\/keweicorten.com\/wp-content\/uploads\/2024\/12\/IMG20220916175214-300x300.jpg 300w, https:\/\/keweicorten.com\/wp-content\/uploads\/2024\/12\/IMG20220916175214-150x150.jpg 150w, https:\/\/keweicorten.com\/wp-content\/uploads\/2024\/12\/IMG20220916175214-12x12.jpg 12w, https:\/\/keweicorten.com\/wp-content\/uploads\/2024\/12\/IMG20220916175214-600x600.jpg 600w, https:\/\/keweicorten.com\/wp-content\/uploads\/2024\/12\/IMG20220916175214-100x100.jpg 100w, https:\/\/keweicorten.com\/wp-content\/uploads\/2024\/12\/IMG20220916175214.jpg 750w\" sizes=\"(max-width: 300px) 100vw, 300px\" \/><\/a><a href=\"https:\/\/keweicorten.com\/de_ch_informal\/kontaktiere-uns\/\"><img decoding=\"async\" class=\"alignnone wp-image-3001 size-medium\" title=\"corten bbq grill\u00a0\" src=\"https:\/\/keweicorten.com\/wp-content\/uploads\/2024\/12\/IMG20220916161902-300x300.jpg\" alt=\"Rabatt corten bbq grill kaufen Kostenlose Probe -keweicorten\" width=\"300\" height=\"300\" srcset=\"https:\/\/keweicorten.com\/wp-content\/uploads\/2024\/12\/IMG20220916161902-300x300.jpg 300w, https:\/\/keweicorten.com\/wp-content\/uploads\/2024\/12\/IMG20220916161902-150x150.jpg 150w, https:\/\/keweicorten.com\/wp-content\/uploads\/2024\/12\/IMG20220916161902-12x12.jpg 12w, https:\/\/keweicorten.com\/wp-content\/uploads\/2024\/12\/IMG20220916161902-600x600.jpg 600w, https:\/\/keweicorten.com\/wp-content\/uploads\/2024\/12\/IMG20220916161902-100x100.jpg 100w, https:\/\/keweicorten.com\/wp-content\/uploads\/2024\/12\/IMG20220916161902.jpg 750w\" sizes=\"(max-width: 300px) 100vw, 300px\" \/><\/a> <a href=\"https:\/\/keweicorten.com\/de_ch_informal\/produkt-kategorie\/feuergrube\/\"><img decoding=\"async\" class=\"alignnone wp-image-3002 size-medium\" title=\"corten bbq grill\" src=\"https:\/\/keweicorten.com\/wp-content\/uploads\/2024\/12\/IMG20220916161905-300x300.jpg\" alt=\"Rabatt corten bbq grill kaufen Kostenlose Probe -keweicorten\" width=\"300\" height=\"300\" srcset=\"https:\/\/keweicorten.com\/wp-content\/uploads\/2024\/12\/IMG20220916161905-300x300.jpg 300w, https:\/\/keweicorten.com\/wp-content\/uploads\/2024\/12\/IMG20220916161905-150x150.jpg 150w, https:\/\/keweicorten.com\/wp-content\/uploads\/2024\/12\/IMG20220916161905-12x12.jpg 12w, https:\/\/keweicorten.com\/wp-content\/uploads\/2024\/12\/IMG20220916161905-600x600.jpg 600w, https:\/\/keweicorten.com\/wp-content\/uploads\/2024\/12\/IMG20220916161905-100x100.jpg 100w, https:\/\/keweicorten.com\/wp-content\/uploads\/2024\/12\/IMG20220916161905.jpg 750w\" sizes=\"(max-width: 300px) 100vw, 300px\" \/><\/a><\/p>\n<h4>Beliebte Designs von Cortenstahlgrills<\/h4>\n<ol start=\"1\" data-spread=\"true\">\n<li><strong>Freistehende BBQ-Grills<\/strong> Sie sind perfekt f\u00fcr alle, die eine vielseitige und tragbare Option suchen. Es gibt sie in verschiedenen Formen und Gr\u00f6\u00dfen, um den unterschiedlichen Kochbed\u00fcrfnissen gerecht zu werden.<\/li>\n<li><strong>BBQ Feuerstellen<\/strong> Diese Designs kombinieren die Funktionalit\u00e4t eines Grills mit dem Ambiente einer Feuerstelle und sind perfekt, um G\u00e4ste zu unterhalten und eine gem\u00fctliche Atmosph\u00e4re zu schaffen.<\/li>\n<li><strong>Eingebaute BBQ-Stationen<\/strong> F\u00fcr eine dauerhafte Einrichtung sind Einbau-Grills aus Cortenstahl eine ausgezeichnete Wahl. Sie k\u00f6nnen so angepasst werden, dass sie sich nahtlos in deine Outdoor-K\u00fcche einf\u00fcgen.<\/li>\n<\/ol>\n<p><a href=\"https:\/\/keweicorten.com\/de_ch_informal\"><img loading=\"lazy\" decoding=\"async\" class=\"alignnone wp-image-2981 size-full\" title=\"Kortengrill\" src=\"https:\/\/keweicorten.com\/wp-content\/uploads\/2024\/12\/\u672a\u547d\u540d.jpg\" alt=\"Rabatt Corten Grill kaufen \" width=\"750\" height=\"750\" srcset=\"https:\/\/keweicorten.com\/wp-content\/uploads\/2024\/12\/\u672a\u547d\u540d.jpg 750w, https:\/\/keweicorten.com\/wp-content\/uploads\/2024\/12\/\u672a\u547d\u540d-300x300.jpg 300w, https:\/\/keweicorten.com\/wp-content\/uploads\/2024\/12\/\u672a\u547d\u540d-150x150.jpg 150w, https:\/\/keweicorten.com\/wp-content\/uploads\/2024\/12\/\u672a\u547d\u540d-12x12.jpg 12w, https:\/\/keweicorten.com\/wp-content\/uploads\/2024\/12\/\u672a\u547d\u540d-600x600.jpg 600w, https:\/\/keweicorten.com\/wp-content\/uploads\/2024\/12\/\u672a\u547d\u540d-100x100.jpg 100w\" sizes=\"(max-width: 750px) 100vw, 750px\" \/><\/a><\/p>\n<h4>Warum solltest du Cortenstahl f\u00fcr deinen Grill w\u00e4hlen?<\/h4>\n<ul data-spread=\"false\">\n<li><strong>Umweltfreundlich:<\/strong> Cortenstahl ist recycelbar und damit eine nachhaltige Wahl f\u00fcr umweltbewusste Verbraucher.<\/li>\n<li><strong>Einzigartiger Alterungsprozess:<\/strong> Mit der Zeit verbessert sich das Aussehen des Stahls und verleiht deinem Au\u00dfenbereich Charakter.<\/li>\n<li><strong>Wetterbest\u00e4ndigkeit:<\/strong> Seine F\u00e4higkeit, extremen Bedingungen zu widerstehen, sorgt daf\u00fcr, dass es das ganze Jahr \u00fcber funktional und optisch ansprechend bleibt.<\/li>\n<\/ul>\n<p><a href=\"https:\/\/keweicorten.com\/de_ch_informal\"><img loading=\"lazy\" decoding=\"async\" class=\"alignnone wp-image-2979 size-full\" title=\"Cortenstahl BBQ-Grill \" src=\"https:\/\/keweicorten.com\/wp-content\/uploads\/2024\/12\/photobank-3.png\" alt=\"Rabatt Cortenstahl BBQ-Grill kaufen -keweicorten\" width=\"437\" height=\"195\" srcset=\"https:\/\/keweicorten.com\/wp-content\/uploads\/2024\/12\/photobank-3.png 437w, https:\/\/keweicorten.com\/wp-content\/uploads\/2024\/12\/photobank-3-300x134.png 300w, https:\/\/keweicorten.com\/wp-content\/uploads\/2024\/12\/photobank-3-18x8.png 18w\" sizes=\"(max-width: 437px) 100vw, 437px\" \/><\/a><\/p>\n<h4>Tipps zur Pflege deines Cortenstahl-Grills<\/h4>\n<ul data-spread=\"false\">\n<li>Vermeide es, sie in Bereichen mit st\u00e4ndiger Feuchtigkeit aufzustellen, um \u00fcberm\u00e4\u00dfiges Rosten zu verhindern.<\/li>\n<li>Reinige die Grillfl\u00e4che regelm\u00e4\u00dfig, um Essensreste zu entfernen.<\/li>\n<li>Verwende eine Schutzabdeckung, wenn du in Regionen mit starken Regenf\u00e4llen oder Schneef\u00e4llen lebst.<\/li>\n<\/ul>","protected":false},"excerpt":{"rendered":"<p data-pm-slice=\"1 1 []\">Bei einem Grill aus Cortenstahl geht es nicht nur um Funktionalit\u00e4t, sondern auch darum, deinen Lebensraum im Freien mit einem langlebigen, wartungsarmen und optisch ansprechenden Mittelpunkt zu versch\u00f6nern.<\/p>","protected":false},"featured_media":3005,"comment_status":"open","ping_status":"closed","template":"","meta":{"_eb_attr":"","_monsterinsights_skip_tracking":false,"_monsterinsights_sitenote_active":false,"_monsterinsights_sitenote_note":"","_monsterinsights_sitenote_category":0,"_uf_show_specific_survey":0,"_uf_disable_surveys":false},"product_brand":[],"product_cat":[63],"product_tag":[],"class_list":{"0":"post-2999","1":"product","2":"type-product","3":"status-publish","4":"has-post-thumbnail","6":"product_cat-steel-bbq-grill","8":"first","9":"instock","10":"shipping-taxable","11":"product-type-simple"},"_links":{"self":[{"href":"https:\/\/keweicorten.com\/de_ch_informal\/wp-json\/wp\/v2\/product\/2999"}],"collection":[{"href":"https:\/\/keweicorten.com\/de_ch_informal\/wp-json\/wp\/v2\/product"}],"about":[{"href":"https:\/\/keweicorten.com\/de_ch_informal\/wp-json\/wp\/v2\/types\/product"}],"replies":[{"embeddable":true,"href":"https:\/\/keweicorten.com\/de_ch_informal\/wp-json\/wp\/v2\/comments?post=2999"}],"version-history":[{"count":1,"href":"https:\/\/keweicorten.com\/de_ch_informal\/wp-json\/wp\/v2\/product\/2999\/revisions"}],"predecessor-version":[{"id":3007,"href":"https:\/\/keweicorten.com\/de_ch_informal\/wp-json\/wp\/v2\/product\/2999\/revisions\/3007"}],"wp:featuredmedia":[{"embeddable":true,"href":"https:\/\/keweicorten.com\/de_ch_informal\/wp-json\/wp\/v2\/media\/3005"}],"wp:attachment":[{"href":"https:\/\/keweicorten.com\/de_ch_informal\/wp-json\/wp\/v2\/media?parent=2999"}],"wp:term":[{"taxonomy":"product_brand","embeddable":true,"href":"https:\/\/keweicorten.com\/de_ch_informal\/wp-json\/wp\/v2\/product_brand?post=2999"},{"taxonomy":"product_cat","embeddable":true,"href":"https:\/\/keweicorten.com\/de_ch_informal\/wp-json\/wp\/v2\/product_cat?post=2999"},{"taxonomy":"product_tag","embeddable":true,"href":"https:\/\/keweicorten.com\/de_ch_informal\/wp-json\/wp\/v2\/product_tag?post=2999"}],"curies":[{"name":"wp","href":"https:\/\/api.w.org\/{rel}","templated":true}]}}