{"id":3008,"date":"2024-12-25T07:15:21","date_gmt":"2024-12-25T07:15:21","guid":{"rendered":"https:\/\/keweicorten.com\/?post_type=product&#038;p=3008"},"modified":"2025-01-15T06:12:33","modified_gmt":"2025-01-15T06:12:33","slug":"grill-corten","status":"publish","type":"product","link":"https:\/\/keweicorten.com\/de_ch_informal\/grill-corten\/","title":{"rendered":"Grill corten"},"content":{"rendered":"<h2>Eigenschaften von Cortenstahl-Grills:<\/h2>\n<ol>\n<li><strong>Langlebigkeit<\/strong>: Sie sind witterungs- und temperaturbest\u00e4ndig und daher ideal f\u00fcr den Einsatz im Freien.<\/li>\n<li><strong>\u00c4sthetische Anziehungskraft<\/strong>: Die rost\u00e4hnliche Oberfl\u00e4che passt gut zu nat\u00fcrlichen und modernen Gartengestaltungen.<\/li>\n<li><strong>Geringe Wartung<\/strong>: Die Schutzschicht reduziert die Notwendigkeit von Anstrichen oder Versiegelungen.<\/li>\n<li><strong>Vielseitigkeit<\/strong>: Viele Grills aus Cortenstahl funktionieren auch als Feuerstellen und verbinden Kochen und Ambiente.<\/li>\n<\/ol>\n<div style=\"width: 800px;\" class=\"wp-video\"><!--[if lt IE 9]><script>document.createElement('video');<\/script><![endif]-->\n<video class=\"wp-video-shortcode\" id=\"video-3008-1\" width=\"800\" height=\"450\" preload=\"metadata\" controls=\"controls\"><source type=\"video\/mp4\" src=\"https:\/\/keweicorten.com\/wp-content\/uploads\/2024\/12\/3.mp4?_=1\" \/><a href=\"https:\/\/keweicorten.com\/wp-content\/uploads\/2024\/12\/3.mp4\">https:\/\/keweicorten.com\/wp-content\/uploads\/2024\/12\/3.mp4<\/a><\/video><\/div>\n<h3>Arten von Cortenstahl-Grills:<\/h3>\n<ul>\n<li><strong>Grill Feuerschalen<\/strong>: Kreisf\u00f6rmige Designs mit einem flachen Rand zum Kochen.<\/li>\n<li><strong>BBQ-R\u00e4ucherer<\/strong>: Geschlossene Grills zum langsamen Garen und R\u00e4uchern von Fleisch.<\/li>\n<li><strong>Freistehende Grills<\/strong>: Klassische Grills im Barbecue-Stil mit verstellbaren Rosten.<\/li>\n<li><strong>Multifunktionale Einheiten<\/strong>: Integrierte Grills mit Holzlager oder zus\u00e4tzlichen Kochfl\u00e4chen.<\/li>\n<\/ul>\n<p><a href=\"https:\/\/keweicorten.com\/de_ch_informal\/produkte\/\"><img fetchpriority=\"high\" decoding=\"async\" class=\"alignnone wp-image-3010 size-medium\" title=\"bester bbq grill\" src=\"https:\/\/keweicorten.com\/wp-content\/uploads\/2024\/12\/\u5fae\u4fe1\u56fe\u7247_20240611173535-300x300.png\" alt=\"bester bbq grill in stock-keweicorten\" width=\"300\" height=\"300\" srcset=\"https:\/\/keweicorten.com\/wp-content\/uploads\/2024\/12\/\u5fae\u4fe1\u56fe\u7247_20240611173535-300x300.png 300w, https:\/\/keweicorten.com\/wp-content\/uploads\/2024\/12\/\u5fae\u4fe1\u56fe\u7247_20240611173535-150x150.png 150w, https:\/\/keweicorten.com\/wp-content\/uploads\/2024\/12\/\u5fae\u4fe1\u56fe\u7247_20240611173535-12x12.png 12w, https:\/\/keweicorten.com\/wp-content\/uploads\/2024\/12\/\u5fae\u4fe1\u56fe\u7247_20240611173535-600x600.png 600w, https:\/\/keweicorten.com\/wp-content\/uploads\/2024\/12\/\u5fae\u4fe1\u56fe\u7247_20240611173535-100x100.png 100w, https:\/\/keweicorten.com\/wp-content\/uploads\/2024\/12\/\u5fae\u4fe1\u56fe\u7247_20240611173535.png 736w\" sizes=\"(max-width: 300px) 100vw, 300px\" \/><\/a> <a href=\"https:\/\/keweicorten.com\/de_ch_informal\"><img decoding=\"async\" class=\"alignnone wp-image-3009\" title=\"BBQ-Grill f\u00fcr drau\u00dfen\" src=\"https:\/\/keweicorten.com\/wp-content\/uploads\/2024\/12\/\u5fae\u4fe1\u56fe\u7247_20230627150317-300x225.jpg\" alt=\"Grill im Freien auf Lager kaufen -eweicorten\" width=\"396\" height=\"297\" srcset=\"https:\/\/keweicorten.com\/wp-content\/uploads\/2024\/12\/\u5fae\u4fe1\u56fe\u7247_20230627150317-300x225.jpg 300w, https:\/\/keweicorten.com\/wp-content\/uploads\/2024\/12\/\u5fae\u4fe1\u56fe\u7247_20230627150317-1024x768.jpg 1024w, https:\/\/keweicorten.com\/wp-content\/uploads\/2024\/12\/\u5fae\u4fe1\u56fe\u7247_20230627150317-768x576.jpg 768w, https:\/\/keweicorten.com\/wp-content\/uploads\/2024\/12\/\u5fae\u4fe1\u56fe\u7247_20230627150317-1536x1152.jpg 1536w, https:\/\/keweicorten.com\/wp-content\/uploads\/2024\/12\/\u5fae\u4fe1\u56fe\u7247_20230627150317-2048x1536.jpg 2048w, https:\/\/keweicorten.com\/wp-content\/uploads\/2024\/12\/\u5fae\u4fe1\u56fe\u7247_20230627150317-16x12.jpg 16w, https:\/\/keweicorten.com\/wp-content\/uploads\/2024\/12\/\u5fae\u4fe1\u56fe\u7247_20230627150317-600x450.jpg 600w\" sizes=\"(max-width: 396px) 100vw, 396px\" \/><\/a> <a href=\"https:\/\/keweicorten.com\/de_ch_informal\/produkt-kategorie\/feuergrube\/\"><img decoding=\"async\" class=\"alignnone wp-image-3012 size-medium\" title=\"BBQ-Grill f\u00fcr drau\u00dfen \" src=\"https:\/\/keweicorten.com\/wp-content\/uploads\/2024\/12\/IMG20220630193533-300x300.jpg\" alt=\"Grill im Freien auf Lager kaufen -eweicorten\" width=\"300\" height=\"300\" srcset=\"https:\/\/keweicorten.com\/wp-content\/uploads\/2024\/12\/IMG20220630193533-300x300.jpg 300w, https:\/\/keweicorten.com\/wp-content\/uploads\/2024\/12\/IMG20220630193533-1024x1024.jpg 1024w, https:\/\/keweicorten.com\/wp-content\/uploads\/2024\/12\/IMG20220630193533-150x150.jpg 150w, https:\/\/keweicorten.com\/wp-content\/uploads\/2024\/12\/IMG20220630193533-768x768.jpg 768w, https:\/\/keweicorten.com\/wp-content\/uploads\/2024\/12\/IMG20220630193533-1536x1536.jpg 1536w, https:\/\/keweicorten.com\/wp-content\/uploads\/2024\/12\/IMG20220630193533-2048x2048.jpg 2048w, https:\/\/keweicorten.com\/wp-content\/uploads\/2024\/12\/IMG20220630193533-12x12.jpg 12w, https:\/\/keweicorten.com\/wp-content\/uploads\/2024\/12\/IMG20220630193533-600x600.jpg 600w, https:\/\/keweicorten.com\/wp-content\/uploads\/2024\/12\/IMG20220630193533-100x100.jpg 100w\" sizes=\"(max-width: 300px) 100vw, 300px\" \/><\/a> <a href=\"https:\/\/keweicorten.com\/de_ch_informal\/produkte\/\"><img loading=\"lazy\" decoding=\"async\" class=\"alignnone wp-image-3013 size-medium\" title=\"Holzkohle-BBQs \" src=\"https:\/\/keweicorten.com\/wp-content\/uploads\/2024\/12\/IMG20220630193536-300x300.jpg\" alt=\"Holzkohlegrills Fabrik, China, Preis, Hersteller, Lieferanten, angepasst, Gro\u00dfhandel, billig, zum Verkauf, auf Lager.-keweicorten\" width=\"300\" height=\"300\" srcset=\"https:\/\/keweicorten.com\/wp-content\/uploads\/2024\/12\/IMG20220630193536-300x300.jpg 300w, https:\/\/keweicorten.com\/wp-content\/uploads\/2024\/12\/IMG20220630193536-1024x1024.jpg 1024w, https:\/\/keweicorten.com\/wp-content\/uploads\/2024\/12\/IMG20220630193536-150x150.jpg 150w, https:\/\/keweicorten.com\/wp-content\/uploads\/2024\/12\/IMG20220630193536-768x768.jpg 768w, https:\/\/keweicorten.com\/wp-content\/uploads\/2024\/12\/IMG20220630193536-1536x1536.jpg 1536w, https:\/\/keweicorten.com\/wp-content\/uploads\/2024\/12\/IMG20220630193536-2048x2048.jpg 2048w, https:\/\/keweicorten.com\/wp-content\/uploads\/2024\/12\/IMG20220630193536-12x12.jpg 12w, https:\/\/keweicorten.com\/wp-content\/uploads\/2024\/12\/IMG20220630193536-600x600.jpg 600w, https:\/\/keweicorten.com\/wp-content\/uploads\/2024\/12\/IMG20220630193536-100x100.jpg 100w\" sizes=\"(max-width: 300px) 100vw, 300px\" \/><\/a><\/p>\n<p><img loading=\"lazy\" decoding=\"async\" class=\"alignnone size-medium wp-image-2506\" src=\"https:\/\/keweicorten.com\/wp-content\/uploads\/2024\/11\/BBQ19-300x300.jpg\" alt=\"\" width=\"300\" height=\"300\" srcset=\"https:\/\/keweicorten.com\/wp-content\/uploads\/2024\/11\/BBQ19-300x300.jpg 300w, https:\/\/keweicorten.com\/wp-content\/uploads\/2024\/11\/BBQ19-150x150.jpg 150w, https:\/\/keweicorten.com\/wp-content\/uploads\/2024\/11\/BBQ19-12x12.jpg 12w, https:\/\/keweicorten.com\/wp-content\/uploads\/2024\/11\/BBQ19-600x600.jpg 600w, https:\/\/keweicorten.com\/wp-content\/uploads\/2024\/11\/BBQ19-100x100.jpg 100w, https:\/\/keweicorten.com\/wp-content\/uploads\/2024\/11\/BBQ19.jpg 750w\" sizes=\"(max-width: 300px) 100vw, 300px\" \/> <img loading=\"lazy\" decoding=\"async\" class=\"alignnone size-medium wp-image-1733\" src=\"https:\/\/keweicorten.com\/wp-content\/uploads\/2024\/10\/BBQ73-300x300.jpg\" alt=\"\" width=\"300\" height=\"300\" srcset=\"https:\/\/keweicorten.com\/wp-content\/uploads\/2024\/10\/BBQ73-300x300.jpg 300w, https:\/\/keweicorten.com\/wp-content\/uploads\/2024\/10\/BBQ73-150x150.jpg 150w, https:\/\/keweicorten.com\/wp-content\/uploads\/2024\/10\/BBQ73-12x12.jpg 12w, https:\/\/keweicorten.com\/wp-content\/uploads\/2024\/10\/BBQ73-600x600.jpg 600w, https:\/\/keweicorten.com\/wp-content\/uploads\/2024\/10\/BBQ73-100x100.jpg 100w, https:\/\/keweicorten.com\/wp-content\/uploads\/2024\/10\/BBQ73.jpg 750w\" sizes=\"(max-width: 300px) 100vw, 300px\" \/><\/p>","protected":false},"excerpt":{"rendered":"<p>Cortenstahl-Grills sind aufgrund ihrer Langlebigkeit, Wetterbest\u00e4ndigkeit und ihres stilvollen rost\u00e4hnlichen Aussehens eine beliebte Wahl f\u00fcr das Kochen im Freien. Diese Grills werden in der Regel aus Cortenstahl hergestellt, der mit der Zeit eine sch\u00fctzende Oxidschicht entwickelt, die weitere Korrosion verhindert und ihm eine einzigartige, nat\u00fcrliche Patina verleiht.<\/p>","protected":false},"featured_media":3012,"comment_status":"open","ping_status":"closed","template":"","meta":{"_eb_attr":"","_monsterinsights_skip_tracking":false,"_monsterinsights_sitenote_active":false,"_monsterinsights_sitenote_note":"","_monsterinsights_sitenote_category":0,"_uf_show_specific_survey":0,"_uf_disable_surveys":false},"product_brand":[],"product_cat":[63],"product_tag":[],"class_list":{"0":"post-3008","1":"product","2":"type-product","3":"status-publish","4":"has-post-thumbnail","6":"product_cat-steel-bbq-grill","8":"first","9":"instock","10":"shipping-taxable","11":"product-type-simple"},"_links":{"self":[{"href":"https:\/\/keweicorten.com\/de_ch_informal\/wp-json\/wp\/v2\/product\/3008"}],"collection":[{"href":"https:\/\/keweicorten.com\/de_ch_informal\/wp-json\/wp\/v2\/product"}],"about":[{"href":"https:\/\/keweicorten.com\/de_ch_informal\/wp-json\/wp\/v2\/types\/product"}],"replies":[{"embeddable":true,"href":"https:\/\/keweicorten.com\/de_ch_informal\/wp-json\/wp\/v2\/comments?post=3008"}],"version-history":[{"count":2,"href":"https:\/\/keweicorten.com\/de_ch_informal\/wp-json\/wp\/v2\/product\/3008\/revisions"}],"predecessor-version":[{"id":3015,"href":"https:\/\/keweicorten.com\/de_ch_informal\/wp-json\/wp\/v2\/product\/3008\/revisions\/3015"}],"wp:featuredmedia":[{"embeddable":true,"href":"https:\/\/keweicorten.com\/de_ch_informal\/wp-json\/wp\/v2\/media\/3012"}],"wp:attachment":[{"href":"https:\/\/keweicorten.com\/de_ch_informal\/wp-json\/wp\/v2\/media?parent=3008"}],"wp:term":[{"taxonomy":"product_brand","embeddable":true,"href":"https:\/\/keweicorten.com\/de_ch_informal\/wp-json\/wp\/v2\/product_brand?post=3008"},{"taxonomy":"product_cat","embeddable":true,"href":"https:\/\/keweicorten.com\/de_ch_informal\/wp-json\/wp\/v2\/product_cat?post=3008"},{"taxonomy":"product_tag","embeddable":true,"href":"https:\/\/keweicorten.com\/de_ch_informal\/wp-json\/wp\/v2\/product_tag?post=3008"}],"curies":[{"name":"wp","href":"https:\/\/api.w.org\/{rel}","templated":true}]}}