{"id":3033,"date":"2024-12-26T06:38:43","date_gmt":"2024-12-26T06:38:43","guid":{"rendered":"https:\/\/keweicorten.com\/?post_type=product&#038;p=3033"},"modified":"2025-01-15T06:09:20","modified_gmt":"2025-01-15T06:09:20","slug":"moderne-ausenbeleuchtung","status":"publish","type":"product","link":"https:\/\/keweicorten.com\/de_ch_informal\/moderne-ausenbeleuchtung\/","title":{"rendered":"moderne Au\u00dfenbeleuchtung"},"content":{"rendered":"<p>Moderne Au\u00dfenbeleuchtung verbindet Funktionalit\u00e4t mit einem eleganten, zeitgen\u00f6ssischen Design. Hier sind einige beliebte Optionen und Ideen:<\/p>\n<p><a href=\"https:\/\/keweicorten.com\/de_ch_informal\/produkt\/ausenleuchten-fur-laternenpfahle\/\"><img fetchpriority=\"high\" decoding=\"async\" class=\"alignnone wp-image-3038\" title=\"Solarleuchten f\u00fcr drau\u00dfen\" src=\"https:\/\/keweicorten.com\/wp-content\/uploads\/2024\/12\/\u5fae\u4fe1\u56fe\u7247_20241226134204.jpg\" alt=\"Solarleuchten f\u00fcr au\u00dfen Fabrik, China, Preis, Hersteller, Lieferanten, angepasst, Gro\u00dfhandel, billig, zum Verkauf, auf Lager.-keweicorten\" width=\"865\" height=\"1049\" srcset=\"https:\/\/keweicorten.com\/wp-content\/uploads\/2024\/12\/\u5fae\u4fe1\u56fe\u7247_20241226134204.jpg 1080w, https:\/\/keweicorten.com\/wp-content\/uploads\/2024\/12\/\u5fae\u4fe1\u56fe\u7247_20241226134204-247x300.jpg 247w, https:\/\/keweicorten.com\/wp-content\/uploads\/2024\/12\/\u5fae\u4fe1\u56fe\u7247_20241226134204-844x1024.jpg 844w, https:\/\/keweicorten.com\/wp-content\/uploads\/2024\/12\/\u5fae\u4fe1\u56fe\u7247_20241226134204-768x932.jpg 768w, https:\/\/keweicorten.com\/wp-content\/uploads\/2024\/12\/\u5fae\u4fe1\u56fe\u7247_20241226134204-10x12.jpg 10w, https:\/\/keweicorten.com\/wp-content\/uploads\/2024\/12\/\u5fae\u4fe1\u56fe\u7247_20241226134204-600x728.jpg 600w\" sizes=\"(max-width: 865px) 100vw, 865px\" \/><\/a><\/p>\n<h3><strong>Arten der modernen Au\u00dfenbeleuchtung<\/strong><\/h3>\n<ol>\n<li><strong>Wegweiser Lichter<\/strong>\n<ul>\n<li>Flache, minimalistische Designs mit LED-Technologie.<\/li>\n<li>Materialien: Rostfreier Stahl, Cortenstahl oder Aluminium.<\/li>\n<li>Solarbetriebene Optionen f\u00fcr Energieeffizienz.<\/li>\n<\/ul>\n<\/li>\n<li><strong>Wandleuchter<\/strong>\n<ul>\n<li>Klare Linien und geometrische Formen f\u00fcr W\u00e4nde, Terrassen oder Eing\u00e4nge.<\/li>\n<li>Uplight- und Downlighting-Optionen f\u00fcr dramatische Effekte.<\/li>\n<\/ul>\n<\/li>\n<li><strong>Lichterketten<\/strong>\n<ul>\n<li>Warmwei\u00dfe oder farbwechselnde LEDs f\u00fcr ein stimmungsvolles Ambiente.<\/li>\n<li>Geeignet f\u00fcr Pergolen, G\u00e4rten oder Terrassen.<\/li>\n<\/ul>\n<\/li>\n<li><strong>Scheinwerfer und Flutlichter<\/strong>\n<ul>\n<li>Verstellbare Halterungen, um B\u00e4ume, architektonische Merkmale oder Skulpturen hervorzuheben.<\/li>\n<li>Intelligente Steuerung zum Dimmen und Einstellen der Farbe.<\/li>\n<\/ul>\n<\/li>\n<li><strong>Pollerleuchten<\/strong>\n<ul>\n<li>Freistehende Leuchten mit einer modernen \u00c4sthetik f\u00fcr Einfahrten oder Gartengrenzen.<\/li>\n<li>Oft sind sie mit Milchglas oder integrierten LEDs ausgestattet.<\/li>\n<\/ul>\n<\/li>\n<li><strong>Vertiefte Beleuchtung<\/strong>\n<ul>\n<li>Unterputz-Armaturen f\u00fcr Terrassen, Treppen oder Wege.<\/li>\n<li>Erzeugt einen nahtlosen und unauff\u00e4lligen Look.<\/li>\n<\/ul>\n<\/li>\n<li><strong>Pendelleuchten und Deckenleuchten<\/strong>\n<ul>\n<li>Ideal f\u00fcr \u00fcberdachte Au\u00dfenbereiche wie Veranden oder Pavillons.<\/li>\n<li>Mit Materialien wie Glas und wetterfesten Metallen.<\/li>\n<\/ul>\n<\/li>\n<\/ol>\n<h3><strong>Merkmale der modernen Beleuchtung<\/strong><\/h3>\n<ul>\n<li><strong>Smart Control<\/strong>: Wi-Fi oder Bluetooth-f\u00e4hig f\u00fcr die Fernsteuerung.<\/li>\n<li><strong>Energie-Effizienz<\/strong>: LED- und Solaroptionen reduzieren den Stromverbrauch.<\/li>\n<li><strong>Langlebige Materialien<\/strong>: Witterungsbest\u00e4ndige Oberfl\u00e4chen f\u00fcr Langlebigkeit.<\/li>\n<li><strong>Anpassbare Designs<\/strong>: Modulare Systeme und einstellbare Helligkeit.<\/li>\n<\/ul>\n<p>&nbsp;<\/p>","protected":false},"excerpt":{"rendered":"<p>Moderne Au\u00dfenbeleuchtung kann sowohl Funktionalit\u00e4t als auch Stil in den Au\u00dfenbereich bringen. Bist du auf der Suche nach einer bestimmten Art von Beleuchtung, wie z.B. LED-Wegbeleuchtung, Wandleuchten, Lichterketten oder Landschaftsbeleuchtung?<\/p>","protected":false},"featured_media":3034,"comment_status":"open","ping_status":"closed","template":"","meta":{"_eb_attr":"","_monsterinsights_skip_tracking":false,"_monsterinsights_sitenote_active":false,"_monsterinsights_sitenote_note":"","_monsterinsights_sitenote_category":0,"_uf_show_specific_survey":0,"_uf_disable_surveys":false},"product_brand":[],"product_cat":[61],"product_tag":[],"class_list":{"0":"post-3033","1":"product","2":"type-product","3":"status-publish","4":"has-post-thumbnail","6":"product_cat-light-post","8":"first","9":"instock","10":"shipping-taxable","11":"product-type-simple"},"_links":{"self":[{"href":"https:\/\/keweicorten.com\/de_ch_informal\/wp-json\/wp\/v2\/product\/3033"}],"collection":[{"href":"https:\/\/keweicorten.com\/de_ch_informal\/wp-json\/wp\/v2\/product"}],"about":[{"href":"https:\/\/keweicorten.com\/de_ch_informal\/wp-json\/wp\/v2\/types\/product"}],"replies":[{"embeddable":true,"href":"https:\/\/keweicorten.com\/de_ch_informal\/wp-json\/wp\/v2\/comments?post=3033"}],"version-history":[{"count":1,"href":"https:\/\/keweicorten.com\/de_ch_informal\/wp-json\/wp\/v2\/product\/3033\/revisions"}],"predecessor-version":[{"id":3039,"href":"https:\/\/keweicorten.com\/de_ch_informal\/wp-json\/wp\/v2\/product\/3033\/revisions\/3039"}],"wp:featuredmedia":[{"embeddable":true,"href":"https:\/\/keweicorten.com\/de_ch_informal\/wp-json\/wp\/v2\/media\/3034"}],"wp:attachment":[{"href":"https:\/\/keweicorten.com\/de_ch_informal\/wp-json\/wp\/v2\/media?parent=3033"}],"wp:term":[{"taxonomy":"product_brand","embeddable":true,"href":"https:\/\/keweicorten.com\/de_ch_informal\/wp-json\/wp\/v2\/product_brand?post=3033"},{"taxonomy":"product_cat","embeddable":true,"href":"https:\/\/keweicorten.com\/de_ch_informal\/wp-json\/wp\/v2\/product_cat?post=3033"},{"taxonomy":"product_tag","embeddable":true,"href":"https:\/\/keweicorten.com\/de_ch_informal\/wp-json\/wp\/v2\/product_tag?post=3033"}],"curies":[{"name":"wp","href":"https:\/\/api.w.org\/{rel}","templated":true}]}}