{"id":3040,"date":"2024-12-26T06:45:28","date_gmt":"2024-12-26T06:45:28","guid":{"rendered":"https:\/\/keweicorten.com\/?post_type=product&#038;p=3040"},"modified":"2025-01-15T06:09:07","modified_gmt":"2025-01-15T06:09:07","slug":"solarleuchten-fur-den-hinterhof","status":"publish","type":"product","link":"https:\/\/keweicorten.com\/de_ch_informal\/solarleuchten-fur-den-hinterhof\/","title":{"rendered":"Solarleuchten f\u00fcr den Hinterhof"},"content":{"rendered":"<h3 data-pm-slice=\"1 1 []\">Solarleuchten f\u00fcr Hinterh\u00f6fe: Ein umfassender Leitfaden<\/h3>\n<p>Solarleuchten sind eine fantastische M\u00f6glichkeit, deinen Garten zu beleuchten und gleichzeitig umweltfreundlich und kosteng\u00fcnstig zu sein. Sie nutzen erneuerbare Solarenergie, senken die Stromrechnung und bieten vielseitige Gestaltungsm\u00f6glichkeiten f\u00fcr verschiedene Gartenstile. Hier erf\u00e4hrst du alles, was du \u00fcber die Auswahl und den Einsatz von Solarleuchten in deinem Au\u00dfenbereich wissen musst.<\/p>\n<div>\n<hr \/>\n<\/div>\n<h3><strong>Vorteile von Solarleuchten<\/strong><\/h3>\n<ol start=\"1\" data-spread=\"true\">\n<li><strong>Energie-Effizienz<\/strong><br \/>\nSolarleuchten wandeln Sonnenlicht in Strom um und senken so den Energieverbrauch und die Kosten erheblich. Sie sind ideal f\u00fcr umweltbewusste Hausbesitzer.<\/li>\n<li><strong>Einfache Installation<\/strong><br \/>\nDie meisten Solarleuchten sind kabellos und werden mit einfach zu installierenden Komponenten geliefert, was sie zu einer guten Wahl f\u00fcr Heimwerker macht.<\/li>\n<li><strong>Geringe Wartung<\/strong><br \/>\nSolarleuchten ben\u00f6tigen nur minimale Wartung, sind aus langlebigen Materialien gefertigt und funktionieren automatisch, sodass sie jahrelang problemlos leuchten.<\/li>\n<li><strong>Vielseitiges Design<\/strong><br \/>\nDie Solarleuchten sind in verschiedenen Stilen erh\u00e4ltlich und passen zu modernen, rustikalen oder traditionellen Gartenstilen.<\/li>\n<\/ol>\n<div>\n<hr \/>\n<\/div>\n<h3><a href=\"https:\/\/keweicorten.com\/de_ch_informal\/produkt\/cortenlampe\/\"><img fetchpriority=\"high\" decoding=\"async\" class=\"alignnone wp-image-3045\" title=\"Au\u00dfenbeleuchtung f\u00fcr die Terrasse\" src=\"https:\/\/keweicorten.com\/wp-content\/uploads\/2024\/12\/\u5fae\u4fe1\u56fe\u7247_20241226134154.jpg\" alt=\"Au\u00dfenbeleuchtung f\u00fcr die Terrasse\" width=\"850\" height=\"1031\" srcset=\"https:\/\/keweicorten.com\/wp-content\/uploads\/2024\/12\/\u5fae\u4fe1\u56fe\u7247_20241226134154.jpg 1080w, https:\/\/keweicorten.com\/wp-content\/uploads\/2024\/12\/\u5fae\u4fe1\u56fe\u7247_20241226134154-247x300.jpg 247w, https:\/\/keweicorten.com\/wp-content\/uploads\/2024\/12\/\u5fae\u4fe1\u56fe\u7247_20241226134154-844x1024.jpg 844w, https:\/\/keweicorten.com\/wp-content\/uploads\/2024\/12\/\u5fae\u4fe1\u56fe\u7247_20241226134154-768x932.jpg 768w, https:\/\/keweicorten.com\/wp-content\/uploads\/2024\/12\/\u5fae\u4fe1\u56fe\u7247_20241226134154-10x12.jpg 10w, https:\/\/keweicorten.com\/wp-content\/uploads\/2024\/12\/\u5fae\u4fe1\u56fe\u7247_20241226134154-600x728.jpg 600w\" sizes=\"(max-width: 850px) 100vw, 850px\" \/><\/a><\/h3>","protected":false},"excerpt":{"rendered":"<p>Entdecke vielseitige Solarleuchten f\u00fcr deinen Garten, von dekorativen Lichterketten bis hin zu praktischen Scheinwerfern, f\u00fcr eine umweltfreundliche und stilvolle Umgestaltung deines Gartens.<\/p>","protected":false},"featured_media":3041,"comment_status":"open","ping_status":"closed","template":"","meta":{"_eb_attr":"","_monsterinsights_skip_tracking":false,"_monsterinsights_sitenote_active":false,"_monsterinsights_sitenote_note":"","_monsterinsights_sitenote_category":0,"_uf_show_specific_survey":0,"_uf_disable_surveys":false},"product_brand":[],"product_cat":[61],"product_tag":[],"class_list":{"0":"post-3040","1":"product","2":"type-product","3":"status-publish","4":"has-post-thumbnail","6":"product_cat-light-post","8":"first","9":"instock","10":"shipping-taxable","11":"product-type-simple"},"_links":{"self":[{"href":"https:\/\/keweicorten.com\/de_ch_informal\/wp-json\/wp\/v2\/product\/3040"}],"collection":[{"href":"https:\/\/keweicorten.com\/de_ch_informal\/wp-json\/wp\/v2\/product"}],"about":[{"href":"https:\/\/keweicorten.com\/de_ch_informal\/wp-json\/wp\/v2\/types\/product"}],"replies":[{"embeddable":true,"href":"https:\/\/keweicorten.com\/de_ch_informal\/wp-json\/wp\/v2\/comments?post=3040"}],"version-history":[{"count":1,"href":"https:\/\/keweicorten.com\/de_ch_informal\/wp-json\/wp\/v2\/product\/3040\/revisions"}],"predecessor-version":[{"id":3046,"href":"https:\/\/keweicorten.com\/de_ch_informal\/wp-json\/wp\/v2\/product\/3040\/revisions\/3046"}],"wp:featuredmedia":[{"embeddable":true,"href":"https:\/\/keweicorten.com\/de_ch_informal\/wp-json\/wp\/v2\/media\/3041"}],"wp:attachment":[{"href":"https:\/\/keweicorten.com\/de_ch_informal\/wp-json\/wp\/v2\/media?parent=3040"}],"wp:term":[{"taxonomy":"product_brand","embeddable":true,"href":"https:\/\/keweicorten.com\/de_ch_informal\/wp-json\/wp\/v2\/product_brand?post=3040"},{"taxonomy":"product_cat","embeddable":true,"href":"https:\/\/keweicorten.com\/de_ch_informal\/wp-json\/wp\/v2\/product_cat?post=3040"},{"taxonomy":"product_tag","embeddable":true,"href":"https:\/\/keweicorten.com\/de_ch_informal\/wp-json\/wp\/v2\/product_tag?post=3040"}],"curies":[{"name":"wp","href":"https:\/\/api.w.org\/{rel}","templated":true}]}}