{"id":3057,"date":"2024-12-30T07:11:54","date_gmt":"2024-12-30T07:11:54","guid":{"rendered":"https:\/\/keweicorten.com\/?post_type=product&#038;p=3057"},"modified":"2025-01-15T06:08:48","modified_gmt":"2025-01-15T06:08:48","slug":"poller-landschaftsbeleuchtung","status":"publish","type":"product","link":"https:\/\/keweicorten.com\/de_ch_informal\/poller-landschaftsbeleuchtung\/","title":{"rendered":"Poller Landschaftsbeleuchtung"},"content":{"rendered":"<p><a href=\"https:\/\/keweicorten.com\/de_ch_informal\/produkt\/solar-gartenleuchten-dekorativ\/\">Poller Landschaftsbeleuchtung<\/a> ist eine hervorragende M\u00f6glichkeit, um die \u00c4sthetik und Funktionalit\u00e4t von Au\u00dfenbereichen zu verbessern. Diese Leuchten sorgen f\u00fcr eine flache, stimmungsvolle Beleuchtung, die Wege, G\u00e4rten und Einfahrten hervorhebt und gleichzeitig einen modernen Touch in die Landschaftsgestaltung bringt.<\/p>\n<p><img fetchpriority=\"high\" decoding=\"async\" class=\"alignnone  wp-image-3063\" src=\"https:\/\/keweicorten.com\/wp-content\/uploads\/2024\/12\/H0f063b61be3a421db180f62d434bd931U.jpg_960x960-300x300.webp\" alt=\"\" width=\"315\" height=\"315\" srcset=\"https:\/\/keweicorten.com\/wp-content\/uploads\/2024\/12\/H0f063b61be3a421db180f62d434bd931U.jpg_960x960-300x300.webp 300w, https:\/\/keweicorten.com\/wp-content\/uploads\/2024\/12\/H0f063b61be3a421db180f62d434bd931U.jpg_960x960-150x150.webp 150w, https:\/\/keweicorten.com\/wp-content\/uploads\/2024\/12\/H0f063b61be3a421db180f62d434bd931U.jpg_960x960-768x768.webp 768w, https:\/\/keweicorten.com\/wp-content\/uploads\/2024\/12\/H0f063b61be3a421db180f62d434bd931U.jpg_960x960-12x12.webp 12w, https:\/\/keweicorten.com\/wp-content\/uploads\/2024\/12\/H0f063b61be3a421db180f62d434bd931U.jpg_960x960-600x600.webp 600w, https:\/\/keweicorten.com\/wp-content\/uploads\/2024\/12\/H0f063b61be3a421db180f62d434bd931U.jpg_960x960-100x100.webp 100w, https:\/\/keweicorten.com\/wp-content\/uploads\/2024\/12\/H0f063b61be3a421db180f62d434bd931U.jpg_960x960.webp 960w\" sizes=\"(max-width: 315px) 100vw, 315px\" \/> <img decoding=\"async\" class=\"alignnone  wp-image-3064\" src=\"https:\/\/keweicorten.com\/wp-content\/uploads\/2024\/12\/Camping-Lantern-LED-Light-1-293x300.webp\" alt=\"\" width=\"307\" height=\"314\" srcset=\"https:\/\/keweicorten.com\/wp-content\/uploads\/2024\/12\/Camping-Lantern-LED-Light-1-293x300.webp 293w, https:\/\/keweicorten.com\/wp-content\/uploads\/2024\/12\/Camping-Lantern-LED-Light-1-768x785.webp 768w, https:\/\/keweicorten.com\/wp-content\/uploads\/2024\/12\/Camping-Lantern-LED-Light-1-12x12.webp 12w, https:\/\/keweicorten.com\/wp-content\/uploads\/2024\/12\/Camping-Lantern-LED-Light-1-600x614.webp 600w, https:\/\/keweicorten.com\/wp-content\/uploads\/2024\/12\/Camping-Lantern-LED-Light-1.webp 790w\" sizes=\"(max-width: 307px) 100vw, 307px\" \/><\/p>\n<p><a href=\"https:\/\/keweicorten.com\/de_ch_informal\"><img decoding=\"async\" class=\"alignnone wp-image-3066 size-full\" title=\"Au\u00dfenpoller\" src=\"https:\/\/keweicorten.com\/wp-content\/uploads\/2024\/12\/Decoration-Metal-Hanging-Lantern-Light-6.jpg\" alt=\"Au\u00dfenpoller China, Preis, Hersteller, Lieferanten, angepasst, Gro\u00dfhandel, billig, zum Verkauf, auf Lager.-keweicorten\" width=\"500\" height=\"500\" srcset=\"https:\/\/keweicorten.com\/wp-content\/uploads\/2024\/12\/Decoration-Metal-Hanging-Lantern-Light-6.jpg 500w, https:\/\/keweicorten.com\/wp-content\/uploads\/2024\/12\/Decoration-Metal-Hanging-Lantern-Light-6-300x300.jpg 300w, https:\/\/keweicorten.com\/wp-content\/uploads\/2024\/12\/Decoration-Metal-Hanging-Lantern-Light-6-150x150.jpg 150w, https:\/\/keweicorten.com\/wp-content\/uploads\/2024\/12\/Decoration-Metal-Hanging-Lantern-Light-6-12x12.jpg 12w, https:\/\/keweicorten.com\/wp-content\/uploads\/2024\/12\/Decoration-Metal-Hanging-Lantern-Light-6-100x100.jpg 100w\" sizes=\"(max-width: 500px) 100vw, 500px\" \/><\/a><\/p>\n<h3><strong>Hauptmerkmale von <a href=\"https:\/\/keweicorten.com\/de_ch_informal\/produkt\/solarleuchten-fur-den-hinterhof\/\">Poller-Landschaftsbeleuchtung<\/a>\uff1a<\/strong><\/h3>\n<ol>\n<li><strong>Gerichtetes Licht<\/strong>\n<ul>\n<li>Einige Designs erm\u00f6glichen verstellbare Strahlen, um das Licht dorthin zu lenken, wo es gebraucht wird.<\/li>\n<\/ul>\n<\/li>\n<li><strong>Diffuse oder fokussierte Beleuchtung<\/strong>\n<ul>\n<li>Mattierte Gl\u00e4ser sorgen f\u00fcr eine weiche, gleichm\u00e4\u00dfige Beleuchtung, w\u00e4hrend klare Gl\u00e4ser das Licht auf bestimmte Bereiche fokussieren.<\/li>\n<\/ul>\n<\/li>\n<li><strong>Material Optionen<\/strong>\n<ul>\n<li><strong>Cortenstahl:<\/strong> Entwickelt eine nat\u00fcrliche rost\u00e4hnliche Patina, perfekt f\u00fcr rustikale oder moderne Landschaften.<\/li>\n<li><strong>Rostfreier Stahl:<\/strong> Schlank, langlebig und korrosionsbest\u00e4ndig.<\/li>\n<li><strong>Pulverbeschichtetes Aluminium:<\/strong> Leicht und in verschiedenen Farben erh\u00e4ltlich.<\/li>\n<\/ul>\n<\/li>\n<li><strong>Beleuchtungstechnik<\/strong>\n<ul>\n<li>LED: Energieeffizient und langlebig.<\/li>\n<li>Solar: Selbstversorgend, umweltfreundlich und ohne Verkabelung.<\/li>\n<li>Niederspannung: Sicher und effizient f\u00fcr verkabelte Systeme.<\/li>\n<\/ul>\n<\/li>\n<li><strong>Designs und Stile<\/strong>\n<ul>\n<li>Moderne geometrische Formen, traditionelle Poller im Laternenstil oder dekorative Aussparungen.<\/li>\n<\/ul>\n<\/li>\n<li><strong>H\u00f6henvariationen<\/strong>\n<ul>\n<li>Kurze Poller (12-24 Zoll): Ideal f\u00fcr G\u00e4rten oder eine niedrige Akzentbeleuchtung.<\/li>\n<li>Hohe Poller (24-48 Zoll): Besser f\u00fcr die Beleuchtung von Wegen und gr\u00f6\u00dferen Fl\u00e4chen.<\/li>\n<\/ul>\n<\/li>\n<\/ol>\n<p><a href=\"https:\/\/keweicorten.com\/de_ch_informal\"><img loading=\"lazy\" decoding=\"async\" class=\"alignnone wp-image-3061 size-full\" title=\"moderne Pollerleuchten\" src=\"https:\/\/keweicorten.com\/wp-content\/uploads\/2024\/12\/Decoration-Metal-Hanging-Lantern-Light-5.jpg\" alt=\"moderne Pollerleuchten Fabrik, China, Preis, Hersteller, Lieferanten, angepasst, Gro\u00dfhandel, billig, zum Verkauf, auf Lager.-keweicorten\" width=\"500\" height=\"482\" srcset=\"https:\/\/keweicorten.com\/wp-content\/uploads\/2024\/12\/Decoration-Metal-Hanging-Lantern-Light-5.jpg 500w, https:\/\/keweicorten.com\/wp-content\/uploads\/2024\/12\/Decoration-Metal-Hanging-Lantern-Light-5-300x289.jpg 300w, https:\/\/keweicorten.com\/wp-content\/uploads\/2024\/12\/Decoration-Metal-Hanging-Lantern-Light-5-12x12.jpg 12w\" sizes=\"(max-width: 500px) 100vw, 500px\" \/><\/a><\/p>\n<hr \/>\n<h3><strong>Vorteile von <a href=\"https:\/\/keweicorten.com\/de_ch_informal\/produkt\/led-pollerleuchten-im-freien\/\">Pollerbeleuchtung f\u00fcr den Landschaftsbau<\/a>\uff1a<\/strong><\/h3>\n<ol>\n<li><strong>Erh\u00f6hte Sicherheit<\/strong>\n<ul>\n<li>Beleuchtet Wege, reduziert Stolperfallen und sorgt f\u00fcr Sichtbarkeit.<\/li>\n<\/ul>\n<\/li>\n<li><strong>Verbesserte \u00c4sthetik<\/strong>\n<ul>\n<li>Hebe wichtige Merkmale wie Gartenbeete, B\u00e4ume oder Skulpturen hervor.<\/li>\n<\/ul>\n<\/li>\n<li><strong>Energie-Effizienz<\/strong>\n<ul>\n<li>LED- und Solaroptionen reduzieren den Stromverbrauch und die Wartung.<\/li>\n<\/ul>\n<\/li>\n<li><strong>Geringe Wartung<\/strong>\n<ul>\n<li>Witterungsbest\u00e4ndige Materialien und fortschrittliche Beleuchtungstechnik erfordern nur minimale Instandhaltung.<\/li>\n<\/ul>\n<\/li>\n<\/ol>\n<p><a href=\"https:\/\/keweicorten.com\/de_ch_informal\"><img loading=\"lazy\" decoding=\"async\" class=\"alignnone wp-image-3058 size-full\" title=\"Au\u00dfenpoller\" src=\"https:\/\/keweicorten.com\/wp-content\/uploads\/2024\/12\/Courtyard-Antique-Hanging-Metal-Lantern-1.jpg\" alt=\"Au\u00dfenpoller Fabrik, China, Preis, Hersteller, Lieferanten, angepasst, Gro\u00dfhandel, billig, zum Verkauf, auf Lager.-keweicorten\" width=\"498\" height=\"500\" srcset=\"https:\/\/keweicorten.com\/wp-content\/uploads\/2024\/12\/Courtyard-Antique-Hanging-Metal-Lantern-1.jpg 498w, https:\/\/keweicorten.com\/wp-content\/uploads\/2024\/12\/Courtyard-Antique-Hanging-Metal-Lantern-1-300x300.jpg 300w, https:\/\/keweicorten.com\/wp-content\/uploads\/2024\/12\/Courtyard-Antique-Hanging-Metal-Lantern-1-150x150.jpg 150w, https:\/\/keweicorten.com\/wp-content\/uploads\/2024\/12\/Courtyard-Antique-Hanging-Metal-Lantern-1-12x12.jpg 12w, https:\/\/keweicorten.com\/wp-content\/uploads\/2024\/12\/Courtyard-Antique-Hanging-Metal-Lantern-1-100x100.jpg 100w\" sizes=\"(max-width: 498px) 100vw, 498px\" \/><\/a><\/p>\n<hr \/>\n<h3><strong>Anwendungen von <a href=\"https:\/\/keweicorten.com\/de_ch_informal\/produkt\/cortenlampe\/\">Poller-Beleuchtung<\/a>\uff1a<\/strong><\/h3>\n<ol>\n<li><strong>Pfade und Gehwege<\/strong>\n<ul>\n<li>Leite die Fu\u00dfg\u00e4nger mit gleichm\u00e4\u00dfig verteilten Pollern, damit sie gleichm\u00e4\u00dfig leuchten.<\/li>\n<\/ul>\n<\/li>\n<li><strong>Auffahrten<\/strong>\n<ul>\n<li>Markiere Kanten f\u00fcr eine sichere Fahrzeugnavigation.<\/li>\n<\/ul>\n<\/li>\n<li><strong>G\u00e4rten und Landschaftsgestaltung<\/strong>\n<ul>\n<li>Akzentuiere Blumenbeete, Str\u00e4ucher oder Wasserspiele.<\/li>\n<\/ul>\n<\/li>\n<li><strong>Gewerbliche R\u00e4ume<\/strong>\n<ul>\n<li>Ideal f\u00fcr Ferienanlagen, Parks oder \u00f6ffentliche Gehwege.<\/li>\n<\/ul>\n<\/li>\n<\/ol>","protected":false},"excerpt":{"rendered":"<p>Bollard Landscape Lighting bietet moderne, elegante Beleuchtungsl\u00f6sungen f\u00fcr Wege, G\u00e4rten und Einfahrten, die Funktionalit\u00e4t und Sch\u00f6nheit vereinen, um die Sicherheit und die n\u00e4chtliche Landschaftsgestaltung zu verbessern.<\/p>","protected":false},"featured_media":3058,"comment_status":"open","ping_status":"closed","template":"","meta":{"_eb_attr":"","_monsterinsights_skip_tracking":false,"_monsterinsights_sitenote_active":false,"_monsterinsights_sitenote_note":"","_monsterinsights_sitenote_category":0,"_uf_show_specific_survey":0,"_uf_disable_surveys":false},"product_brand":[],"product_cat":[61],"product_tag":[],"class_list":{"0":"post-3057","1":"product","2":"type-product","3":"status-publish","4":"has-post-thumbnail","6":"product_cat-light-post","8":"first","9":"instock","10":"shipping-taxable","11":"product-type-simple"},"_links":{"self":[{"href":"https:\/\/keweicorten.com\/de_ch_informal\/wp-json\/wp\/v2\/product\/3057"}],"collection":[{"href":"https:\/\/keweicorten.com\/de_ch_informal\/wp-json\/wp\/v2\/product"}],"about":[{"href":"https:\/\/keweicorten.com\/de_ch_informal\/wp-json\/wp\/v2\/types\/product"}],"replies":[{"embeddable":true,"href":"https:\/\/keweicorten.com\/de_ch_informal\/wp-json\/wp\/v2\/comments?post=3057"}],"version-history":[{"count":1,"href":"https:\/\/keweicorten.com\/de_ch_informal\/wp-json\/wp\/v2\/product\/3057\/revisions"}],"predecessor-version":[{"id":3067,"href":"https:\/\/keweicorten.com\/de_ch_informal\/wp-json\/wp\/v2\/product\/3057\/revisions\/3067"}],"wp:featuredmedia":[{"embeddable":true,"href":"https:\/\/keweicorten.com\/de_ch_informal\/wp-json\/wp\/v2\/media\/3058"}],"wp:attachment":[{"href":"https:\/\/keweicorten.com\/de_ch_informal\/wp-json\/wp\/v2\/media?parent=3057"}],"wp:term":[{"taxonomy":"product_brand","embeddable":true,"href":"https:\/\/keweicorten.com\/de_ch_informal\/wp-json\/wp\/v2\/product_brand?post=3057"},{"taxonomy":"product_cat","embeddable":true,"href":"https:\/\/keweicorten.com\/de_ch_informal\/wp-json\/wp\/v2\/product_cat?post=3057"},{"taxonomy":"product_tag","embeddable":true,"href":"https:\/\/keweicorten.com\/de_ch_informal\/wp-json\/wp\/v2\/product_tag?post=3057"}],"curies":[{"name":"wp","href":"https:\/\/api.w.org\/{rel}","templated":true}]}}