{"id":3093,"date":"2025-01-07T07:43:43","date_gmt":"2025-01-07T07:43:43","guid":{"rendered":"https:\/\/keweicorten.com\/?post_type=product&#038;p=3093"},"modified":"2025-01-15T06:08:30","modified_gmt":"2025-01-15T06:08:30","slug":"h-brauner-landschaftseinfassungspfahl","status":"publish","type":"product","link":"https:\/\/keweicorten.com\/de_ch_informal\/h-brauner-landschaftseinfassungspfahl\/","title":{"rendered":"H Brauner Kantenpfahl f\u00fcr Landschaften"},"content":{"rendered":"<p>Die <strong>H Brauner Kantenpfahl f\u00fcr Landschaften<\/strong> werden in der Regel zur Sicherung und Stabilisierung von Landschaftseinfassungen verwendet. Diese Pf\u00e4hle sind in der Regel aus langlebigen Materialien wie Stahl gefertigt und f\u00fcr den dauerhaften Einsatz im Freien konzipiert.<\/p>\n<h3>Eigenschaften<\/h3>\n<ol>\n<li><strong>Material<\/strong>: In der Regel aus Stahl mit einer wetterfesten braunen Beschichtung, die Rost verhindert und sich in die Landschaft einf\u00fcgt.<\/li>\n<li><strong>Entwurf<\/strong>: Verj\u00fcngte Enden zum einfachen Einstecken in den Boden.<\/li>\n<li><strong>Kompatibilit\u00e4t<\/strong>: Funktioniert mit den meisten Arten von Landschaftseinfassungen, z. B. aus Kunststoff, Metall oder Verbundwerkstoffen.<\/li>\n<li><strong>Langlebigkeit<\/strong>: Stark genug, um die Einfassung sicher zu halten, selbst in Bereichen mit starkem Fu\u00dfverkehr oder Rasenpflege.<\/li>\n<\/ol>\n<p><a href=\"https:\/\/keweicorten.com\/de_ch_informal\"><img fetchpriority=\"high\" decoding=\"async\" class=\"alignnone\" title=\"Corten Pf\u00e4hle Landschaftseinfassung\" src=\"https:\/\/i.pinimg.com\/736x\/3b\/73\/b8\/3b73b8534444f9329565e210aaff22f0.jpg\" alt=\"Corten Pf\u00e4hle Landschaft Einfassung Fabrik, China, Preis, Hersteller, Lieferanten, angepasst, Gro\u00dfhandel, billig, zum Verkauf, auf Lager.-keweicorten\" width=\"736\" height=\"736\" \/><\/a><\/p>\n<h3>Vorteile<\/h3>\n<ul>\n<li><strong>Stabilit\u00e4t<\/strong>: Verhindert, dass sich Landschaftseinfassungen mit der Zeit verschieben oder verbiegen.<\/li>\n<li><strong>\u00c4sthetisch<\/strong>: Der braune Belag l\u00e4sst sich gut mit Erde, Mulch oder Kies kombinieren.<\/li>\n<li><strong>Einfacher Einbau<\/strong>: Scharfe Enden und eine robuste Konstruktion machen die Installation schnell und effizient.<\/li>\n<\/ul>\n<h3>Anwendungen<\/h3>\n<ul>\n<li>Weg- oder Beeteinfassungen.<\/li>\n<li>Mulch, Schotter oder Erde zur\u00fcckhalten.<\/li>\n<li>Umrandung von B\u00e4umen oder Blumenbeeten.<\/li>\n<\/ul>\n<p><a href=\"https:\/\/keweicorten.com\/de_ch_informal\"><img decoding=\"async\" class=\"alignnone\" title=\"Corten Pf\u00e4hle Landschaftseinfassung\" src=\"https:\/\/i.pinimg.com\/736x\/f1\/70\/ce\/f170cee0c26b90209595bb9fe110bbe3.jpg\" alt=\"Corten Pf\u00e4hle Landschaft Einfassung Fabrik, China, Preis, Hersteller, Lieferanten, angepasst, Gro\u00dfhandel, billig, zum Verkauf, auf Lager.-keweicorten\" width=\"736\" height=\"736\" \/><\/a><\/p>","protected":false},"excerpt":{"rendered":"<p>Langlebige braune Grenzn\u00e4gel zur Sicherung von Grenzen und zur Erhaltung einer sauberen und sch\u00f6nen Landschaft, geeignet f\u00fcr eine Vielzahl von Hof- und Gartenprojekten.<\/p>","protected":false},"featured_media":3094,"comment_status":"open","ping_status":"closed","template":"","meta":{"_eb_attr":"","_monsterinsights_skip_tracking":false,"_monsterinsights_sitenote_active":false,"_monsterinsights_sitenote_note":"","_monsterinsights_sitenote_category":0,"_uf_show_specific_survey":0,"_uf_disable_surveys":false},"product_brand":[],"product_cat":[58],"product_tag":[],"class_list":{"0":"post-3093","1":"product","2":"type-product","3":"status-publish","4":"has-post-thumbnail","6":"product_cat-garden-edging","8":"first","9":"instock","10":"shipping-taxable","11":"product-type-simple"},"_links":{"self":[{"href":"https:\/\/keweicorten.com\/de_ch_informal\/wp-json\/wp\/v2\/product\/3093"}],"collection":[{"href":"https:\/\/keweicorten.com\/de_ch_informal\/wp-json\/wp\/v2\/product"}],"about":[{"href":"https:\/\/keweicorten.com\/de_ch_informal\/wp-json\/wp\/v2\/types\/product"}],"replies":[{"embeddable":true,"href":"https:\/\/keweicorten.com\/de_ch_informal\/wp-json\/wp\/v2\/comments?post=3093"}],"version-history":[{"count":1,"href":"https:\/\/keweicorten.com\/de_ch_informal\/wp-json\/wp\/v2\/product\/3093\/revisions"}],"predecessor-version":[{"id":3095,"href":"https:\/\/keweicorten.com\/de_ch_informal\/wp-json\/wp\/v2\/product\/3093\/revisions\/3095"}],"wp:featuredmedia":[{"embeddable":true,"href":"https:\/\/keweicorten.com\/de_ch_informal\/wp-json\/wp\/v2\/media\/3094"}],"wp:attachment":[{"href":"https:\/\/keweicorten.com\/de_ch_informal\/wp-json\/wp\/v2\/media?parent=3093"}],"wp:term":[{"taxonomy":"product_brand","embeddable":true,"href":"https:\/\/keweicorten.com\/de_ch_informal\/wp-json\/wp\/v2\/product_brand?post=3093"},{"taxonomy":"product_cat","embeddable":true,"href":"https:\/\/keweicorten.com\/de_ch_informal\/wp-json\/wp\/v2\/product_cat?post=3093"},{"taxonomy":"product_tag","embeddable":true,"href":"https:\/\/keweicorten.com\/de_ch_informal\/wp-json\/wp\/v2\/product_tag?post=3093"}],"curies":[{"name":"wp","href":"https:\/\/api.w.org\/{rel}","templated":true}]}}