{"id":3845,"date":"2025-03-03T07:28:51","date_gmt":"2025-03-03T07:28:51","guid":{"rendered":"https:\/\/keweicorten.com\/?post_type=product&#038;p=3845"},"modified":"2025-03-03T07:28:51","modified_gmt":"2025-03-03T07:28:51","slug":"gas-feuerstellenbrenner","status":"publish","type":"product","link":"https:\/\/keweicorten.com\/de_ch_informal\/gas-feuerstellenbrenner\/","title":{"rendered":"Gas-Feuerstellenbrenner"},"content":{"rendered":"<h2 data-pm-slice=\"1 1 []\">Was ist ein Gas-Feuerstellenkit?<\/h2>\n<p>Ein Gas-Feuerstellen-Bausatz ist eine effiziente, sichere und einfach zu installierende Heizl\u00f6sung f\u00fcr den Au\u00dfenbereich. Er verwendet Erdgas oder Fl\u00fcssigpropan als Brennstoff, um W\u00e4rme und Atmosph\u00e4re auf deiner Terrasse, deinem Deck oder im Garten zu erzeugen.<\/p>\n<h2>Warum ein Gas-Feuerstellen-Bausatz?<\/h2>\n<h3>1. Sauber und umweltfreundlich<\/h3>\n<p>Im Gegensatz zu traditionellen Holzfeuerstellen produzieren Gasfeuerstellen keinen Rauch, keine Asche und keine unangenehmen Ger\u00fcche, was sie zu einer umweltfreundlichen und sichereren Option macht.<\/p>\n<h3>2. Einfach zu bedienen<\/h3>\n<p>Du brauchst keine komplizierten Z\u00fcndverfahren - z\u00fcnde einfach mit einem Knopf. Einige Baus\u00e4tze sind sogar mit automatischer Z\u00fcndung und Temperaturkontrolle ausgestattet.<\/p>\n<h3>3. Geeignet f\u00fcr verschiedene Au\u00dfenbereiche<\/h3>\n<p>Ein Gas-Feuerstellen-Bausatz verbessert die \u00c4sthetik und Funktionalit\u00e4t eines Raums, egal ob es sich um einen Hinterhof, eine Terrasse, einen Hotelgarten oder einen Restaurant-Au\u00dfenbereich handelt.<\/p>\n<table style=\"height: 225px;\" border=\"2\" width=\"751\">\n<tbody>\n<tr>\n<td data-spm-anchor-id=\"a2700.details.0.i69.a1316c55K69Hkr\">Name<\/td>\n<td>Diy Feuerpfannen-Brenner Bausatz<\/td>\n<\/tr>\n<tr>\n<td>Marterial<\/td>\n<td>Stahl<\/td>\n<\/tr>\n<tr>\n<td>Verwendung<\/td>\n<td>Verwendung in Feuerstellen im Freien<\/td>\n<\/tr>\n<tr>\n<td>Z\u00fcndsystem<\/td>\n<td data-spm-anchor-id=\"a2700.details.0.i70.a1316c55K69Hkr\">Mechanisches oder elektronisches Z\u00fcndsystem f\u00fcr die Feuerstelle verwenden<\/td>\n<\/tr>\n<tr>\n<td>zusammenstellen<\/td>\n<td>\u00a0Montiert<\/td>\n<\/tr>\n<tr>\n<td>Garantie<\/td>\n<td>5Jahr<\/td>\n<\/tr>\n<tr>\n<td>Geeignete Typen<\/td>\n<td>Jeder Grill<\/td>\n<\/tr>\n<\/tbody>\n<\/table>\n<p><a href=\"https:\/\/keweicorten.com\/de_ch_informal\/gas-feuerstellenbrenner-bausatz\/\"><img fetchpriority=\"high\" decoding=\"async\" class=\"alignnone wp-image-3846 size-full\" title=\"Gas-Feuerstellenring\" src=\"https:\/\/keweicorten.com\/wp-content\/uploads\/2025\/03\/gas-firepit-kit-pan.jpg\" alt=\"Gas Feuer Grube Ring Factory, China, Preis, Hersteller, Lieferanten, angepasst, Gro\u00dfhandel, billig, zum Verkauf, auf Lager.\" width=\"750\" height=\"750\" srcset=\"https:\/\/keweicorten.com\/wp-content\/uploads\/2025\/03\/gas-firepit-kit-pan.jpg 750w, https:\/\/keweicorten.com\/wp-content\/uploads\/2025\/03\/gas-firepit-kit-pan-300x300.jpg 300w, https:\/\/keweicorten.com\/wp-content\/uploads\/2025\/03\/gas-firepit-kit-pan-150x150.jpg 150w, https:\/\/keweicorten.com\/wp-content\/uploads\/2025\/03\/gas-firepit-kit-pan-12x12.jpg 12w, https:\/\/keweicorten.com\/wp-content\/uploads\/2025\/03\/gas-firepit-kit-pan-600x600.jpg 600w, https:\/\/keweicorten.com\/wp-content\/uploads\/2025\/03\/gas-firepit-kit-pan-100x100.jpg 100w\" sizes=\"(max-width: 750px) 100vw, 750px\" \/><\/a><\/p>\n<p><a href=\"https:\/\/keweicorten.com\/de_ch_informal\/gas-feuerstellenbrenner-bausatz\/\"><img decoding=\"async\" class=\"alignnone wp-image-3847\" title=\"Gas-Feuerstellenbrenner \" src=\"https:\/\/keweicorten.com\/wp-content\/uploads\/2025\/03\/Gas-fire-pit-pan-9-\u526f\u672c-scaled.jpg\" alt=\"Gas-Feuergrube Brenner Fabrik, China, Preis, Hersteller, Lieferanten, angepasst, Gro\u00dfhandel, billig, zum Verkauf, auf Lager.\" width=\"751\" height=\"563\" srcset=\"https:\/\/keweicorten.com\/wp-content\/uploads\/2025\/03\/Gas-fire-pit-pan-9-\u526f\u672c-scaled.jpg 2560w, https:\/\/keweicorten.com\/wp-content\/uploads\/2025\/03\/Gas-fire-pit-pan-9-\u526f\u672c-300x225.jpg 300w, https:\/\/keweicorten.com\/wp-content\/uploads\/2025\/03\/Gas-fire-pit-pan-9-\u526f\u672c-1024x768.jpg 1024w, https:\/\/keweicorten.com\/wp-content\/uploads\/2025\/03\/Gas-fire-pit-pan-9-\u526f\u672c-768x576.jpg 768w, https:\/\/keweicorten.com\/wp-content\/uploads\/2025\/03\/Gas-fire-pit-pan-9-\u526f\u672c-1536x1152.jpg 1536w, https:\/\/keweicorten.com\/wp-content\/uploads\/2025\/03\/Gas-fire-pit-pan-9-\u526f\u672c-2048x1536.jpg 2048w, https:\/\/keweicorten.com\/wp-content\/uploads\/2025\/03\/Gas-fire-pit-pan-9-\u526f\u672c-16x12.jpg 16w, https:\/\/keweicorten.com\/wp-content\/uploads\/2025\/03\/Gas-fire-pit-pan-9-\u526f\u672c-600x450.jpg 600w\" sizes=\"(max-width: 751px) 100vw, 751px\" \/><\/a><\/p>\n<h2>So w\u00e4hlst du das richtige Gas-Feuerstellen-Set<\/h2>\n<h3>1. Brennstoffart: Erdgas vs. Fl\u00fcssigpropan<\/h3>\n<ul data-spread=\"false\">\n<li><strong>Erdgas<\/strong>: Erfordert eine feste Installation, ideal f\u00fcr den langfristigen Einsatz.<\/li>\n<li><strong>Fl\u00fcssigpropan<\/strong>: Tragbar und flexibel f\u00fcr die Aufstellung an verschiedenen Orten.<\/li>\n<\/ul>\n<h3>2. Gr\u00f6\u00dfe und Form<\/h3>\n<p>Gas-Feuerstellenbaus\u00e4tze gibt es in verschiedenen Gr\u00f6\u00dfen und Formen, darunter <strong>rund, quadratisch, rechteckig und linear<\/strong>-W\u00e4hle eine nach den Ma\u00dfen deines Au\u00dfenbereichs aus.<\/p>\n<h3>3. Materialauswahl<\/h3>\n<ul data-spread=\"false\">\n<li><strong>Rostfreier Stahl<\/strong>: Korrosionsbest\u00e4ndig und langlebig.<\/li>\n<li><strong>Cortenstahl<\/strong>: Entwickelt mit der Zeit eine nat\u00fcrliche Rostpatina, ideal f\u00fcr moderne oder industrielle Designs.<\/li>\n<li><strong>Keramik oder Fiberglas<\/strong>: Leicht und \u00e4sthetisch einzigartig.<\/li>\n<\/ul>\n<p><a href=\"https:\/\/keweicorten.com\/de_ch_informal\/gas-feuerstellenbrenner-bausatz\/\"><img decoding=\"async\" class=\"alignnone wp-image-3848\" title=\"Gas-Feuerstellenbrenner\" src=\"https:\/\/keweicorten.com\/wp-content\/uploads\/2025\/03\/\u5fae\u4fe1\u56fe\u7247_20240105111424.jpg\" alt=\"Gas-Feuergrube Brenner Fabrik, China, Preis, Hersteller, Lieferanten, angepasst, Gro\u00dfhandel, billig, zum Verkauf, auf Lager.\" width=\"751\" height=\"751\" srcset=\"https:\/\/keweicorten.com\/wp-content\/uploads\/2025\/03\/\u5fae\u4fe1\u56fe\u7247_20240105111424.jpg 1600w, https:\/\/keweicorten.com\/wp-content\/uploads\/2025\/03\/\u5fae\u4fe1\u56fe\u7247_20240105111424-300x300.jpg 300w, https:\/\/keweicorten.com\/wp-content\/uploads\/2025\/03\/\u5fae\u4fe1\u56fe\u7247_20240105111424-1024x1024.jpg 1024w, https:\/\/keweicorten.com\/wp-content\/uploads\/2025\/03\/\u5fae\u4fe1\u56fe\u7247_20240105111424-150x150.jpg 150w, https:\/\/keweicorten.com\/wp-content\/uploads\/2025\/03\/\u5fae\u4fe1\u56fe\u7247_20240105111424-768x768.jpg 768w, https:\/\/keweicorten.com\/wp-content\/uploads\/2025\/03\/\u5fae\u4fe1\u56fe\u7247_20240105111424-1536x1536.jpg 1536w, https:\/\/keweicorten.com\/wp-content\/uploads\/2025\/03\/\u5fae\u4fe1\u56fe\u7247_20240105111424-12x12.jpg 12w, https:\/\/keweicorten.com\/wp-content\/uploads\/2025\/03\/\u5fae\u4fe1\u56fe\u7247_20240105111424-600x600.jpg 600w, https:\/\/keweicorten.com\/wp-content\/uploads\/2025\/03\/\u5fae\u4fe1\u56fe\u7247_20240105111424-100x100.jpg 100w\" sizes=\"(max-width: 751px) 100vw, 751px\" \/><\/a><\/p>\n<h2>Installation eines Gas-Feuerstellen-Bausatzes<\/h2>\n<h3>1. W\u00e4hle den Installationsort<\/h3>\n<p>W\u00e4hle einen gut bel\u00fcfteten Bereich, der von brennbaren Materialien entfernt ist, um die Sicherheit zu gew\u00e4hrleisten.<\/p>\n<h3>2. Anschlie\u00dfen der Gasleitung<\/h3>\n<p>Befolge die Anweisungen des Herstellers, um die Gasleitung richtig anzuschlie\u00dfen und eine Dichtheitspr\u00fcfung durchzuf\u00fchren.<\/p>\n<h3>3. Feuermittel hinzuf\u00fcgen<\/h3>\n<p>Verbessere das Erscheinungsbild durch die Verwendung von <strong>Lavagestein, Feuerglas oder Keramikscheite<\/strong>.<\/p>\n<h3>4. Testen und Einstellen<\/h3>\n<p>Z\u00fcnde die Feuerstelle an, stelle die Flammenh\u00f6he ein und vergewissere dich, dass sie richtig funktioniert.<\/p>\n<p><a href=\"https:\/\/keweicorten.com\/de_ch_informal\/gas-feuerstellenbrenner-bausatz\/\"><img loading=\"lazy\" decoding=\"async\" class=\"alignnone wp-image-3539\" title=\"diy lp feuerstelle\" src=\"https:\/\/keweicorten.com\/wp-content\/uploads\/2025\/02\/Gas-fire-pit-pan-11.jpg\" alt=\"Fabrik, China, Preis, Hersteller, Lieferanten, angepasst, Gro\u00dfhandel, billig, zum Verkauf, auf Lager.\" width=\"751\" height=\"751\" srcset=\"https:\/\/keweicorten.com\/wp-content\/uploads\/2025\/02\/Gas-fire-pit-pan-11.jpg 960w, https:\/\/keweicorten.com\/wp-content\/uploads\/2025\/02\/Gas-fire-pit-pan-11-300x300.jpg 300w, https:\/\/keweicorten.com\/wp-content\/uploads\/2025\/02\/Gas-fire-pit-pan-11-150x150.jpg 150w, https:\/\/keweicorten.com\/wp-content\/uploads\/2025\/02\/Gas-fire-pit-pan-11-768x768.jpg 768w, https:\/\/keweicorten.com\/wp-content\/uploads\/2025\/02\/Gas-fire-pit-pan-11-12x12.jpg 12w, https:\/\/keweicorten.com\/wp-content\/uploads\/2025\/02\/Gas-fire-pit-pan-11-600x600.jpg 600w, https:\/\/keweicorten.com\/wp-content\/uploads\/2025\/02\/Gas-fire-pit-pan-11-100x100.jpg 100w\" sizes=\"(max-width: 751px) 100vw, 751px\" \/><\/a><\/p>\n<h2>Wartung und Pflege<\/h2>\n<h3>1. Regelm\u00e4\u00dfig den Brenner reinigen<\/h3>\n<p>Verhindere, dass Staub oder Schutt die Brennerl\u00f6cher verstopft, um die Effizienz zu erhalten.<\/p>\n<h3>2. Vor Witterungseinfl\u00fcssen sch\u00fctzen<\/h3>\n<p>Verwenden Sie eine <strong>wetterfeste Abdeckung<\/strong> wenn sie nicht benutzt wird, um die Lebensdauer der Feuerstelle zu verl\u00e4ngern.<\/p>\n<h3>3. Gasanschl\u00fcsse pr\u00fcfen<\/h3>\n<p>\u00dcberpr\u00fcfe regelm\u00e4\u00dfig die Gasleitungen und Ventile, um Lecks zu vermeiden.<\/p>","protected":false},"excerpt":{"rendered":"<p>A <strong data-start=\"265\" data-end=\"285\">Gas-Feuerstellen-Bausatz<\/strong> bringt W\u00e4rme, Stil und Komfort in jeden Au\u00dfenbereich. W\u00e4hle aus verschiedenen Gr\u00f6\u00dfen und Materialien f\u00fcr eine perfekte Passform. Einfach zu installieren und zu warten - ideal f\u00fcr den Einsatz zu Hause und im Unternehmen!<\/p>","protected":false},"featured_media":3849,"comment_status":"open","ping_status":"closed","template":"","meta":{"_eb_attr":"","_monsterinsights_skip_tracking":false,"_monsterinsights_sitenote_active":false,"_monsterinsights_sitenote_note":"","_monsterinsights_sitenote_category":0,"_uf_show_specific_survey":0,"_uf_disable_surveys":false},"product_brand":[],"product_cat":[53],"product_tag":[],"class_list":{"0":"post-3845","1":"product","2":"type-product","3":"status-publish","4":"has-post-thumbnail","6":"product_cat-gas-fire-pit-burner","8":"first","9":"instock","10":"shipping-taxable","11":"product-type-simple"},"_links":{"self":[{"href":"https:\/\/keweicorten.com\/de_ch_informal\/wp-json\/wp\/v2\/product\/3845"}],"collection":[{"href":"https:\/\/keweicorten.com\/de_ch_informal\/wp-json\/wp\/v2\/product"}],"about":[{"href":"https:\/\/keweicorten.com\/de_ch_informal\/wp-json\/wp\/v2\/types\/product"}],"replies":[{"embeddable":true,"href":"https:\/\/keweicorten.com\/de_ch_informal\/wp-json\/wp\/v2\/comments?post=3845"}],"version-history":[{"count":1,"href":"https:\/\/keweicorten.com\/de_ch_informal\/wp-json\/wp\/v2\/product\/3845\/revisions"}],"predecessor-version":[{"id":3853,"href":"https:\/\/keweicorten.com\/de_ch_informal\/wp-json\/wp\/v2\/product\/3845\/revisions\/3853"}],"wp:featuredmedia":[{"embeddable":true,"href":"https:\/\/keweicorten.com\/de_ch_informal\/wp-json\/wp\/v2\/media\/3849"}],"wp:attachment":[{"href":"https:\/\/keweicorten.com\/de_ch_informal\/wp-json\/wp\/v2\/media?parent=3845"}],"wp:term":[{"taxonomy":"product_brand","embeddable":true,"href":"https:\/\/keweicorten.com\/de_ch_informal\/wp-json\/wp\/v2\/product_brand?post=3845"},{"taxonomy":"product_cat","embeddable":true,"href":"https:\/\/keweicorten.com\/de_ch_informal\/wp-json\/wp\/v2\/product_cat?post=3845"},{"taxonomy":"product_tag","embeddable":true,"href":"https:\/\/keweicorten.com\/de_ch_informal\/wp-json\/wp\/v2\/product_tag?post=3845"}],"curies":[{"name":"wp","href":"https:\/\/api.w.org\/{rel}","templated":true}]}}