{"id":663,"date":"2024-07-16T06:51:20","date_gmt":"2024-07-16T06:51:20","guid":{"rendered":"https:\/\/keweicorten.com\/?post_type=product&#038;p=663"},"modified":"2025-01-15T06:29:01","modified_gmt":"2025-01-15T06:29:01","slug":"blumentopf-aus-corten","status":"publish","type":"product","link":"https:\/\/keweicorten.com\/de_ch_informal\/blumentopf-aus-corten\/","title":{"rendered":"Blumentopf aus Corten"},"content":{"rendered":"<h2>Die Vorteile von Corten-Blument\u00f6pfen und anwendbare Szenarien zum Teilen:<\/h2>\n<p>Blumenk\u00fcbel aus Corten sind die bevorzugte Wahl vieler Gartenliebhaber, mit den folgenden Vorteilen und Anwendungsszenarien:<\/p>\n<p>Vorteile:<br \/>\n1. Korrosionsbest\u00e4ndigkeit: Wetterfester Stahl hat eine ausgezeichnete Witterungsbest\u00e4ndigkeit, kann Wind und Regen im Freien, der Sonne und dem Regen widerstehen, rostet nicht so leicht und beh\u00e4lt langfristig ein sch\u00f6nes Aussehen.<br \/>\n2. Stark und langlebig: Der witterungsbest\u00e4ndige Stahlblumentopf ist langlebig, verformt sich nicht so leicht und h\u00e4lt dem Test der Langzeitnutzung und verschiedenen klimatischen Bedingungen stand.<br \/>\n3. Einzigartiges Aussehen: Der wetterfeste Stahlblumentopf verleiht dem Au\u00dfenbereich in Kombination mit Pflanzen eine moderne, industrielle \u00c4sthetik und verleiht ihm Charakter und Pers\u00f6nlichkeit.<\/p>\n<p>Anwendung von Corten-Blument\u00f6pfen:<br \/>\n1. \u00d6ffentliche Pl\u00e4tze: Blumenk\u00fcbel aus Corten f\u00fcr die Begr\u00fcnung von \u00f6ffentlichen Pl\u00e4tzen wie Stra\u00dfen, Parks und Pl\u00e4tzen, um Farbe und Gr\u00fcn in die Stadt zu bringen.<br \/>\n2. Hotels oder Gesch\u00e4ftsr\u00e4ume: Blumenk\u00fcbel aus Corten k\u00f6nnen f\u00fcr die Garten- oder Terrassendekoration in Hotels, Gesch\u00e4ftszentren, B\u00fcrogeb\u00e4uden und anderen Orten verwendet werden, um den Komfort und die Sch\u00f6nheit der gesamten Umgebung zu verbessern.<br \/>\n3. Privatwohnung: Der witterungsbest\u00e4ndige Blumentopf aus Stahl eignet sich f\u00fcr den Innenhof, den Balkon oder die Gartendekoration von Privatwohnungen, bringt gr\u00fcne Elemente in die Wohnumgebung und schafft eine angenehme Wohnatmosph\u00e4re.<\/p>","protected":false},"excerpt":{"rendered":"<p>Blumenk\u00fcbel aus Cortenstahl sind aufgrund ihrer Langlebigkeit und ihrer wetterfesten Eigenschaften eine beliebte Wahl f\u00fcr Pflanzgef\u00e4\u00dfe im Freien. Cortenstahl, auch bekannt als wetterfester Stahl, entwickelt ein sch\u00fctzendes, rost\u00e4hnliches Aussehen, wenn er den Elementen ausgesetzt wird, was ihn zu einer stilvollen und pflegeleichten Option f\u00fcr deinen Garten oder deine Terrasse macht.<\/p>","protected":false},"featured_media":664,"comment_status":"open","ping_status":"closed","template":"","meta":{"_eb_attr":"","_monsterinsights_skip_tracking":false,"_monsterinsights_sitenote_active":false,"_monsterinsights_sitenote_note":"","_monsterinsights_sitenote_category":0,"_uf_show_specific_survey":0,"_uf_disable_surveys":false},"product_brand":[],"product_cat":[59],"product_tag":[],"class_list":{"0":"post-663","1":"product","2":"type-product","3":"status-publish","4":"has-post-thumbnail","6":"product_cat-flower-pot","8":"first","9":"instock","10":"shipping-taxable","11":"product-type-simple"},"_links":{"self":[{"href":"https:\/\/keweicorten.com\/de_ch_informal\/wp-json\/wp\/v2\/product\/663"}],"collection":[{"href":"https:\/\/keweicorten.com\/de_ch_informal\/wp-json\/wp\/v2\/product"}],"about":[{"href":"https:\/\/keweicorten.com\/de_ch_informal\/wp-json\/wp\/v2\/types\/product"}],"replies":[{"embeddable":true,"href":"https:\/\/keweicorten.com\/de_ch_informal\/wp-json\/wp\/v2\/comments?post=663"}],"version-history":[{"count":2,"href":"https:\/\/keweicorten.com\/de_ch_informal\/wp-json\/wp\/v2\/product\/663\/revisions"}],"predecessor-version":[{"id":3237,"href":"https:\/\/keweicorten.com\/de_ch_informal\/wp-json\/wp\/v2\/product\/663\/revisions\/3237"}],"wp:featuredmedia":[{"embeddable":true,"href":"https:\/\/keweicorten.com\/de_ch_informal\/wp-json\/wp\/v2\/media\/664"}],"wp:attachment":[{"href":"https:\/\/keweicorten.com\/de_ch_informal\/wp-json\/wp\/v2\/media?parent=663"}],"wp:term":[{"taxonomy":"product_brand","embeddable":true,"href":"https:\/\/keweicorten.com\/de_ch_informal\/wp-json\/wp\/v2\/product_brand?post=663"},{"taxonomy":"product_cat","embeddable":true,"href":"https:\/\/keweicorten.com\/de_ch_informal\/wp-json\/wp\/v2\/product_cat?post=663"},{"taxonomy":"product_tag","embeddable":true,"href":"https:\/\/keweicorten.com\/de_ch_informal\/wp-json\/wp\/v2\/product_tag?post=663"}],"curies":[{"name":"wp","href":"https:\/\/api.w.org\/{rel}","templated":true}]}}