{"id":978,"date":"2024-09-10T01:58:48","date_gmt":"2024-09-10T01:58:48","guid":{"rendered":"https:\/\/keweicorten.com\/?post_type=product&#038;p=978"},"modified":"2025-01-15T06:28:30","modified_gmt":"2025-01-15T06:28:30","slug":"moderner-ausenbrunnen","status":"publish","type":"product","link":"https:\/\/keweicorten.com\/de_ch_informal\/moderner-ausenbrunnen\/","title":{"rendered":"moderner Au\u00dfenbrunnen"},"content":{"rendered":"<p>Moderne Corten-Brunnen f\u00fcr den Au\u00dfenbereich k\u00f6nnen in bestem Zustand gehalten werden und ihre Lebensdauer auch unter verschiedenen klimatischen Bedingungen verl\u00e4ngern. Regelm\u00e4\u00dfige Wartung und Pflege sind der Schl\u00fcssel, um die Sch\u00f6nheit und Funktion des Brunnens langfristig zu gew\u00e4hrleisten.<\/p>\n<p>Cortenstahl ist ein legierter Stahl, der speziell f\u00fcr den Einsatz im Au\u00dfenbereich entwickelt wurde und aufgrund der Rostschicht, die sich durch die nat\u00fcrliche Oxidation auf seiner Oberfl\u00e4che bildet, eine einzigartige \u00c4sthetik und Wetterbest\u00e4ndigkeit aufweist. Obwohl Cortenstahl in vielen Klimazonen gute Leistungen erbringt, ist eine regelm\u00e4\u00dfige Pflege und Wartung unerl\u00e4sslich, um seinen optimalen Zustand zu gew\u00e4hrleisten und seine Lebensdauer zu verl\u00e4ngern. Hier sind einige Tipps zur Pflege und Wartung:<\/p>\n<table class=\"table\" border=\"1\" cellspacing=\"1\" cellpadding=\"1\">\n<tbody>\n<tr>\n<td colspan=\"2\" rowspan=\"1\">\n<div class=\"magic-18\"><strong>Spezifikationen<\/strong><\/div>\n<\/td>\n<\/tr>\n<tr>\n<td colspan=\"1\" rowspan=\"1\">\n<div class=\"magic-21\">Artikel<\/div>\n<\/td>\n<td colspan=\"1\" rowspan=\"1\">\n<div class=\"magic-22\">Individuell gestalteter Garten Wasserbrunnen Garten Ornamente Wasserfall Design Outdoor Corten Stahl Wasserspiel<\/div>\n<\/td>\n<\/tr>\n<tr>\n<td colspan=\"1\" rowspan=\"1\">\n<div class=\"magic-21\">Marke<\/div>\n<\/td>\n<td colspan=\"1\" rowspan=\"1\">\n<div class=\"magic-22\">SHKW Garten<\/div>\n<\/td>\n<\/tr>\n<tr>\n<td colspan=\"1\" rowspan=\"1\">\n<div class=\"magic-21\">Modell-Nr.<\/div>\n<\/td>\n<td colspan=\"1\" rowspan=\"1\">\n<div class=\"magic-22\">SHKW-WF-088<\/div>\n<\/td>\n<\/tr>\n<tr>\n<td colspan=\"1\" rowspan=\"1\">\n<div class=\"magic-21\">Material<\/div>\n<\/td>\n<td colspan=\"1\" rowspan=\"1\">\n<div class=\"magic-22\">Cortenstahl\/Bewitterungsstahl<\/div>\n<\/td>\n<\/tr>\n<tr>\n<td colspan=\"1\" rowspan=\"1\">\n<div class=\"magic-21\">Oberfl\u00e4che<\/div>\n<\/td>\n<td colspan=\"1\" rowspan=\"1\">\n<div class=\"magic-22\">Vorgerostet\/vorverwittert, kann angepasst werden<\/div>\n<\/td>\n<\/tr>\n<tr>\n<td colspan=\"1\" rowspan=\"1\">\n<div class=\"magic-21\">Packen<\/div>\n<\/td>\n<td colspan=\"1\" rowspan=\"1\">\n<div class=\"magic-22\">Innen: verschlei\u00dffestes Schaumstoffpapier; Au\u00dfen: Holzpalette<\/div>\n<\/td>\n<\/tr>\n<tr>\n<td colspan=\"1\" rowspan=\"1\">\n<div class=\"magic-21\">Zolldienst<\/div>\n<\/td>\n<td colspan=\"1\" rowspan=\"1\">\n<div class=\"magic-22\">Muster, Gr\u00f6\u00dfe und Oberfl\u00e4chenbehandlung; ODM &amp; OEM verf\u00fcgbar<\/div>\n<\/td>\n<\/tr>\n<\/tbody>\n<\/table>\n<h3 class=\"kche-t101-title\">Produkt Center<\/h3>\n<div class=\"kche-t101-list\">\n<div class=\"kche-t101-item\">\n<div class=\"kche-t101-item-img\"><img fetchpriority=\"high\" decoding=\"async\" class=\"alignnone\" title=\"Wasserspiel\" src=\"https:\/\/www.keweistove.com\/uploads\/39684\/products\/2024060415451943cde.jpg?size=750x0\" alt=\"Wasserspiel\" width=\"750\" height=\"750\" \/><\/div>\n<div class=\"kche-t101-item-info\">\n<p class=\"kche-t101-item-tit\">Wasserfall-Brunnen<\/p>\n<div class=\"kche-t101-item-des\">\n<p>Ein Wasserspiel im Garten bringt eine neue Dimension in deinen Au\u00dfenbereich.<\/p>\n<\/div>\n<div class=\"kche-t101-item-btn\"><a href=\"https:\/\/keweicorten.com\/de_ch_informal\/kontaktiere-uns\/\" target=\"_blank\" rel=\"noopener\">mehr lesen<\/a><\/div>\n<\/div>\n<\/div>\n<div class=\"kche-t101-item\">\n<div class=\"kche-t101-item-img\"><img decoding=\"async\" class=\"alignnone\" title=\"Wasservorhang\" src=\"https:\/\/www.keweistove.com\/uploads\/39684\/products\/20240604154552036b0.jpg?size=750x0\" alt=\"Wasservorhang\" width=\"750\" height=\"750\" \/><\/div>\n<div class=\"kche-t101-item-info\">\n<p class=\"kche-t101-item-tit\"><strong>Wasser<\/strong>\u00a0Tabelle<\/p>\n<div class=\"kche-t101-item-des\">\n<p>Wasser in den Garten zu bringen, kann viele Vorteile haben, wie z.B. die F\u00f6rderung von Wildtieren und die F\u00f6rderung der Entspannung.<\/p>\n<\/div>\n<div class=\"kche-t101-item-btn\"><a href=\"https:\/\/keweicorten.com\/de_ch_informal\/kontaktiere-uns\/\" target=\"_blank\" rel=\"noopener\">mehr lesen<\/a><\/div>\n<\/div>\n<\/div>\n<div class=\"kche-t101-item\">\n<div class=\"kche-t101-item-img\"><img decoding=\"async\" class=\"alignnone\" title=\"Wasserspiel aus Corten\" src=\"https:\/\/www.keweistove.com\/uploads\/39684\/products\/20240604154619904a2.jpg?size=750x0\" alt=\"Wasserspiel aus Corten\" width=\"750\" height=\"750\" \/><\/div>\n<div class=\"kche-t101-item-info\">\n<p class=\"kche-t101-item-tit\"><strong>Wasser<\/strong>\u00a0<strong>Eigenschaften<\/strong><\/p>\n<div class=\"kche-t101-item-des\">\n<p>SHKW-CORTEN bietet eine gro\u00dfe Auswahl an Wasserspielen, die zu deinem Garten passen.<\/p>\n<\/div>\n<div class=\"kche-t101-item-btn\"><a href=\"https:\/\/www.keweistove.com\/water-features\/\" target=\"_blank\" rel=\"noopener nofollow\">mehr lesen<\/a><\/div>\n<\/div>\n<\/div>\n<div class=\"kche-t101-item\">\n<div class=\"kche-t101-item-img\"><img loading=\"lazy\" decoding=\"async\" class=\"alignnone\" title=\"Wasserfall\" src=\"https:\/\/www.keweistove.com\/uploads\/39684\/products\/202406041546545b72d.jpg?size=750x0\" alt=\"Wasserfall\" width=\"750\" height=\"750\" \/><\/div>\n<div class=\"kche-t101-item-info\">\n<p class=\"kche-t101-item-tit\">Regenvorhang<\/p>\n<div class=\"kche-t101-item-des\">\n<h3>Wir k\u00f6nnen die detaillierte CAD-Zeichnung nach deinen Anforderungen entwerfen und mit verschiedenen Mustern anpassen.<\/h3>\n<\/div>\n<div class=\"kche-t101-item-btn\">mehr lesen<\/div>\n<\/div>\n<\/div>\n<\/div>\n<h3>Moderner Au\u00dfenbrunnen Pflege und Wartungstipps<\/h3>\n<ul>\n<li>Regelm\u00e4\u00dfig pr\u00fcfen<\/li>\n<li>Halte es sauber<\/li>\n<li>Umgang mit Schmutz und Algen<\/li>\n<li>Winterschutz<\/li>\n<li>Wassereinlagerungen verhindern<\/li>\n<li>Regelm\u00e4\u00dfig eine Schutzschicht auftragen<\/li>\n<li>Vermeide den direkten Kontakt mit Chemikalien<\/li>\n<li>Wasserqualit\u00e4t aufrechterhalten<\/li>\n<\/ul>\n<h3>Es werden verschiedene Arten von modernen Corten-Brunnen f\u00fcr den Au\u00dfenbereich vorgestellt:<\/h3>\n<ol>\n<li>Industrieller Stil<\/li>\n<li>Moderner Minimalismus<\/li>\n<li>Nat\u00fcrlicher Stil<\/li>\n<li>Moderner Kunststil<\/li>\n<li>Kombiniere traditionellen und modernen Stil<\/li>\n<li>Sportlicher Stil<\/li>\n<li>Umweltfreundlicher Stil<\/li>\n<\/ol>","protected":false},"excerpt":{"rendered":"<p>Mache den modernen Au\u00dfenbrunnen zum Highlight deines Gartens und genie\u00dfe die Ruhe und Sch\u00f6nheit des Wasserflusses. Entdecke verschiedene Designs, um den idealen Platz im Freien zu schaffen.<\/p>","protected":false},"featured_media":979,"comment_status":"open","ping_status":"closed","template":"","meta":{"_eb_attr":"","_monsterinsights_skip_tracking":false,"_monsterinsights_sitenote_active":false,"_monsterinsights_sitenote_note":"","_monsterinsights_sitenote_category":0,"_uf_show_specific_survey":0,"_uf_disable_surveys":false},"product_brand":[],"product_cat":[56],"product_tag":[],"class_list":{"0":"post-978","1":"product","2":"type-product","3":"status-publish","4":"has-post-thumbnail","6":"product_cat-water-feature","8":"first","9":"instock","10":"shipping-taxable","11":"product-type-simple"},"_links":{"self":[{"href":"https:\/\/keweicorten.com\/de_ch_informal\/wp-json\/wp\/v2\/product\/978"}],"collection":[{"href":"https:\/\/keweicorten.com\/de_ch_informal\/wp-json\/wp\/v2\/product"}],"about":[{"href":"https:\/\/keweicorten.com\/de_ch_informal\/wp-json\/wp\/v2\/types\/product"}],"replies":[{"embeddable":true,"href":"https:\/\/keweicorten.com\/de_ch_informal\/wp-json\/wp\/v2\/comments?post=978"}],"version-history":[{"count":1,"href":"https:\/\/keweicorten.com\/de_ch_informal\/wp-json\/wp\/v2\/product\/978\/revisions"}],"predecessor-version":[{"id":984,"href":"https:\/\/keweicorten.com\/de_ch_informal\/wp-json\/wp\/v2\/product\/978\/revisions\/984"}],"wp:featuredmedia":[{"embeddable":true,"href":"https:\/\/keweicorten.com\/de_ch_informal\/wp-json\/wp\/v2\/media\/979"}],"wp:attachment":[{"href":"https:\/\/keweicorten.com\/de_ch_informal\/wp-json\/wp\/v2\/media?parent=978"}],"wp:term":[{"taxonomy":"product_brand","embeddable":true,"href":"https:\/\/keweicorten.com\/de_ch_informal\/wp-json\/wp\/v2\/product_brand?post=978"},{"taxonomy":"product_cat","embeddable":true,"href":"https:\/\/keweicorten.com\/de_ch_informal\/wp-json\/wp\/v2\/product_cat?post=978"},{"taxonomy":"product_tag","embeddable":true,"href":"https:\/\/keweicorten.com\/de_ch_informal\/wp-json\/wp\/v2\/product_tag?post=978"}],"curies":[{"name":"wp","href":"https:\/\/api.w.org\/{rel}","templated":true}]}}