{"id":1006,"date":"2024-09-10T06:29:40","date_gmt":"2024-09-10T06:29:40","guid":{"rendered":"https:\/\/keweicorten.com\/?post_type=product&#038;p=1006"},"modified":"2025-01-15T06:28:19","modified_gmt":"2025-01-15T06:28:19","slug":"luz-corten","status":"publish","type":"product","link":"https:\/\/keweicorten.com\/es\/luz-corten\/","title":{"rendered":"luz corten"},"content":{"rendered":"<h3>Dise\u00f1o y aplicaci\u00f3n de la luz corten:<\/h3>\n<h4>dise\u00f1o<\/h4>\n<p>1. Caracter\u00edsticas del material :<br \/>\nResistencia a la intemperie : El acero de intemperie tiene una excelente resistencia a la corrosi\u00f3n y a la oxidaci\u00f3n, y puede utilizarse en entornos exteriores durante mucho tiempo sin necesidad de mantenimiento frecuente.<br \/>\nCambio de color : Cuando el acero de intemperie se expone al entorno natural, gradualmente formar\u00e1 una capa protectora de \u00f3xido, haciendo que su color muestre un singular marr\u00f3n rojizo, con buen efecto est\u00e9tico.<\/p>\n<p>2. Forma y estructura :<br \/>\n- Pueden dise\u00f1arse en diversas formas y tama\u00f1os para adaptarse a distintos entornos y necesidades. Los dise\u00f1os m\u00e1s comunes incluyen formas rectangulares, circulares e irregulares.<br \/>\n- En cuanto a la visualizaci\u00f3n del contenido de la caja de luz, puede dise\u00f1arse en forma tridimensional, plana, retroiluminada y otras.<\/p>\n<p>3.  Efecto de iluminaci\u00f3n :<br \/>\n- El interior de la luz corten puede seleccionarse con l\u00e1mparas LED para proporcionar una iluminaci\u00f3n eficiente y respetuosa con el medio ambiente, al tiempo que se consiguen diferentes efectos de brillo y color para mejorar el atractivo visual.<\/p>\n<p>4.  Dise\u00f1o funcional :<br \/>\n- Teniendo en cuenta las condiciones meteorol\u00f3gicas, el dise\u00f1o debe garantizar que la caja de luz tenga buenas caracter\u00edsticas de impermeabilidad y resistencia al viento para garantizar la seguridad de los componentes el\u00e9ctricos.<\/p>\n<h4>Aplicaci\u00f3n<\/h4>\n<p>1. Vista de la ciudad :<br \/>\nLas cajas de luz de acero resistente a la intemperie se utilizan ampliamente en el arte p\u00fablico urbano y el dise\u00f1o paisaj\u00edstico para realzar la atm\u00f3sfera cultural y la belleza urbanas.<\/p>\n<p>2. Comercial:<br \/>\nDebido a su aspecto \u00fanico, el acero envejecido se utiliza a menudo como caja de luz comercial para atraer la atenci\u00f3n de los transe\u00fantes.<\/p>\n<p>3. Instrucciones de tr\u00e1fico :<br \/>\nSe utiliza en se\u00f1ales de tr\u00e1fico, paneles informativos y otros lugares, por su belleza y practicidad.<\/p>\n<p>4. Instalaciones comunitarias:<br \/>\nLa instalaci\u00f3n de cajas de luz de acero intemperie en espacios p\u00fablicos como parques y plazas puede proporcionar efectos luminosos y servir de soporte de informaci\u00f3n y publicidad.<\/p>\n<table class=\"table\" border=\"1\" cellspacing=\"1\" cellpadding=\"1\">\n<tbody>\n<tr>\n<td colspan=\"1\" rowspan=\"1\">Nombre del producto<\/td>\n<td colspan=\"1\" rowspan=\"1\">Luces de sendero de jard\u00edn<\/td>\n<\/tr>\n<tr>\n<td colspan=\"1\" rowspan=\"1\">Material<\/td>\n<td colspan=\"1\" rowspan=\"1\">Acero corten<\/td>\n<\/tr>\n<tr>\n<td colspan=\"1\" rowspan=\"1\">Utilizaci\u00f3n<\/td>\n<td colspan=\"1\" rowspan=\"1\">Exteriores Patio Sendero Paisaje Jard\u00edn<\/td>\n<\/tr>\n<tr>\n<td colspan=\"1\" rowspan=\"1\">Altura sobre el suelo (mm)<\/td>\n<td colspan=\"1\" rowspan=\"1\">800mm,600mm<\/td>\n<\/tr>\n<tr>\n<td colspan=\"1\" rowspan=\"1\">Di\u00e1metro \/ anchura (mm)<\/td>\n<td colspan=\"1\" rowspan=\"1\">120mm,150mm<\/td>\n<\/tr>\n<tr>\n<td colspan=\"1\" rowspan=\"1\">Fijar<\/td>\n<td colspan=\"1\" rowspan=\"1\">Superficie \/ placa base fija<\/td>\n<\/tr>\n<tr>\n<td colspan=\"1\" rowspan=\"1\">Estilo<\/td>\n<td colspan=\"1\" rowspan=\"1\">Moderna - L\u00e1mpara de exterior para c\u00e9sped<\/td>\n<\/tr>\n<tr>\n<td colspan=\"1\" rowspan=\"1\">Tratamiento de superficies<\/td>\n<td colspan=\"1\" rowspan=\"1\">\u00d3xido corten<\/td>\n<\/tr>\n<tr>\n<td colspan=\"1\" rowspan=\"1\">Dise\u00f1o<\/td>\n<td colspan=\"1\" rowspan=\"1\">Obras de arte<\/td>\n<\/tr>\n<tr>\n<td colspan=\"1\" rowspan=\"1\">Muestra<\/td>\n<td colspan=\"1\" rowspan=\"1\">7 d\u00edas<\/td>\n<\/tr>\n<\/tbody>\n<\/table>\n<div class=\"kche-t104-item\">\n<div class=\"kche-t104-item-img\"><img fetchpriority=\"high\" decoding=\"async\" title=\"Pilona solar para jard\u00edn\" src=\"https:\/\/www.keweistove.com\/uploads\/39684\/products\/202403291605106e6cb.jpg?size=750x0\" alt=\"Pilona solar para jard\u00edn\" width=\"750\" height=\"750\" \/><\/div>\n<\/div>\n<div class=\"kche-t104-item\">\n<div class=\"kche-t104-item-img\"><img decoding=\"async\" title=\"Luces de sendero de jard\u00edn\" src=\"https:\/\/www.keweistove.com\/uploads\/39684\/products\/2024032916052398d2c.jpg?size=750x0\" alt=\"Luces de sendero de jard\u00edn\" width=\"750\" height=\"750\" \/><\/div>\n<\/div>\n<div class=\"kche-t104-item\">\n<div class=\"kche-t104-item-img\"><img decoding=\"async\" class=\"alignnone\" title=\"La mejor iluminaci\u00f3n exterior resistente a la intemperie\" src=\"https:\/\/www.keweistove.com\/uploads\/39684\/products\/20240329160540ec715.jpg?size=600x0\" alt=\"La mejor iluminaci\u00f3n exterior resistente a la intemperie\" width=\"751\" height=\"751\" \/><\/div>\n<div class=\"kche-t104-item-text\">\n<p class=\"kche-t94-tit\">PREGUNTAS FRECUENTES<\/p>\n<div class=\"kche-t94-bottom\">\n<div class=\"kche-t94-bottom-r\">\n<div id=\"kchet94Accordion\">\n<div class=\"kche-t94-bottom-item\">\n<p class=\"kche-t94-item-tit\">Pregunta: \u00bfC\u00f3mo pueden ser impermeables las l\u00e1mparas de exterior?<\/p>\n<div class=\"kche-t94-bottom-item\">\n<div class=\"kche-t94-item-box\">Respuesta: La iluminaci\u00f3n exterior suele tener un dise\u00f1o resistente al agua, como el grado de impermeabilidad IP65, para garantizar que no se vea afectada en caso de lluvia.<\/div>\n<\/div>\n<div class=\"kche-t94-bottom-item\"><\/div>\n<\/div>\n<div class=\"kche-t94-bottom-item\">\n<p class=\"kche-t94-item-tit\">Pregunta: \u00bfQu\u00e9 fuente de luz se utiliza en las luces de exterior para ahorrar energ\u00eda?<\/p>\n<div class=\"kche-t94-bottom-item\">\n<div class=\"kche-t94-item-box\">Respuesta: Las l\u00e1mparas LED son una opci\u00f3n que ahorra m\u00e1s energ\u00eda, bajo consumo de energ\u00eda, larga vida, alto brillo.<\/div>\n<\/div>\n<div class=\"kche-t94-bottom-item\"><\/div>\n<\/div>\n<div class=\"kche-t94-bottom-item\">\n<p class=\"kche-t94-item-tit\">Pregunta: \u00bfC\u00f3mo limpiar la iluminaci\u00f3n exterior?<\/p>\n<div class=\"kche-t94-bottom-item\">\n<div class=\"kche-t94-item-box\">Respuesta: Utilice un pa\u00f1o limpio y suave para limpiar la superficie, y aseg\u00farese de que la l\u00e1mpara est\u00e1 apagada y se deja enfriar antes de limpiarla.<\/div>\n<\/div>\n<div class=\"kche-t94-bottom-item\"><\/div>\n<\/div>\n<div class=\"kche-t94-bottom-item\">\n<p class=\"kche-t94-item-tit\">Pregunta: \u00bfA qu\u00e9 se debe el frecuente parpadeo de las l\u00e1mparas de exterior?<\/p>\n<div class=\"kche-wrap-width\">\n<div class=\"kche-t94\">\n<div class=\"kche-t94-content\">\n<div class=\"kche-t94-bottom\">\n<div class=\"kche-t94-bottom-r\">\n<div id=\"kchet94Accordion\">\n<div class=\"kche-t94-bottom-item\">\n<div class=\"kche-t94-item-box\">Respuesta: Puede deberse a un mal contacto, un fallo de la l\u00ednea, el envejecimiento de la fuente de luz y otras razones, y debe repararse a tiempo.<\/div>\n<\/div>\n<\/div>\n<\/div>\n<\/div>\n<\/div>\n<\/div>\n<\/div>\n<\/div>\n<\/div>\n<\/div>\n<\/div>\n<\/div>\n<\/div>","protected":false},"excerpt":{"rendered":"<p>Las cajas de luz de acero resistente a la intemperie se han convertido gradualmente en una opci\u00f3n popular en el dise\u00f1o urbano y la publicidad debido a su durabilidad, apariencia \u00fanica y diversos escenarios de aplicaci\u00f3n. En el dise\u00f1o y la aplicaci\u00f3n, tenga en cuenta su resistencia a la intemperie, la est\u00e9tica y la viabilidad, puede satisfacer mejor la demanda del mercado.<\/p>","protected":false},"featured_media":1007,"comment_status":"open","ping_status":"closed","template":"","meta":{"_eb_attr":"","_monsterinsights_skip_tracking":false,"_monsterinsights_sitenote_active":false,"_monsterinsights_sitenote_note":"","_monsterinsights_sitenote_category":0,"_uf_show_specific_survey":0,"_uf_disable_surveys":false},"product_brand":[],"product_cat":[61],"product_tag":[],"class_list":{"0":"post-1006","1":"product","2":"type-product","3":"status-publish","4":"has-post-thumbnail","6":"product_cat-light-post","8":"first","9":"instock","10":"shipping-taxable","11":"product-type-simple"},"_links":{"self":[{"href":"https:\/\/keweicorten.com\/es\/wp-json\/wp\/v2\/product\/1006"}],"collection":[{"href":"https:\/\/keweicorten.com\/es\/wp-json\/wp\/v2\/product"}],"about":[{"href":"https:\/\/keweicorten.com\/es\/wp-json\/wp\/v2\/types\/product"}],"replies":[{"embeddable":true,"href":"https:\/\/keweicorten.com\/es\/wp-json\/wp\/v2\/comments?post=1006"}],"version-history":[{"count":2,"href":"https:\/\/keweicorten.com\/es\/wp-json\/wp\/v2\/product\/1006\/revisions"}],"predecessor-version":[{"id":1013,"href":"https:\/\/keweicorten.com\/es\/wp-json\/wp\/v2\/product\/1006\/revisions\/1013"}],"wp:featuredmedia":[{"embeddable":true,"href":"https:\/\/keweicorten.com\/es\/wp-json\/wp\/v2\/media\/1007"}],"wp:attachment":[{"href":"https:\/\/keweicorten.com\/es\/wp-json\/wp\/v2\/media?parent=1006"}],"wp:term":[{"taxonomy":"product_brand","embeddable":true,"href":"https:\/\/keweicorten.com\/es\/wp-json\/wp\/v2\/product_brand?post=1006"},{"taxonomy":"product_cat","embeddable":true,"href":"https:\/\/keweicorten.com\/es\/wp-json\/wp\/v2\/product_cat?post=1006"},{"taxonomy":"product_tag","embeddable":true,"href":"https:\/\/keweicorten.com\/es\/wp-json\/wp\/v2\/product_tag?post=1006"}],"curies":[{"name":"wp","href":"https:\/\/api.w.org\/{rel}","templated":true}]}}