{"id":1019,"date":"2024-09-10T07:54:50","date_gmt":"2024-09-10T07:54:50","guid":{"rendered":"https:\/\/keweicorten.com\/?post_type=product&#038;p=1019"},"modified":"2025-01-15T06:28:11","modified_gmt":"2025-01-15T06:28:11","slug":"bolardo-corten","status":"publish","type":"product","link":"https:\/\/keweicorten.com\/es\/bolardo-corten\/","title":{"rendered":"bolardo corten"},"content":{"rendered":"<h2>Ventajas de las aplicaciones de bolardos corten\uff1a<\/h2>\n<ol>\n<li>Gran resistencia a la corrosi\u00f3n: Siempre que el acero para intemperie se expone a un ambiente atmosf\u00e9rico, la superficie forma una pintura de \u00f3xido sustancial, que fue lo que impide eficazmente la corrosi\u00f3n m\u00e1s solicitantes y se extiende la vida \u00fatil del material.El acero para intemperie requiere menos recubrimiento y mantenimiento durante el funcionamiento en comparaci\u00f3n con el acero t\u00edpico gracias a su excepcional resistencia a la corrosi\u00f3n, lo que resulta en menores pagos de mantenimiento.<\/li>\n<li>Buenas propiedades mec\u00e1nicas.<\/li>\n<li>Est\u00e9tica : El acero de intemperie en uso durante un per\u00edodo de tiempo, la superficie formar\u00e1 un color de \u00f3xido \u00fanico, tiene un buen efecto est\u00e9tico, adecuado para edificios, Puentes y otras ocasiones que necesitan efectos visuales.<\/li>\n<li>\u00a0Respetuoso con el medio ambiente : El acero resistente a la intemperie puede reciclarse, en consonancia con los requisitos del desarrollo sostenible, adecuado para los conceptos modernos de protecci\u00f3n del medio ambiente.<\/li>\n<li>Amplia gama de aplicaci\u00f3n : Ampliamente utilizado en puentes, edificios, estaciones de ferrocarril, contenedores, torres de energ\u00eda e\u00f3lica y otros campos, adecuado para todo tipo de condiciones clim\u00e1ticas adversas.<\/li>\n<\/ol>\n<table border=\"1\">\n<tbody>\n<tr>\n<td><span data-spm-anchor-id=\"a2700.details.0.i39.110e3b73M5Suk8\">Nombre del producto<\/span><\/td>\n<td>Bolardo C\u00e9sped Jard\u00edn Luz Moderno bolardo de acero corten Luz<\/td>\n<\/tr>\n<tr>\n<td>Cuerpo principal Materia prima<\/td>\n<td>Acero corten<\/td>\n<\/tr>\n<tr>\n<td>El poder de los LED<\/td>\n<td>10W, 12W<\/td>\n<\/tr>\n<tr>\n<td>IP Grdae<\/td>\n<td>IP65, IP66<\/td>\n<\/tr>\n<tr>\n<td>Color de la superficie<\/td>\n<td>Oxidado o personalizado<\/td>\n<\/tr>\n<\/tbody>\n<\/table>\n<h2>La aplicaci\u00f3n de la l\u00e1mpara CORTEN en el dise\u00f1o:<\/h2>\n<p>1. Est\u00e9tica y singularidad : El acero intemperizado formar\u00e1 un color de \u00f3xido \u00fanico tras la oxidaci\u00f3n, que puede integrarse con el entorno natural para crear un paisaje urbano armonioso, a\u00f1adiendo una sensaci\u00f3n de arte e historia.<\/p>\n<p>2. Durabilidad y bajo coste de mantenimiento : El acero de intemperie tiene una excelente resistencia a la corrosi\u00f3n y es adecuado para su uso en diversas condiciones clim\u00e1ticas, lo que reduce la necesidad de mantenimiento y sustituci\u00f3n causada por el \u00f3xido y la corrosi\u00f3n, lo que supone una importante ventaja econ\u00f3mica para la gesti\u00f3n urbana.<\/p>\n<p>3. Fuerte capacidad de soporte : Los postes de luz de acero resistente a la intemperie tienen buenas propiedades mec\u00e1nicas, y pueden soportar varios tipos de equipos y dispositivos de iluminaci\u00f3n para satisfacer las necesidades de las diferentes funciones de la ciudad.<\/p>\n<p>4. 4. Dise\u00f1o flexible: El acero de intemperie tiene un buen rendimiento de procesamiento, y se puede personalizar de acuerdo con la planificaci\u00f3n urbana general y las necesidades de dise\u00f1o de diferentes formas y diferentes alturas de postes de luz, aumentando la diversidad y la flexibilidad del dise\u00f1o.<\/p>\n<p>5. Compatible con otros materiales : El acero resistente a la intemperie puede combinarse con madera, vidrio, hormig\u00f3n y otros materiales de construcci\u00f3n para crear una variedad de estilos de farolas que enriquecen la estratificaci\u00f3n y la diversidad de los paisajes urbanos.<\/p>\n<p>6. Efecto de iluminaci\u00f3n nocturna: Las farolas de acero resistente a la intemperie pueden cooperar con las l\u00e1mparas LED para proporcionar efectos de ahorro de energ\u00eda e iluminaci\u00f3n brillante, y mejorar la seguridad y la belleza del paisaje urbano nocturno.<\/p>\n<p><img fetchpriority=\"high\" decoding=\"async\" class=\"\" src=\"https:\/\/sc04.alicdn.com\/kf\/H2b2d3df904e24b97815012213c5f0d04m\/268101461\/H2b2d3df904e24b97815012213c5f0d04m.jpg\" width=\"893\" height=\"670\" \/><\/p>\n<table class=\"all magic-14\" style=\"height: 253px;\" width=\"892\">\n<tbody>\n<tr>\n<td colspan=\"1\" rowspan=\"1\">\n<div class=\"magic-15\" data-spm-anchor-id=\"a2700.details.0.i40.46752983hcnmIO\"><b data-spm-anchor-id=\"a2700.pc-decorate.0.i12.a91e3333LxMsYh\">Nombre del producto<\/b><\/div>\n<\/td>\n<td colspan=\"1\" rowspan=\"1\">\n<div class=\"magic-16\">Luces de acero corten Cajas de luz para bolardos LED para exteriores de jard\u00edn<\/div>\n<\/td>\n<\/tr>\n<tr>\n<td colspan=\"1\" rowspan=\"1\">\n<div class=\"magic-15\"><b>Material<\/b><\/div>\n<\/td>\n<td colspan=\"1\" rowspan=\"1\">\n<div class=\"magic-16\">Acero corten \/ Acero para intemperie,etc<\/div>\n<\/td>\n<\/tr>\n<tr>\n<td colspan=\"1\" rowspan=\"1\">\n<div class=\"magic-15\"><b>Talla<\/b><\/div>\n<\/td>\n<td colspan=\"1\" rowspan=\"1\">\n<div class=\"magic-16\">\n<p>Altura (mm): 800mm,600mm;<\/p>\n<div data-spm-anchor-id=\"a2700.pc-decorate.0.i28.2edb3333TKEWqO\">Di\u00e1metro \/ Anchura (mm): 120mm,150mm;<\/div>\n<div data-spm-anchor-id=\"a2700.pc-decorate.0.i28.2edb3333TKEWqO\">o como requisito<\/div>\n<\/div>\n<\/td>\n<\/tr>\n<tr>\n<td colspan=\"1\" rowspan=\"1\">\n<div class=\"magic-15\"><b>Color<\/b><\/div>\n<\/td>\n<td colspan=\"1\" rowspan=\"1\">\n<div class=\"magic-16\">Rojo \u00f3xido o personalizado<\/div>\n<\/td>\n<\/tr>\n<tr>\n<td colspan=\"1\" rowspan=\"1\">\n<div class=\"magic-17\"><b>Tensi\u00f3n de entrada (V)<\/b><\/div>\n<\/td>\n<td colspan=\"1\" rowspan=\"1\">\n<div class=\"magic-18\">AC 220V( \u00b1 10%)<\/div>\n<\/td>\n<\/tr>\n<tr>\n<td colspan=\"1\" rowspan=\"1\">\n<div class=\"magic-19\"><b data-spm-anchor-id=\"a2700.pc-decorate.0.i6.2edb3333TKEWqO\">Tratamiento de superficies<\/b><\/div>\n<\/td>\n<td colspan=\"1\" rowspan=\"1\">\n<div class=\"magic-20\">Preoxidado, personalizado<\/div>\n<\/td>\n<\/tr>\n<tr>\n<td colspan=\"1\" rowspan=\"1\">\n<div class=\"magic-15\"><b>Servicio adicional<\/b><\/div>\n<\/td>\n<td colspan=\"1\" rowspan=\"1\">\n<div class=\"magic-16\">Podemos producir una variedad de jard\u00edn Led bolardo luces de acuerdo a los dise\u00f1os de los clientes, dibujos, muestras y detallada requirements.Our Servicio:<\/div>\n<\/td>\n<\/tr>\n<\/tbody>\n<\/table>\n<div class=\"J_module\">\n<div class=\"detail-decorate-json-renderer-container\">\n<div class=\"magic-10\">\n<div class=\"magic-11\">\n<div class=\"magic-12\">\n<div class=\"magic-13\"><b>Servicio del fabricante:<br \/>\n<\/b>De acuerdo con el dibujo del cliente a la muestra, proporcionar una variedad de productos ligeros bolardo dise\u00f1o, procesamiento, tratamiento de superficies y la tecnolog\u00eda.<br \/>\n<b>Servicio OEM: <\/b><\/p>\n<div>\n<p>Los ingenieros de SHKW CORTEN realizar\u00e1n dibujos CAD o archivos 3D para proyectos de productos.<\/p>\n<p><b>Servicio en l\u00ednea:<br \/>\n<\/b>Respuesta oportuna en l\u00ednea por Trademanager, correo electr\u00f3nico o whatsapp\/Wechat. \u00a1Mant\u00e9ngase en contacto por correo electr\u00f3nico, phone.7 * 24 horas de soporte en l\u00ednea se proporciona!<b><u><a href=\"https:\/\/keweicorten.com\/es\/contacto\/\" target=\"_blank\" rel=\"noopener\">P\u00f3ngase en contacto con nosotros si tiene alg\u00fan problema.<\/a><\/u><\/b><br \/>\n<b><br \/>\n<\/b><\/p>\n<div><b>Servicio de venta:<br \/>\n<\/b>\u00a0Ofrecemos un esmerado servicio de preventa y posventa.<\/div>\n<\/div>\n<\/div>\n<\/div>\n<\/div>\n<\/div>\n<\/div>\n<\/div>","protected":false},"excerpt":{"rendered":"<p>El acero resistente a la intemperie es cada vez m\u00e1s popular en el campo de la construcci\u00f3n y las infraestructuras por su rendimiento superior y su econom\u00eda.<\/p>","protected":false},"featured_media":1011,"comment_status":"open","ping_status":"closed","template":"","meta":{"_eb_attr":"","_monsterinsights_skip_tracking":false,"_monsterinsights_sitenote_active":false,"_monsterinsights_sitenote_note":"","_monsterinsights_sitenote_category":0,"_uf_show_specific_survey":0,"_uf_disable_surveys":false},"product_brand":[],"product_cat":[61],"product_tag":[],"class_list":{"0":"post-1019","1":"product","2":"type-product","3":"status-publish","4":"has-post-thumbnail","6":"product_cat-light-post","8":"first","9":"instock","10":"shipping-taxable","11":"product-type-simple"},"_links":{"self":[{"href":"https:\/\/keweicorten.com\/es\/wp-json\/wp\/v2\/product\/1019"}],"collection":[{"href":"https:\/\/keweicorten.com\/es\/wp-json\/wp\/v2\/product"}],"about":[{"href":"https:\/\/keweicorten.com\/es\/wp-json\/wp\/v2\/types\/product"}],"replies":[{"embeddable":true,"href":"https:\/\/keweicorten.com\/es\/wp-json\/wp\/v2\/comments?post=1019"}],"version-history":[{"count":2,"href":"https:\/\/keweicorten.com\/es\/wp-json\/wp\/v2\/product\/1019\/revisions"}],"predecessor-version":[{"id":1021,"href":"https:\/\/keweicorten.com\/es\/wp-json\/wp\/v2\/product\/1019\/revisions\/1021"}],"wp:featuredmedia":[{"embeddable":true,"href":"https:\/\/keweicorten.com\/es\/wp-json\/wp\/v2\/media\/1011"}],"wp:attachment":[{"href":"https:\/\/keweicorten.com\/es\/wp-json\/wp\/v2\/media?parent=1019"}],"wp:term":[{"taxonomy":"product_brand","embeddable":true,"href":"https:\/\/keweicorten.com\/es\/wp-json\/wp\/v2\/product_brand?post=1019"},{"taxonomy":"product_cat","embeddable":true,"href":"https:\/\/keweicorten.com\/es\/wp-json\/wp\/v2\/product_cat?post=1019"},{"taxonomy":"product_tag","embeddable":true,"href":"https:\/\/keweicorten.com\/es\/wp-json\/wp\/v2\/product_tag?post=1019"}],"curies":[{"name":"wp","href":"https:\/\/api.w.org\/{rel}","templated":true}]}}