{"id":1105,"date":"2024-09-11T06:42:20","date_gmt":"2024-09-11T06:42:20","guid":{"rendered":"https:\/\/keweicorten.com\/?post_type=product&#038;p=1105"},"modified":"2025-01-15T06:18:22","modified_gmt":"2025-01-15T06:18:22","slug":"decoracion-de-jardin","status":"publish","type":"product","link":"https:\/\/keweicorten.com\/es\/decoracion-de-jardin\/","title":{"rendered":"adornos y estatuas de jard\u00edn"},"content":{"rendered":"<h2>C\u00f3mo elegir la escultura de acero resistente a la intemperie adecuada para su jard\u00edn\uff1f<\/h2>\n<p>Tenga en cuenta el estilo del jard\u00edn<\/p>\n<p>En primer lugar, considere el estilo del jard\u00edn. Los distintos estilos de jard\u00edn necesitan esculturas diferentes para decorarlos. Por ejemplo, los jardines europeos son adecuados para esculturas grandes y complejas, mientras que los jardines japoneses son m\u00e1s adecuados para esculturas sencillas y simples. Por lo tanto, a la hora de elegir una escultura de acero resistente a la intemperie, es necesario elegir seg\u00fan el estilo del jard\u00edn.<\/p>\n<p>Ten en cuenta la forma y el tama\u00f1o de los adornos y estatuas de jard\u00edn<\/p>\n<p>Tambi\u00e9n es muy importante elegir la forma y el tama\u00f1o de la escultura. En funci\u00f3n del tama\u00f1o y el dise\u00f1o del jard\u00edn, se eligen diferentes formas y tama\u00f1os de las esculturas. Por ejemplo, los jardines peque\u00f1os son adecuados para elegir esculturas peque\u00f1as, mientras que los jardines grandes pueden elegir esculturas m\u00e1s grandes.<\/p>\n<p>Considera el material de los adornos y estatuas de jard\u00edn<\/p>\n<p>La escultura de acero resistente a la intemperie es un material muy duradero y puede utilizarse tanto en interiores como en exteriores. Sin embargo, a la hora de elegir una escultura, tambi\u00e9n es necesario tener en cuenta el uso espec\u00edfico. Si la escultura se utiliza en exteriores, es necesario elegir materiales con capacidad de expansi\u00f3n y contracci\u00f3n t\u00e9rmica, resistencia al viento, buena resistencia a la intemperie y buena resistencia a la corrosi\u00f3n. El acero resistente a la intemperie es el material ideal con estas caracter\u00edsticas.<\/p>\n<p>Considere el color de la escultura<\/p>\n<p>Las esculturas de acero envejecido suelen ser grises, pero pueden tratarse como se desee, por ejemplo pint\u00e1ndolas, para darles diferentes colores y efectos. Al elegir una escultura, considere si su color puede combinar con el estilo crom\u00e1tico general del jard\u00edn.<\/p>\n<p>Piense en el tema de su escultura<\/p>\n<p>Tambi\u00e9n tiene que elegir el tema de la escultura en funci\u00f3n de sus preferencias y necesidades. Por ejemplo, los amantes de la naturaleza pueden elegir esculturas de plantas o animales, mientras que a los que les gusta el estilo moderno pueden optar por esculturas abstractas, etc.<\/p>\n<div style=\"width: 800px;\" class=\"wp-video\"><!--[if lt IE 9]><script>document.createElement('video');<\/script><![endif]-->\n<video class=\"wp-video-shortcode\" id=\"video-1105-1\" width=\"800\" height=\"450\" poster=\"https:\/\/keweicorten.com\/wp-content\/uploads\/2024\/09\/\u5fae\u4fe1\u56fe\u7247_20231019115916.jpg\" autoplay=\"1\" preload=\"metadata\" controls=\"controls\"><source type=\"video\/mp4\" src=\"https:\/\/keweicorten.com\/wp-content\/uploads\/2024\/09\/\u89c6\u989121min.mp4?_=1\" \/><a href=\"https:\/\/keweicorten.com\/wp-content\/uploads\/2024\/09\/\u89c6\u989121min.mp4\">https:\/\/keweicorten.com\/wp-content\/uploads\/2024\/09\/\u89c6\u989121min.mp4<\/a><\/video><\/div>\n<h2>La escultura de jard\u00edn de acero envejecido presenta las siguientes caracter\u00edsticas:<\/h2>\n<p>Gran durabilidad: el acero resistente a la intemperie con tratamiento especial puede resistir la erosi\u00f3n de diversos climas duros durante mucho tiempo, mantener un efecto reflectante m\u00e1s largo, de modo que la escultura de jard\u00edn no es f\u00e1cil de da\u00f1ar en el entorno exterior, y tiene una larga vida \u00fatil.<\/p>\n<p>Gran capacidad anticorrosi\u00f3n: La escultura de jard\u00edn de acero resistente a la intemperie est\u00e1 hecha de materiales sint\u00e9ticos especiales, que tiene una fuerte capacidad anticorrosi\u00f3n y no se ver\u00e1 afectada por factores externos como la lluvia, el sol, la arena y la niebla salina para garantizar su protecci\u00f3n eficaz en el entorno exterior.<\/p>\n<p>Alta est\u00e9tica: Escultura de jard\u00edn de acero resistente a la intemperie adopta la tecnolog\u00eda avanzada, se puede formar de acuerdo a las diferentes culturas y caracter\u00edsticas de Los tiempos, tiene diferentes formas, aspecto hermoso, caracter\u00edsticas \u00fanicas, y se ha convertido en un hermoso paisaje en el entorno del jard\u00edn.<\/p>\n<p>Riqueza de colores: Los materiales de producci\u00f3n de las esculturas de jard\u00edn de acero resistente a la intemperie no s\u00f3lo pueden presentar colores naturales, sino tambi\u00e9n pintarse para crear formas coloridas, enriquecer la imagen de los jardines urbanos y estar llenos de vitalidad.<\/p>\n<figure style=\"width: 602px\" class=\"wp-caption aligncenter\"><a href=\"https:\/\/keweicorten.com\/es\/contacto\/\"><img fetchpriority=\"high\" decoding=\"async\" title=\"Adornos y estatuas de jard\u00edn\" src=\"https:\/\/www.keweistove.com\/uploads\/39684\/garden-ornaments-and-statues02482.jpg\" alt=\"Adornos y estatuas de jard\u00edn\" width=\"602\" height=\"602\" \/><\/a><figcaption class=\"wp-caption-text\">Adornos y estatuas de jard\u00edn<\/figcaption><\/figure>\n<p><img decoding=\"async\" class=\"aligncenter\" src=\"https:\/\/www.keweistove.com\/Content\/uploads\/2023970354\/202307121511574ab65c7ec9ae440c88788f735e2204f7.jpg\" alt=\"producto-750-750\" width=\"626\" height=\"626\" \/><\/p>\n<div class=\"text\">Esta escultura de acero corten se convertir\u00e1 en un atractivo elemento de su jard\u00edn. Esta obra de arte de acero inoxidable se puede personalizar en varios tama\u00f1os. Crear\u00e1 un llamativo punto focal cuando esta escultura de acero corten se coloque en el exterior.<\/div>\n<div class=\"text\">La escultura personalizada para decoraci\u00f3n de jardines puede personalizarse seg\u00fan las distintas necesidades. Los dise\u00f1adores pueden crear y desarrollar esculturas adecuadas en funci\u00f3n de las necesidades de los clientes y el entorno, de modo que se ajuste m\u00e1s a la est\u00e9tica y los h\u00e1bitos de vida de la gente moderna. Las esculturas personalizadas pueden reflejar plenamente la profesionalidad y regularidad de los clientes, haci\u00e9ndolos m\u00e1s singulares y \u00fanicos en el espacio.<\/div>","protected":false},"excerpt":{"rendered":"<p>Visite nuestro sitio web para encontrar exquisitas decoraciones y estatuas de jard\u00edn que realzar\u00e1n a la perfecci\u00f3n su entorno exterior. Una variedad de opciones para satisfacer las necesidades de cada aficionado a la jardiner\u00eda.<\/p>","protected":false},"featured_media":1108,"comment_status":"open","ping_status":"closed","template":"","meta":{"_eb_attr":"","_monsterinsights_skip_tracking":false,"_monsterinsights_sitenote_active":false,"_monsterinsights_sitenote_note":"","_monsterinsights_sitenote_category":0,"_uf_show_specific_survey":0,"_uf_disable_surveys":false},"product_brand":[],"product_cat":[62],"product_tag":[],"class_list":{"0":"post-1105","1":"product","2":"type-product","3":"status-publish","4":"has-post-thumbnail","6":"product_cat-corten-sculpture","8":"first","9":"instock","10":"shipping-taxable","11":"product-type-simple"},"_links":{"self":[{"href":"https:\/\/keweicorten.com\/es\/wp-json\/wp\/v2\/product\/1105"}],"collection":[{"href":"https:\/\/keweicorten.com\/es\/wp-json\/wp\/v2\/product"}],"about":[{"href":"https:\/\/keweicorten.com\/es\/wp-json\/wp\/v2\/types\/product"}],"replies":[{"embeddable":true,"href":"https:\/\/keweicorten.com\/es\/wp-json\/wp\/v2\/comments?post=1105"}],"version-history":[{"count":1,"href":"https:\/\/keweicorten.com\/es\/wp-json\/wp\/v2\/product\/1105\/revisions"}],"predecessor-version":[{"id":1109,"href":"https:\/\/keweicorten.com\/es\/wp-json\/wp\/v2\/product\/1105\/revisions\/1109"}],"wp:featuredmedia":[{"embeddable":true,"href":"https:\/\/keweicorten.com\/es\/wp-json\/wp\/v2\/media\/1108"}],"wp:attachment":[{"href":"https:\/\/keweicorten.com\/es\/wp-json\/wp\/v2\/media?parent=1105"}],"wp:term":[{"taxonomy":"product_brand","embeddable":true,"href":"https:\/\/keweicorten.com\/es\/wp-json\/wp\/v2\/product_brand?post=1105"},{"taxonomy":"product_cat","embeddable":true,"href":"https:\/\/keweicorten.com\/es\/wp-json\/wp\/v2\/product_cat?post=1105"},{"taxonomy":"product_tag","embeddable":true,"href":"https:\/\/keweicorten.com\/es\/wp-json\/wp\/v2\/product_tag?post=1105"}],"curies":[{"name":"wp","href":"https:\/\/api.w.org\/{rel}","templated":true}]}}