{"id":1115,"date":"2024-09-11T07:57:32","date_gmt":"2024-09-11T07:57:32","guid":{"rendered":"https:\/\/keweicorten.com\/?post_type=product&#038;p=1115"},"modified":"2025-01-15T06:16:04","modified_gmt":"2025-01-15T06:16:04","slug":"hoguera","status":"publish","type":"product","link":"https:\/\/keweicorten.com\/es\/hoguera\/","title":{"rendered":"hoguera de le\u00f1a al aire libre"},"content":{"rendered":"<h2>Durabilidad de la intemperie de acero al aire libre de le\u00f1a firepit\uff1a<\/h2>\n<p>La hoguera de le\u00f1a para exteriores es un equipo para exteriores muy pr\u00e1ctico y duradero, puede proporcionar comodidad para el parque comunitario, el camping al aire libre, la barbacoa al aire libre y otras ocasiones. Es capaz de soportar los desaf\u00edos de diversas condiciones clim\u00e1ticas y ambientes naturales, por lo que tiene una buena durabilidad.<\/p>\n<p>El acero resistente a la intemperie es un material de aleaci\u00f3n especial, que tiene una excelente resistencia a la corrosi\u00f3n y durabilidad. En el uso de pozos de fuego, el acero resistente a la intemperie puede resistir el impacto de altas temperaturas y ambientes h\u00famedos, y no es f\u00e1cil de oxidar y oxidaci\u00f3n. Por lo tanto, el pozo de fuego de acero de intemperie al aire libre es muy adecuado para el uso al aire libre y puede soportar un gran n\u00famero de demandas durante mucho tiempo.<\/p>\n<p>La hoguera de le\u00f1a para exteriores tambi\u00e9n tiene un buen dise\u00f1o estructural y tratamiento de los detalles. Est\u00e1 fabricado con gruesas placas de acero, con un fino tacto superficial y una fuerte resistencia mec\u00e1nica, factores importantes para garantizar su durabilidad. Al mismo tiempo, tambi\u00e9n tiene en cuenta las necesidades reales del usuario, incluyendo el tama\u00f1o, la forma, el dise\u00f1o a prueba de viento, etc., por lo que es m\u00e1s acorde con el medio ambiente y las necesidades de uso al aire libre.<\/p>\n<p>La chimenea de le\u00f1a para exteriores ofrece importantes ventajas en cuanto a durabilidad y seguridad. Puede soportar los desaf\u00edos de diversos climas duros y entornos naturales, y puede proporcionar una experiencia de uso al aire libre c\u00f3moda y conveniente durante mucho tiempo. Al elegir el equipo al aire libre, vale la pena considerar el excelente rendimiento de las hogueras de acero para exteriores.<\/p>\n<figure id=\"attachment_1117\" aria-describedby=\"caption-attachment-1117\" style=\"width: 474px\" class=\"wp-caption aligncenter\"><a href=\"https:\/\/keweicorten.com\/es\"><img fetchpriority=\"high\" decoding=\"async\" class=\"wp-image-1117\" title=\"foso de fuego\" src=\"https:\/\/keweicorten.com\/wp-content\/uploads\/2024\/09\/photobank-41-300x300.jpg\" alt=\"foso de fuego\" width=\"474\" height=\"474\" srcset=\"https:\/\/keweicorten.com\/wp-content\/uploads\/2024\/09\/photobank-41-300x300.jpg 300w, https:\/\/keweicorten.com\/wp-content\/uploads\/2024\/09\/photobank-41-150x150.jpg 150w, https:\/\/keweicorten.com\/wp-content\/uploads\/2024\/09\/photobank-41-12x12.jpg 12w, https:\/\/keweicorten.com\/wp-content\/uploads\/2024\/09\/photobank-41-100x100.jpg 100w, https:\/\/keweicorten.com\/wp-content\/uploads\/2024\/09\/photobank-41.jpg 576w\" sizes=\"(max-width: 474px) 100vw, 474px\" \/><\/a><figcaption id=\"caption-attachment-1117\" class=\"wp-caption-text\">foso de fuego<\/figcaption><\/figure>\n<figure id=\"attachment_1116\" aria-describedby=\"caption-attachment-1116\" style=\"width: 472px\" class=\"wp-caption aligncenter\"><a href=\"https:\/\/keweicorten.com\/es\"><img decoding=\"async\" class=\"wp-image-1116\" title=\"foso de fuego\" src=\"https:\/\/keweicorten.com\/wp-content\/uploads\/2024\/09\/photobank-35-300x300.jpg\" alt=\"foso de fuego\" width=\"472\" height=\"472\" srcset=\"https:\/\/keweicorten.com\/wp-content\/uploads\/2024\/09\/photobank-35-300x300.jpg 300w, https:\/\/keweicorten.com\/wp-content\/uploads\/2024\/09\/photobank-35-150x150.jpg 150w, https:\/\/keweicorten.com\/wp-content\/uploads\/2024\/09\/photobank-35-12x12.jpg 12w, https:\/\/keweicorten.com\/wp-content\/uploads\/2024\/09\/photobank-35-100x100.jpg 100w, https:\/\/keweicorten.com\/wp-content\/uploads\/2024\/09\/photobank-35.jpg 512w\" sizes=\"(max-width: 472px) 100vw, 472px\" \/><\/a><figcaption id=\"caption-attachment-1116\" class=\"wp-caption-text\">foso de fuego<\/figcaption><\/figure>\n<table class=\"table\" style=\"height: 238px;\" border=\"1\" width=\"729\" cellspacing=\"1\" cellpadding=\"1\">\n<tbody>\n<tr>\n<td><strong>Producto<\/strong><\/td>\n<td>Chimenea sin humo para patio<\/td>\n<\/tr>\n<tr>\n<td><strong>Material<\/strong><\/td>\n<td>Acero corten<\/td>\n<\/tr>\n<tr>\n<td><strong>Di\u00e1metro<\/strong><\/td>\n<td>60 cm, 70 cm, 80 cm, 90 cm, 100 cm, 120 cm, 150 cm, 180 cm<\/td>\n<\/tr>\n<tr>\n<td><strong>Espesor<\/strong><\/td>\n<td>2 mm, 3 mm, 4 mm, 5 mm<\/td>\n<\/tr>\n<tr>\n<td><strong>Acabado<\/strong><\/td>\n<td>\u00d3xido de hierro<\/td>\n<\/tr>\n<tr>\n<td><strong>Paquete<\/strong><\/td>\n<td>Caja de madera contrachapada, paleta de hierro<\/td>\n<\/tr>\n<\/tbody>\n<\/table>\n<p><a href=\"https:\/\/keweicorten.com\/es\"><img decoding=\"async\" class=\"aligncenter\" title=\"Hoguera de metal con parrilla\" src=\"https:\/\/sc04.alicdn.com\/kf\/Hf2d2a0356e6c427bba74e4cf2540f967g\/221559437\/Hf2d2a0356e6c427bba74e4cf2540f967g.png?size=x0\" alt=\"Hoguera de metal con parrilla\" width=\"750\" height=\"750\" \/><\/a><\/p>\n<p>Las chimeneas de acero corten son un gran complemento para cualquier patio o espacio al aire libre. No s\u00f3lo proporcionan calor durante las noches m\u00e1s fr\u00edas, sino que tambi\u00e9n a\u00f1aden una est\u00e9tica hermosa y \u00fanica a su espacio.<\/p>\n<p>El acero corten es conocido por su durabilidad y sus propiedades de resistencia a la intemperie, que lo hacen perfecto para espacios exteriores. Con el tiempo, el acero adquiere un aspecto de \u00f3xido natural que a\u00f1ade car\u00e1cter e inter\u00e9s visual a la hoguera.<\/p>\n<p>Estos pozos de fuego vienen en varias formas y tama\u00f1os, para que pueda elegir el perfecto para su entorno. Tanto si prefiere una chimenea redonda en forma de cuenco como un dise\u00f1o m\u00e1s contempor\u00e1neo, hay una chimenea de acero corten que se adaptar\u00e1 a su estilo.<\/p>\n<p>Otra de las grandes ventajas de las chimeneas de acero corten es que pueden transformar su espacio exterior en un acogedor lugar de reuni\u00f3n para familiares y amigos. No hay nada mejor que sentarse alrededor de una hoguera, disfrutar del calor y asar malvaviscos. Puede crear recuerdos duraderos con sus seres queridos mientras disfruta de la belleza que una chimenea de acero corten aporta a su jard\u00edn.<\/p>","protected":false},"excerpt":{"rendered":"<p>Si desea mejorar su jard\u00edn o espacio al aire libre, merece la pena considerar una chimenea de acero corten. Proporcionan calidez, estilo y un ambiente acogedor. Gracias a su durabilidad y resistencia a la intemperie, podr\u00e1 disfrutar de su hoguera durante muchos a\u00f1os.<\/p>","protected":false},"featured_media":1118,"comment_status":"open","ping_status":"closed","template":"","meta":{"_eb_attr":"","_monsterinsights_skip_tracking":false,"_monsterinsights_sitenote_active":false,"_monsterinsights_sitenote_note":"","_monsterinsights_sitenote_category":0,"_uf_show_specific_survey":0,"_uf_disable_surveys":false},"product_brand":[],"product_cat":[54],"product_tag":[],"class_list":{"0":"post-1115","1":"product","2":"type-product","3":"status-publish","4":"has-post-thumbnail","6":"product_cat-wood-fire-pit","8":"first","9":"instock","10":"shipping-taxable","11":"product-type-simple"},"_links":{"self":[{"href":"https:\/\/keweicorten.com\/es\/wp-json\/wp\/v2\/product\/1115"}],"collection":[{"href":"https:\/\/keweicorten.com\/es\/wp-json\/wp\/v2\/product"}],"about":[{"href":"https:\/\/keweicorten.com\/es\/wp-json\/wp\/v2\/types\/product"}],"replies":[{"embeddable":true,"href":"https:\/\/keweicorten.com\/es\/wp-json\/wp\/v2\/comments?post=1115"}],"version-history":[{"count":2,"href":"https:\/\/keweicorten.com\/es\/wp-json\/wp\/v2\/product\/1115\/revisions"}],"predecessor-version":[{"id":1120,"href":"https:\/\/keweicorten.com\/es\/wp-json\/wp\/v2\/product\/1115\/revisions\/1120"}],"wp:featuredmedia":[{"embeddable":true,"href":"https:\/\/keweicorten.com\/es\/wp-json\/wp\/v2\/media\/1118"}],"wp:attachment":[{"href":"https:\/\/keweicorten.com\/es\/wp-json\/wp\/v2\/media?parent=1115"}],"wp:term":[{"taxonomy":"product_brand","embeddable":true,"href":"https:\/\/keweicorten.com\/es\/wp-json\/wp\/v2\/product_brand?post=1115"},{"taxonomy":"product_cat","embeddable":true,"href":"https:\/\/keweicorten.com\/es\/wp-json\/wp\/v2\/product_cat?post=1115"},{"taxonomy":"product_tag","embeddable":true,"href":"https:\/\/keweicorten.com\/es\/wp-json\/wp\/v2\/product_tag?post=1115"}],"curies":[{"name":"wp","href":"https:\/\/api.w.org\/{rel}","templated":true}]}}