{"id":1143,"date":"2024-09-12T03:32:05","date_gmt":"2024-09-12T03:32:05","guid":{"rendered":"https:\/\/keweicorten.com\/?post_type=product&#038;p=1143"},"modified":"2025-01-15T06:15:15","modified_gmt":"2025-01-15T06:15:15","slug":"bordes-de-jardin","status":"publish","type":"product","link":"https:\/\/keweicorten.com\/es\/bordes-de-jardin\/","title":{"rendered":"bordes paisaj\u00edsticos de corten"},"content":{"rendered":"<div class=\"text-title\">\n<figure style=\"width: 750px\" class=\"wp-caption alignnone\"><a href=\"https:\/\/keweicorten.com\/es\/contacto\/\"><img fetchpriority=\"high\" decoding=\"async\" title=\"bordes paisaj\u00edsticos de corten\" src=\"https:\/\/sc04.alicdn.com\/kf\/A4a230982885047639f8ccbda507af4993\/276435419\/A4a230982885047639f8ccbda507af4993.jpg\" alt=\"bordes paisaj\u00edsticos de corten\" width=\"750\" height=\"454\" \/><\/a><figcaption class=\"wp-caption-text\">bordes paisaj\u00edsticos de corten<\/figcaption><\/figure>\n<h2 class=\"magic-9\"><b class=\"magic-22\"><span class=\"magic-10\" style=\"color: #000000;\" data-spm-anchor-id=\"a2700.details.0.i40.6227b6fedKS63A\">Acero corten Aplicaci\u00f3n:<\/span><\/b><\/h2>\n<\/div>\n<div class=\"text-content\">\n<p><span class=\"magic-15\" style=\"color: #000000;\" data-spm-anchor-id=\"a2700.details.0.i49.6227b6fedKS63A\">El acero corten es acero resistente a la intemperie, este material es un acero resistente a la corrosi\u00f3n, que dejado sin recubrimiento desarrolla una p\u00e1tina de capa exterior.\u00a0<\/span><\/p>\n<div><span style=\"color: #000000;\"><br \/>\n<\/span><\/p>\n<div><span style=\"color: #000000;\">Es una aleaci\u00f3n de acero de alta resistencia y se utiliza cuando se desea una mayor resistencia y un material con un ciclo de vida m\u00e1s largo.<\/span><\/div>\n<div>\n<table style=\"height: 212px;\" width=\"746\">\n<tbody>\n<tr>\n<td colspan=\"1\" rowspan=\"1\">\n<div data-spm-anchor-id=\"a2700.details.0.i42.448a13b5E0l0Oz\">Nombre del producto<\/div>\n<\/td>\n<td colspan=\"1\" rowspan=\"1\">\n<div>Acero galvanizado&amp;CORTEN Acero con recubrimiento de polvo negro Bordes de jardiner\u00eda<\/div>\n<\/td>\n<\/tr>\n<tr>\n<td colspan=\"1\" rowspan=\"1\">\n<div>Material<\/div>\n<\/td>\n<td colspan=\"1\" rowspan=\"1\">\n<div>Acero corten, acero galvanizado, etc.<\/div>\n<\/td>\n<\/tr>\n<tr>\n<td colspan=\"1\" rowspan=\"1\">\n<div data-spm-anchor-id=\"a2700.details.0.i41.448a13b5E0l0Oz\">Talla<\/div>\n<\/td>\n<td colspan=\"1\" rowspan=\"1\">\n<div>Cara de 100 mm, 150 mm o a medida<\/div>\n<\/td>\n<\/tr>\n<tr>\n<td colspan=\"1\" rowspan=\"1\">\n<div>Picos<\/div>\n<\/td>\n<td colspan=\"1\" rowspan=\"1\">\n<div>Con o sin<\/div>\n<\/td>\n<\/tr>\n<tr>\n<td colspan=\"1\" rowspan=\"1\">\n<div>Color<\/div>\n<\/td>\n<td colspan=\"1\" rowspan=\"1\">\n<div>Acero natural, varios colores<\/div>\n<\/td>\n<\/tr>\n<tr>\n<td colspan=\"1\" rowspan=\"1\">\n<div>Plantas<\/div>\n<\/td>\n<td colspan=\"1\" rowspan=\"1\">\n<div>Plantas verdes,plantas artificiales<\/div>\n<\/td>\n<\/tr>\n<\/tbody>\n<\/table>\n<\/div>\n<div>\n<figure style=\"width: 750px\" class=\"wp-caption alignnone\"><a href=\"https:\/\/keweicorten.com\/es\/contacto\/\"><img decoding=\"async\" title=\"bordes de acero corten para paisajismo\" src=\"https:\/\/sc02.alicdn.com\/kf\/H650f0e63dacb4e35bd6d646fd2d0975cK\/235950374\/H650f0e63dacb4e35bd6d646fd2d0975cK.jpg\" alt=\"bordes de acero corten para paisajismo\" width=\"750\" height=\"404\" \/><\/a><figcaption class=\"wp-caption-text\">bordes de acero corten para paisajismo<\/figcaption><\/figure>\n<\/div>\n<h2>C\u00d3MO INSTALAR<\/h2>\n<p>La espiga en el paisaje corten bordes rebanada a trav\u00e9s de la suciedad con facilidad. Cada tira se puede instalar en menos de 1 minuto y se mantiene firmemente en su lugar, Es incre\u00edblemente f\u00e1cil de instalar - de hecho, las \u00fanicas herramientas que necesitar\u00e1 son un bloque de madera de 4\u2033 x 2\u2033 y un mazo.<\/p>\n<figure style=\"width: 635px\" class=\"wp-caption alignnone\"><a href=\"https:\/\/keweicorten.com\/es\/contacto\/\"><img decoding=\"async\" title=\"bordes de c\u00e9sped de corten\" src=\"https:\/\/sc04.alicdn.com\/kf\/HTB1kC8LQFXXXXcTXFXXq6xXFXXX5\/223026859\/HTB1kC8LQFXXXXcTXFXXq6xXFXXX5.jpg\" alt=\"bordes de c\u00e9sped de corten\" width=\"635\" height=\"477\" \/><\/a><figcaption class=\"wp-caption-text\">bordes de c\u00e9sped de corten<\/figcaption><\/figure>\n<p>El set de bordes corten para exteriores crea un acogedor punto focal en su espacio exterior. Fabricados en acero duradero con acabado oxidado, estos bordes presentan un dise\u00f1o sencillo con pinchos. Los bordes transmiten un aire r\u00fastico moderno que realzar\u00e1 el aspecto de su patio y terraza. Utilice estos bordes y jardineras para albergar sus arbustos o flores. Perfectos como conjunto y mejor cuando se utilizan en m\u00faltiplos.<\/p>\n<h2>Algunas ventajas de <span class=\"keyword _ngcontent-dwf-109\" aria-hidden=\"false\">cantos de acero corten <\/span>en horticultura:<\/h2>\n<p>Resistencia a la corrosi\u00f3n<br \/>\nEl acero corten tiene una buena resistencia a la corrosi\u00f3n y forma una pel\u00edcula protectora contra la corrosi\u00f3n en su superficie, lo que puede prevenir eficazmente la corrosi\u00f3n posterior y garantizar su estabilidad a largo plazo, incluso frente a entornos h\u00famedos y productos qu\u00edmicos en el suelo.<\/p>\n<p>Est\u00e9tica<\/p>\n<p>Estabilidad estructural<br \/>\nGracias a su gran resistencia y rigidez, las tablas de contenci\u00f3n Corten soportan eficazmente el suelo, evitan la erosi\u00f3n y el desgaste del suelo y garantizan la estabilidad a largo plazo de los proyectos hort\u00edcolas.<\/p>\n<p>Bajo coste de mantenimiento<br \/>\nEl acero corten requiere menos mantenimiento que otros materiales.<\/p>\n<p>Protecci\u00f3n del medio ambiente<\/p>\n<p>versatilidad<br \/>\nL\u00edmites y divisiones o zonas paisaj\u00edsticas.<br \/>\nAlivio reforzado<br \/>\nMacizos de flores o huertos<\/p>\n<p>F\u00e1cil de instalar<br \/>\nEl acero corten puede cortarse en diferentes formas y tama\u00f1os seg\u00fan las necesidades.<\/p>\n<\/div>\n<\/div>","protected":false},"excerpt":{"rendered":"<p>Explore nuestros productos Corten Edge para obtener soluciones de jardiner\u00eda duraderas y est\u00e9ticamente agradables. Mejore su espacio exterior y disfrute de una calidad duradera con un dise\u00f1o \u00fanico.<\/p>","protected":false},"featured_media":1144,"comment_status":"open","ping_status":"closed","template":"","meta":{"_eb_attr":"","_monsterinsights_skip_tracking":false,"_monsterinsights_sitenote_active":false,"_monsterinsights_sitenote_note":"","_monsterinsights_sitenote_category":0,"_uf_show_specific_survey":0,"_uf_disable_surveys":false},"product_brand":[],"product_cat":[58],"product_tag":[],"class_list":{"0":"post-1143","1":"product","2":"type-product","3":"status-publish","4":"has-post-thumbnail","6":"product_cat-garden-edging","8":"first","9":"instock","10":"shipping-taxable","11":"product-type-simple"},"_links":{"self":[{"href":"https:\/\/keweicorten.com\/es\/wp-json\/wp\/v2\/product\/1143"}],"collection":[{"href":"https:\/\/keweicorten.com\/es\/wp-json\/wp\/v2\/product"}],"about":[{"href":"https:\/\/keweicorten.com\/es\/wp-json\/wp\/v2\/types\/product"}],"replies":[{"embeddable":true,"href":"https:\/\/keweicorten.com\/es\/wp-json\/wp\/v2\/comments?post=1143"}],"version-history":[{"count":2,"href":"https:\/\/keweicorten.com\/es\/wp-json\/wp\/v2\/product\/1143\/revisions"}],"predecessor-version":[{"id":1878,"href":"https:\/\/keweicorten.com\/es\/wp-json\/wp\/v2\/product\/1143\/revisions\/1878"}],"wp:featuredmedia":[{"embeddable":true,"href":"https:\/\/keweicorten.com\/es\/wp-json\/wp\/v2\/media\/1144"}],"wp:attachment":[{"href":"https:\/\/keweicorten.com\/es\/wp-json\/wp\/v2\/media?parent=1143"}],"wp:term":[{"taxonomy":"product_brand","embeddable":true,"href":"https:\/\/keweicorten.com\/es\/wp-json\/wp\/v2\/product_brand?post=1143"},{"taxonomy":"product_cat","embeddable":true,"href":"https:\/\/keweicorten.com\/es\/wp-json\/wp\/v2\/product_cat?post=1143"},{"taxonomy":"product_tag","embeddable":true,"href":"https:\/\/keweicorten.com\/es\/wp-json\/wp\/v2\/product_tag?post=1143"}],"curies":[{"name":"wp","href":"https:\/\/api.w.org\/{rel}","templated":true}]}}