{"id":1192,"date":"2024-09-13T03:01:53","date_gmt":"2024-09-13T03:01:53","guid":{"rendered":"https:\/\/keweicorten.com\/?post_type=product&#038;p=1192"},"modified":"2025-01-15T06:27:15","modified_gmt":"2025-01-15T06:27:15","slug":"parrilla-barbacoa","status":"publish","type":"product","link":"https:\/\/keweicorten.com\/es\/parrilla-barbacoa\/","title":{"rendered":"Hoguera de acero corten"},"content":{"rendered":"<h2>Ventajas del pozo de fuego de acero corten:<\/h2>\n<ul>\n<li>Resistencia a la corrosi\u00f3n : Mayor durabilidad cuando se utiliza en exteriores.<\/li>\n<li>\u00a0Hermoso : El acero corten tiene una apariencia \u00fanica de \u00f3xido, con el tiempo, formar\u00e1 un maravilloso contraste con el entorno circundante, creando un ambiente natural y art\u00edstico, adecuado para una variedad de paisajes al aire libre.<\/li>\n<li>Bajo coste de mantenimiento : Debido a su resistencia a la intemperie, el pozo de fuego de acero corten no requiere mantenimiento frecuente y pintura, en comparaci\u00f3n con el acero tradicional, el uso a largo plazo puede ahorrar costes.<\/li>\n<li>Protecci\u00f3n del medio ambiente : La producci\u00f3n y el reciclaje del acero corten son relativamente respetuosos con el medio ambiente, y no se liberan sustancias nocivas durante su uso, lo que est\u00e1 en consonancia con la b\u00fasqueda moderna de la protecci\u00f3n ecol\u00f3gica del medio ambiente.<\/li>\n<li>Retenci\u00f3n t\u00e9rmica : El acero corten tiene una buena conductividad t\u00e9rmica, puede retener eficazmente el calor, proporcionar una experiencia de calor y confort m\u00e1s prolongada, y es muy adecuado para su uso en oto\u00f1o e invierno.<\/li>\n<li>Dise\u00f1o diversificado: El acero corten se puede procesar en una variedad de formas y tama\u00f1os, adecuados para diferentes estilos de dise\u00f1o de patios o terrazas, flexibilidad.<\/li>\n<li>Seguridad : El dise\u00f1o del pozo de acero corten suele tener en cuenta factores de seguridad, como la estabilidad y las medidas de protecci\u00f3n, y su uso es relativamente seguro.<\/li>\n<\/ul>\n<table class=\"has-title all magic-7\" style=\"height: 242px;\" width=\"717\">\n<tbody>\n<tr>\n<td colspan=\"1\" rowspan=\"1\">\n<div class=\"magic-12\" data-spm-anchor-id=\"a2700.details.0.i40.236d4d79eIl29B\"><span class=\"magic-13\" style=\"color: #000000;\">Nombre del producto<\/span><\/div>\n<\/td>\n<td colspan=\"1\" rowspan=\"1\">\n<div class=\"magic-14\"><span class=\"magic-13\" style=\"color: #000000;\">Acero corten resistente a la intemperie fogata port\u00e1til BBQ Grill<\/span><\/div>\n<\/td>\n<\/tr>\n<tr>\n<td colspan=\"1\" rowspan=\"1\">\n<div class=\"magic-12\"><span class=\"magic-13\" style=\"color: #000000;\">Marca<\/span><\/div>\n<\/td>\n<td colspan=\"1\" rowspan=\"1\"><span class=\"magic-13\" style=\"color: #000000;\">SHKW<\/span><\/td>\n<\/tr>\n<tr>\n<td colspan=\"1\" rowspan=\"1\">\n<div class=\"magic-12\"><span class=\"magic-13\" style=\"color: #000000;\">N\u00famero de modelo<\/span><\/div>\n<\/td>\n<td colspan=\"1\" rowspan=\"1\">\n<div class=\"magic-14\"><span class=\"magic-13\" style=\"color: #000000;\">SHKW-BBQ<\/span><span class=\"magic-15\" data-spm-anchor-id=\"a2700.pc-decorate.0.i3.5c623333VNk22J\">07<\/span><\/div>\n<\/td>\n<\/tr>\n<tr>\n<td colspan=\"1\" rowspan=\"1\">\n<div class=\"magic-12\"><span class=\"magic-13\" style=\"color: #000000;\">Material<\/span><\/div>\n<\/td>\n<td colspan=\"1\" rowspan=\"1\">\n<div class=\"magic-14\"><span class=\"magic-13\" style=\"color: #000000;\">Acero corten \/ Acero para intemperie<\/span><\/div>\n<\/td>\n<\/tr>\n<tr>\n<td colspan=\"1\" rowspan=\"1\">\n<div class=\"magic-12\"><span class=\"magic-13\" style=\"color: #000000;\">Talla<\/span><\/div>\n<\/td>\n<td colspan=\"1\" rowspan=\"1\">\n<div class=\"magic-14\"><span class=\"magic-13\" style=\"color: #000000;\">Dia\uff1a600\/800\/900\/1000mm, Espesor: 2mm<\/span><\/div>\n<\/td>\n<\/tr>\n<tr>\n<td colspan=\"1\" rowspan=\"1\">\n<div class=\"magic-12\"><span class=\"magic-13\" style=\"color: #000000;\">Paquete<\/span><\/div>\n<\/td>\n<td colspan=\"1\" rowspan=\"1\">\n<div class=\"magic-14\"><span class=\"magic-13\" style=\"color: #000000;\">Interior: Papel de espuma antidesgaste, Exterior: Caja de cart\u00f3n<\/span><\/div>\n<\/td>\n<\/tr>\n<tr>\n<td colspan=\"1\" rowspan=\"1\">\n<div class=\"magic-12\"><span class=\"magic-13\" style=\"color: #000000;\">Tratamiento de superficies<\/span><\/div>\n<\/td>\n<td colspan=\"1\" rowspan=\"1\">\n<div class=\"magic-14\"><span class=\"magic-13\" style=\"color: #000000;\">Preoxidado, personalizable<\/span><\/div>\n<\/td>\n<\/tr>\n<tr>\n<td colspan=\"1\" rowspan=\"1\">\n<div class=\"magic-12\"><span class=\"magic-13\" style=\"color: #000000;\">MOQ<\/span><\/div>\n<\/td>\n<td colspan=\"1\" rowspan=\"1\">\n<div class=\"magic-14\"><span class=\"magic-13\" style=\"color: #000000;\">10 unidades<\/span><\/div>\n<\/td>\n<\/tr>\n<\/tbody>\n<\/table>\n<figure style=\"width: 550px\" class=\"wp-caption alignnone\"><a href=\"https:\/\/keweicorten.com\/es\/contacto\/\"><img fetchpriority=\"high\" decoding=\"async\" title=\"hoguera en el jard\u00edn\" src=\"https:\/\/sc04.alicdn.com\/kf\/H642e390ca630457fb4af493b00d4798fV\/235950374\/H642e390ca630457fb4af493b00d4798fV.jpg\" alt=\"\" width=\"550\" height=\"550\" \/><\/a><figcaption class=\"wp-caption-text\">hoguera en el jard\u00edn<\/figcaption><\/figure>\n<h2>Aplicaci\u00f3n de las parrillas de acero para intemperie\uff1a<\/h2>\n<h3>Solicitar\uff1a<\/h3>\n<p>Barbacoa de exterior : Las parrillas de acero resistente a la intemperie son muy adecuadas para su uso en lugares al aire libre como patios traseros, balcones, terrazas, y pueden proporcionar una experiencia de barbacoa conveniente para reuniones familiares y amigos.<\/p>\n<p>Dise\u00f1o paisaj\u00edstico : El singular aspecto oxidado del acero envejecido lo convierte en una elecci\u00f3n popular en jardiner\u00eda moderna y dise\u00f1o paisaj\u00edstico, que puede integrarse perfectamente con el entorno para realzar la belleza del patio.<\/p>\n<p>Comedores al aire libre: Los restaurantes, cafeter\u00edas y otros comedores al aire libre pueden utilizar las parrillas de acero resistente a la intemperie para atraer clientes que disfruten cocinando y cenando al aire libre.<\/p>\n<p>Camping \uff1a La durabilidad y la resistencia a la corrosi\u00f3n del acero para intemperie lo convierten en una opci\u00f3n ideal para acampar en la naturaleza, capaz de soportar el mal tiempo.<\/p>\n<p>Eventos y festivales : Adecuado para mercados, festivales de m\u00fasica, fiestas al aire libre y otras ocasiones, proporcionando servicio de barbacoa in situ para a\u00f1adir ambiente de actividad.<\/p>\n<figure style=\"width: 695px\" class=\"wp-caption alignnone\"><a href=\"https:\/\/keweicorten.com\/es\/contacto\/\"><img decoding=\"async\" title=\"parrilla barbacoa\" src=\"https:\/\/sc04.alicdn.com\/kf\/H813aeec6354044c9964495c20d84b311D\/235950374\/H813aeec6354044c9964495c20d84b311D.png\" alt=\"\" width=\"695\" height=\"295\" \/><\/a><figcaption class=\"wp-caption-text\">parrilla barbacoa<\/figcaption><\/figure>\n<h3>Ventaja\uff1a<\/h3>\n<ul>\n<li>Gran resistencia a la intemperie<\/li>\n<li>Est\u00e9tica<\/li>\n<li>Resistencia a altas temperaturas<\/li>\n<li>Requiere poco mantenimiento<\/li>\n<li>Alta resistencia<\/li>\n<li>Protecci\u00f3n del medio ambiente<\/li>\n<li>Dise\u00f1o multifuncional<\/li>\n<\/ul>\n<div class=\"J_module\">\n<div id=\"ali-anchor-AliMagic-4f9wm2\" class=\"magic-3\" data-section=\"AliMagic-4f9wm2\" data-section-title=\"More Details\">M\u00e1s detalles<\/div>\n<\/div>\n<div class=\"J_module\">\n<div class=\"icbu-pc-images magic-0\">\n<div class=\"flex-layout-h\">\n<div class=\"flex-layout-v magic-18\">\n<div class=\"magic-19\"><\/div>\n<\/div>\n<div class=\"text-wrapper magic-21\">\n<div class=\"text-wrapper-right text-theme-light text-align-left\">\n<div class=\"text-content\">\n<div><span class=\"magic-13\"><a href=\"https:\/\/keweicorten.com\/es\"><img decoding=\"async\" class=\"alignnone\" src=\"https:\/\/keweicorten.com\/wp-content\/uploads\/2024\/09\/%E5%BE%AE%E4%BF%A1%E5%9B%BE%E7%89%87_20240219150940-300x232.jpg\" alt=\"\" width=\"413\" height=\"319\" \/><\/a><\/span>- 5 mm de espesor de acero corten- Min Flat Pack Fog\u00f3n \/ Quemador- F\u00e1cilmente desmontable y almacenable como 5 piezas<\/div>\n<\/div>\n<\/div>\n<\/div>\n<\/div>\n<\/div>\n<\/div>","protected":false},"excerpt":{"rendered":"<p>Las parrillas de acero resistente a la intemperie no s\u00f3lo proporcionan a los usuarios una experiencia culinaria excepcional, sino que tambi\u00e9n a\u00f1aden un toque de belleza natural al entorno, lo que las hace ideales para la vida al aire libre.<\/p>","protected":false},"featured_media":1202,"comment_status":"open","ping_status":"closed","template":"","meta":{"_eb_attr":"","_monsterinsights_skip_tracking":false,"_monsterinsights_sitenote_active":false,"_monsterinsights_sitenote_note":"","_monsterinsights_sitenote_category":0,"_uf_show_specific_survey":0,"_uf_disable_surveys":false},"product_brand":[],"product_cat":[63],"product_tag":[],"class_list":{"0":"post-1192","1":"product","2":"type-product","3":"status-publish","4":"has-post-thumbnail","6":"product_cat-steel-bbq-grill","8":"first","9":"instock","10":"shipping-taxable","11":"product-type-simple"},"_links":{"self":[{"href":"https:\/\/keweicorten.com\/es\/wp-json\/wp\/v2\/product\/1192"}],"collection":[{"href":"https:\/\/keweicorten.com\/es\/wp-json\/wp\/v2\/product"}],"about":[{"href":"https:\/\/keweicorten.com\/es\/wp-json\/wp\/v2\/types\/product"}],"replies":[{"embeddable":true,"href":"https:\/\/keweicorten.com\/es\/wp-json\/wp\/v2\/comments?post=1192"}],"version-history":[{"count":3,"href":"https:\/\/keweicorten.com\/es\/wp-json\/wp\/v2\/product\/1192\/revisions"}],"predecessor-version":[{"id":1203,"href":"https:\/\/keweicorten.com\/es\/wp-json\/wp\/v2\/product\/1192\/revisions\/1203"}],"wp:featuredmedia":[{"embeddable":true,"href":"https:\/\/keweicorten.com\/es\/wp-json\/wp\/v2\/media\/1202"}],"wp:attachment":[{"href":"https:\/\/keweicorten.com\/es\/wp-json\/wp\/v2\/media?parent=1192"}],"wp:term":[{"taxonomy":"product_brand","embeddable":true,"href":"https:\/\/keweicorten.com\/es\/wp-json\/wp\/v2\/product_brand?post=1192"},{"taxonomy":"product_cat","embeddable":true,"href":"https:\/\/keweicorten.com\/es\/wp-json\/wp\/v2\/product_cat?post=1192"},{"taxonomy":"product_tag","embeddable":true,"href":"https:\/\/keweicorten.com\/es\/wp-json\/wp\/v2\/product_tag?post=1192"}],"curies":[{"name":"wp","href":"https:\/\/api.w.org\/{rel}","templated":true}]}}