{"id":1212,"date":"2024-09-14T01:40:12","date_gmt":"2024-09-14T01:40:12","guid":{"rendered":"https:\/\/keweicorten.com\/?post_type=product&#038;p=1212"},"modified":"2025-01-15T06:27:04","modified_gmt":"2025-01-15T06:27:04","slug":"jardineras-elevadas-de-acero-corten","status":"publish","type":"product","link":"https:\/\/keweicorten.com\/es\/jardineras-elevadas-de-acero-corten\/","title":{"rendered":"jardineras elevadas de acero corten"},"content":{"rendered":"<h2>Las ventajas de las camas de jard\u00edn elevadas de acero corten\uff1a<\/h2>\n<ul>\n<li>Durabilidad: La resistencia a la intemperie del acero corten significa que es resistente a la corrosi\u00f3n y la oxidaci\u00f3n, por lo que tiene una vida \u00fatil extremadamente larga en ambientes exteriores. Una vez que se ha formado una capa de \u00f3xido, el acero est\u00e1 protegido frente a m\u00e1s oxidaci\u00f3n.<\/li>\n<li>Bonito : El aspecto oxidado \u00fanico del acero corten puede a\u00f1adir una est\u00e9tica moderna e industrial al jard\u00edn, y su color y textura cambiar\u00e1n con el tiempo, ayudando a realzar el efecto visual del dise\u00f1o general del jard\u00edn.<\/li>\n<li>Protecci\u00f3n del medio ambiente : El acero corten es un material reciclable, su uso puede reducir el impacto sobre el medio ambiente.<\/li>\n<li>Rendimiento de soporte fuerte : El acero corten tiene alta resistencia, puede soportar gran peso, adecuado para plantar plantas pesadas o tierra.<\/li>\n<li>\u00a0F\u00e1cil mantenimiento: en comparaci\u00f3n con los arriates elevados de madera u otros materiales, el acero corten requiere muy poco mantenimiento, ya que s\u00f3lo es necesario limpiar peri\u00f3dicamente la superficie para eliminar la suciedad y los restos de plantas.<\/li>\n<li>\u00a0Buena gesti\u00f3n del agua: los parterres elevados de acero corten pueden regular eficazmente la humedad del suelo y evitar el exceso o la falta de agua.<\/li>\n<li>Ventilaci\u00f3n : El dise\u00f1o del acero corten puede proporcionar un buen entorno de ventilaci\u00f3n, ayudar al crecimiento de las ra\u00edces.<\/li>\n<li>El dise\u00f1o m\u00e1s diverso : El acero corten puede transformarse en una gran variedad de formas y tama\u00f1os para satisfacer las necesidades de los distintos dise\u00f1os hort\u00edcolas.<\/li>\n<li>\u00a0Prevenir la erosi\u00f3n del suelo : La estructura elevada puede prevenir eficazmente la erosi\u00f3n y el asentamiento del suelo, y mantener la posici\u00f3n y la calidad del suelo.<\/li>\n<\/ul>\n<figure style=\"width: 679px\" class=\"wp-caption alignnone\"><a href=\"https:\/\/keweicorten.com\/es\/contacto\/\"><img fetchpriority=\"high\" decoding=\"async\" title=\"camas elevadas met\u00e1licas\" src=\"https:\/\/sc04.alicdn.com\/kf\/Haf30791119a443b8bd8368e992195dbfZ\/255157415\/Haf30791119a443b8bd8368e992195dbfZ.jpg\" alt=\"\" width=\"679\" height=\"452\" \/><\/a><figcaption class=\"wp-caption-text\">camas elevadas met\u00e1licas<\/dd>\n<dd><\/figcaption><\/figure>\n<table class=\"all magic-13\">\n<tbody>\n<tr>\n<td colspan=\"1\" rowspan=\"1\">\n<div class=\"magic-14\">Nombre del producto<\/div>\n<\/td>\n<td colspan=\"4\" rowspan=\"1\">\n<div class=\"magic-15\">Borde de jard\u00edn de acero corten oxidado para paisajismo<\/div>\n<\/td>\n<\/tr>\n<tr>\n<td colspan=\"1\" rowspan=\"1\">\n<div class=\"magic-14\">Material<\/div>\n<\/td>\n<td colspan=\"4\" rowspan=\"1\">\n<div class=\"magic-15\">Acero corten, acero inoxidable<\/div>\n<\/td>\n<\/tr>\n<tr>\n<td colspan=\"1\" rowspan=\"1\">\n<div class=\"magic-14\">Talla<\/div>\n<\/td>\n<td colspan=\"4\" rowspan=\"1\">\n<div class=\"magic-15\">Longitud:1065 mm; parte a\u00e9rea:100 mm; parte subterr\u00e1nea:95 mm o personalizada<\/div>\n<\/td>\n<\/tr>\n<tr>\n<td colspan=\"1\" rowspan=\"1\">\n<div class=\"magic-14\">Superficie<\/div>\n<\/td>\n<td colspan=\"4\" rowspan=\"1\">\n<div class=\"magic-15\">\u00a0preoxidado<\/div>\n<\/td>\n<\/tr>\n<tr>\n<td colspan=\"1\" rowspan=\"1\">\n<div class=\"magic-14\">Tecnolog\u00eda<\/div>\n<\/td>\n<td colspan=\"4\" rowspan=\"1\">\n<div class=\"magic-15\">\u00a0Corte por l\u00e1ser, plegado, punzonado, soldadura, intemperie<\/div>\n<\/td>\n<\/tr>\n<tr>\n<td colspan=\"1\" rowspan=\"1\">\n<div class=\"magic-14\">Aplicaci\u00f3n<\/div>\n<\/td>\n<td colspan=\"4\" rowspan=\"1\">\n<div class=\"magic-18\">Decoraci\u00f3n de exteriores o patios<\/div>\n<\/td>\n<\/tr>\n<\/tbody>\n<\/table>\n<figure style=\"width: 695px\" class=\"wp-caption alignnone\"><a href=\"https:\/\/keweicorten.com\/es\/categoria-de-productos\/decoracion-de-jardin\/\"><img decoding=\"async\" title=\"venta de parterres elevados\" src=\"https:\/\/sc04.alicdn.com\/kf\/H124f45da763f46b782562a19b92b7c64S\/255157415\/H124f45da763f46b782562a19b92b7c64S.jpg\" alt=\"\" width=\"695\" height=\"388\" \/><\/a><figcaption class=\"wp-caption-text\">venta de parterres elevados<\/figcaption><\/figure>\n<p>Durante su producci\u00f3n, el acero corten se somete a un m\u00e9todo de laminaci\u00f3n en caliente, en el que el acero pasa entre rodillos a temperaturas muy elevadas. Durante este proceso, los residuos de hierro (conocidos como \"cascarilla de laminaci\u00f3n\") se desplazan a la superficie. Esto provoca el desprendimiento de \u00f3xido y la aparici\u00f3n de manchas durante las primeras fases del proceso de envejecimiento. Una vez que la capa exterior de residuos de hierro se ha oxidado, el material tiene una superficie estable con un m\u00ednimo de desprendimiento o manchas. El proceso puede acelerarse o la materia prima puede \"decaparse\" mediante un tratamiento \u00e1cido para eliminar la cascarilla de laminaci\u00f3n antes de su entrega.<\/p>\n<figure style=\"width: 702px\" class=\"wp-caption alignnone\"><a href=\"https:\/\/keweicorten.com\/es\/producto\/bordes-de-jardin-de-acero-corten\/\"><img decoding=\"async\" title=\"bancal elevado galvanizado\" src=\"https:\/\/sc04.alicdn.com\/kf\/H535e1b6a4db344eda5790ec285e0da4bn\/255157415\/H535e1b6a4db344eda5790ec285e0da4bn.jpg\" alt=\"\" width=\"702\" height=\"632\" \/><\/a><figcaption class=\"wp-caption-text\">bancal elevado galvanizado<\/figcaption><\/figure>","protected":false},"excerpt":{"rendered":"<div class=\"text-title\"><span class=\"magic-33\" data-spm-anchor-id=\"a2700.details.0.i39.162b272adCDyJJ\">Caracter\u00edsticas principales\uff1a<\/span><\/div>\n<div class=\"text-content\">\n<div>La superficie de color \u00f3xido del acero corten es duradera y, al mismo tiempo, un elemento de estilo.<\/div>\n<\/div>\n<div class=\"text-content\"><span class=\"magic-15\" data-spm-anchor-id=\"a2700.details.0.i46.162b272adCDyJJ\">El color \u00f3xido es moderno y subraya nuestro alto nivel de dise\u00f1o. <\/span><\/div>\n<div class=\"text-content\"><span class=\"magic-15\" data-spm-anchor-id=\"a2700.details.0.i46.162b272adCDyJJ\">Pr\u00e1cticamente resistente a la intemperie y pr\u00e1cticamente indestructible.<\/span><\/div>\n<div class=\"text-content\"><span class=\"magic-15\" data-spm-anchor-id=\"a2700.details.0.i46.162b272adCDyJJ\">Duradera y bonita.<\/span><\/div>","protected":false},"featured_media":1213,"comment_status":"open","ping_status":"closed","template":"","meta":{"_eb_attr":"","_monsterinsights_skip_tracking":false,"_monsterinsights_sitenote_active":false,"_monsterinsights_sitenote_note":"","_monsterinsights_sitenote_category":0,"_uf_show_specific_survey":0,"_uf_disable_surveys":false},"product_brand":[],"product_cat":[58],"product_tag":[],"class_list":{"0":"post-1212","1":"product","2":"type-product","3":"status-publish","4":"has-post-thumbnail","6":"product_cat-garden-edging","8":"first","9":"instock","10":"shipping-taxable","11":"product-type-simple"},"_links":{"self":[{"href":"https:\/\/keweicorten.com\/es\/wp-json\/wp\/v2\/product\/1212"}],"collection":[{"href":"https:\/\/keweicorten.com\/es\/wp-json\/wp\/v2\/product"}],"about":[{"href":"https:\/\/keweicorten.com\/es\/wp-json\/wp\/v2\/types\/product"}],"replies":[{"embeddable":true,"href":"https:\/\/keweicorten.com\/es\/wp-json\/wp\/v2\/comments?post=1212"}],"version-history":[{"count":1,"href":"https:\/\/keweicorten.com\/es\/wp-json\/wp\/v2\/product\/1212\/revisions"}],"predecessor-version":[{"id":1214,"href":"https:\/\/keweicorten.com\/es\/wp-json\/wp\/v2\/product\/1212\/revisions\/1214"}],"wp:featuredmedia":[{"embeddable":true,"href":"https:\/\/keweicorten.com\/es\/wp-json\/wp\/v2\/media\/1213"}],"wp:attachment":[{"href":"https:\/\/keweicorten.com\/es\/wp-json\/wp\/v2\/media?parent=1212"}],"wp:term":[{"taxonomy":"product_brand","embeddable":true,"href":"https:\/\/keweicorten.com\/es\/wp-json\/wp\/v2\/product_brand?post=1212"},{"taxonomy":"product_cat","embeddable":true,"href":"https:\/\/keweicorten.com\/es\/wp-json\/wp\/v2\/product_cat?post=1212"},{"taxonomy":"product_tag","embeddable":true,"href":"https:\/\/keweicorten.com\/es\/wp-json\/wp\/v2\/product_tag?post=1212"}],"curies":[{"name":"wp","href":"https:\/\/api.w.org\/{rel}","templated":true}]}}