{"id":1230,"date":"2024-09-14T08:41:19","date_gmt":"2024-09-14T08:41:19","guid":{"rendered":"https:\/\/keweicorten.com\/?post_type=product&#038;p=1230"},"modified":"2025-01-15T06:26:56","modified_gmt":"2025-01-15T06:26:56","slug":"jardinera-elevada","status":"publish","type":"product","link":"https:\/\/keweicorten.com\/es\/jardinera-elevada\/","title":{"rendered":"jardinera elevada"},"content":{"rendered":"<h2>Caracter\u00edsticas de las jardineras elevadas de acero resistente a la intemperie\uff1a<\/h2>\n<ul>\n<li><strong>Material<\/strong>: Fabricada en acero corten de 2-4 mm de grosor, lo que garantiza su robustez y longevidad. El grosor proporciona integridad estructural a la vez que permite a la jardinera soportar condiciones meteorol\u00f3gicas variables.<\/li>\n<li><strong>Est\u00e9tica natural<\/strong>: El acabado de color \u00f3xido se desarrolla con el tiempo, combin\u00e1ndose a la perfecci\u00f3n con el entorno natural de su jard\u00edn. Este color evoluciona a medida que el acero se desgasta, creando un aspecto r\u00fastico \u00fanico.<\/li>\n<li><strong>Durabilidad<\/strong>: Resistentes a la corrosi\u00f3n, estas jardineras soportan las inclemencias del tiempo sin deteriorarse, lo que las convierte en un complemento duradero para su jard\u00edn.<\/li>\n<li><strong>Personalizaci\u00f3n<\/strong>: Las opciones de personalizaci\u00f3n pueden incluir varios tama\u00f1os, formas y acabados para adaptarse a los gustos individuales y dise\u00f1os de jard\u00edn. La forma c\u00f3nica ofrece una silueta elegante que destaca en cualquier entorno.<\/li>\n<li><strong>F\u00e1cil de instalar<\/strong>: Ligeras en comparaci\u00f3n con otros materiales cuando est\u00e1n vac\u00edas, estas jardineras pueden trasladarse f\u00e1cilmente a diferentes lugares de su jard\u00edn seg\u00fan sea necesario.<\/li>\n<li><strong>Drenaje<\/strong>: Un drenaje adecuado es crucial para la salud de las plantas. Aseg\u00farese de que las jardineras tengan orificios de drenaje o caracter\u00edsticas de dise\u00f1o que permitan la salida del exceso de agua.<\/li>\n<\/ul>\n<figure style=\"width: 612px\" class=\"wp-caption alignnone\"><a href=\"https:\/\/keweicorten.com\/es\"><img fetchpriority=\"high\" decoding=\"async\" title=\"arriate elevado\" src=\"https:\/\/sc04.alicdn.com\/kf\/H7b8fa5fba8f640418543df2d00059383B\/232904194\/H7b8fa5fba8f640418543df2d00059383B.jpg\" alt=\"\" width=\"612\" height=\"408\" \/><\/a><figcaption class=\"wp-caption-text\">arriate elevado<\/figcaption><\/figure>\n<p>La jardinera elevada est\u00e1 hecha de metal por artesanos expertos que utilizan un plegado preciso del metal para crear una jardinera que se ensambla en una forma rectangular a partir de cuatro paneles. Los paneles de la jardinera se entrelazan entre s\u00ed para formar un contenedor de plantas incre\u00edblemente s\u00f3lido que proporciona la m\u00e1xima superficie de plantaci\u00f3n.<\/p>\n<table class=\"is-zebra all magic-10\">\n<tbody>\n<tr>\n<td colspan=\"1\" rowspan=\"1\">\n<div class=\"magic-11\" data-spm-anchor-id=\"a2700.details.0.i39.6b435473fC2YOp\"><b>Nombre del producto<\/b><\/div>\n<\/td>\n<td colspan=\"1\" rowspan=\"1\">\n<div class=\"magic-12\">Cama de jard\u00edn elevada de metal oxidado Cajas de acero corten para plantar verduras<\/div>\n<\/td>\n<\/tr>\n<tr>\n<td colspan=\"1\" rowspan=\"1\">\n<div class=\"magic-11\" data-spm-anchor-id=\"a2700.details.0.i41.6b435473fC2YOp\"><b>Color<\/b><\/div>\n<\/td>\n<td colspan=\"1\" rowspan=\"1\">\n<div class=\"magic-12\">Gris o rojo \u00f3xido<\/div>\n<\/td>\n<\/tr>\n<tr>\n<td colspan=\"1\" rowspan=\"1\">\n<div class=\"magic-11\"><b>Material<\/b><\/div>\n<\/td>\n<td colspan=\"1\" rowspan=\"1\">\n<div class=\"magic-12\">Acero dulce,Acero corten<\/div>\n<\/td>\n<\/tr>\n<tr>\n<td colspan=\"1\" rowspan=\"1\">\n<div class=\"magic-11\"><b>Talla<\/b><\/div>\n<\/td>\n<td colspan=\"1\" rowspan=\"1\">\n<div class=\"magic-12\">\u00a0 L500 x A500x H200 mm\/L800 x A800x H400mm<\/p>\n<div data-spm-anchor-id=\"a2700.pc-decorate.0.i4.26b13333MCzf1x\">\u00a0 L900 x A600 x H300 mm\/ L1200 x A900 x H300 mm<br \/>\n( Personalizar)<\/div>\n<\/div>\n<\/td>\n<\/tr>\n<tr>\n<td colspan=\"1\" rowspan=\"1\">\n<div class=\"magic-11\"><b>Espesor<\/b><\/div>\n<\/td>\n<td colspan=\"1\" rowspan=\"1\">\n<div class=\"magic-12\">2-3mm<\/div>\n<\/td>\n<\/tr>\n<tr>\n<td colspan=\"1\" rowspan=\"1\">\n<div class=\"magic-11\"><b>Tratamiento de superficies<\/b><\/div>\n<\/td>\n<td colspan=\"1\" rowspan=\"1\">\n<div class=\"magic-12\" data-spm-anchor-id=\"a2700.details.0.i40.6b435473fC2YOp\">Preoxidado, pintado de negro, se puede personalizar<\/div>\n<\/td>\n<\/tr>\n<tr>\n<td colspan=\"1\" rowspan=\"1\">\n<div class=\"magic-11\"><b>MOQ<\/b><\/div>\n<\/td>\n<td colspan=\"1\" rowspan=\"1\">\n<div class=\"magic-12\">4 piezas<\/div>\n<\/td>\n<\/tr>\n<tr>\n<td colspan=\"1\" rowspan=\"1\">\n<div class=\"magic-11\"><b>OEM Y ODM<\/b><\/div>\n<\/td>\n<td colspan=\"1\" rowspan=\"1\">\n<div class=\"magic-12\">Se ofrece un servicio personalizado.<\/div>\n<\/td>\n<\/tr>\n<\/tbody>\n<\/table>\n<p class=\"magic-5\"><span style=\"font-size: large;\" data-spm-anchor-id=\"a2700.details.0.i40.722e768ceArIts\">100% Garant\u00eda de satisfacci\u00f3n<\/span><\/p>\n<p class=\"magic-5\" data-spm-anchor-id=\"a2700.details.0.i41.722e768ceArIts\"><span style=\"font-size: large;\"><br \/>\nMaterial - Acero corten<\/span><\/p>\n<p class=\"magic-5\"><span style=\"font-size: large;\"><br \/>\nExtra profundo para plantas m\u00e1s grandes<\/span><\/p>\n<div class=\"text-content\">Las jardineras elevadas son una forma excelente de evitar la compactaci\u00f3n del suelo, proporcionar un drenaje excelente y evitar que las malas hierbas se instalen en la tierra de cultivo, adem\u00e1s de permitir a los cultivadores introducir distintos tipos de suelo en sus huertos, lo que se traduce en la posibilidad de cultivar una gran variedad de frutas y hortalizas nuevas e interesantes.<\/div>\n<figure style=\"width: 613px\" class=\"wp-caption alignnone\"><a href=\"https:\/\/keweicorten.com\/es\"><img decoding=\"async\" title=\"cama elevada de jard\u00edn\" src=\"https:\/\/sc04.alicdn.com\/kf\/He51239b636024d93b16c341680a98532y\/223026859\/He51239b636024d93b16c341680a98532y.jpg\" alt=\"\" width=\"613\" height=\"439\" \/><\/a><figcaption class=\"wp-caption-text\">cama elevada de jard\u00edn<\/figcaption><\/figure>","protected":false},"excerpt":{"rendered":"<p>Placa de acero corten (placa de acero rojo muro cortina, placa de acero paisaje, placa de acero tallado) se encuentra entre el acero ordinario y acero inoxidable serie de acero de aleaci\u00f3n barata; decoraci\u00f3n de acero corten al aire libre adopta la nueva tecnolog\u00eda para el desarrollo sostenible y la innovaci\u00f3n, y se est\u00e1 convirtiendo en la tecnolog\u00eda de acero superior del mundo.<\/p>\n<table border=\"1\">\n<tbody>\n<tr>\n<td data-spm-anchor-id=\"a2700.details.0.i40.2eb5646aQ18go6\"><span data-spm-anchor-id=\"a2700.details.0.i39.2eb5646aQ18go6\">Nombre<br \/>\n<\/span><\/td>\n<td>Maceteros decorativos de metal \/ maceteros cuadrados altos \/ macetero grande de exterior<\/td>\n<\/tr>\n<tr>\n<td>Superficie<\/td>\n<td>Preoxidado<\/td>\n<\/tr>\n<tr>\n<td>Tecnolog\u00eda<\/td>\n<td>\u00a0Corte por l\u00e1ser, plegado, perfilado, soldadura.<\/td>\n<\/tr>\n<tr>\n<td>\u00a0Productos<\/td>\n<td>jardineras de corten, pantallas de jard\u00edn de corten, vallas de corten, jardineras de corten, enrejados de corten, arte mural de corten, muros de contenci\u00f3n de acero corten.<\/td>\n<\/tr>\n<\/tbody>\n<\/table>","protected":false},"featured_media":1231,"comment_status":"open","ping_status":"closed","template":"","meta":{"_eb_attr":"","_monsterinsights_skip_tracking":false,"_monsterinsights_sitenote_active":false,"_monsterinsights_sitenote_note":"","_monsterinsights_sitenote_category":0,"_uf_show_specific_survey":0,"_uf_disable_surveys":false},"product_brand":[],"product_cat":[59],"product_tag":[],"class_list":{"0":"post-1230","1":"product","2":"type-product","3":"status-publish","4":"has-post-thumbnail","6":"product_cat-flower-pot","8":"first","9":"instock","10":"shipping-taxable","11":"product-type-simple"},"_links":{"self":[{"href":"https:\/\/keweicorten.com\/es\/wp-json\/wp\/v2\/product\/1230"}],"collection":[{"href":"https:\/\/keweicorten.com\/es\/wp-json\/wp\/v2\/product"}],"about":[{"href":"https:\/\/keweicorten.com\/es\/wp-json\/wp\/v2\/types\/product"}],"replies":[{"embeddable":true,"href":"https:\/\/keweicorten.com\/es\/wp-json\/wp\/v2\/comments?post=1230"}],"version-history":[{"count":1,"href":"https:\/\/keweicorten.com\/es\/wp-json\/wp\/v2\/product\/1230\/revisions"}],"predecessor-version":[{"id":1232,"href":"https:\/\/keweicorten.com\/es\/wp-json\/wp\/v2\/product\/1230\/revisions\/1232"}],"wp:featuredmedia":[{"embeddable":true,"href":"https:\/\/keweicorten.com\/es\/wp-json\/wp\/v2\/media\/1231"}],"wp:attachment":[{"href":"https:\/\/keweicorten.com\/es\/wp-json\/wp\/v2\/media?parent=1230"}],"wp:term":[{"taxonomy":"product_brand","embeddable":true,"href":"https:\/\/keweicorten.com\/es\/wp-json\/wp\/v2\/product_brand?post=1230"},{"taxonomy":"product_cat","embeddable":true,"href":"https:\/\/keweicorten.com\/es\/wp-json\/wp\/v2\/product_cat?post=1230"},{"taxonomy":"product_tag","embeddable":true,"href":"https:\/\/keweicorten.com\/es\/wp-json\/wp\/v2\/product_tag?post=1230"}],"curies":[{"name":"wp","href":"https:\/\/api.w.org\/{rel}","templated":true}]}}